{"id":1344,"date":"2019-12-12T15:33:20","date_gmt":"2019-12-12T15:33:20","guid":{"rendered":"https:\/\/www.theinvisiblecollection.com\/politique-de-retours\/"},"modified":"2020-08-18T13:56:30","modified_gmt":"2020-08-18T13:56:30","slug":"politique-de-retours","status":"publish","type":"page","link":"https:\/\/theinvisiblecollection.com\/fr\/politique-de-retours\/","title":{"rendered":"Retours"},"content":{"rendered":"<h2 style=\"text-align: justify;\">Annulation, retours et \u00e9changes<\/h2>\n<p style=\"text-align: justify;\">Tous nos produits sont fabriqu\u00e9s sur commande et par cons\u00e9quent aucune commande ne peut \u00eatre annul\u00e9e.<\/p>\n<p style=\"text-align: justify;\">Tout \u00e9change ou remboursement est possible si la commande pr\u00e9sente un produit endommag\u00e9 ou d\u00e9fectueux.<\/p>\n<p style=\"text-align: justify;\">Toute r\u00e9clamation concernant la modification d\u2019une commande en cours, un remboursement ou une annulation requiert une demande \u00e9crite qui doit \u00eatre valid\u00e9e par le fournisseur au pr\u00e9alable.<\/p>\n<p style=\"text-align: justify;\">1. Si vous souhaitez retourner un produit car celui-ci est endommag\u00e9 ou d\u00e9fectueux, nous rembourserons les frais de livraison ainsi que les frais de retour. Tout produit d\u00e9fectueux sera remplac\u00e9 dans les m\u00eames d\u00e9lais de production que ceux n\u00e9cessit\u00e9s par la premi\u00e8re commande.<\/p>\n<p style=\"text-align: justify;\">2. Il est important de pr\u00e9venir The Invisible Collection en cas d\u2019erreurs ou de dommages constat\u00e9s lors de la r\u00e9ception de votre commande. Le produit doit \u00eatre retourn\u00e9 tel qu\u2019il a \u00e9t\u00e9 re\u00e7u. Vous avez la responsabilit\u00e9 l\u00e9gale de conserver le produit tel qu\u2019il a \u00e9t\u00e9 re\u00e7u lorsqu\u2019il est en votre possession. Dans le cas contraire, des frais de r\u00e9paration peuvent \u00eatre appliqu\u00e9s.<\/p>\n<p style=\"text-align: justify;\">3. Les luminaires (applique, suspension et lustre) ne pourront \u00eatre retourn\u00e9s s\u2019ils ont \u00e9t\u00e9 install\u00e9s, alt\u00e9r\u00e9s ou endommag\u00e9s.<\/p>\n<p style=\"text-align: justify;\">4. Merci de nous contacter par email : contact@theinvisiblecollection.com ou par t\u00e9l\u00e9phone : +44(0)7340002928 ou +33(6)22335309 pour organiser le retour. The Invisible Collection examinera votre demande dans les plus brefs d\u00e9lais. Vous serez pr\u00e9venu par email du traitement de votre demande. Nous nous efforcerons d\u2019effectuer tout remboursement le plus rapidement possible. En cas de dommage notable, The Invisible Collection s\u2019engage \u00e0 un remboursement total, incluant tous les frais de livraison et de retour. Dans le cas o\u00f9 The Invisible Collection ne rel\u00e8ve aucun dommage notable, la demande ne pourra \u00eatre accept\u00e9e. La commande sera r\u00e9exp\u00e9di\u00e9e \u00e0 vos frais.<\/p>\n","protected":false},"excerpt":{"rendered":"<p>Annulation, retours et \u00e9changes Tous nos produits sont fabriqu\u00e9s sur commande et par cons\u00e9quent aucune commande ne peut \u00eatre annul\u00e9e. Tout \u00e9change ou remboursement est possible si la commande pr\u00e9sente un produit endommag\u00e9 ou d\u00e9fectueux. Toute r\u00e9clamation concernant la modification d\u2019une commande en cours, un remboursement ou une annulation requiert une demande \u00e9crite qui doit [&hellip;]<\/p>\n","protected":false},"author":1,"featured_media":0,"parent":0,"menu_order":0,"comment_status":"closed","ping_status":"closed","template":"","meta":{"_acf_changed":false,"content-type":"","_themeisle_gutenberg_block_has_review":false,"footnotes":""},"class_list":["post-1344","page","type-page","status-publish","hentry"],"acf":[],"_links":{"self":[{"href":"https:\/\/theinvisiblecollection.com\/fr\/wp-json\/wp\/v2\/pages\/1344","targetHints":{"allow":["GET"]}}],"collection":[{"href":"https:\/\/theinvisiblecollection.com\/fr\/wp-json\/wp\/v2\/pages"}],"about":[{"href":"https:\/\/theinvisiblecollection.com\/fr\/wp-json\/wp\/v2\/types\/page"}],"author":[{"embeddable":true,"href":"https:\/\/theinvisiblecollection.com\/fr\/wp-json\/wp\/v2\/users\/1"}],"replies":[{"embeddable":true,"href":"https:\/\/theinvisiblecollection.com\/fr\/wp-json\/wp\/v2\/comments?post=1344"}],"version-history":[{"count":0,"href":"https:\/\/theinvisiblecollection.com\/fr\/wp-json\/wp\/v2\/pages\/1344\/revisions"}],"wp:attachment":[{"href":"https:\/\/theinvisiblecollection.com\/fr\/wp-json\/wp\/v2\/media?parent=1344"}],"curies":[{"name":"wp","href":"https:\/\/api.w.org\/{rel}","templated":true}]}}