{"id":1353,"date":"2019-12-12T16:16:52","date_gmt":"2019-12-12T16:16:52","guid":{"rendered":"https:\/\/www.theinvisiblecollection.com\/livraisons\/"},"modified":"2023-09-18T10:49:57","modified_gmt":"2023-09-18T09:49:57","slug":"livraisons","status":"publish","type":"page","link":"https:\/\/theinvisiblecollection.com\/fr\/livraisons\/","title":{"rendered":"Livraisons Internationales Assur\u00e9es"},"content":{"rendered":"<p style=\"text-align: center;\"><iframe title=\"YouTube video player\" src=\"https:\/\/www.youtube.com\/embed\/G9xKAMDdMaM\" width=\"560\" height=\"315\" frameborder=\"0\" allowfullscreen=\"allowfullscreen\" style=\"width:100%; max-width:560px; margin:0 auto;\"><\/iframe><\/p>\n<h3><strong>Livraison Internationale<\/strong><\/h3>\n<p style=\"text-align: justify;\">En tant que service \u00e0 nos clients, nous organisons l\u2019exp\u00e9dition des commandes via l\u2019un de nos transporteurs privil\u00e9gi\u00e9s sp\u00e9cialis\u00e9s dans la livraison de meubles et d\u2019\u0153uvres d\u2019art.<br \/>\nLes frais de livraison sont soit:<br \/>\nCalcul\u00e9s au moment du d\u00e9part en fonction du produit et de l\u2019adresse de livraison<br \/>\nCalcul\u00e9s apr\u00e8s commande pour les commandes sp\u00e9ciales, Les frais de livraison seront alors proforma et inclus dans le solde final de votre commande.<br \/>\nOfferts dans le cadre d&#8217;une op\u00e9ration commerciale \u00e0 dur\u00e9e et zone g\u00e9ographique limit\u00e9e.<br \/>\n&#8211; Ces op\u00e9rations commerciales ont une duration limit\u00e9e et ne s&#8217;appliquent qu&#8217;aux commandes dont l&#8217;adresse de livraison est situ\u00e9e dans les pays ou r\u00e9gions indiqu\u00e9s.<br \/>\n&#8211; Invisible Collection se r\u00e9serve le droit d&#8217;exp\u00e9dier ces commandes par voie routi\u00e8re, maritime ou a\u00e9rienne et ne s&#8217;engagera sur aucun d\u00e9lai de livraison car les livraisons gratuites peuvent \u00eatre effectu\u00e9es en groupage.<br \/>\nSi le client souhaite acc\u00e9l\u00e9rer la livraison, il peut s\u00e9lectionner et payer la livraison express au moment du r\u00e8glement de la commande.<\/p>\n<p style=\"text-align: justify;\">La livraison gratuite comprend une livraison pas de porte. Si le client souhaite opter pour un service de livraison et d&#8217;installation gants blancs, il peut s\u00e9lectionner et payer le service au moment du r\u00e8glement de la commande.<\/p>\n<h3 style=\"text-align: justify;\"><strong>Options de livraison<\/strong><\/h3>\n<p style=\"text-align: justify;\">Deux options sont disponibles au moment du d\u00e9part :<\/p>\n<ol style=\"text-align: justify;\">\n<li><strong>Service gants blancs <\/strong>: notre partenaire d&#8217;exp\u00e9dition d\u00e9chargera, d\u00e9ballera, v\u00e9rifiera et installera le produit dans la pi\u00e8ce de votre choix.<\/li>\n<li>S<strong>ervice standard :<\/strong> notre partenaire d&#8217;exp\u00e9dition d\u00e9chargera le produit et le livrera devant le b\u00e2timent, cela est \u00e9galement connu sous le nom de livraison en bordure de rue<\/li>\n<\/ol>\n<h3 style=\"text-align: justify;\"><strong>D\u00e9lais de livraison<\/strong><\/h3>\n<p style=\"text-align: justify;\">Les produits en stock sont g\u00e9n\u00e9ralement exp\u00e9di\u00e9s sous cinq jours ouvr\u00e9s, ce d\u00e9lai peut varies en fonction de l\u2019adresse de livraison.<br \/>\nLes produits r\u00e9alis\u00e9s sur commande seront exp\u00e9di\u00e9s selon les d\u00e9lais de leur fabrication qui varient en fonction du produit. Ces d\u00e9lais sont indiqu\u00e9s dans la page de description d\u00e9taill\u00e9e du produit.<br \/>\nVous pouvez demander une date de livraison pr\u00e9f\u00e9r\u00e9e et nous ferons de notre mieux pour r\u00e9pondre \u00e0 votre demande, mais veuillez noter qu&#8217;aucune garantie ne peut \u00eatre donn\u00e9e car de nombreux facteurs peuvent influencer une livraison internationale.<\/p>\n<h3 style=\"text-align: justify;\"><strong>Suivi d&#8217;exp\u00e9dition et de livraison<\/strong><\/h3>\n<p style=\"text-align: justify;\">Notre \u00e9quipe suivra de pr\u00e8s la livraison organis\u00e9e par Invisible Collection et vous tiendra inform\u00e9 de son \u00e9volution. Pour les commandes avec plusieurs articles que vous souhaitez livrer en m\u00eame temps, veuillez nous le faire savoir lors du d\u00e9part dans la section des commentaires. Apr\u00e8s votre d\u00e9part, veuillez nous contacter via le canal de votre choix (chat, email: contact@theinvisiblecollection.com, t\u00e9l\u00e9phone). Veuillez noter que les pi\u00e8ces peuvent ne pas \u00eatre toutes pr\u00eates en m\u00eame temps, des frais de regroupement peuvent donc \u00eatre factur\u00e9s.<\/p>\n<h3 style=\"text-align: justify;\"><strong>Enti\u00e8rement assur\u00e9<\/strong><\/h3>\n<p style=\"text-align: justify;\">Tous les transports g\u00e9r\u00e9s par Invisible Collection sont assur\u00e9s et les r\u00e9clamations pour dommages dus au fret doivent \u00eatre faites imm\u00e9diatement (dans les 24 heures suivant la livraison).<\/p>\n<h3 style=\"text-align: justify;\"><strong>Organiser vous-m\u00eame l&#8217;exp\u00e9dition et la livraison<\/strong><\/h3>\n<p style=\"text-align: justify;\">Si vous choisissez de g\u00e9rer votre propre fret et livraison, Invisible Collection doit \u00eatre inform\u00e9 des d\u00e9tails sp\u00e9cifiques du mouvement.<br \/>\nLes frais de d\u00e9placement du produit d&#8217;un fabricant vers un terminal pour le ramassage par vos soins seront ajout\u00e9s au solde d\u00fb.<br \/>\nL&#8217;emplacement d&#8217;enl\u00e8vement \u00a0par le client ou son agent peut d\u00e9clencher la responsabilit\u00e9 de la taxe de vente \u00e0 cet endroit.<br \/>\nSi vous s\u00e9lectionnez votre propre transporteur, les r\u00e9clamations de fret doivent \u00eatre d\u00e9pos\u00e9es directement aupr\u00e8s du transporteur s\u00e9lectionn\u00e9.<br \/>\nInvisible Collection n&#8217;est pas responsable des dommages et r\u00e9clamations de fret d&#8217;un client ou d&#8217;un tiers.<\/p>\n","protected":false},"excerpt":{"rendered":"<p>Livraison Internationale En tant que service \u00e0 nos clients, nous organisons l\u2019exp\u00e9dition des commandes via l\u2019un de nos transporteurs privil\u00e9gi\u00e9s sp\u00e9cialis\u00e9s dans la livraison de meubles et d\u2019\u0153uvres d\u2019art. Les frais de livraison sont soit: Calcul\u00e9s au moment du d\u00e9part en fonction du produit et de l\u2019adresse de livraison Calcul\u00e9s apr\u00e8s commande pour les commandes [&hellip;]<\/p>\n","protected":false},"author":1,"featured_media":0,"parent":0,"menu_order":0,"comment_status":"closed","ping_status":"closed","template":"","meta":{"_acf_changed":false,"content-type":"","_themeisle_gutenberg_block_has_review":false,"footnotes":""},"class_list":["post-1353","page","type-page","status-publish","hentry"],"acf":[],"_links":{"self":[{"href":"https:\/\/theinvisiblecollection.com\/fr\/wp-json\/wp\/v2\/pages\/1353","targetHints":{"allow":["GET"]}}],"collection":[{"href":"https:\/\/theinvisiblecollection.com\/fr\/wp-json\/wp\/v2\/pages"}],"about":[{"href":"https:\/\/theinvisiblecollection.com\/fr\/wp-json\/wp\/v2\/types\/page"}],"author":[{"embeddable":true,"href":"https:\/\/theinvisiblecollection.com\/fr\/wp-json\/wp\/v2\/users\/1"}],"replies":[{"embeddable":true,"href":"https:\/\/theinvisiblecollection.com\/fr\/wp-json\/wp\/v2\/comments?post=1353"}],"version-history":[{"count":0,"href":"https:\/\/theinvisiblecollection.com\/fr\/wp-json\/wp\/v2\/pages\/1353\/revisions"}],"wp:attachment":[{"href":"https:\/\/theinvisiblecollection.com\/fr\/wp-json\/wp\/v2\/media?parent=1353"}],"curies":[{"name":"wp","href":"https:\/\/api.w.org\/{rel}","templated":true}]}}