{"id":1382,"date":"2019-12-13T13:14:33","date_gmt":"2019-12-13T13:14:33","guid":{"rendered":"https:\/\/www.theinvisiblecollection.com\/carrieres\/"},"modified":"2026-05-04T08:50:06","modified_gmt":"2026-05-04T08:50:06","slug":"carrieres","status":"publish","type":"page","link":"https:\/\/theinvisiblecollection.com\/fr\/carrieres\/","title":{"rendered":"Carri\u00e8res"},"content":{"rendered":"<h2>Vous d\u00e9sirez rejoindre Invisible Collection?<\/h2>\n<p>Vous trouverez les postes \u00e0 pourvoir actuellement ci-dessous. D\u2019autres postes sont accessibles sur la version anglaise de notre site, <a href=\"https:\/\/theinvisiblecollection.com\/fr\/carrieres\/\">ici<\/a>.<\/p>\n<p><iframe title=\"YouTube video player\" src=\"https:\/\/www.youtube-nocookie.com\/embed\/Dhw3TZsMokQ?controls=0\" width=\"560\" height=\"315\" frameborder=\"0\" allowfullscreen=\"allowfullscreen\"><\/iframe><\/p>\n<p><a title=\"Senior Sales, East Coast\" href=\"https:\/\/theinvisiblecollection.com\/fr\/carrieres\/senior-sales-east-coast\/\" target=\"_blank\" rel=\"noopener\">Senior Sales, East Coast<\/a><\/p>\n<p><a title=\"Logistics Executive\" href=\"https:\/\/theinvisiblecollection.com\/fr\/carrieres\/logistics-executive\/\" target=\"_blank\" rel=\"noopener\">Logistics Executive<\/a><\/p>\n<p><a title=\"USA Sales Administrator (Remote\/Hybrid)\" href=\"https:\/\/theinvisiblecollection.com\/fr\/carrieres\/usa-sales-administrator-remote-hybrid\/\" target=\"_blank\" rel=\"noopener\">USA Sales Administrator (Remote\/Hybrid)<\/a><\/p>\n<p><a title=\"Charg\u00e9 du Merchandising Digital\" href=\"https:\/\/theinvisiblecollection.com\/fr\/carrieres\/site-merchandiser\/\" target=\"_blank\" rel=\"noopener\">Charg\u00e9 du Merchandising Digital<\/a><\/p>\n<p><a title=\"Charg\u00e9(e) de Suivi de Production\" href=\"https:\/\/theinvisiblecollection.com\/fr\/carrieres\/production-coordinator\/\" target=\"_blank\" rel=\"noopener\">Charg\u00e9(e) de Suivi de Production<\/a><\/p>\n<p><a title=\"E-commerce Content Assistant - Londres\" href=\"https:\/\/theinvisiblecollection.com\/fr\/carrieres\/e-commerce-content-assistant-london\/\" target=\"_blank\" rel=\"noopener\">E-commerce Content Assistant &#8211; Londres<\/a><\/p>\n<p><a title=\"Administrateur des Ventes - Londres ou Paris\" href=\"https:\/\/theinvisiblecollection.com\/fr\/carrieres\/administrateur-des-ventes\/\" target=\"_blank\" rel=\"noopener\">Administrateur des Ventes &#8211; Londres ou Paris<\/a><\/p>\n<p><a title=\"E-commerce Content Intern\" href=\"https:\/\/theinvisiblecollection.com\/fr\/carrieres\/e-commerce-content-intern-london-paris\/\" target=\"_blank\" rel=\"noopener\">E-commerce Content Intern &#8211; Londres (stage)<\/a><\/p>\n<p><a title=\"Open Internship Digital Marketing\" href=\"https:\/\/theinvisiblecollection.com\/careers\/intern-digital-marketing\/\" target=\"_blank\" rel=\"noopener\">Digital Marketing Intern &#8211; Londres (stage)<\/a><\/p>\n<p><a title=\"Open Internship Design\" href=\"https:\/\/theinvisiblecollection.com\/careers\/intern-graphic-deisgn\/\" target=\"_blank\" rel=\"noopener\">Graphic Design Intern &#8211; Londres (stage)<\/a><\/p>\n<p><a title=\"Global Sales Intern\" href=\"https:\/\/theinvisiblecollection.com\/fr\/carrieres\/stagiaire-commerciale\/\" target=\"_blank\" rel=\"noopener\">Global Sales Intern &#8211; Londres (Stage)<\/a><\/p>\n<div class=\"su-spoiler su-spoiler-style-fancy su-spoiler-icon-plus-circle su-spoiler-closed\" data-anchor=\"Career-Spontaneous\" data-scroll-offset=\"0\" data-anchor-in-url=\"no\"><div class=\"su-spoiler-title\" tabindex=\"0\" role=\"button\"><span class=\"su-spoiler-icon\"><\/span>Soyez spontan\u00e9 !<\/div><div class=\"su-spoiler-content su-u-clearfix su-u-trim\">Peut-\u00eatre que votre position id\u00e9ale n&#8217;a pas encore \u00e9t\u00e9 publi\u00e9e? Envoyez-nous votre CV le plus r\u00e9cent et une lettre de motivation \u00e0 <a href=\"mailto:recrutement@theinvisiblecollection.com\">recrutement@theinvisiblecollection.com<\/a> pour nous dire pourquoi vous souhaitez nous rejoindre!<\/div><\/div>\n<p>Suivez The Invisible Collection sur <a title=\"The Invisible Collection LinkedIn Page\" href=\"https:\/\/www.linkedin.com\/company\/theinvisiblecollection\" target=\"_blank\" rel=\"noopener\">LinkedIn <\/a> et <a title=\"The Invisible Collection Instagram\" href=\"https:\/\/www.instagram.com\/theinvisiblecollection\/\" target=\"_blank\" rel=\"noopener\">Instagram<\/a><\/p>\n","protected":false},"excerpt":{"rendered":"<p>Vous d\u00e9sirez rejoindre Invisible Collection? Vous trouverez les postes \u00e0 pourvoir actuellement ci-dessous. D\u2019autres postes sont accessibles sur la version anglaise de notre site, ici. Senior Sales, East Coast Logistics Executive USA Sales Administrator (Remote\/Hybrid) Charg\u00e9 du Merchandising Digital Charg\u00e9(e) de Suivi de Production E-commerce Content Assistant &#8211; Londres Administrateur des Ventes &#8211; Londres ou [&hellip;]<\/p>\n","protected":false},"author":1,"featured_media":94559,"parent":0,"menu_order":0,"comment_status":"closed","ping_status":"closed","template":"","meta":{"_acf_changed":false,"content-type":"","_themeisle_gutenberg_block_has_review":false,"footnotes":""},"class_list":["post-1382","page","type-page","status-publish","has-post-thumbnail","hentry"],"acf":[],"_links":{"self":[{"href":"https:\/\/theinvisiblecollection.com\/fr\/wp-json\/wp\/v2\/pages\/1382","targetHints":{"allow":["GET"]}}],"collection":[{"href":"https:\/\/theinvisiblecollection.com\/fr\/wp-json\/wp\/v2\/pages"}],"about":[{"href":"https:\/\/theinvisiblecollection.com\/fr\/wp-json\/wp\/v2\/types\/page"}],"author":[{"embeddable":true,"href":"https:\/\/theinvisiblecollection.com\/fr\/wp-json\/wp\/v2\/users\/1"}],"replies":[{"embeddable":true,"href":"https:\/\/theinvisiblecollection.com\/fr\/wp-json\/wp\/v2\/comments?post=1382"}],"version-history":[{"count":0,"href":"https:\/\/theinvisiblecollection.com\/fr\/wp-json\/wp\/v2\/pages\/1382\/revisions"}],"wp:featuredmedia":[{"embeddable":true,"href":"https:\/\/theinvisiblecollection.com\/fr\/wp-json\/wp\/v2\/media\/94559"}],"wp:attachment":[{"href":"https:\/\/theinvisiblecollection.com\/fr\/wp-json\/wp\/v2\/media?parent=1382"}],"curies":[{"name":"wp","href":"https:\/\/api.w.org\/{rel}","templated":true}]}}