{"id":1420020,"date":"2022-12-23T06:42:43","date_gmt":"2022-12-23T05:42:43","guid":{"rendered":"https:\/\/theinvisiblecollection.com\/about-clubroom\/"},"modified":"2023-05-16T10:03:47","modified_gmt":"2023-05-16T09:03:47","slug":"a-propos-de-clubroom","status":"publish","type":"page","link":"https:\/\/theinvisiblecollection.com\/fr\/a-propos-de-clubroom\/","title":{"rendered":"\u00c0 propos de ClubRoom"},"content":{"rendered":"<p><b>ClubRoom : le concept store d\u00e9co d&#8217;Invisible Collection<\/b><br \/>\nNous sommes heureux de vous pr\u00e9senter ClubRoom, un concept store \u00e0 d\u00e9couvrir en ligne et dans nos trois galeries \u00e0 Paris, Londres et New York.<\/p>\n<p><b>Cabinet de Curiosit\u00e9s<\/b><br \/>\nDes id\u00e9es de cadeaux, des objets pour la maison, des collections capsules, des merveilles vintage&#8230;.<br \/>\nNous avons sourc\u00e9 pour vous tout ce que nous aimons, ClubRoom c&#8217;est d\u00e9sirable, inattendu et imm\u00e9diatement disponible.<\/p>\n<p><b>Fun et tr\u00e8s personnel<\/b><br \/>\nDes coups de coeur \u00e9clectiques au fil de nos rencontres et de nos d\u00e9couvertes. Une histoire d&#8217;\u00e9motions.<\/p>\n<p><b>Disponible imm\u00e9diatement<\/b><br \/>\nPas d&#8217;attente pour ces merveilles. Vous les aimez ? on vous les envoie dans le monde entier ou par coursier si votre coup de foudre est \u00e0 Paris, Londres ou New York.<\/p>\n<p>Prenez le temps de fl\u00e2ner dans les salons de ClubRoom et donnez nous votre avis !<\/p>\n","protected":false},"excerpt":{"rendered":"<p>ClubRoom : le concept store d\u00e9co d&#8217;Invisible Collection Nous sommes heureux de vous pr\u00e9senter ClubRoom, un concept store \u00e0 d\u00e9couvrir en ligne et dans nos trois galeries \u00e0 Paris, Londres et New York. Cabinet de Curiosit\u00e9s Des id\u00e9es de cadeaux, des objets pour la maison, des collections capsules, des merveilles vintage&#8230;. Nous avons sourc\u00e9 pour [&hellip;]<\/p>\n","protected":false},"author":1320,"featured_media":1669793,"parent":0,"menu_order":0,"comment_status":"closed","ping_status":"closed","template":"page-templates\/clubroom-about-template.php","meta":{"_acf_changed":false,"content-type":"","_themeisle_gutenberg_block_has_review":false,"footnotes":""},"class_list":["post-1420020","page","type-page","status-publish","has-post-thumbnail","hentry"],"acf":[],"_links":{"self":[{"href":"https:\/\/theinvisiblecollection.com\/fr\/wp-json\/wp\/v2\/pages\/1420020","targetHints":{"allow":["GET"]}}],"collection":[{"href":"https:\/\/theinvisiblecollection.com\/fr\/wp-json\/wp\/v2\/pages"}],"about":[{"href":"https:\/\/theinvisiblecollection.com\/fr\/wp-json\/wp\/v2\/types\/page"}],"author":[{"embeddable":true,"href":"https:\/\/theinvisiblecollection.com\/fr\/wp-json\/wp\/v2\/users\/1320"}],"replies":[{"embeddable":true,"href":"https:\/\/theinvisiblecollection.com\/fr\/wp-json\/wp\/v2\/comments?post=1420020"}],"version-history":[{"count":0,"href":"https:\/\/theinvisiblecollection.com\/fr\/wp-json\/wp\/v2\/pages\/1420020\/revisions"}],"wp:featuredmedia":[{"embeddable":true,"href":"https:\/\/theinvisiblecollection.com\/fr\/wp-json\/wp\/v2\/media\/1669793"}],"wp:attachment":[{"href":"https:\/\/theinvisiblecollection.com\/fr\/wp-json\/wp\/v2\/media?parent=1420020"}],"curies":[{"name":"wp","href":"https:\/\/api.w.org\/{rel}","templated":true}]}}