{"id":2271640,"date":"2023-03-27T11:28:22","date_gmt":"2023-03-27T10:28:22","guid":{"rendered":"https:\/\/theinvisiblecollection.com\/?page_id=2271640"},"modified":"2024-02-12T08:48:07","modified_gmt":"2024-02-12T08:48:07","slug":"b-corp","status":"publish","type":"page","link":"https:\/\/theinvisiblecollection.com\/fr\/b-corp\/","title":{"rendered":"B Corp"},"content":{"rendered":"\t\t<div data-elementor-type=\"wp-page\" data-elementor-id=\"2271640\" class=\"elementor elementor-2271640 elementor-2268774\" data-elementor-post-type=\"page\">\n\t\t\t\t\t\t<section class=\"elementor-section elementor-top-section elementor-element elementor-element-87298f6 elementor-section-full_width elementor-section-height-default elementor-section-height-default\" data-id=\"87298f6\" data-element_type=\"section\">\n\t\t\t\t\t\t<div class=\"elementor-container elementor-column-gap-default\">\n\t\t\t\t\t<div class=\"elementor-column elementor-col-100 elementor-top-column elementor-element elementor-element-96e7cea\" data-id=\"96e7cea\" data-element_type=\"column\">\n\t\t\t<div class=\"elementor-widget-wrap elementor-element-populated\">\n\t\t\t\t\t\t<div class=\"elementor-element elementor-element-c5e2e6a elementor-widget elementor-widget-image\" data-id=\"c5e2e6a\" data-element_type=\"widget\" data-widget_type=\"image.default\">\n\t\t\t\t<div class=\"elementor-widget-container\">\n\t\t\t\t\t\t\t\t\t\t\t\t\t\t\t<img fetchpriority=\"high\" decoding=\"async\" width=\"3840\" height=\"1300\" src=\"https:\/\/theinvisiblecollection.com\/wp-content\/uploads\/2023\/03\/DESKTOP.jpg\" class=\"attachment-full size-full wp-image-2283534\" alt=\"\" srcset=\"https:\/\/theinvisiblecollection.com\/wp-content\/uploads\/2023\/03\/DESKTOP.jpg 3840w, https:\/\/theinvisiblecollection.com\/wp-content\/uploads\/2023\/03\/DESKTOP-300x102.jpg 300w, https:\/\/theinvisiblecollection.com\/wp-content\/uploads\/2023\/03\/DESKTOP-1024x347.jpg 1024w, https:\/\/theinvisiblecollection.com\/wp-content\/uploads\/2023\/03\/DESKTOP-768x260.jpg 768w, https:\/\/theinvisiblecollection.com\/wp-content\/uploads\/2023\/03\/DESKTOP-1536x520.jpg 1536w, https:\/\/theinvisiblecollection.com\/wp-content\/uploads\/2023\/03\/DESKTOP-2048x693.jpg 2048w, https:\/\/theinvisiblecollection.com\/wp-content\/uploads\/2023\/03\/DESKTOP-100x34.jpg 100w, https:\/\/theinvisiblecollection.com\/wp-content\/uploads\/2023\/03\/DESKTOP-24x8.jpg 24w, https:\/\/theinvisiblecollection.com\/wp-content\/uploads\/2023\/03\/DESKTOP-36x12.jpg 36w, https:\/\/theinvisiblecollection.com\/wp-content\/uploads\/2023\/03\/DESKTOP-48x16.jpg 48w, https:\/\/theinvisiblecollection.com\/wp-content\/uploads\/2023\/03\/DESKTOP-800x271.jpg 800w\" sizes=\"(max-width: 3840px) 100vw, 3840px\" \/>\t\t\t\t\t\t\t\t\t\t\t\t\t\t\t<\/div>\n\t\t\t\t<\/div>\n\t\t\t\t\t<\/div>\n\t\t<\/div>\n\t\t\t\t\t<\/div>\n\t\t<\/section>\n\t\t\t\t<section class=\"elementor-section elementor-top-section elementor-element elementor-element-ee359ff elementor-section-boxed elementor-section-height-default elementor-section-height-default\" data-id=\"ee359ff\" data-element_type=\"section\">\n\t\t\t\t\t\t<div class=\"elementor-container elementor-column-gap-default\">\n\t\t\t\t\t<div class=\"elementor-column elementor-col-100 elementor-top-column elementor-element elementor-element-829d0b1\" data-id=\"829d0b1\" data-element_type=\"column\">\n\t\t\t<div class=\"elementor-widget-wrap elementor-element-populated\">\n\t\t\t\t\t\t<div class=\"elementor-element elementor-element-ef36604 elementor-widget elementor-widget-heading\" data-id=\"ef36604\" data-element_type=\"widget\" data-widget_type=\"heading.default\">\n\t\t\t\t<div class=\"elementor-widget-container\">\n\t\t\t\t\t<h1 class=\"elementor-heading-title elementor-size-default\">\u200b Fiers d'\u00eatre certifi\u00e9s B Corp\u2122<\/h1>\t\t\t\t<\/div>\n\t\t\t\t<\/div>\n\t\t\t\t\t<\/div>\n\t\t<\/div>\n\t\t\t\t\t<\/div>\n\t\t<\/section>\n\t\t\t\t<section class=\"elementor-section elementor-top-section elementor-element elementor-element-22faad1 elementor-section-boxed elementor-section-height-default elementor-section-height-default\" data-id=\"22faad1\" data-element_type=\"section\">\n\t\t\t\t\t\t<div class=\"elementor-container elementor-column-gap-default\">\n\t\t\t\t\t<div class=\"elementor-column elementor-col-100 elementor-top-column elementor-element elementor-element-35d2128\" data-id=\"35d2128\" data-element_type=\"column\">\n\t\t\t<div class=\"elementor-widget-wrap elementor-element-populated\">\n\t\t\t\t\t\t<div class=\"elementor-element elementor-element-43799e3 elementor-widget elementor-widget-heading\" data-id=\"43799e3\" data-element_type=\"widget\" data-widget_type=\"heading.default\">\n\t\t\t\t<div class=\"elementor-widget-container\">\n\t\t\t\t\t<div class=\"elementor-heading-title elementor-size-default\">La premi\u00e8re plateforme e-commerce d\u00e9di\u00e9e au mobilier et \u00e0 la d\u00e9coration d\u2019exception \u00e0 obtenir la certification B Corp\n<\/div>\t\t\t\t<\/div>\n\t\t\t\t<\/div>\n\t\t\t\t\t<\/div>\n\t\t<\/div>\n\t\t\t\t\t<\/div>\n\t\t<\/section>\n\t\t\t\t<section class=\"elementor-section elementor-top-section elementor-element elementor-element-26724edb elementor-section-height-min-height elementor-section-items-stretch elementor-section-stretched elementor-section-content-top w-1300 elementor-section-boxed elementor-section-height-default\" data-id=\"26724edb\" data-element_type=\"section\" data-settings=\"{&quot;stretch_section&quot;:&quot;section-stretched&quot;}\">\n\t\t\t\t\t\t<div class=\"elementor-container elementor-column-gap-wide\">\n\t\t\t\t\t<div class=\"elementor-column elementor-col-50 elementor-top-column elementor-element elementor-element-59e2f866\" data-id=\"59e2f866\" data-element_type=\"column\" data-settings=\"{&quot;background_background&quot;:&quot;classic&quot;}\">\n\t\t\t<div class=\"elementor-widget-wrap elementor-element-populated\">\n\t\t\t\t\t\t<div class=\"elementor-element elementor-element-47d4384b elementor-widget elementor-widget-image\" data-id=\"47d4384b\" data-element_type=\"widget\" data-widget_type=\"image.default\">\n\t\t\t\t<div class=\"elementor-widget-container\">\n\t\t\t\t\t\t\t\t\t\t\t\t\t\t\t<img decoding=\"async\" width=\"819\" height=\"1024\" src=\"https:\/\/theinvisiblecollection.com\/wp-content\/uploads\/2023\/03\/Artboard-2-819x1024.jpg\" class=\"attachment-large size-large wp-image-2301299\" alt=\"\" srcset=\"https:\/\/theinvisiblecollection.com\/wp-content\/uploads\/2023\/03\/Artboard-2-819x1024.jpg 819w, https:\/\/theinvisiblecollection.com\/wp-content\/uploads\/2023\/03\/Artboard-2-240x300.jpg 240w, https:\/\/theinvisiblecollection.com\/wp-content\/uploads\/2023\/03\/Artboard-2-768x960.jpg 768w, https:\/\/theinvisiblecollection.com\/wp-content\/uploads\/2023\/03\/Artboard-2-1229x1536.jpg 1229w, https:\/\/theinvisiblecollection.com\/wp-content\/uploads\/2023\/03\/Artboard-2-480x600.jpg 480w, https:\/\/theinvisiblecollection.com\/wp-content\/uploads\/2023\/03\/Artboard-2-32x40.jpg 32w, https:\/\/theinvisiblecollection.com\/wp-content\/uploads\/2023\/03\/Artboard-2-19x24.jpg 19w, https:\/\/theinvisiblecollection.com\/wp-content\/uploads\/2023\/03\/Artboard-2-29x36.jpg 29w, https:\/\/theinvisiblecollection.com\/wp-content\/uploads\/2023\/03\/Artboard-2-38x48.jpg 38w, https:\/\/theinvisiblecollection.com\/wp-content\/uploads\/2023\/03\/Artboard-2-800x1000.jpg 800w, https:\/\/theinvisiblecollection.com\/wp-content\/uploads\/2023\/03\/Artboard-2.jpg 1280w\" sizes=\"(max-width: 819px) 100vw, 819px\" \/>\t\t\t\t\t\t\t\t\t\t\t\t\t\t\t<\/div>\n\t\t\t\t<\/div>\n\t\t\t\t\t<\/div>\n\t\t<\/div>\n\t\t\t\t<div class=\"elementor-column elementor-col-50 elementor-top-column elementor-element elementor-element-21265b7c\" data-id=\"21265b7c\" data-element_type=\"column\">\n\t\t\t<div class=\"elementor-widget-wrap elementor-element-populated\">\n\t\t\t\t\t\t<div class=\"elementor-element elementor-element-552a1b49 elementor-widget elementor-widget-heading\" data-id=\"552a1b49\" data-element_type=\"widget\" data-widget_type=\"heading.default\">\n\t\t\t\t<div class=\"elementor-widget-container\">\n\t\t\t\t\t<h2 class=\"elementor-heading-title elementor-size-large\">Qu\u2019est-ce que B Corp ?<\/h2>\t\t\t\t<\/div>\n\t\t\t\t<\/div>\n\t\t\t\t<div class=\"elementor-element elementor-element-23f62e4b elementor-widget elementor-widget-text-editor\" data-id=\"23f62e4b\" data-element_type=\"widget\" data-widget_type=\"text-editor.default\">\n\t\t\t\t<div class=\"elementor-widget-container\">\n\t\t\t\t\t\t\t\t\tLa certification B Corp audite toutes les pratiques d\u2019une entreprise. Le processus de certification est rigoureux\u202f: les candidats doivent apporter la preuve de pratiques socialement et \u00e9co responsables en r\u00e9pondant \u00e0 des centaines de questions sur la gouvernance, les \u00e9quipes, l&#8217;\u00e9co-syst\u00e8me de la compagnie et l&#8217;impact sur l&#8217;environnement. Enfin, pour l\u2019obtention de la certification, les candidats doivent inscrire dans les statuts de leur entreprise leur engagement \u00e0 poursuivre des objectifs qui ne sont pas uniquement li\u00e9s \u00e0 la profitabilit\u00e9.\t\t\t\t\t\t\t\t<\/div>\n\t\t\t\t<\/div>\n\t\t\t\t<div class=\"elementor-element elementor-element-5fe4dcf8 elementor-widget elementor-widget-heading\" data-id=\"5fe4dcf8\" data-element_type=\"widget\" data-widget_type=\"heading.default\">\n\t\t\t\t<div class=\"elementor-widget-container\">\n\t\t\t\t\t<h2 class=\"elementor-heading-title elementor-size-large\">Fiers d'\u00eatre B Corp<\/h2>\t\t\t\t<\/div>\n\t\t\t\t<\/div>\n\t\t\t\t<div class=\"elementor-element elementor-element-106f5410 elementor-widget elementor-widget-text-editor\" data-id=\"106f5410\" data-element_type=\"widget\" data-widget_type=\"text-editor.default\">\n\t\t\t\t<div class=\"elementor-widget-container\">\n\t\t\t\t\t\t\t\t\tNous nous sommes engag\u00e9s dans la certification B Corp pour aligner nos paroles et nos actions. Si depuis la cr\u00e9ation, notre mission a toujours \u00e9t\u00e9 de soutenir les ateliers, les talents \u00e9mergents et les d\u00e9corateurs reconnus, il nous semblait essentiel d&#8217;\u00e9tablir de nouvelles normes positives pour l\u2019industrie de la d\u00e9coration, de veiller au bien-\u00eatre de nos \u00e9quipes en cr\u00e9ant un environnement de travail qui attire les talents. Nous avons acquis la certitude qu\u2019il ne fallait pas attendre et nous fixer les objectifs rapides et exigeants que les changements sociaux et environnementaux imposent.\t\t\t\t\t\t\t\t<\/div>\n\t\t\t\t<\/div>\n\t\t\t\t\t<\/div>\n\t\t<\/div>\n\t\t\t\t\t<\/div>\n\t\t<\/section>\n\t\t\t\t<section class=\"elementor-section elementor-top-section elementor-element elementor-element-7aa62f26 elementor-section-height-min-height elementor-section-stretched elementor-section-content-middle ppl-img-box w-1300 elementor-section-boxed elementor-section-height-default elementor-section-items-middle\" data-id=\"7aa62f26\" data-element_type=\"section\" data-settings=\"{&quot;stretch_section&quot;:&quot;section-stretched&quot;,&quot;background_background&quot;:&quot;classic&quot;}\">\n\t\t\t\t\t\t<div class=\"elementor-container elementor-column-gap-default\">\n\t\t\t\t\t<div class=\"elementor-column elementor-col-100 elementor-top-column elementor-element elementor-element-3598f4d9\" data-id=\"3598f4d9\" data-element_type=\"column\">\n\t\t\t<div class=\"elementor-widget-wrap elementor-element-populated\">\n\t\t\t\t\t\t<div class=\"elementor-element elementor-element-564a1fcc elementor-widget elementor-widget-heading\" data-id=\"564a1fcc\" data-element_type=\"widget\" data-widget_type=\"heading.default\">\n\t\t\t\t<div class=\"elementor-widget-container\">\n\t\t\t\t\t<h3 class=\"elementor-heading-title elementor-size-large\">Nos valeurs<\/h3>\t\t\t\t<\/div>\n\t\t\t\t<\/div>\n\t\t\t\t<section class=\"elementor-section elementor-inner-section elementor-element elementor-element-7334d16f elementor-section-full_width elementor-section-content-middle val-box elementor-section-height-default elementor-section-height-default\" data-id=\"7334d16f\" data-element_type=\"section\">\n\t\t\t\t\t\t<div class=\"elementor-container elementor-column-gap-default\">\n\t\t\t\t\t<div class=\"elementor-column elementor-col-20 elementor-inner-column elementor-element elementor-element-41bfe936\" data-id=\"41bfe936\" data-element_type=\"column\" data-settings=\"{&quot;background_background&quot;:&quot;classic&quot;}\">\n\t\t\t<div class=\"elementor-widget-wrap elementor-element-populated\">\n\t\t\t\t\t\t<div class=\"elementor-element elementor-element-1d4c0b3 ppl-hd3 elementor-widget elementor-widget-heading\" data-id=\"1d4c0b3\" data-element_type=\"widget\" data-widget_type=\"heading.default\">\n\t\t\t\t<div class=\"elementor-widget-container\">\n\t\t\t\t\t<h3 class=\"elementor-heading-title elementor-size-default\">Travail artisanal d\u2019exception<\/h3>\t\t\t\t<\/div>\n\t\t\t\t<\/div>\n\t\t\t\t\t<\/div>\n\t\t<\/div>\n\t\t\t\t<div class=\"elementor-column elementor-col-20 elementor-inner-column elementor-element elementor-element-38169a74\" data-id=\"38169a74\" data-element_type=\"column\" data-settings=\"{&quot;background_background&quot;:&quot;classic&quot;}\">\n\t\t\t<div class=\"elementor-widget-wrap elementor-element-populated\">\n\t\t\t\t\t\t<div class=\"elementor-element elementor-element-b10ce85 ppl-hd3 elementor-widget elementor-widget-heading\" data-id=\"b10ce85\" data-element_type=\"widget\" data-widget_type=\"heading.default\">\n\t\t\t\t<div class=\"elementor-widget-container\">\n\t\t\t\t\t<h3 class=\"elementor-heading-title elementor-size-default\">Aucun d\u00e9chet<\/h3>\t\t\t\t<\/div>\n\t\t\t\t<\/div>\n\t\t\t\t\t<\/div>\n\t\t<\/div>\n\t\t\t\t<div class=\"elementor-column elementor-col-20 elementor-inner-column elementor-element elementor-element-3c7e4577\" data-id=\"3c7e4577\" data-element_type=\"column\" data-settings=\"{&quot;background_background&quot;:&quot;classic&quot;}\">\n\t\t\t<div class=\"elementor-widget-wrap elementor-element-populated\">\n\t\t\t\t\t\t<div class=\"elementor-element elementor-element-6a042e8e ppl-hd3 elementor-widget elementor-widget-heading\" data-id=\"6a042e8e\" data-element_type=\"widget\" data-widget_type=\"heading.default\">\n\t\t\t\t<div class=\"elementor-widget-container\">\n\t\t\t\t\t<h3 class=\"elementor-heading-title elementor-size-default\">Service et passion<\/h3>\t\t\t\t<\/div>\n\t\t\t\t<\/div>\n\t\t\t\t\t<\/div>\n\t\t<\/div>\n\t\t\t\t<div class=\"elementor-column elementor-col-20 elementor-inner-column elementor-element elementor-element-3fca13b\" data-id=\"3fca13b\" data-element_type=\"column\" data-settings=\"{&quot;background_background&quot;:&quot;classic&quot;}\">\n\t\t\t<div class=\"elementor-widget-wrap elementor-element-populated\">\n\t\t\t\t\t\t<div class=\"elementor-element elementor-element-57da561d ppl-hd3 elementor-widget elementor-widget-heading\" data-id=\"57da561d\" data-element_type=\"widget\" data-widget_type=\"heading.default\">\n\t\t\t\t<div class=\"elementor-widget-container\">\n\t\t\t\t\t<h3 class=\"elementor-heading-title elementor-size-default\">Responsabilit\u00e9 sociale<\/h3>\t\t\t\t<\/div>\n\t\t\t\t<\/div>\n\t\t\t\t\t<\/div>\n\t\t<\/div>\n\t\t\t\t<div class=\"elementor-column elementor-col-20 elementor-inner-column elementor-element elementor-element-2594fc25\" data-id=\"2594fc25\" data-element_type=\"column\" data-settings=\"{&quot;background_background&quot;:&quot;classic&quot;}\">\n\t\t\t<div class=\"elementor-widget-wrap elementor-element-populated\">\n\t\t\t\t\t\t<div class=\"elementor-element elementor-element-4a4e5bf ppl-hd3 elementor-widget elementor-widget-heading\" data-id=\"4a4e5bf\" data-element_type=\"widget\" data-widget_type=\"heading.default\">\n\t\t\t\t<div class=\"elementor-widget-container\">\n\t\t\t\t\t<h3 class=\"elementor-heading-title elementor-size-default\">Le design est culture<\/h3>\t\t\t\t<\/div>\n\t\t\t\t<\/div>\n\t\t\t\t\t<\/div>\n\t\t<\/div>\n\t\t\t\t\t<\/div>\n\t\t<\/section>\n\t\t\t\t<div class=\"elementor-element elementor-element-a52c9c6 elementor-align-center elementor-widget elementor-widget-button\" data-id=\"a52c9c6\" data-element_type=\"widget\" data-widget_type=\"button.default\">\n\t\t\t\t<div class=\"elementor-widget-container\">\n\t\t\t\t\t\t\t\t\t<div class=\"elementor-button-wrapper\">\n\t\t\t\t\t<a class=\"elementor-button elementor-button-link elementor-size-sm\" href=\"https:\/\/theinvisiblecollection.com\/fr\/a-propos\/nos-valeurs\/\">\n\t\t\t\t\t\t<span class=\"elementor-button-content-wrapper\">\n\t\t\t\t\t\t\t\t\t<span class=\"elementor-button-text\">En Savoir Plus<\/span>\n\t\t\t\t\t<\/span>\n\t\t\t\t\t<\/a>\n\t\t\t\t<\/div>\n\t\t\t\t\t\t\t\t<\/div>\n\t\t\t\t<\/div>\n\t\t\t\t\t<\/div>\n\t\t<\/div>\n\t\t\t\t\t<\/div>\n\t\t<\/section>\n\t\t\t\t<section class=\"elementor-section elementor-top-section elementor-element elementor-element-71d409da elementor-section-height-min-height elementor-section-items-stretch elementor-section-stretched elementor-section-content-middle w-1300 elementor-section-boxed elementor-section-height-default\" data-id=\"71d409da\" data-element_type=\"section\" data-settings=\"{&quot;stretch_section&quot;:&quot;section-stretched&quot;}\">\n\t\t\t\t\t\t<div class=\"elementor-container elementor-column-gap-wide\">\n\t\t\t\t\t<div class=\"elementor-column elementor-col-50 elementor-top-column elementor-element elementor-element-6ea38570\" data-id=\"6ea38570\" data-element_type=\"column\" data-settings=\"{&quot;background_background&quot;:&quot;classic&quot;}\">\n\t\t\t<div class=\"elementor-widget-wrap elementor-element-populated\">\n\t\t\t\t\t\t<div class=\"elementor-element elementor-element-6d05ba44 elementor-widget elementor-widget-image\" data-id=\"6d05ba44\" data-element_type=\"widget\" data-widget_type=\"image.default\">\n\t\t\t\t<div class=\"elementor-widget-container\">\n\t\t\t\t\t\t\t\t\t\t\t\t\t\t\t<img decoding=\"async\" width=\"819\" height=\"1024\" src=\"https:\/\/theinvisiblecollection.com\/wp-content\/uploads\/2023\/03\/Artboard-2-copy-819x1024.jpg\" class=\"attachment-large size-large wp-image-2301302\" alt=\"\" srcset=\"https:\/\/theinvisiblecollection.com\/wp-content\/uploads\/2023\/03\/Artboard-2-copy-819x1024.jpg 819w, https:\/\/theinvisiblecollection.com\/wp-content\/uploads\/2023\/03\/Artboard-2-copy-240x300.jpg 240w, https:\/\/theinvisiblecollection.com\/wp-content\/uploads\/2023\/03\/Artboard-2-copy-768x960.jpg 768w, https:\/\/theinvisiblecollection.com\/wp-content\/uploads\/2023\/03\/Artboard-2-copy-1229x1536.jpg 1229w, https:\/\/theinvisiblecollection.com\/wp-content\/uploads\/2023\/03\/Artboard-2-copy-480x600.jpg 480w, https:\/\/theinvisiblecollection.com\/wp-content\/uploads\/2023\/03\/Artboard-2-copy-32x40.jpg 32w, https:\/\/theinvisiblecollection.com\/wp-content\/uploads\/2023\/03\/Artboard-2-copy-19x24.jpg 19w, https:\/\/theinvisiblecollection.com\/wp-content\/uploads\/2023\/03\/Artboard-2-copy-29x36.jpg 29w, https:\/\/theinvisiblecollection.com\/wp-content\/uploads\/2023\/03\/Artboard-2-copy-38x48.jpg 38w, https:\/\/theinvisiblecollection.com\/wp-content\/uploads\/2023\/03\/Artboard-2-copy-800x1000.jpg 800w, https:\/\/theinvisiblecollection.com\/wp-content\/uploads\/2023\/03\/Artboard-2-copy.jpg 1280w\" sizes=\"(max-width: 819px) 100vw, 819px\" \/>\t\t\t\t\t\t\t\t\t\t\t\t\t\t\t<\/div>\n\t\t\t\t<\/div>\n\t\t\t\t\t<\/div>\n\t\t<\/div>\n\t\t\t\t<div class=\"elementor-column elementor-col-50 elementor-top-column elementor-element elementor-element-6fa1c477\" data-id=\"6fa1c477\" data-element_type=\"column\">\n\t\t\t<div class=\"elementor-widget-wrap elementor-element-populated\">\n\t\t\t\t\t\t<div class=\"elementor-element elementor-element-2281eb elementor-widget elementor-widget-heading\" data-id=\"2281eb\" data-element_type=\"widget\" data-widget_type=\"heading.default\">\n\t\t\t\t<div class=\"elementor-widget-container\">\n\t\t\t\t\t<h2 class=\"elementor-heading-title elementor-size-large\">Un mot de nos fondatrices<\/h2>\t\t\t\t<\/div>\n\t\t\t\t<\/div>\n\t\t\t\t<div class=\"elementor-element elementor-element-2d6b43d9 elementor-widget elementor-widget-text-editor\" data-id=\"2d6b43d9\" data-element_type=\"widget\" data-widget_type=\"text-editor.default\">\n\t\t\t\t<div class=\"elementor-widget-container\">\n\t\t\t\t\t\t\t\t\t&#8220;Nous sommes la premi\u00e8re plateforme e-commerce d\u00e9di\u00e9e au mobilier et \u00e0 la d\u00e9coration d\u2019exception \u00e0 obtenir la certification B Corp, rejoignant ainsi une communaut\u00e9 de leaders qui oeuvrent pour une soci\u00e9t\u00e9 meilleure. En obtenant cette certification nous confirmons notre engagement \u00e0 faire grandir Invisible Collection avec un impact positif pour la plan\u00e8te. En seulement six ans, nous avons cr\u00e9\u00e9 une communaut\u00e9 de passionn\u00e9s de beaux meubles et de beaux objets qui partage la m\u00eame philosophie et la conviction que le design est culture. Nous pr\u00e9servons les savoir-faire et mettons en lumi\u00e8re les artisans d&#8217;exception et d\u00e9corateurs talentueux qui prouvent par leur travail que l&#8217;expression cr\u00e9ative va de pair avec des pratiques durables. Il ne peut y avoir de mod\u00e8le \u00e9conomique viable sur une plan\u00e8te moribonde ou dans une soci\u00e9t\u00e9 bris\u00e9e. En soutenant une conception durable et une \u00e9conomie responsable et humaniste, nous esp\u00e9rons inspirer de r\u00e9els changements dans l&#8217;industrie de la d\u00e9coration.&#8221;\t\t\t\t\t\t\t\t<\/div>\n\t\t\t\t<\/div>\n\t\t\t\t\t<\/div>\n\t\t<\/div>\n\t\t\t\t\t<\/div>\n\t\t<\/section>\n\t\t\t\t<\/div>\n\t\t","protected":false},"excerpt":{"rendered":"<p>\u200b Fiers d&#8217;\u00eatre certifi\u00e9s B Corp\u2122 La premi\u00e8re plateforme e-commerce d\u00e9di\u00e9e au mobilier et \u00e0 la d\u00e9coration d\u2019exception \u00e0 obtenir la certification B Corp Qu\u2019est-ce que B Corp ? La certification B Corp audite toutes les pratiques d\u2019une entreprise. Le processus de certification est rigoureux\u202f: les candidats doivent apporter la preuve de pratiques socialement et [&hellip;]<\/p>\n","protected":false},"author":1724,"featured_media":0,"parent":0,"menu_order":0,"comment_status":"closed","ping_status":"closed","template":"","meta":{"_acf_changed":false,"content-type":"","_themeisle_gutenberg_block_has_review":false,"footnotes":""},"class_list":["post-2271640","page","type-page","status-publish","hentry"],"acf":[],"_links":{"self":[{"href":"https:\/\/theinvisiblecollection.com\/fr\/wp-json\/wp\/v2\/pages\/2271640","targetHints":{"allow":["GET"]}}],"collection":[{"href":"https:\/\/theinvisiblecollection.com\/fr\/wp-json\/wp\/v2\/pages"}],"about":[{"href":"https:\/\/theinvisiblecollection.com\/fr\/wp-json\/wp\/v2\/types\/page"}],"author":[{"embeddable":true,"href":"https:\/\/theinvisiblecollection.com\/fr\/wp-json\/wp\/v2\/users\/1724"}],"replies":[{"embeddable":true,"href":"https:\/\/theinvisiblecollection.com\/fr\/wp-json\/wp\/v2\/comments?post=2271640"}],"version-history":[{"count":0,"href":"https:\/\/theinvisiblecollection.com\/fr\/wp-json\/wp\/v2\/pages\/2271640\/revisions"}],"wp:attachment":[{"href":"https:\/\/theinvisiblecollection.com\/fr\/wp-json\/wp\/v2\/media?parent=2271640"}],"curies":[{"name":"wp","href":"https:\/\/api.w.org\/{rel}","templated":true}]}}