{"id":2581481,"date":"2023-05-10T11:09:28","date_gmt":"2023-05-10T10:09:28","guid":{"rendered":"https:\/\/theinvisiblecollection.com\/clubroom-showroom\/"},"modified":"2023-06-23T06:31:16","modified_gmt":"2023-06-23T05:31:16","slug":"clubroom-showroom","status":"publish","type":"page","link":"https:\/\/theinvisiblecollection.com\/fr\/clubroom-showroom\/","title":{"rendered":"ClubRoom Showroom"},"content":{"rendered":"<div class=\"clubroom-showrooms-section clubroom-cat-product\">\n<div class=\"cb-showrooms-row\">\n<div class=\"cb-showroom-slider\">\n<div class=\"cb-showroom-box\">\n<div class=\"cb-showroom-box-in\">\n<div class=\"cb-showroom-info-b\">\n<h3 class=\"cb-showroom-title\">The Mews &#8211; London<\/h3>\n<div class=\"cb-showroom-address\">2-4 Huntsworth Mews<\/div>\n<div class=\"cb-phone-num\"><a href=\"tel:+4402038689012\">+44 (0)20 3868 9012<\/a><\/div>\n<div class=\"cb-showroom-btn\"><a href=\"https:\/\/theinvisiblecollection.com\/fr\/clubroom-pieces\/?refinementList%5Bexhibitions%5D%5B0%5D=London\">La s\u00e9lection de Londres<\/a><\/div>\n<\/p><\/div>\n<div class=\"cb-showroom-image\">\n\t\t\t\t\t\t<img fetchpriority=\"high\" decoding=\"async\" src=\"https:\/\/theinvisiblecollection.com\/wp-content\/uploads\/2023\/05\/showroom-london-300x300.jpg\" alt=\"\" width=\"300\" height=\"300\" class=\"alignnone size-medium wp-image-2531358\" srcset=\"https:\/\/theinvisiblecollection.com\/wp-content\/uploads\/2023\/05\/showroom-london-300x300.jpg 300w, https:\/\/theinvisiblecollection.com\/wp-content\/uploads\/2023\/05\/showroom-london-150x150.jpg 150w, https:\/\/theinvisiblecollection.com\/wp-content\/uploads\/2023\/05\/showroom-london-230x230.jpg 230w, https:\/\/theinvisiblecollection.com\/wp-content\/uploads\/2023\/05\/showroom-london-40x40.jpg 40w, https:\/\/theinvisiblecollection.com\/wp-content\/uploads\/2023\/05\/showroom-london-24x24.jpg 24w, https:\/\/theinvisiblecollection.com\/wp-content\/uploads\/2023\/05\/showroom-london-36x36.jpg 36w, https:\/\/theinvisiblecollection.com\/wp-content\/uploads\/2023\/05\/showroom-london-48x48.jpg 48w, https:\/\/theinvisiblecollection.com\/wp-content\/uploads\/2023\/05\/showroom-london-100x100.jpg 100w, https:\/\/theinvisiblecollection.com\/wp-content\/uploads\/2023\/05\/showroom-london-50x50.jpg 50w, https:\/\/theinvisiblecollection.com\/wp-content\/uploads\/2023\/05\/showroom-london.jpg 330w\" sizes=\"(max-width: 300px) 100vw, 300px\" \/>\n\t\t\t\t\t<\/div>\n<\/p><\/div>\n<\/p><\/div>\n<div class=\"cb-showroom-box\">\n<div class=\"cb-showroom-box-in\">\n<div class=\"cb-showroom-info-b\">\n<h3 class=\"cb-showroom-title\">The Townhouse &#8211; NYC<\/h3>\n<div class=\"cb-showroom-address\">24 East 64th Street<\/div>\n<div class=\"cb-phone-num\"><a href=\"tel:+16467590619\">+1 (646) 759 0619<\/a><\/div>\n<div class=\"cb-showroom-btn\"><a href=\"https:\/\/theinvisiblecollection.com\/fr\/clubroom-pieces\/?refinementList%5Bexhibitions%5D%5B0%5D=New-York\">La s\u00e9lection de New York<\/a><\/div>\n<\/p><\/div>\n<div class=\"cb-showroom-image\">\n\t\t\t\t\t\t<img decoding=\"async\" src=\"https:\/\/theinvisiblecollection.com\/wp-content\/uploads\/2023\/05\/showroom-nyc-300x300.jpg\" alt=\"\" width=\"300\" height=\"300\" class=\"alignnone size-medium wp-image-2531362\" srcset=\"https:\/\/theinvisiblecollection.com\/wp-content\/uploads\/2023\/05\/showroom-nyc-300x300.jpg 300w, https:\/\/theinvisiblecollection.com\/wp-content\/uploads\/2023\/05\/showroom-nyc-150x150.jpg 150w, https:\/\/theinvisiblecollection.com\/wp-content\/uploads\/2023\/05\/showroom-nyc-230x230.jpg 230w, https:\/\/theinvisiblecollection.com\/wp-content\/uploads\/2023\/05\/showroom-nyc-40x40.jpg 40w, https:\/\/theinvisiblecollection.com\/wp-content\/uploads\/2023\/05\/showroom-nyc-24x24.jpg 24w, https:\/\/theinvisiblecollection.com\/wp-content\/uploads\/2023\/05\/showroom-nyc-36x36.jpg 36w, https:\/\/theinvisiblecollection.com\/wp-content\/uploads\/2023\/05\/showroom-nyc-48x48.jpg 48w, https:\/\/theinvisiblecollection.com\/wp-content\/uploads\/2023\/05\/showroom-nyc-100x100.jpg 100w, https:\/\/theinvisiblecollection.com\/wp-content\/uploads\/2023\/05\/showroom-nyc-50x50.jpg 50w, https:\/\/theinvisiblecollection.com\/wp-content\/uploads\/2023\/05\/showroom-nyc.jpg 330w\" sizes=\"(max-width: 300px) 100vw, 300px\" \/>\n\t\t\t\t\t<\/div>\n<\/p><\/div>\n<\/p><\/div>\n<div class=\"cb-showroom-box\">\n<div class=\"cb-showroom-box-in\">\n<div class=\"cb-showroom-info-b\">\n<h3 class=\"cb-showroom-title\">Paris Rive Gauche<\/h3>\n<div class=\"cb-showroom-address\">20 Rue Am\u00e9lie<\/div>\n<div class=\"cb-phone-num\"><a href=\"tel:+330184880466\">+33 (0)1 84 88 04 66<\/a><\/div>\n<div class=\"cb-showroom-btn\"><a href=\"https:\/\/theinvisiblecollection.com\/fr\/clubroom-pieces\/?refinementList%5Bexhibitions%5D%5B0%5D=Paris\">La s\u00e9lection de Paris<\/a><\/div>\n<\/p><\/div>\n<div class=\"cb-showroom-image\">\n\t\t\t\t\t\t<img decoding=\"async\" src=\"https:\/\/theinvisiblecollection.com\/wp-content\/uploads\/2023\/05\/showroom-paris-300x300.jpg\" alt=\"\" width=\"300\" height=\"300\" class=\"alignnone size-medium wp-image-2531360\" srcset=\"https:\/\/theinvisiblecollection.com\/wp-content\/uploads\/2023\/05\/showroom-paris-300x300.jpg 300w, https:\/\/theinvisiblecollection.com\/wp-content\/uploads\/2023\/05\/showroom-paris-150x150.jpg 150w, https:\/\/theinvisiblecollection.com\/wp-content\/uploads\/2023\/05\/showroom-paris-230x230.jpg 230w, https:\/\/theinvisiblecollection.com\/wp-content\/uploads\/2023\/05\/showroom-paris-40x40.jpg 40w, https:\/\/theinvisiblecollection.com\/wp-content\/uploads\/2023\/05\/showroom-paris-24x24.jpg 24w, https:\/\/theinvisiblecollection.com\/wp-content\/uploads\/2023\/05\/showroom-paris-36x36.jpg 36w, https:\/\/theinvisiblecollection.com\/wp-content\/uploads\/2023\/05\/showroom-paris-48x48.jpg 48w, https:\/\/theinvisiblecollection.com\/wp-content\/uploads\/2023\/05\/showroom-paris-100x100.jpg 100w, https:\/\/theinvisiblecollection.com\/wp-content\/uploads\/2023\/05\/showroom-paris-50x50.jpg 50w, https:\/\/theinvisiblecollection.com\/wp-content\/uploads\/2023\/05\/showroom-paris.jpg 330w\" sizes=\"(max-width: 300px) 100vw, 300px\" \/>\n\t\t\t\t\t<\/div>\n<\/p><\/div>\n<\/p><\/div>\n<\/p><\/div>\n<\/p><\/div>\n<div class=\"btn-book room-button\"><a href=\"https:\/\/theinvisiblecollection.com\/fr\/appointment-booking\/\">Book an Appointment<\/a><\/div>\n<\/div>\n","protected":false},"excerpt":{"rendered":"<p>The Mews &#8211; London 2-4 Huntsworth Mews +44 (0)20 3868 9012 La s\u00e9lection de Londres The Townhouse &#8211; NYC 24 East 64th Street +1 (646) 759 0619 La s\u00e9lection de New York Paris Rive Gauche 20 Rue Am\u00e9lie +33 (0)1 84 88 04 66 La s\u00e9lection de Paris Book an Appointment<\/p>\n","protected":false},"author":1320,"featured_media":0,"parent":0,"menu_order":0,"comment_status":"closed","ping_status":"closed","template":"page-templates\/clubroom-cms.php","meta":{"_acf_changed":false,"content-type":"","_themeisle_gutenberg_block_has_review":false,"footnotes":""},"class_list":["post-2581481","page","type-page","status-publish","hentry"],"acf":[],"_links":{"self":[{"href":"https:\/\/theinvisiblecollection.com\/fr\/wp-json\/wp\/v2\/pages\/2581481","targetHints":{"allow":["GET"]}}],"collection":[{"href":"https:\/\/theinvisiblecollection.com\/fr\/wp-json\/wp\/v2\/pages"}],"about":[{"href":"https:\/\/theinvisiblecollection.com\/fr\/wp-json\/wp\/v2\/types\/page"}],"author":[{"embeddable":true,"href":"https:\/\/theinvisiblecollection.com\/fr\/wp-json\/wp\/v2\/users\/1320"}],"replies":[{"embeddable":true,"href":"https:\/\/theinvisiblecollection.com\/fr\/wp-json\/wp\/v2\/comments?post=2581481"}],"version-history":[{"count":0,"href":"https:\/\/theinvisiblecollection.com\/fr\/wp-json\/wp\/v2\/pages\/2581481\/revisions"}],"wp:attachment":[{"href":"https:\/\/theinvisiblecollection.com\/fr\/wp-json\/wp\/v2\/media?parent=2581481"}],"curies":[{"name":"wp","href":"https:\/\/api.w.org\/{rel}","templated":true}]}}