{"id":2581580,"date":"2023-05-10T11:27:20","date_gmt":"2023-05-10T10:27:20","guid":{"rendered":"https:\/\/theinvisiblecollection.com\/clubroom-privacy-policy\/"},"modified":"2023-05-10T11:36:01","modified_gmt":"2023-05-10T10:36:01","slug":"clubroom-confidentialite","status":"publish","type":"page","link":"https:\/\/theinvisiblecollection.com\/fr\/clubroom-confidentialite\/","title":{"rendered":"ClubRoom Confidentialit\u00e9"},"content":{"rendered":"<div class=\"theme-clubroom-pg cr-terms-service\">\n<h3>1. Politique de confidentialit\u00e9 de The Invisible Collection<\/h3>\n<p><a><br \/>\nCliquez ici pour mofifier vos preferences de cookies<br \/>\n<\/a><\/p>\n<p style=\"text-align: justify;\">www.theinvisiblecollection.com est un site web exploit\u00e9 par The Invisible Collection Ltd. Nous nous engageons \u00e0 prot\u00e9ger et \u00e0 respecter votre vie priv\u00e9e. Cette politique de confidentialit\u00e9 explique comment nous recueillons, utilisons et partageons des renseignements qui vous identifient ou vous sont associ\u00e9s (\u00ab renseignements personnels\u00bb).<\/p>\n<p style=\"text-align: justify;\">D\u2019apr\u00e8s la loi de 1998 sur la protection des donn\u00e9es et le R\u00e8glement G\u00e9n\u00e9ral sur la Protection des Donn\u00e9es, nous sommes responsable du traitement des informations personnelles que nous d\u00e9tenons \u00e0 votre sujet.<\/p>\n<p style=\"text-align: justify;\">Vous devez \u00e9galement \u00eatre conscient que nous utilisons des cookies pour stocker et acc\u00e9der \u00e0 l\u2019information tout en fournissant l\u2019acc\u00e8s \u00e0 notre site. Vous pouvez en savoir plus sur notre utilisation des cookies dans notre Politique de cookies.<\/p>\n<h3>2. Informations personnelles que nous d\u00e9tenons \u00e0 votre sujet<\/h3>\n<p style=\"text-align: justify;\">2.1 Nous recueillons vos informations personnelles lorsque vous nous envoyez volontairement de l\u2019information directement \u00e0 nous ou sur notre site web. Cela peut inclure des informations que vous nous fournissez lorsque vous vous inscrivez, cr\u00e9ez un compte sur notre site, remplissez un formulaire, correspondez avec nous, achetez des produits sur le site, vous abonnez \u00e0 nos listes de courriels ou r\u00e9pondez \u00e0 des sondages ou des promotions. En communiquant avec nos \u00e9quipes, vous acceptez que nous collections et traitions vos donn\u00e9es dans notre base s\u00e9curis\u00e9e pendant un minimum de trois ans. En cas d\u2019inactivit\u00e9 de l\u2019une des deux parties apr\u00e8s trois ans nous supprimerons ces donn\u00e9es. Ces donn\u00e9es nous permettent de fluidifier nos \u00e9changes et vos achats afin d\u2019am\u00e9liorer votre exp\u00e9rience d\u2019achat.<\/p>\n<p style=\"text-align: justify;\">Nous recueillons aussi indirectement d\u2019autres informations personnelles, telles que des informations sur les pages que vous consultez sur le site, sur l\u2019appareil que vous connectez au site, sur les produits que vous ajoutez \u00e0 votre liste de souhaits \u00e0 l\u2019aide d\u2019une tablette ou d\u2019un appareil similaire.<\/p>\n<p style=\"text-align: justify;\">Nous pouvons \u00e9galement recueillir des informations personnelles \u00e0 votre sujet aupr\u00e8s de tiers tels que les autres utilisateurs du site.<\/p>\n<p style=\"text-align: justify;\">2.2 Vos donn\u00e9es personnelles sont contenues dans un registre des traitements. Nous d\u00e9crivons ci-dessous les cat\u00e9gories de renseignements personnels que nous recueillons plus en d\u00e9tail :<\/p>\n<p style=\"text-align: justify;\">Coordonn\u00e9es : votre nom, votre adresse \u00e9lectronique, votre num\u00e9ro de t\u00e9l\u00e9phone et les adresses associ\u00e9es \u00e0 votre compte.<br \/>\nCommentaires et opinions : tels que les commentaires et opinions que vous partagez, vous r\u00e9pondez \u00e0 nos sondages.<br \/>\nMessages pour The Invisible Collection : messages que vous nous envoyez tels que courrier \u00e9lectronique et correspondance \u00e9crite.<br \/>\nInformations sur les paiements et les transactions : nous conservons les dossiers des produits et services que vous nous achetez et le mode de paiement que vous utilisez pour la transaction. Vos donn\u00e9es bancaires ne sont pas enregistr\u00e9es.<br \/>\nVos pr\u00e9f\u00e9rences : les choix que vous effectuez, tels que les pr\u00e9f\u00e9rences de notifications et de messagerie ou les choix sur la fa\u00e7on dont le site est affich\u00e9.<br \/>\nInformations sur les produits que vous avez consult\u00e9s : nous recueillons des informations sur les produits que vous avez regard\u00e9s sur le site ou pendant les \u00e9v\u00e9nements, ou que vous avez ajout\u00e9 \u00e0 votre panier sur le site ou \u00e0 votre liste de souhaits sur une tablette ou un appareil similaire dans l\u2019une de nos salles d\u2019exposition.<br \/>\nInformations sur l\u2019utilisation et la connexion au service en ligne : Nous recueillons des informations sur la fa\u00e7on dont vous utilisez le site, telles que les pages et les liens auxquels vous acc\u00e9dez, le moment o\u00f9 vous acc\u00e9dez au site et la dur\u00e9e de votre s\u00e9jour, le site Web dont vous venez ou le site o\u00f9 vous allez apr\u00e8s www.theinvisiblecollection.com, mais aussi les s\u00e9lections et les choix que vous faites lors de l\u2019utilisation du site.<br \/>\nNous recueillons \u00e9galement des informations sur l\u2019ordinateur ou sur d\u2019autres appareils \u00e9lectroniques que vous utilisez pour vous connecter au site, tels que des d\u00e9tails sur le type d\u2019appareil (qui peut inclure des num\u00e9ros d\u2019identification uniques), son syst\u00e8me d\u2019exploitation, son navigateur et les applications connect\u00e9es au site via le p\u00e9riph\u00e9rique. Votre fournisseur de services Internet ou votre r\u00e9seau mobile, votre adresse IP et le num\u00e9ro de t\u00e9l\u00e9phone de votre appareil (s\u2019il en a un). En g\u00e9n\u00e9ral, les informations que nous recueillons sur la fa\u00e7on dont vous utilisez ou vous connectez au site sont associ\u00e9es \u00e0 votre appareil. Toutefois, si vous \u00eates connect\u00e9 \u00e0 un compte enregistr\u00e9, ces informations peuvent \u00e9galement vous \u00eatre associ\u00e9es directement.<br \/>\nInformations concernant votre localit\u00e9 : En dehors de l\u2019information que vous choisissez de nous fournir, nous ne recueillons pas d\u2019informations sur votre emplacement pr\u00e9cis. L\u2019adresse IP de votre appareil peut nous aider \u00e0 d\u00e9terminer un emplacement approximatif, mais ce n\u2019est pas plus pr\u00e9cis que la ville, l\u2019\u00e9tat ou le pays dans lequel vous utilisez votre appareil.<br \/>\nInformations fournies par d\u2019autres utilisateurs : Parfois, les autres visiteurs de notre site fournissent des informations qui vous sont associ\u00e9es. Par exemple, d\u2019autres visiteurs peuvent fournir des informations qui vous sont associ\u00e9es lorsqu\u2019ils vous invitent \u00e0 utiliser le site Web.<br \/>\nInformations fournies par d\u2019autres organisations : D\u2019autres organisations peuvent fournir des informations que nous vous associons o\u00f9 elles sont l\u00e9galement autoris\u00e9es \u00e0 le partager, telles que des coordonn\u00e9es, des donn\u00e9es d\u00e9mographiques ou des informations de navigation sur Internet.<br \/>\nRenseignements provenant d\u2019organisations de lutte contre la fraude et la pr\u00e9vention du crime : Si des activit\u00e9s frauduleuses ou autres activit\u00e9s criminelles sont suspect\u00e9es sur votre compte, nous pouvons recevoir des informations par des organisations de r\u00e9f\u00e9rence de cr\u00e9dit, de fraude et de pr\u00e9vention du crime.<\/p>\n<h3>3. Comment nous utilisons vos informations<\/h3>\n<p>3.1 Nous utiliserons vos renseignements personnels aux fins sp\u00e9cifiques d\u00e9crites ci-dessous :<\/p>\n<p style=\"text-align: justify;\">Coordonn\u00e9es : nous utiliserons vos coordonn\u00e9es afin de communiquer directement avec vous sur les produits que nous vendons et sur le service que nous fournissons et sur les questions, probl\u00e8mes ou pr\u00e9occupations que vous ou d\u2019autres utilisateurs avez. Nous utilisons vos coordonn\u00e9es pour vous envoyer ou pour permettre \u00e0 nos partenaires marketing et commerciaux de vous envoyer des informations sur les produits et services susceptibles de vous int\u00e9resser (ces communications seront conformes \u00e0 vos pr\u00e9f\u00e9rences marketing).<br \/>\nInformations sur les paiements et les transactions : nous utiliserons les informations de paiement et de transaction que vous fournissez pour traiter le paiement de tout produit ou service que vous achetez chez nous. Nous pouvons \u00e9galement utiliser l\u2019historique de vos transactions avec nous pour d\u00e9terminer les produits et les services qui peuvent vous int\u00e9resser. Ces donn\u00e9es de paiements ne sont pas enregistr\u00e9es \u00e0 des fins ult\u00e9rieures.<br \/>\nVos pr\u00e9f\u00e9rences : nous utiliserons vos param\u00e8tres de pr\u00e9f\u00e9rence pour fournir des notifications, des messages, afficher le site et suivre d\u2019autres choix que vous pouvez faire sur la fa\u00e7on dont le site est affich\u00e9 pour vous.<br \/>\nInformations sur les produits que vous avez consult\u00e9s : nous utilisons ces informations pour vous envoyer des rappels et des informations suppl\u00e9mentaires sur ces produits. Nous utiliserons \u00e9galement ces informations pour d\u00e9terminer les produits et services susceptibles de vous int\u00e9resser.<br \/>\nInformations sur l\u2019utilisation et la connexion au service en ligne : nous utilisons ces informations pour vous pr\u00e9senter le site sur votre appareil. Nous utiliserons \u00e9galement ces informations pour d\u00e9terminer les sujets, les produits et les services qui peuvent vous int\u00e9resser.<br \/>\nInformations sur votre emplacement : nous pouvons utiliser un emplacement approximatif pour vous assurer que le contenu du site est pertinent pour la ville, l\u2019\u00e9tat ou le pays dans lequel vous utilisez votre appareil. Nous ne collecterons, ni ne suivrons votre emplacement exact sans votre consentement.<br \/>\nInformations sur les activit\u00e9s frauduleuses ou criminelles relatives \u00e0 votre compte : nous utiliserons des informations sur les activit\u00e9s frauduleuses ou criminelles li\u00e9es \u00e0 votre compte afin de pr\u00e9venir la fraude ou la criminalit\u00e9.<br \/>\nTous les renseignements personnels : Nous utiliserons tous les renseignements personnels que nous recueillons pour : (i) surveiller et am\u00e9liorer le site et nos proc\u00e9dures et processus ; (ii) nous aider \u00e0 d\u00e9velopper de nouveaux produits et services.<br \/>\nL\u2019utilisation de vos renseignements personnels de cette fa\u00e7on n\u2019entra\u00eenera pas la publication d\u2019informations qui n\u2019\u00e9taient pas publi\u00e9es auparavant sur le site. Nous n\u2019utiliserons pas non plus les informations relatives aux activit\u00e9s frauduleuses ou criminelles li\u00e9es \u00e0 votre compte dans le d\u00e9veloppement de nouveaux produits et services.<\/p>\n<p style=\"text-align: justify;\">3.2 Nous pouvons rendre anonyme et regrouper tous les renseignements que nous recueillons. Nous pouvons utiliser des informations anonymes \u00e0 des fins telles que la mise \u00e0 l\u2019essai de nos syst\u00e8mes informatiques, la recherche, l\u2019analyse de donn\u00e9es, l\u2019am\u00e9lioration du site, le d\u00e9veloppement de nouveaux produits et fonctionnalit\u00e9s ou l\u2019affichage d\u2019informations sur les achats effectu\u00e9s via notre site tels que les achats ou achats les plus populaires bas\u00e9s sur une estimation approximative de l\u2019emplacement.<\/p>\n<h3 style=\"text-align: justify;\">4. Informations que nous partageons avec des tiers<\/h3>\n<p style=\"text-align: justify;\">Nous pouvons partager vos renseignements personnels avec les parties suivantes :<\/p>\n<p style=\"text-align: justify;\">(a) Soci\u00e9t\u00e9s du m\u00eame groupe que nous : nos filiales ou notre soci\u00e9t\u00e9 holding et ses filiales. Ces soci\u00e9t\u00e9s utiliseront uniquement vos informations personnelles de la m\u00eame mani\u00e8re que nous le pouvons en vertu de cette politique de confidentialit\u00e9. Toutes les donn\u00e9es personnelles collect\u00e9es ne sont accessibles qu\u2019aux membres de notre \u00e9quipe ayant un int\u00e9r\u00eat prouv\u00e9 \u00e0 en conna\u00eetre en raison de leurs fonctions sous la stricte supervision des directeurs de la soci\u00e9t\u00e9. Elles sont rendues inaccessibles aux personnes n\u2019ayant plus d\u2019int\u00e9r\u00eat \u00e0 les traiter.<\/p>\n<p style=\"text-align: justify;\">(b) Les fournisseurs de services, les partenaires et les conseillers : les tiers qui nous fournissent un service, qui s\u2019assoient \u00e0 nous sur le marketing et d\u2019autres activit\u00e9s commerciales, nous conseillent ou que nous travaillons avec d\u2019autres capacit\u00e9s commerciales.<\/p>\n<p style=\"text-align: justify;\">Par exemple, nous utilisons un service de livraison tiers pour livrer les produits que vous achetez \u00e0 votre adresse. Nous pouvons \u00e9galement transmettre vos informations personnelles \u00e0 nos partenaires marketing qui ne seront autoris\u00e9s \u00e0 utiliser vos informations personnelles que conform\u00e9ment \u00e0 nos instructions ou vos pr\u00e9f\u00e9rences marketing (le cas \u00e9ch\u00e9ant) et seront tenus de conserver vos informations en toute s\u00e9curit\u00e9.<\/p>\n<p style=\"text-align: justify;\">(c) Acheteurs de notre entreprise : les renseignements personnels peuvent \u00eatre divulgu\u00e9s ou transf\u00e9r\u00e9s \u00e0 des acheteurs ou \u00e0 des acheteurs potentiels de notre entreprise ou \u00e0 l\u2019un de nos actifs dans le cadre de la vente.<\/p>\n<p style=\"text-align: justify;\">(d) Les autorit\u00e9s charg\u00e9es de l\u2019application de la loi, les organismes de r\u00e9glementation et les autres parties pour des raisons juridiques : les tiers auxquels nous sommes tenus de divulguer vos renseignements personnels afin de prot\u00e9ger nos droits, la propri\u00e9t\u00e9 ou la s\u00e9curit\u00e9 d\u2019autres personnes, de d\u00e9tecter et d\u2019enqu\u00eater sur les activit\u00e9s ill\u00e9gales et les violations de tout accord que nous avons avec vous.<\/p>\n<h3>5. Marketing et publicit\u00e9<\/h3>\n<p style=\"text-align: justify;\">5.1 Email Marketing \u2013 De temps en temps, nous pouvons vous contacter par courriel avec des informations sur nos produits et services. Si vous ne souhaitez pas recevoir cet email, veuillez-nous le faire savoir en nous envoyant un courriel \u00e0 contact@theinvisiblecollection.com. Vous pouvez \u00e9galement vous d\u00e9sabonner de nos e-mails de marketing en cliquant sur le lien de d\u00e9sabonnement dans les courriels que nous vous envoyons. Si vous ne souhaitez plus que nous vous sollicitions, nous garderons vos coordonn\u00e9es dans une base d\u2019opposition afin de ne plus vous solliciter dans le futur, en conformit\u00e9 avec la r\u00e9glementation.<\/p>\n<p style=\"text-align: justify;\">5.2 Notifications par courrier \u00e9lectronique \u00e0 propos de votre commande ou des modifications apport\u00e9es aux services que nous fournissons \u2013 Nous pouvons vous envoyer des notifications par courriel concernant votre commande ou des changements \u00e0 la fa\u00e7on dont nous vous fournissons nos services.<\/p>\n<p style=\"text-align: justify;\">5.3 Publicit\u00e9 sur d\u2019autres sites Web \u2013 Nous pouvons afficher des publicit\u00e9s sur d\u2019autres sites Web. Pour ce faire, nous ou nos partenaires publicitaires pouvons recueillir des informations sur la fa\u00e7on dont vous utilisez le site ou sur les types d\u2019autres pages Web, le contenu et les annonces que vous ou d\u2019autres personnes utilisent. Les informations collect\u00e9es peuvent \u00e9galement inclure l\u2019adresse IP de l\u2019appareil que vous utilisez pour vous connecter au site ou l\u2019adresse e-mail que vous nous fournissez. Nous, ou nos partenaires publicitaires, utilisons les informations collect\u00e9es pour vous assurer que vous vous rendez sur d\u2019autres sites Web ou applications sont plus pertinentes pour vous.<\/p>\n<p style=\"text-align: justify;\">5.4 Les techniques utilis\u00e9es par nos partenaires publicitaires reconnaissent l\u2019appareil ou l\u2019adresse e-mail que vous utilisez, mais ne sont pas destin\u00e9es \u00e0 vous en tant que personne nomm\u00e9e. Typiquement, les cookies et les technologies similaires sont utilis\u00e9s pour fournir ce type de publicit\u00e9. Vous pouvez en savoir plus sur les cookies et sur la fa\u00e7on de g\u00e9rer leur utilisation en lisant notre politique sur les cookies.<\/p>\n<h3>6. Stockage et transfert de vos informations personnelles<\/h3>\n<p style=\"text-align: justify;\">6.1 Toutes nos donn\u00e9es personnelles recueillies sont sauvegard\u00e9es sur nos serveurs s\u00e9curis\u00e9s, accessibles uniquement aux membres de notre \u00e9quipe autoris\u00e9s \u00e0 y avoir acc\u00e8s et ayant un int\u00e9r\u00eat l\u00e9gitime \u00e0 les consulter sous la supervision de nos directeurs. Ces donn\u00e9es seront conserv\u00e9es tant qu\u2019elles repr\u00e9senteront un int\u00e9r\u00eat l\u00e9gitime et certain pour notre soci\u00e9t\u00e9, sauf en cas d\u2019inactivit\u00e9 de votre part pendant 3 ans. Au-del\u00e0 de cette p\u00e9riode, vos donn\u00e9es seront effac\u00e9es.<\/p>\n<p style=\"text-align: justify;\">6.2 Cookies et stockage local : nous pouvons stocker des informations (qui peuvent inclure des informations personnelles) sur votre appareil \u00e0 l\u2019aide de cookies et d\u2019autres m\u00e9thodes de stockage du navigateur et de l\u2019application. Pour plus d\u2019informations, veuillez consulter notre Politique sur les cookies.<\/p>\n<p style=\"text-align: justify;\">6.3 Transferts internationaux de vos renseignements personnels : les renseignements personnels que nous recueillons peuvent \u00eatre transf\u00e9r\u00e9s et stock\u00e9s dans des pays en dehors de la juridiction o\u00f9 vous vous trouvez, notamment en dehors de l\u2019Union europ\u00e9enne. Certaines de ces juridictions offrent des niveaux de protection diff\u00e9rents en ce qui concerne les renseignements personnels et peuvent, dans certains cas, \u00eatre moins protectrices que la juridiction dans laquelle vous r\u00e9sidez habituellement. Nous prendrons toutes les mesures raisonnables pour veiller \u00e0 ce que vos renseignements personnels soient trait\u00e9s en toute s\u00e9curit\u00e9 conform\u00e9ment \u00e0 cette politique de confidentialit\u00e9.<\/p>\n<h3>7. Acc\u00e8s, modification et suppression de vos informations personnelles<\/h3>\n<p style=\"text-align: justify;\">7.1 Si vous souhaitez connaitre les donn\u00e9es que nous avons recueillies sur vous, n\u2019h\u00e9sitez pas \u00e0 nous contacter sur contact@theinvisiblecollection.com et nous vous enverrons ces donn\u00e9es sous 30 jours ouvr\u00e9s \u00e0 compter de la reception de la requ\u00eate.<\/p>\n<p style=\"text-align: justify;\">Si vous souhaitez les modifier, nous nous engageons \u00e0 les modifier sous 30 jours ouvr\u00e9s \u00e0 compter de la reception de la requ\u00eate.<\/p>\n<p style=\"text-align: justify;\">7.2 Si vous souhaitez que nous les effacions, nous nous engageons \u00e0 les effacer sous 30 jours ouvr\u00e9s \u00e0 compter de la reception de la requ\u00eate.<\/p>\n<p style=\"text-align: justify;\">7.3 En cas de demande de suppression de vos donn\u00e9es personnelles, nous garderons vos coordonn\u00e9es dans une base d\u2019opposition afin de ne plus vous solliciter dans le futur, en conformit\u00e9 avec la r\u00e9glementation.<\/p>\n<h3>8. Liens vers des sites tiers<\/h3>\n<p style=\"text-align: justify;\">8.1 Le site peut, de temps \u00e0 autre, contenir des liens vers et depuis des sites Web de tiers de nos r\u00e9seaux partenaires, annonceurs, marchands partenaires, publications de nouvelles, d\u00e9taillants et affili\u00e9s. Si vous suivez un lien vers l\u2019un de ces sites Web, veuillez noter que ces sites Web ont leurs propres politiques de confidentialit\u00e9 et que nous n\u2019acceptons aucune responsabilit\u00e9 pour leurs politiques. Veuillez v\u00e9rifier les politiques individuelles avant de soumettre des informations \u00e0 ces sites Web.<\/p>\n<h3>9. Modifications apport\u00e9es \u00e0 cette politique<\/h3>\n<p style=\"text-align: justify;\">9.1 Nous pouvons mettre \u00e0 jour cette politique de confidentialit\u00e9 de temps \u00e0 autre et vous devriez donc revoir cette politique p\u00e9riodiquement. Lorsque nous modifions cette politique de confidentialit\u00e9 de mani\u00e8re significative, nous mettrons \u00e0 jour la date de la derni\u00e8re modification en haut de cette politique de confidentialit\u00e9.<\/p>\n<h3>10. Avis \u00e0 vous<\/h3>\n<p style=\"text-align: justify;\">10.1 Si nous avons besoin de vous fournir des informations sur quelque chose, que ce soit \u00e0 des fins juridiques, de marketing ou d\u2019autres affaires connexes, nous allons s\u00e9lectionner ce que nous croyons \u00eatre la meilleure fa\u00e7on de prendre contact avec vous. Nous le faisons g\u00e9n\u00e9ralement par courrier \u00e9lectronique ou en pla\u00e7ant un avis sur le site. Le fait que nous puissions vous envoyer des avis ne vous emp\u00eachera pas d\u2019\u00eatre en mesure de refuser certains types de contact comme d\u00e9crit dans cette politique de confidentialit\u00e9.<\/p>\n<h3>11. Contactez-nous<\/h3>\n<p style=\"text-align: justify;\">11.1 Les questions, commentaires et demandes concernant cette politique de confidentialit\u00e9 sont les bienvenus et doivent \u00eatre adress\u00e9s \u00e0 contact@theinvisiblecollection.com ou directement via notre site web theinvisiblecollection.com.<\/p>\n<h2 style=\"text-align: center;\">Politique de cookies \u2013 THE INVISIBLE COLLECTION<\/h2>\n<p style=\"text-align: justify;\">Les cookies stockent des informations sur votre ordinateur lorsque vous naviguez sur notre site Web, afin que nous puissions offrir une exp\u00e9rience de magasinage unique et sans tracas. Ce sont les cookies que nous utilisons :<\/p>\n<h3>Web Analytics Cookies<\/h3>\n<p style=\"text-align: justify;\">Nous utilisons des cookies d\u2019analyse Web pour recueillir des informations sur la fa\u00e7on dont les visiteurs visitent notre site Web, y compris les pages Web les plus populaires et le temps pass\u00e9 par les visiteurs sur le site. Cette information est utilis\u00e9e pour nous aider \u00e0 comprendre ce que vous aimez et n\u2019aimez pas, afin que nous puissions constamment am\u00e9liorer. Nous ne pouvons pas voir le comportement du navigateur individuel, toutes les informations ne peuvent pas \u00eatre retrouv\u00e9es.<\/p>\n<h3>Cookies de session<\/h3>\n<p style=\"text-align: justify;\">Les cookies de sessions sont des cookies qui sont supprim\u00e9s d\u00e8s que vous fermez votre session de navigation sur notre site Web, et veuillez \u00e0 ne pas vous poser la m\u00eame question deux fois. Ils se souviennent si vous avez entr\u00e9 un code promotionnel, modifi\u00e9 les param\u00e8tres du navigateur et si vous avez d\u00e9j\u00e0 entr\u00e9 des informations comme votre adresse de livraison ou de facturation.<\/p>\n<h3>Code de suivi<\/h3>\n<p style=\"text-align: justify;\">Le suivi des cookies nous aide \u00e0 nous rappeler vos param\u00e8tres lorsque vous revenez sur notre site Web. Par exemple, nous nous souvenons des produits que vous avez ajout\u00e9s \u00e0 votre panier et des identifiants de connexion (mais pas de votre mot de passe). Nous annon\u00e7ons sur des sites Web de tiers et r\u00e9compensons nos annonceurs lorsqu\u2019ils envoient un visiteur sur notre site qui ach\u00e8te dans les 30 jours de cette visite. Nous mettons un cookie sur votre ordinateur lorsque vous visitez le site web d\u2019un annonceur, afin que nous puissions suivre les ventes dans les 30 jours.<\/p>\n<h3>Aucune information est enregistr\u00e9e<\/h3>\n<p style=\"text-align: justify;\">N\u2019oubliez pas que nos cookies ne stockent pas d\u2019informations qui peuvent vous identifier, afin que personne ne puisse vous contacter par t\u00e9l\u00e9phone, courriel ou autrement. Le suivi est limit\u00e9 au site Web de The Invisible Collection et ne sera jamais partag\u00e9.<\/p>\n<h3>Comment bloquer les cookies<\/h3>\n<p style=\"text-align: justify;\">Vous pouvez bloquer les cookies en activant le param\u00e8tre sur votre navigateur qui vous permet de les refuser. Si vous bloquez tous les cookies, vous ne pouvez pas \u00eatre en mesure d\u2019acc\u00e9der \u00e0 l\u2019ensemble du site.<\/p>\n<p>Si vous souhaitez reporter une anomalie concernant la mani\u00e8re dont nous collectons ou traitons vos donn\u00e9es, vous pouvez le faire en contactant l&#8217;ICO <a href=\"https:\/\/ico.org.uk\/\">https:\/\/ico.org.uk\/<\/a><\/div>\n","protected":false},"excerpt":{"rendered":"<p>1. Politique de confidentialit\u00e9 de The Invisible Collection Cliquez ici pour mofifier vos preferences de cookies www.theinvisiblecollection.com est un site web exploit\u00e9 par The Invisible Collection Ltd. Nous nous engageons \u00e0 prot\u00e9ger et \u00e0 respecter votre vie priv\u00e9e. Cette politique de confidentialit\u00e9 explique comment nous recueillons, utilisons et partageons des renseignements qui vous identifient ou [&hellip;]<\/p>\n","protected":false},"author":1320,"featured_media":0,"parent":0,"menu_order":0,"comment_status":"closed","ping_status":"closed","template":"","meta":{"_acf_changed":false,"content-type":"","_themeisle_gutenberg_block_has_review":false,"footnotes":""},"class_list":["post-2581580","page","type-page","status-publish","hentry"],"acf":[],"_links":{"self":[{"href":"https:\/\/theinvisiblecollection.com\/fr\/wp-json\/wp\/v2\/pages\/2581580","targetHints":{"allow":["GET"]}}],"collection":[{"href":"https:\/\/theinvisiblecollection.com\/fr\/wp-json\/wp\/v2\/pages"}],"about":[{"href":"https:\/\/theinvisiblecollection.com\/fr\/wp-json\/wp\/v2\/types\/page"}],"author":[{"embeddable":true,"href":"https:\/\/theinvisiblecollection.com\/fr\/wp-json\/wp\/v2\/users\/1320"}],"replies":[{"embeddable":true,"href":"https:\/\/theinvisiblecollection.com\/fr\/wp-json\/wp\/v2\/comments?post=2581580"}],"version-history":[{"count":0,"href":"https:\/\/theinvisiblecollection.com\/fr\/wp-json\/wp\/v2\/pages\/2581580\/revisions"}],"wp:attachment":[{"href":"https:\/\/theinvisiblecollection.com\/fr\/wp-json\/wp\/v2\/media?parent=2581580"}],"curies":[{"name":"wp","href":"https:\/\/api.w.org\/{rel}","templated":true}]}}