{"id":2581602,"date":"2023-05-10T11:37:51","date_gmt":"2023-05-10T10:37:51","guid":{"rendered":"https:\/\/theinvisiblecollection.com\/clubroom-terms-of-services\/"},"modified":"2023-05-10T11:39:55","modified_gmt":"2023-05-10T10:39:55","slug":"clubroom-conditions-generales-de-vente","status":"publish","type":"page","link":"https:\/\/theinvisiblecollection.com\/fr\/clubroom-conditions-generales-de-vente\/","title":{"rendered":"ClubRoom Conditions g\u00e9n\u00e9rales de vente"},"content":{"rendered":"<div class=\"theme-clubroom-pg cr-terms-service\">\n<p style=\"text-align: justify;\">Les conditions g\u00e9n\u00e9rales de ventes ci-dessous, respectent les termes de confidentialit\u00e9 de nos visiteurs ce qui permet la vente de produits sur notre site internet, the \u00ab invisiblecollection.com \u00bb. Lisez attentivement les conditions g\u00e9n\u00e9rales de ventes avant de commander un produit. Pour commander un de nos produits vous devez accepter les conditions g\u00e9n\u00e9rales de ventes.<\/p>\n<p>Nos meubles sont compatibles pour un usage residentiel uniquement. Veuillez adresser toute demande de certifications \u00e0 nos \u00e9quipes si l&#8217;usage requis est commercial ou hospitalier.<\/p>\n<p style=\"text-align: justify;\">The Invisible Collection est une soci\u00e9t\u00e9 \u00e0 responsabilit\u00e9 limit\u00e9, qui est enregistr\u00e9 au Royaume-Uni au nombre 9682749. Le bureau se situe au<\/p>\n<p>2-4 Huntsworth Mews, London NW1 6DD. Code TVA GB223964010.<\/p>\n<p style=\"text-align: justify;\">Contactez-nous sur contact@theinvisiblecollection.com, si vous avez besoin de plus d\u2019informations.<\/p>\n<p style=\"text-align: justify;\">Nous nous r\u00e9servons le droit de changer ou modifier les conditions g\u00e9n\u00e9rales de vente \u00e0 tout moment. Si nous le faisons, nous l\u2019indiquerons sur cette page. Nous afficherons en au haut de la page la date o\u00f9 les termes et les conditions ont \u00e9t\u00e9 renouvel\u00e9. Nous vous conseillons de lire r\u00e9guli\u00e8rement afin de vous assurez si les conditions g\u00e9n\u00e9rales de ventes ont chang\u00e9. Si vous n\u2019\u00eates plus en accord avec les nouvelles conditions g\u00e9n\u00e9rales de ventes, vous \u00eates pri\u00e9s de ne plus utiliser ou acc\u00e9der au site The Invisible Collection.<\/p>\n<h3 style=\"text-align: justify;\">Notre politique commerciale<\/h3>\n<p style=\"text-align: justify;\">The Invisible Collection vend des produits sur theinvisiblecollection.com autant pour des particuliers que pour des professionnels.<\/p>\n<p style=\"text-align: justify;\">Commande sous r\u00e9serve de validation de notre part.<\/p>\n<p style=\"text-align: justify;\">The Invisible Collection r\u00e9serve les droits de ne pas accepter une commande si celle-ci n\u2019est pas en accord avec les conditions g\u00e9n\u00e9rales de ventes de The Invisible Collection.<\/p>\n<p style=\"text-align: justify;\">Toutes les commandes doivent \u00eatre accept\u00e9es par le fournisseur.<\/p>\n<p style=\"text-align: justify;\">Les conditions g\u00e9n\u00e9rales de ventes r\u00e9gulent la transmission et l\u2019acceptation des achats li\u00e9s aux produits de theinvisiblecollection.com et les utilisateurs de theinvisiblecollection.com et la soci\u00e9t\u00e9 The Invisible Collection.<\/p>\n<p style=\"text-align: justify;\">Comment r\u00e9aliser un contrat avec the Invisible Collection ?<\/p>\n<p style=\"text-align: justify;\">2.1 Vous pouvez commander un produit sur notre site en suivant le processus d\u00e9fini. En commandant et en payant un produit sur notre site vous acceptez nos conditions g\u00e9n\u00e9rales de ventes, si nous acceptons votre commande.<\/p>\n<p style=\"text-align: justify;\">2.2 Toutes les commandes doivent \u00eatre valid\u00e9s par The Invisible Collection. Nous vous enverrons un e-mail de confirmation apr\u00e8s avoir re\u00e7u votre commande, suivi d\u2019un autre e-mail qui vous confirmera que la vente peut avoir lieu. Le contrat entre l\u2019acheteur et The Invisible Collection ne sera r\u00e9dig\u00e9 que lorsque nous vous enverrons un e-mail. Nous vous facturerons le paiement de votre choix apr\u00e8s avoir accept\u00e9 votre commande. Nous vous enverrons un autre e-mail pour vous confirmer que votre commande a \u00e9t\u00e9 exp\u00e9di\u00e9e.<\/p>\n<p style=\"text-align: justify;\">Votre commande ne pourra pas \u00eatre envoy\u00e9e avant r\u00e9ception de paiement.<br \/>\nSauf indication contraire, les prix indiqu\u00e9s sur le site ne comprennent pas: a) les frais d\u2019exp\u00e9dition ou de transport jusqu\u2019au lieu de livraison convenu; et b) la taxe sur la valeur ajout\u00e9e et tout autre imp\u00f4t ou droit qui, le cas \u00e9ch\u00e9ant, doit \u00eatre ajout\u00e9 au prix \u00e0 payer. Vous acceptez de payer les taxes, le transport ou le transport des Produits car ces co\u00fbts vous sont sp\u00e9cifi\u00e9s par email lorsque vous soumettez votre commande.<\/p>\n<p style=\"text-align: justify;\">2.3 Avant de commander sur notre site, il est de votre enti\u00e8re responsabilit\u00e9 de vous assurer et de d\u00e9terminer si vous pouvez recevoir les produits que vous avez command\u00e9. Ceci comprend que les produits que vous avez command\u00e9s puissent rentrer dans la pi\u00e8ce de votre choix, mais aussi que les produits puissent rentrer par la porte de votre appartement, de la pi\u00e8ce, des escaliers ou d\u2019autres endroits qui pourraient compromettre la livraison des produits ou la rendre impossible.<\/p>\n<h3 style=\"text-align: justify;\">Frais de stockage et frais de livraison manqu\u00e9e<\/h3>\n<p style=\"text-align: justify;\">Si la marchandise n\u2019a pas pas \u00e9t\u00e9 r\u00e9cup\u00e9r\u00e9 dans un d\u00e9lais de 60 jours \u00e0 partir de la date de facturation. Les frais de stock de 1% par mois seront additionn\u00e9s au solde final.<\/p>\n<p style=\"text-align: justify;\">Le fabricant traitera les envois de produits \u00e0 moins que l\u2019acheteur ne sp\u00e9cifie sa m\u00e9thode d\u2019exp\u00e9dition. Tous produits renvoy\u00e9s au fabricant \u00e0 la suite d\u2019un retard injustifi\u00e9 de l\u2019acheteur ou d\u2019un d\u00e9faut d\u2019acceptation de livraison, exigera que l\u2019acheteur paie tous les frais de suppl\u00e9mentaires encourus par le fabricant, y compris les frais de stockage.<\/p>\n<p style=\"text-align: justify;\">2.4 Avant de soumettre votre bon de commande pour l\u2019achat de produits, il vous sera demand\u00e9 de lire attentivement les Conditions G\u00e9n\u00e9rales de Vente.<\/p>\n<p style=\"text-align: justify;\">2.5 En soumettant un formulaire de commande \u00e0 The Invisible Collection, vous acceptez inconditionnellement et vous engagez \u00e0 respecter les dispositions des pr\u00e9sentes conditions g\u00e9n\u00e9rales de vente dans votre contrat avec The Invisible Collection, mais aussi d\u2019autres conditions figurant sur theinvisiblecollection.com, \u00e0 travers des liens, y compris les conditions g\u00e9n\u00e9rales d\u2019utilisation et la politique de confidentialit\u00e9. Si vous n\u2019\u00eates pas d\u2019accord avec certaines dispositions des actuelles conditions g\u00e9n\u00e9rales de vente et d\u2019utilisation ou avec la politique de confidentialit\u00e9, veuillez ne pas envoyer votre bon de commande pour l\u2019achat du produit sur le site theinvisiblecollection.com.<\/p>\n<p style=\"text-align: justify;\">2.6 Vous devez garder \u00e0 jour les coordonn\u00e9es que nous tenons \u00e0 votre disposition afin que nous puissions vous contacter au sujet de votre commande ou de la livraison des Produits.<\/p>\n<p style=\"text-align: justify;\">2.7 The Invisible Collection ne peut traiter les achats en l\u2019absence de garanties suffisantes de solvabilit\u00e9, lorsque les commandes sont incompl\u00e8tes ou inexactes ou que les produits ne sont plus disponibles. Dans les cas ci-dessus, nous vous en informerons par e-mail et nous ne traiterons pas votre commande. Si le bon de commande a \u00e9t\u00e9 envoy\u00e9 et que le prix a \u00e9t\u00e9 pay\u00e9 pour les articles qui ne sont plus disponibles, The Invisible Collection remboursera le montant pay\u00e9 pour ces articles.<\/p>\n<h3 style=\"text-align: justify;\">Images et tailles des produits<\/h3>\n<p style=\"text-align: justify;\">3.1 Les images des produits pr\u00e9sent\u00e9s sur notre site ne sont donn\u00e9es qu\u2019\u00e0 titre indicatif. Bien que nous ayons fait tous les efforts pour afficher les couleurs avec pr\u00e9cision, nous ne pouvons pas garantir que votre ordinateur affichera les couleurs avec pr\u00e9cision ou refl\u00e9ter les couleurs des produits.<br \/>\nLes produits qui vous sont livr\u00e9s peuvent varier l\u00e9g\u00e8rement des images.<\/p>\n<p style=\"text-align: justify;\">Beaucoup de finitions de bois et de m\u00e9tal sont appliqu\u00e9es \u00e0 la main et peuvent varier dans la couleur, le ton et le caract\u00e8re. Alors que le fabricant fera tout son possible pour \u00e9galer une finition, aucune garantie ne peut \u00eatre faite d\u2019une correspondance exacte.<br \/>\nLe fabricant ne garantit pas la finition contre la d\u00e9coloration et l\u2019oxydation. Les variations de couleur et de veines sont inh\u00e9rentes \u00e0 la pierre et au bois et sont consid\u00e9r\u00e9es comme faisant partie de la beaut\u00e9 naturelle. Les meubles et l\u2019\u00e9clairage sont faits \u00e0 la main et sont donc soumis \u00e0 de l\u00e9g\u00e8res variations.<br \/>\nLe fabricant ne garantit pas la d\u00e9coloration des tissus teints ou naturels.<\/p>\n<p style=\"text-align: justify;\">3.2 Bien que nous nous soyons efforc\u00e9s d\u2019\u00eatre aussi pr\u00e9cis que possible, les mesures indiqu\u00e9es, y compris les poids, les dimensions et les capacit\u00e9s indiqu\u00e9es sur notre site, sont approximatives.<br \/>\nTous les dessins du fabricant, descriptifs, poids, dimensions, descriptions et illustrations figurant dans les catalogues, le site Web ou les publicit\u00e9s du constructeur ne sont que des approximations approximatives et sont destin\u00e9s \u00e0 donner une description g\u00e9n\u00e9rale des marchandises et ne font pas partie de cet accord.<\/p>\n<p style=\"text-align: justify;\">Les meubles et l\u2019\u00e9clairage sont faits \u00e0 la main et sont donc soumis \u00e0 de l\u00e9g\u00e8res variations.Aucune contestation ou refus de marchandises ne sera accept\u00e9e en relation avec ce sujet.<\/p>\n<h3 style=\"text-align: justify;\">Prix des produits et paiements<\/h3>\n<p style=\"text-align: justify;\">4.1 Le prix de tout Produit sera celui indiqu\u00e9 sur notre site, sauf en cas d\u2019erreur \u00e9vidente. Nos prix peuvent \u00eatre modifi\u00e9s \u00e0 tout moment sans pr\u00e9avis.<\/p>\n<p style=\"text-align: justify;\">4.2 Le paiement des prix du produit et les frais d\u2019exp\u00e9dition et de livraison correspondants doivent \u00eatre effectu\u00e9s au moyen d\u2019une carte de d\u00e9bit, d\u2019une carte de cr\u00e9dit ou d\u2019un transfert.<br \/>\nLe fabricant exige le paiement pour toute exp\u00e9dition ci-dessus \u00e0 l\u2019avance. Si l\u2019acheteur omet de faire le paiement conform\u00e9ment aux termes du pr\u00e9sent contrat ou s\u2019il ne respecte l\u2019une des dispositions du pr\u00e9sent contrat, le fabricant peut, \u00e0 son gr\u00e9, annuler toute partie non exp\u00e9di\u00e9e de la pr\u00e9sente commande, conserver les marchandises et d\u00e9clarer la confiscation du d\u00e9p\u00f4t Comme dommages-int\u00e9r\u00eats liquid\u00e9s.<br \/>\n\u00c0 titre subsidiaire, le fabricant (en plus des autres recours offerts en vertu de tout code commercial uniforme applicable ou autrement par la loi) a le droit de s\u2019approprier et d\u2019appliquer les marchandises au paiement en vertu des pr\u00e9sentes.<br \/>\nLe fabricant peut proc\u00e9der \u00e0 la vente ou \u00e0 l\u2019ali\u00e9nation de la marchandise \u00e0 des ventes publiques ou priv\u00e9es en esp\u00e8ces ou en cr\u00e9dit.<\/p>\n<h3 style=\"text-align: justify;\">Livraison et livraison des produits<\/h3>\n<p>5.1 En tant que service \u00e0 nos clients, nous organisons l\u2019exp\u00e9dition des commandes via l\u2019un de nos transporteurs privil\u00e9gi\u00e9s sp\u00e9cialis\u00e9s dans la livraison de meubles et d\u2019\u0153uvres d\u2019art.<\/p>\n<p>Les frais de livraison sont soit:<\/p>\n<ul>\n<li>Calcul\u00e9s au moment du d\u00e9part en fonction du produit et de l\u2019adresse de livraison<\/li>\n<li>Calcules apr\u00e8s commande pour les commandes sp\u00e9ciales, Les frais de livraison seront alors proforma et inclus dans le solde final de votre commande.<\/li>\n<li>Offerts dans le cadre d&#8217;une operation commerciale a duree et zone geographique limitee.\n<ul>\n<li>Ces op\u00e9rations commerciales ont une duration limitee et ne s&#8217;qppliquent qu&#8217;aux commandes dont l&#8217;adresse de livraison est situ\u00e9e dans les pays ou r\u00e9gions indiqu\u00e9s.<\/li>\n<li>The Invisible Collection se r\u00e9serve le droit d&#8217;exp\u00e9dier ces commandes par voie routi\u00e8re, maritime ou a\u00e9rienne comme bon lui semble et ne s&#8217;engagera sur aucun d\u00e9lai de livraison car les livraisons gratuites peuvent \u00eatre effectu\u00e9es en groupage.<\/li>\n<li>Si le client souhaite acc\u00e9l\u00e9rer la livraison, il\/elle peut s\u00e9lectionner et payer la livraison express au moment du reglement de la commande.<\/li>\n<\/ul>\n<\/li>\n<\/ul>\n<p>La livraison gratuite comprend une livraison pas de porte. Si le client souhaite opter pour un service de livraison et d&#8217;installation gants blancs, il\/elle peut s\u00e9lectionner et payer le service au moment du reglement de la commande.<\/p>\n<p style=\"text-align: justify;\">Si le client choisit de g\u00e9rer son propre fret et sa livraison, The Invisible Collection doit \u00eatre inform\u00e9e des d\u00e9tails sp\u00e9cifiques du mouvement. Les frais de d\u00e9placement du produit d\u2019un fabricant \u00e0 un terminal pour le ramassage \u00ab propre client \u00bb seront ajout\u00e9s au solde d\u00fb.<\/p>\n<p style=\"text-align: justify;\">L\u2019emplacement du ramassage par le client ou l\u2019agent du client peut d\u00e9clencher la responsabilit\u00e9 de la taxe de vente \u00e0 cet endroit.<br \/>\nLa propri\u00e9t\u00e9 du produit est transf\u00e9r\u00e9e au client (propri\u00e9taire) via le transporteur qui prend possession de l\u2019ordre de transport. Par cons\u00e9quent, la responsabilit\u00e9 pour les dommages se produisant en transit est celle du propri\u00e9taire et toutes les r\u00e9clamations pour les dommages pendant le du fret doivent \u00eatre fait dans les 72 heures de la r\u00e9ception.<\/p>\n<p style=\"text-align: justify;\">Si le client choisit son propre transporteur, les demandes de fret doivent \u00eatre d\u00e9pos\u00e9es directement aupr\u00e8s du transporteur s\u00e9lectionn\u00e9. The Invisible Collection n\u2019est pas responsable des dommages du fret du client ou de tiers et de la r\u00e9clamation.5.2 R\u00e9ception du produitThe Invisible Collection recommande d\u2019utiliser un entrep\u00f4t de r\u00e9ception qualifi\u00e9 pour recevoir, inspecter, consolider les livraisons et faciliter l\u2019installation \u00e0 domicile. The Invisible Collection recommandera un r\u00e9cepteur pour le client si n\u00e9cessaire. Tous les biens en caisse doivent passer par un r\u00e9cepteur professionnel tel qu\u2019un entrep\u00f4t de r\u00e9ception.<br \/>\nUn entrep\u00f4t de r\u00e9ception agit en tant qu\u2019agent pour le client et est responsable de noter tout dommage et d\u2019aider le propri\u00e9taire \u00e0 d\u00e9poser une r\u00e9clamation de fret lorsque le dommage est identifi\u00e9.<br \/>\nUne personne de r\u00e9ception qualifi\u00e9e doit \u00eatre pr\u00e9sente pour accepter les produits lorsqu\u2019ils sont livr\u00e9s directement.<br \/>\nUne signature sur le bon de r\u00e9ception chez le propri\u00e9taire (BOL) \u00e0 la r\u00e9ception du produit confirme que les produits ont \u00e9t\u00e9 recepetionn\u00e9s en bon \u00e9tat sauf exception faite sur le BOL. Si la marchandise est refus\u00e9e \u00e0 la livraison pour des probl\u00e8mes de qualit\u00e9 ou de dommages, le r\u00e9cepteur doit nous contacter imm\u00e9diatement.L\u2019inspection compl\u00e8te doit avoir lieu dans les 48 heures suivant la livraison et toutes les demandes de fret d\u00e9pos\u00e9es dans les 72 heures. 5.3 Inspection du produitInspectez soigneusement les cartons ou les caisses. Prenez des photos de tout dommage \u00e0 l\u2019emballage, ce qui est n\u00e9cessaire pour r\u00e9soudre les r\u00e9clamations de dommages.<br \/>\nInspecter le joint de bande de marque. Si elle n\u2019est pas intacte ou qu\u2019elle est recouverte, vous devriez pr\u00e9sumer que le colis a \u00e9t\u00e9 ouvert. Notez ceci sur le BOL. D\u00e9ballez les cartons ou les caisses. Inspectez soigneusement toutes les marchandises. Les cartons et les caisses doivent toujours \u00eatre d\u00e9ball\u00e9s en votre pr\u00e9sence. NE JAMAIS jeter l \u2019emballage d\u2019 origine tant que la livraison n\u2019est pas satisfaisante.<br \/>\nSi vous n\u2019\u00eates pas en mesure d\u2019inspecter la marchandise au moment de la r\u00e9ception de l\u2019exp\u00e9dition, notez sur le BOL que tout dommage cach\u00e9 de produits emball\u00e9s sera la responsabilit\u00e9 du transporteur ou du fabricant comme d\u00e9termin\u00e9 lors de l\u2019inspection des produits. The Invisible Collection doit \u00eatre notifi\u00e9e dans les 48 heures de tout dommage cach\u00e9. Conservez une copie du BOL. Conservez le mat\u00e9riel d\u2019emballage et prenez des photos des dommages.<br \/>\nToutes les r\u00e9clamations doivent \u00eatre signal\u00e9es au responsable du service \u00e0 la client\u00e8le de The Invisible Collection.<\/p>\n<p style=\"text-align: justify;\">5.4 La qualit\u00e9 des produits et la d\u00e9claration des dommages en transit.<br \/>\nLes produits sont inspect\u00e9s par le fabricant avant la mainlev\u00e9e pour s\u2019assurer que la commande est en bon \u00e9tat, compl\u00e8te et pr\u00eate \u00e0 \u00eatre exp\u00e9di\u00e9e.<br \/>\nLe transporteur est responsable d\u2019une inspection compl\u00e8te des produits au point d\u2019origine. Tout dommage doit \u00eatre not\u00e9 sur le BOL. Le BOL sign\u00e9 est la confirmation par le transporteur qu\u2019ils ont accept\u00e9 la responsabilit\u00e9 de la livraison des produits dans l\u2019\u00e9tat dans lequel ils ont \u00e9t\u00e9 re\u00e7us.<\/p>\n<p style=\"text-align: justify;\">Si l\u2019inspection des produits emball\u00e9s est limit\u00e9e \u00e0 l\u2019ext\u00e9rieur des emballages, les exceptions doivent \u00eatre not\u00e9es. Les emballages doivent \u00eatre ouverts \u00e0 la fois si l\u2019\u00e9tat des cartons ou des caisses semble compromis.<br \/>\nLe montage, l\u2019installation et l\u2019entretien de nos articles doivent \u00eatre effectu\u00e9s par des professionnels.<\/p>\n<h3 style=\"text-align: justify;\">Service Client<\/h3>\n<p style=\"text-align: justify;\">6.1 Maintenance du produit<\/p>\n<p style=\"text-align: justify;\">Si vous avez un probl\u00e8me, veuillez nous contacter \u00e0 contact@theinvisiblecollection.com ou par t\u00e9l\u00e9phone au +44 7340002928<\/p>\n<h3 style=\"text-align: justify;\">Echange et retours des produits<\/h3>\n<p style=\"text-align: justify;\">7.1 Annulation, retours et \u00e9changes<br \/>\nNos produits sont fabriqu\u00e9s sur commande, donc les commandes ne peuvent pas \u00eatre annul\u00e9es et nos produits ne peuvent pas \u00eatre retourn\u00e9s ou \u00e9chang\u00e9s \u00e0 moins qu\u2019ils soient endommag\u00e9s ou d\u00e9fectueux.<br \/>\nToute modification des commandes, des retours ou des annulations n\u00e9cessite l\u2019approbation \u00e9crite pr\u00e9alable du fabricant.<\/p>\n<p style=\"text-align: justify;\">7.2 Si vous retournez un produit en raison d\u2019une erreur de notre part ou parce qu\u2019il est endommag\u00e9 ou d\u00e9fectueux, nous vous rembourserons les frais de livraison encourus en vous envoyant l\u2019article et vous payerez les frais de renvoie.<br \/>\nLes produits d\u00e9fectueux seront remplac\u00e9s dans la p\u00e9riode de production normale requise pour r\u00e9organiser et fabriquer le m\u00eame produit.<\/p>\n<p style=\"text-align: justify;\">7.3 Vous devez aviser The Invisible Collection en cas d\u2019erreur, de dommage ou de d\u00e9fectuosit\u00e9 du produit. Vous devez retourner le produit dans le m\u00eame \u00e9tat que celui o\u00f9 vous l\u2019avez re\u00e7u.<br \/>\nVous avez l \u2018obligation l\u00e9gale de prendre des pr\u00e9cautions raisonnables sur le produit alors qu\u2019il est en votre possession. Si vous ne respectez pas cette obligation, nous pouvons avoir un droit d\u2019action contre vous pour obtenir une indemnisation.<\/p>\n<p style=\"text-align: justify;\">7.4 Si vous recevez un produit d\u00e9fectueux, vous devez nous contacter dans les 30 jours par email (contact@theinvisiblecollection.com) ou par t\u00e9l\u00e9phone : +44 7340002928 pour organiser le retour.<\/p>\n<p style=\"text-align: justify;\">7.5 The Invisible Collection examinera tous les produits retourn\u00e9s comme endommag\u00e9s ou d\u00e9fectueux, et vous informera de votre remboursement par e-mail dans un d\u00e9lai raisonnable.<br \/>\nNous traitons habituellement tout remboursement qui vous est d\u00fb le plus t\u00f4t possible. Sous r\u00e9serve de l\u2019acceptation par The Invisible Collection des produits endommag\u00e9s ou d\u00e9fectueux, les produits retourn\u00e9s par vous parce qu\u2019ils sont endommag\u00e9s ou d\u00e9fectueux seront rembours\u00e9s int\u00e9gralement, Les pi\u00e8ces d\u2019\u00e9clairage ne seront pas accept\u00e9es comme un retour si le produit a \u00e9t\u00e9 install\u00e9, modifi\u00e9 ou endommag\u00e9 de quelque fa\u00e7on.<\/p>\n<h3 style=\"text-align: justify;\">Proc\u00e9dures de remboursement en cas de produits d\u00e9fectueux ou endommag\u00e9s<\/h3>\n<p style=\"text-align: justify;\">8.1 Si le destinataire des produits indiqu\u00e9s dans le bon de commande est diff\u00e9rent de celui qui a effectu\u00e9 le paiement pour ces produits, le montant pay\u00e9 pour les articles retourn\u00e9s sera rembours\u00e9 par The Invisible Collection \u00e0 la personne qui a effectu\u00e9 le paiement.<\/p>\n<p style=\"text-align: justify;\">8.2 La date de valeur du cr\u00e9dit doit \u00eatre la m\u00eame que la date de valeur du d\u00e9bit initial et, par cons\u00e9quent, vous ne perdez pas les int\u00e9r\u00eats perdus.<\/p>\n<p style=\"text-align: justify;\">8.3 Nous rembourserons habituellement les sommes re\u00e7ues de votre part en utilisant la m\u00eame m\u00e9thode que celle utilis\u00e9e \u00e0 l\u2019origine pour payer l\u2019achat, sauf si vous en convenez express\u00e9ment autrement.<\/p>\n<p style=\"text-align: justify;\">9.1 Nous sommes totalement lib\u00e9r\u00e9s de nos obligations de livraison en cas de force majeure ou d\u2019\u00e9v\u00e9nements tels que la mobilisation g\u00e9n\u00e9rale des r\u00e9servistes, les guerres, les gr\u00e8ves, les catastrophes naturelles, les retards de transport, le manque de mati\u00e8res premi\u00e8res, les accidents ou toutes autres causes qui peuvent entraver activit\u00e9 de notre soci\u00e9t\u00e9 ou celle de nos fournisseurs.<\/p>\n<p style=\"text-align: justify;\">Il est interdit de r\u00e9exporter nos produits du pays dans lequel ils ont \u00e9t\u00e9 command\u00e9s. En cas de non-respect de cette interdiction, nous pouvons cesser toutes les livraisons.<\/p>\n<\/div>\n","protected":false},"excerpt":{"rendered":"<p>Les conditions g\u00e9n\u00e9rales de ventes ci-dessous, respectent les termes de confidentialit\u00e9 de nos visiteurs ce qui permet la vente de produits sur notre site internet, the \u00ab invisiblecollection.com \u00bb. Lisez attentivement les conditions g\u00e9n\u00e9rales de ventes avant de commander un produit. Pour commander un de nos produits vous devez accepter les conditions g\u00e9n\u00e9rales de ventes. [&hellip;]<\/p>\n","protected":false},"author":1320,"featured_media":0,"parent":0,"menu_order":0,"comment_status":"closed","ping_status":"closed","template":"","meta":{"_acf_changed":false,"content-type":"","_themeisle_gutenberg_block_has_review":false,"footnotes":""},"class_list":["post-2581602","page","type-page","status-publish","hentry"],"acf":[],"_links":{"self":[{"href":"https:\/\/theinvisiblecollection.com\/fr\/wp-json\/wp\/v2\/pages\/2581602","targetHints":{"allow":["GET"]}}],"collection":[{"href":"https:\/\/theinvisiblecollection.com\/fr\/wp-json\/wp\/v2\/pages"}],"about":[{"href":"https:\/\/theinvisiblecollection.com\/fr\/wp-json\/wp\/v2\/types\/page"}],"author":[{"embeddable":true,"href":"https:\/\/theinvisiblecollection.com\/fr\/wp-json\/wp\/v2\/users\/1320"}],"replies":[{"embeddable":true,"href":"https:\/\/theinvisiblecollection.com\/fr\/wp-json\/wp\/v2\/comments?post=2581602"}],"version-history":[{"count":0,"href":"https:\/\/theinvisiblecollection.com\/fr\/wp-json\/wp\/v2\/pages\/2581602\/revisions"}],"wp:attachment":[{"href":"https:\/\/theinvisiblecollection.com\/fr\/wp-json\/wp\/v2\/media?parent=2581602"}],"curies":[{"name":"wp","href":"https:\/\/api.w.org\/{rel}","templated":true}]}}