{"id":3962747,"date":"2023-10-05T09:24:33","date_gmt":"2023-10-05T08:24:33","guid":{"rendered":"https:\/\/theinvisiblecollection.com\/?page_id=3962747"},"modified":"2024-07-05T06:19:13","modified_gmt":"2024-07-05T06:19:13","slug":"administrateur-des-ventes","status":"publish","type":"page","link":"https:\/\/theinvisiblecollection.com\/fr\/carrieres\/administrateur-des-ventes\/","title":{"rendered":"Administrateur des Ventes"},"content":{"rendered":"<h1>Administrateur des Ventes<\/h1>\n<p><strong>Job Description:<\/strong> Administrateur des Ventes<br \/>\n<strong>Location:<\/strong> London<br \/>\n<strong>Line Manager:<\/strong> Head of Operations<br \/>\n<strong>Direct Reports:<\/strong> None<br \/>\n<strong>Starting date:<\/strong> ASAP<\/p>\n<h2><strong>QUI SOMMES NOUS<\/strong><\/h2>\n<p>Invisible Collection est le premier site e-commerce de meubles et objets uniques cr\u00e9\u00e9s par des stars et les jeunes talents de la d\u00e9coration d\u2019aujourd\u2019hui et r\u00e9alis\u00e9s par des artisans d\u2019exception. Invisible Collection, c\u2019est d\u2019abord et avant tout un \u0153il et un point de vue, un go\u00fbt averti et curieux pour le design et la d\u00e9coration. Sur le site, ainsi que dans nos showrooms (Londres &#8211; New York &#8211; Paris), les amateurs de design et de d\u00e9coration peuvent trouver la ou les pi\u00e8ces parfaites pour d\u00e9corer et transformer leur maison d\u2019une mani\u00e8re tr\u00e8s personnelle.<\/p>\n<p>Ce site disruptif croit au temps, au geste de l\u2019artisan et \u00e0 son souci d\u2019\u00e9conomie, aux savoir-faire d\u2019excellence, au patrimoine local et aux circuits courts, ce qui nous a valu le label B-Corp en 2023. Tous les meubles et objets sont con\u00e7us et fabriqu\u00e9s pour traverser le temps et pour \u00eatre transmis. Il n\u2019y a pas de meubles produits en s\u00e9rie, ni de gaspillage chez Invisible Collection, chaque meuble est fabriqu\u00e9 sur commande. Le site valorise les pratiques \u00e9coresponsables des Designers et des ateliers, meubles fabriqu\u00e9s de mat\u00e9riaux nobles recycl\u00e9s, bois de for\u00eats certifi\u00e9s\u2026 Les \u00e9quipes travaillent en \u00e9troite collaboration avec eux pour progresser chaque jour pour du mobilier 100 % \u00e9co responsable.<\/p>\n<p>En ouvrant plusieurs showrooms \u00e0 New York, Paris et Londres, ils ont r\u00e9pondu \u00e0 la demande des clients, notamment des professionnels, de les rencontrer de mani\u00e8re confidentielle, dans le vrai luxe d\u2019un endroit priv\u00e9, o\u00f9 le temps ne compte pas.<\/p>\n<h2><strong>DESCRIPTION DE POSTE<\/strong><\/h2>\n<p>Vous int\u00e9grerez l\u2019\u00e9quipe Op\u00e9rations, qui pilote l\u2019administration des ventes et la production des pi\u00e8ces du catalogue d\u2019Invisible Collection aupr\u00e8s de nos Designers et des ateliers, de l\u2019envoi du devis \u00e0 la mise \u00e0 disposition des pi\u00e8ces, en lien avec de nombreux interlocuteurs internes (vente, finance, logistique, sourcing, administration) comme externes (designers, ateliers de fabrication, \u00e9diteurs de tissu).<\/p>\n<ul>\n<li>Placer les commandes dans l&#8217;ERP en collaboration avec l&#8217;\u00e9quipe Finance.<\/li>\n<li>G\u00e9rer le suivi des commandes, transmettre les d\u00e9lais de production \u00e0 l\u2019\u00e9quipe Sales, alerter l\u2019\u00e9quipe sur les retards.<\/li>\n<li>Communiquer et collaborer avec l\u2019\u00e9quipe Sales sur la prioritisation des commandes client.<\/li>\n<li>Identifier \/analyser\/solutionner les probl\u00e8mes de production et remonter les alertes.<\/li>\n<li>Mettre \u00e0 jour dans l\u2019outil ERP (facturation, suivi des commandes, d\u00e9lais de production).<\/li>\n<li>S\u2019assurer de la qualit\u00e9 des pi\u00e8ces en fin de production et r\u00e9gler les litiges fournisseurs.<\/li>\n<li>S\u2019assurer de la bonne tenue du stock et de la r\u00e9alisation d\u2019inventaires.<\/li>\n<\/ul>\n<h2><strong>EXP\u00c9RIENCE RECHERCH\u00c9E<\/strong><\/h2>\n<p>Nous recherchons un(e) passionn\u00e9(e) ayant un(e):<\/p>\n<ul>\n<li>Bilingue anglais et fran\u00e7ais<\/li>\n<li>Forte app\u00e9tence pour l\u2019art, le design, les m\u00e9tiers d&#8217;art.<\/li>\n<li>Ma\u00eetrise des outils, Logiciel de Gestion, Excel, gestion achats et stock.<\/li>\n<li>Rigueur, sens de la qualit\u00e9.<\/li>\n<li>Savoir \u00catre, anticipation, r\u00e9activit\u00e9.<\/li>\n<li>N\u00e9gociation, bon relationnel multiculturel.<\/li>\n<li>Capacit\u00e9 r\u00e9dactionnelle et organisationnelle.<\/li>\n<li>Capacit\u00e9 \u00e0 g\u00e9rer les priorit\u00e9s.<\/li>\n<li>Capacit\u00e9 de travail en \u00e9quipe et de fa\u00e7on transversale.<\/li>\n<\/ul>\n<h2><strong>PROCESS DE RECRUTEMENT<\/strong><\/h2>\n<p>Pour candidater, envoyez votre candidature et CV \u00e0 <a href=\"mailto:lucieducasse@theinvisiblecollection.com\">lucieducasse@theinvisiblecollection.com<\/a>.<\/p>\n<ul>\n<li>Un premier entretien avec notre Head of Operations, Lucie.<\/li>\n<li>Un cas pratique \u00e0 pr\u00e9parer et pr\u00e9senter \u00e0 Lucie (Head of Ops) et 1 personne de l&#8217;\u00e9quipe Ops lors d&#8217;un deuxi\u00e8me entretien.<\/li>\n<li>Un dernier entretien avec Isabelle ou Anna (co-founders d&#8217;Invisible Collection).<\/li>\n<\/ul>\n<p>The Invisible Collection is committed to ensuring and promoting equality for all employees and job applicants.  We endeavour to maintain a working environment in which all individuals treat others with respect and are able to make best use of their skills, free from discrimination or harassment, and in which all decisions are based on merit.<\/p>\n<script type=\"text\/javascript\">\n\/* <![CDATA[ *\/\nvar gform;gform||(document.addEventListener(\"gform_main_scripts_loaded\",function(){gform.scriptsLoaded=!0}),document.addEventListener(\"gform\/theme\/scripts_loaded\",function(){gform.themeScriptsLoaded=!0}),window.addEventListener(\"DOMContentLoaded\",function(){gform.domLoaded=!0}),gform={domLoaded:!1,scriptsLoaded:!1,themeScriptsLoaded:!1,isFormEditor:()=>\"function\"==typeof InitializeEditor,callIfLoaded:function(o){return!(!gform.domLoaded||!gform.scriptsLoaded||!gform.themeScriptsLoaded&&!gform.isFormEditor()||(gform.isFormEditor()&&console.warn(\"The use of gform.initializeOnLoaded() is deprecated in the form editor context and will be removed in Gravity Forms 3.1.\"),o(),0))},initializeOnLoaded:function(o){gform.callIfLoaded(o)||(document.addEventListener(\"gform_main_scripts_loaded\",()=>{gform.scriptsLoaded=!0,gform.callIfLoaded(o)}),document.addEventListener(\"gform\/theme\/scripts_loaded\",()=>{gform.themeScriptsLoaded=!0,gform.callIfLoaded(o)}),window.addEventListener(\"DOMContentLoaded\",()=>{gform.domLoaded=!0,gform.callIfLoaded(o)}))},hooks:{action:{},filter:{}},addAction:function(o,r,e,t){gform.addHook(\"action\",o,r,e,t)},addFilter:function(o,r,e,t){gform.addHook(\"filter\",o,r,e,t)},doAction:function(o){gform.doHook(\"action\",o,arguments)},applyFilters:function(o){return gform.doHook(\"filter\",o,arguments)},removeAction:function(o,r){gform.removeHook(\"action\",o,r)},removeFilter:function(o,r,e){gform.removeHook(\"filter\",o,r,e)},addHook:function(o,r,e,t,n){null==gform.hooks[o][r]&&(gform.hooks[o][r]=[]);var d=gform.hooks[o][r];null==n&&(n=r+\"_\"+d.length),gform.hooks[o][r].push({tag:n,callable:e,priority:t=null==t?10:t})},doHook:function(r,o,e){var t;if(e=Array.prototype.slice.call(e,1),null!=gform.hooks[r][o]&&((o=gform.hooks[r][o]).sort(function(o,r){return o.priority-r.priority}),o.forEach(function(o){\"function\"!=typeof(t=o.callable)&&(t=window[t]),\"action\"==r?t.apply(null,e):e[0]=t.apply(null,e)})),\"filter\"==r)return e[0]},removeHook:function(o,r,t,n){var e;null!=gform.hooks[o][r]&&(e=(e=gform.hooks[o][r]).filter(function(o,r,e){return!!(null!=n&&n!=o.tag||null!=t&&t!=o.priority)}),gform.hooks[o][r]=e)}});\n\/* ]]> *\/\n<\/script>\n\n                <div class='gf_browser_gecko gform_wrapper gravity-theme gform-theme--no-framework career-form_wrapper' data-form-theme='gravity-theme' data-form-index='0' id='gform_wrapper_16' >\n                        <div class='gform_heading'>\n                            <h2 class=\"gform_title\">Soumettre ma candidature<\/h2>\n\t\t\t\t\t\t\t<p class='gform_required_legend'>\u00ab\u00a0<span class=\"gfield_required gfield_required_asterisk\">*<\/span>\u00a0\u00bb indique les champs n\u00e9cessaires<\/p>\n                        <\/div><form method='post' enctype='multipart\/form-data'  id='gform_16' class='career-form' action='\/fr\/wp-json\/wp\/v2\/pages\/3962747' data-formid='16' novalidate><div class='gf_invisible ginput_recaptchav3' data-sitekey='6LfKfY0nAAAAAMWAADQEKkTEkd2lmzy0kQuuwqer' data-tabindex='0'><input id=\"input_62c894f2ee9f4fa66cf4e125a5ac8862\" class=\"gfield_recaptcha_response\" type=\"hidden\" name=\"input_62c894f2ee9f4fa66cf4e125a5ac8862\" value=\"\"\/><\/div>\n                        <div class='gform-body gform_body'><div id='gform_fields_16' class='gform_fields top_label form_sublabel_below description_below validation_below'><fieldset id=\"field_16_1\" class=\"gfield gfield--type-name gfield--input-type-name gfield_contains_required field_sublabel_above gfield--no-description field_description_below field_validation_below gfield_visibility_visible\"  ><legend class='gfield_label gform-field-label gfield_label_before_complex' >Votre nom<span class=\"gfield_required\"><span class=\"gfield_required gfield_required_asterisk\">*<\/span><\/span><\/legend><div class='ginput_complex ginput_container ginput_container--name no_prefix has_first_name no_middle_name has_last_name no_suffix gf_name_has_2 ginput_container_name gform-grid-row' id='input_16_1'>\n                            \n                            <span id='input_16_1_3_container' class='name_first gform-grid-col gform-grid-col--size-auto' >\n                                                    <label for='input_16_1_3' class='gform-field-label gform-field-label--type-sub '>Pr\u00e9nom<\/label>\n                                                    <input type='text' name='input_1.3' id='input_16_1_3' value=''   aria-required='true'     \/>\n                                                <\/span>\n                            \n                            <span id='input_16_1_6_container' class='name_last gform-grid-col gform-grid-col--size-auto' >\n                                                            <label for='input_16_1_6' class='gform-field-label gform-field-label--type-sub '>Nom<\/label>\n                                                            <input type='text' name='input_1.6' id='input_16_1_6' value=''   aria-required='true'     \/>\n                                                        <\/span>\n                            \n                        <\/div><\/fieldset><div id=\"field_16_2\" class=\"gfield gfield--type-phone gfield--input-type-phone gfield--width-half gfield_contains_required field_sublabel_below gfield--no-description field_description_below field_validation_below gfield_visibility_visible\"  ><label class='gfield_label gform-field-label' for='input_16_2'>Le meilleur num\u00e9ro de t\u00e9l\u00e9phone pour vous appeler<span class=\"gfield_required\"><span class=\"gfield_required gfield_required_asterisk\">*<\/span><\/span><\/label><div class='ginput_container ginput_container_phone'><input name='input_2' id='input_16_2' type='tel' value='' class='large'   aria-required=\"true\" aria-invalid=\"false\"   \/><\/div><\/div><div id=\"field_16_3\" class=\"gfield gfield--type-email gfield--input-type-email gfield--width-half gfield_contains_required field_sublabel_below gfield--no-description field_description_below field_validation_below gfield_visibility_visible\"  ><label class='gfield_label gform-field-label' for='input_16_3'>Votre email<span class=\"gfield_required\"><span class=\"gfield_required gfield_required_asterisk\">*<\/span><\/span><\/label><div class='ginput_container ginput_container_email'>\n                            <input name='input_3' id='input_16_3' type='email' value='' class='large'    aria-required=\"true\" aria-invalid=\"false\"  \/>\n                        <\/div><\/div><div id=\"field_16_4\" class=\"gfield gfield--type-fileupload gfield--input-type-fileupload gfield--width-half gfield_contains_required field_sublabel_below gfield--no-description field_description_below field_validation_below gfield_visibility_visible\"  ><label class='gfield_label gform-field-label' for='input_16_4'>Merci de t\u00e9l\u00e9charger votre CV<span class=\"gfield_required\"><span class=\"gfield_required gfield_required_asterisk\">*<\/span><\/span><\/label><div class='ginput_container ginput_container_fileupload'><input type='hidden' name='MAX_FILE_SIZE' value='67108864' \/><input name='input_4' id='input_16_4' type='file' class='medium' aria-describedby=\"gfield_upload_rules_16_4\" onchange='javascript:gformValidateFileSize( this, 67108864 );'  \/><span class='gfield_description gform_fileupload_rules' id='gfield_upload_rules_16_4'>Types de fichiers accept\u00e9s\u00a0: pdf, Taille max. des fichiers\u00a0: 64 MB.<\/span><div class='gfield_description validation_message gfield_validation_message validation_message--hidden-on-empty' id='live_validation_message_16_4'><\/div> <\/div><\/div><div id=\"field_16_5\" class=\"gfield gfield--type-fileupload gfield--input-type-fileupload gfield--width-half field_sublabel_below gfield--no-description field_description_below field_validation_below gfield_visibility_visible\"  ><label class='gfield_label gform-field-label' for='input_16_5'>Merci de t\u00e9l\u00e9charger votre lettre de motivation<\/label><div class='ginput_container ginput_container_fileupload'><input type='hidden' name='MAX_FILE_SIZE' value='67108864' \/><input name='input_5' id='input_16_5' type='file' class='medium' aria-describedby=\"gfield_upload_rules_16_5\" onchange='javascript:gformValidateFileSize( this, 67108864 );'  \/><span class='gfield_description gform_fileupload_rules' id='gfield_upload_rules_16_5'>Types de fichiers accept\u00e9s\u00a0: pdf, Taille max. des fichiers\u00a0: 64 MB.<\/span><div class='gfield_description validation_message gfield_validation_message validation_message--hidden-on-empty' id='live_validation_message_16_5'><\/div> <\/div><\/div><fieldset id=\"field_16_6\" class=\"gfield gfield--type-consent gfield--type-choice gfield--input-type-consent cb-career gfield_contains_required field_sublabel_below gfield--no-description field_description_below field_validation_below gfield_visibility_visible\"  ><legend class='gfield_label gform-field-label screen-reader-text gfield_label_before_complex' ><span class=\"gfield_required\"><span class=\"gfield_required gfield_required_asterisk\">*<\/span><\/span><\/legend><div class='ginput_container ginput_container_consent'><input name='input_6.1' id='input_16_6_1' type='checkbox' value='1'   aria-required=\"true\" aria-invalid=\"false\"   \/> <label class=\"gform-field-label gform-field-label--type-inline gfield_consent_label\" for='input_16_6_1' >J\u2019accepte la politique de confidentialit\u00e9.<\/label><input type='hidden' name='input_6.2' value='J\u2019accepte la politique de confidentialit\u00e9.' class='gform_hidden' \/><input type='hidden' name='input_6.3' value='5' class='gform_hidden' \/><\/div><\/fieldset><div id=\"field_16_7\" class=\"gfield gfield--type-hidden gfield--input-type-hidden gfield--width-full gform_hidden field_sublabel_below gfield--no-description field_description_below field_validation_below gfield_visibility_visible\"  ><div class='ginput_container ginput_container_text'><input name='input_7' id='input_16_7' type='hidden' class='gform_hidden'  aria-invalid=\"false\" value='fr' \/><\/div><\/div><\/div><\/div>\n        <div class='gform-footer gform_footer top_label'> <button type='submit' id='gform_submit_button_16' class='btn btn--icon btn--icon-arrow display-block space-mx-auto || gform_button' onclick='gform.submission.handleButtonClick(this);' data-submission-type='submit' value='Envoyer'  ><span class=\"btn__container\"><span class=\"btn__line\"><\/span><span>Envoyer<\/span><svg width=\"33px\" height=\"11px\" viewBox=\"0 0 33 11\"><polygon fill=\"currentColor\" points=\"27.9,0 27.2,0.6 31.3,5 0,5 0,6 31.3,6 27.2,10.4 27.9,11 33,5.5\"\/><\/svg><\/span><\/a> \n            <input type='hidden' class='gform_hidden' name='gform_submission_method' data-js='gform_submission_method_16' value='postback' \/>\n            <input type='hidden' class='gform_hidden' name='gform_theme' data-js='gform_theme_16' id='gform_theme_16' value='gravity-theme' \/>\n            <input type='hidden' class='gform_hidden' name='gform_style_settings' data-js='gform_style_settings_16' id='gform_style_settings_16' value='[]' \/>\n            <input type='hidden' class='gform_hidden' name='is_submit_16' value='1' \/>\n            <input type='hidden' class='gform_hidden' name='gform_submit' value='16' \/>\n            \n            <input type='hidden' class='gform_hidden' name='gform_unique_id' value='' \/>\n            <input type='hidden' class='gform_hidden' name='state_16' value='WyJ7XCI2LjFcIjpcIjkxZGVmZjAxMGY2NGM4NmJlNjE3ZjgxOWFhODNmODRiXCIsXCI2LjJcIjpcIjFjZWVmYzMwMjU0OWU4YmVmNjUzOWMwYTVkMjhhMmJiXCIsXCI2LjNcIjpcIjlhMWNkNTU0NzI5NGEwOTdjZDBhYTY4NDhmNjVlZGZmXCJ9IiwiMDczNWZiODExNGNiOTcxNTU4NWM1YjYwMjJiMTA3MzgiXQ==' \/>\n            <input type='hidden' autocomplete='off' class='gform_hidden' name='gform_target_page_number_16' id='gform_target_page_number_16' value='0' \/>\n            <input type='hidden' autocomplete='off' class='gform_hidden' name='gform_source_page_number_16' id='gform_source_page_number_16' value='1' \/>\n            <input type='hidden' name='gform_field_values' value='' \/>\n            \n        <\/div>\n                        <\/form>\n                        <\/div><script type=\"text\/javascript\">\n\/* <![CDATA[ *\/\n gform.initializeOnLoaded( function() {gformInitSpinner( 16, 'https:\/\/theinvisiblecollection.com\/wp-content\/plugins\/gravityforms\/images\/spinner.svg', true );jQuery('#gform_ajax_frame_16').on('load',function(){var contents = jQuery(this).contents().find('*').html();var is_postback = contents.indexOf('GF_AJAX_POSTBACK') >= 0;if(!is_postback){return;}var form_content = jQuery(this).contents().find('#gform_wrapper_16');var is_confirmation = jQuery(this).contents().find('#gform_confirmation_wrapper_16').length > 0;var is_redirect = contents.indexOf('gformRedirect(){') >= 0;var is_form = form_content.length > 0 && ! is_redirect && ! is_confirmation;var mt = parseInt(jQuery('html').css('margin-top'), 10) + parseInt(jQuery('body').css('margin-top'), 10) + 100;if(is_form){jQuery('#gform_wrapper_16').html(form_content.html());if(form_content.hasClass('gform_validation_error')){jQuery('#gform_wrapper_16').addClass('gform_validation_error');} else {jQuery('#gform_wrapper_16').removeClass('gform_validation_error');}setTimeout( function() { \/* delay the scroll by 50 milliseconds to fix a bug in chrome *\/  }, 50 );if(window['gformInitDatepicker']) {gformInitDatepicker();}if(window['gformInitPriceFields']) {gformInitPriceFields();}var current_page = jQuery('#gform_source_page_number_16').val();gformInitSpinner( 16, 'https:\/\/theinvisiblecollection.com\/wp-content\/plugins\/gravityforms\/images\/spinner.svg', true );jQuery(document).trigger('gform_page_loaded', [16, current_page]);window['gf_submitting_16'] = false;}else if(!is_redirect){var confirmation_content = jQuery(this).contents().find('.GF_AJAX_POSTBACK').html();if(!confirmation_content){confirmation_content = contents;}jQuery('#gform_wrapper_16').replaceWith(confirmation_content);jQuery(document).trigger('gform_confirmation_loaded', [16]);window['gf_submitting_16'] = false;wp.a11y.speak(jQuery('#gform_confirmation_message_16').text());}else{jQuery('#gform_16').append(contents);if(window['gformRedirect']) {gformRedirect();}}jQuery(document).trigger(\"gform_pre_post_render\", [{ formId: \"16\", currentPage: \"current_page\", abort: function() { this.preventDefault(); } }]);        if (event && event.defaultPrevented) {                return;        }        const gformWrapperDiv = document.getElementById( \"gform_wrapper_16\" );        if ( gformWrapperDiv ) {            const visibilitySpan = document.createElement( \"span\" );            visibilitySpan.id = \"gform_visibility_test_16\";            gformWrapperDiv.insertAdjacentElement( \"afterend\", visibilitySpan );        }        const visibilityTestDiv = document.getElementById( \"gform_visibility_test_16\" );        let postRenderFired = false;        function triggerPostRender() {            if ( postRenderFired ) {                return;            }            postRenderFired = true;            gform.core.triggerPostRenderEvents( 16, current_page );            if ( visibilityTestDiv ) {                visibilityTestDiv.parentNode.removeChild( visibilityTestDiv );            }        }        function debounce( func, wait, immediate ) {            var timeout;            return function() {                var context = this, args = arguments;                var later = function() {                    timeout = null;                    if ( !immediate ) func.apply( context, args );                };                var callNow = immediate && !timeout;                clearTimeout( timeout );                timeout = setTimeout( later, wait );                if ( callNow ) func.apply( context, args );            };        }        const debouncedTriggerPostRender = debounce( function() {            triggerPostRender();        }, 200 );        if ( visibilityTestDiv && visibilityTestDiv.offsetParent === null ) {            const observer = new MutationObserver( ( mutations ) => {                mutations.forEach( ( mutation ) => {                    if ( mutation.type === 'attributes' && visibilityTestDiv.offsetParent !== null ) {                        debouncedTriggerPostRender();                        observer.disconnect();                    }                });            });            observer.observe( document.body, {                attributes: true,                childList: false,                subtree: true,                attributeFilter: [ 'style', 'class' ],            });        } else {            triggerPostRender();        }    } );} ); \n\/* ]]> *\/\n<\/script>\n\n","protected":false},"excerpt":{"rendered":"<p>Administrateur des Ventes Job Description: Administrateur des Ventes Location: London Line Manager: Head of Operations Direct Reports: None Starting date: ASAP QUI SOMMES NOUS Invisible Collection est le premier site e-commerce de meubles et objets uniques cr\u00e9\u00e9s par des stars et les jeunes talents de la d\u00e9coration d\u2019aujourd\u2019hui et r\u00e9alis\u00e9s par des artisans d\u2019exception. Invisible [&hellip;]<\/p>\n","protected":false},"author":1320,"featured_media":0,"parent":1382,"menu_order":0,"comment_status":"closed","ping_status":"closed","template":"","meta":{"_acf_changed":false,"content-type":"","_themeisle_gutenberg_block_has_review":false,"footnotes":""},"class_list":["post-3962747","page","type-page","status-publish","hentry"],"acf":[],"_links":{"self":[{"href":"https:\/\/theinvisiblecollection.com\/fr\/wp-json\/wp\/v2\/pages\/3962747","targetHints":{"allow":["GET"]}}],"collection":[{"href":"https:\/\/theinvisiblecollection.com\/fr\/wp-json\/wp\/v2\/pages"}],"about":[{"href":"https:\/\/theinvisiblecollection.com\/fr\/wp-json\/wp\/v2\/types\/page"}],"author":[{"embeddable":true,"href":"https:\/\/theinvisiblecollection.com\/fr\/wp-json\/wp\/v2\/users\/1320"}],"replies":[{"embeddable":true,"href":"https:\/\/theinvisiblecollection.com\/fr\/wp-json\/wp\/v2\/comments?post=3962747"}],"version-history":[{"count":0,"href":"https:\/\/theinvisiblecollection.com\/fr\/wp-json\/wp\/v2\/pages\/3962747\/revisions"}],"up":[{"embeddable":true,"href":"https:\/\/theinvisiblecollection.com\/fr\/wp-json\/wp\/v2\/pages\/1382"}],"wp:attachment":[{"href":"https:\/\/theinvisiblecollection.com\/fr\/wp-json\/wp\/v2\/media?parent=3962747"}],"curies":[{"name":"wp","href":"https:\/\/api.w.org\/{rel}","templated":true}]}}