{"id":5002851,"date":"2024-03-15T13:44:38","date_gmt":"2024-03-15T13:44:38","guid":{"rendered":"https:\/\/theinvisiblecollection.com\/?page_id=5002851"},"modified":"2026-01-22T14:39:51","modified_gmt":"2026-01-22T14:39:51","slug":"catalogs","status":"publish","type":"page","link":"https:\/\/theinvisiblecollection.com\/fr\/catalogs\/","title":{"rendered":"Catalogues"},"content":{"rendered":"\t\t<div data-elementor-type=\"wp-page\" data-elementor-id=\"5002851\" class=\"elementor elementor-5002851 elementor-4897637\" data-elementor-post-type=\"page\">\n\t\t\t\t\t\t<section class=\"elementor-section elementor-top-section elementor-element elementor-element-52ca166 elementor-section-boxed elementor-section-height-default elementor-section-height-default\" data-id=\"52ca166\" data-element_type=\"section\">\n\t\t\t\t\t\t<div class=\"elementor-container elementor-column-gap-default\">\n\t\t\t\t\t<div class=\"elementor-column elementor-col-100 elementor-top-column elementor-element elementor-element-24ea3ac\" data-id=\"24ea3ac\" data-element_type=\"column\">\n\t\t\t<div class=\"elementor-widget-wrap elementor-element-populated\">\n\t\t\t\t\t\t<div class=\"elementor-element elementor-element-9656d11 elementor-widget elementor-widget-heading\" data-id=\"9656d11\" data-element_type=\"widget\" data-widget_type=\"heading.default\">\n\t\t\t\t<div class=\"elementor-widget-container\">\n\t\t\t\t\t<h2 class=\"elementor-heading-title elementor-size-default\">T\u00e9l\u00e9chargez nos Catalogues<\/h2>\t\t\t\t<\/div>\n\t\t\t\t<\/div>\n\t\t\t\t\t<\/div>\n\t\t<\/div>\n\t\t\t\t\t<\/div>\n\t\t<\/section>\n\t\t\t\t<main class=\"elementor-section elementor-top-section elementor-element elementor-element-10f87171 elementor-section-stretched elementor-section-boxed elementor-section-height-default elementor-section-height-default\" data-id=\"10f87171\" data-element_type=\"section\" data-settings=\"{&quot;stretch_section&quot;:&quot;section-stretched&quot;}\">\n\t\t\t\t\t\t<div class=\"elementor-container elementor-column-gap-default\">\n\t\t\t\t\t<div class=\"elementor-column elementor-col-50 elementor-top-column elementor-element elementor-element-300b1143\" data-id=\"300b1143\" data-element_type=\"column\">\n\t\t\t<div class=\"elementor-widget-wrap elementor-element-populated\">\n\t\t\t\t\t\t<div class=\"elementor-element elementor-element-25cf4875 elementor-absolute elementor-widget-mobile__width-auto freight-font elementor-widget elementor-widget-heading\" data-id=\"25cf4875\" data-element_type=\"widget\" data-settings=\"{&quot;_position&quot;:&quot;absolute&quot;}\" data-widget_type=\"heading.default\">\n\t\t\t\t<div class=\"elementor-widget-container\">\n\t\t\t\t\t<h2 class=\"elementor-heading-title elementor-size-default\"><a href=\"https:\/\/theinvisiblecollection.com\/wp-content\/uploads\/2024\/06\/Invisible_Collection_Paris_-_Sensitive_Surfaces_Exhibition_Catalogue_-_January_2026_FR_Euros_.pdf\" target=\"_blank\">Paris Rive Gauche<\/a><\/h2>\t\t\t\t<\/div>\n\t\t\t\t<\/div>\n\t\t\t\t<div class=\"elementor-element elementor-element-7f084700 elementor-widget elementor-widget-image\" data-id=\"7f084700\" data-element_type=\"widget\" data-widget_type=\"image.default\">\n\t\t\t\t<div class=\"elementor-widget-container\">\n\t\t\t\t\t\t\t\t\t\t\t\t\t\t\t\t<a href=\"https:\/\/theinvisiblecollection.com\/wp-content\/uploads\/2024\/06\/Invisible_Collection_Paris_-_Sensitive_Surfaces_Exhibition_Catalogue_-_January_2026_FR_Euros_.pdf\" target=\"_blank\">\n\t\t\t\t\t\t\t<img fetchpriority=\"high\" decoding=\"async\" width=\"1024\" height=\"725\" src=\"https:\/\/theinvisiblecollection.com\/wp-content\/smush-webp\/2026\/01\/InvisibleCollection_ParisRueAmelie_Studioparisien-3.jpg.webp\" class=\"attachment-large size-large wp-image-5883946\" alt=\"\" data-smush-webp-fallback=\"{&quot;src&quot;:&quot;https:\\\/\\\/theinvisiblecollection.com\\\/wp-content\\\/uploads\\\/2026\\\/01\\\/InvisibleCollection_ParisRueAmelie_Studioparisien-3.jpg&quot;}\" \/>\t\t\t\t\t\t\t\t<\/a>\n\t\t\t\t\t\t\t\t\t\t\t\t\t\t\t<\/div>\n\t\t\t\t<\/div>\n\t\t\t\t<div class=\"elementor-element elementor-element-62b64c4f elementor-absolute elementor-widget-mobile__width-auto elementor-widget elementor-widget-text-editor\" data-id=\"62b64c4f\" data-element_type=\"widget\" data-settings=\"{&quot;_position&quot;:&quot;absolute&quot;}\" data-widget_type=\"text-editor.default\">\n\t\t\t\t<div class=\"elementor-widget-container\">\n\t\t\t\t\t\t\t\t\t<p>Sensitive Surfaces<\/p>\t\t\t\t\t\t\t\t<\/div>\n\t\t\t\t<\/div>\n\t\t\t\t\t<\/div>\n\t\t<\/div>\n\t\t\t\t<div class=\"elementor-column elementor-col-50 elementor-top-column elementor-element elementor-element-11a3bd1e\" data-id=\"11a3bd1e\" data-element_type=\"column\">\n\t\t\t<div class=\"elementor-widget-wrap elementor-element-populated\">\n\t\t\t\t\t\t<div class=\"elementor-element elementor-element-2cf5b4d elementor-widget elementor-widget-image\" data-id=\"2cf5b4d\" data-element_type=\"widget\" data-widget_type=\"image.default\">\n\t\t\t\t<div class=\"elementor-widget-container\">\n\t\t\t\t\t\t\t\t\t\t\t\t\t\t\t\t<a href=\"https:\/\/theinvisiblecollection.com\/wp-content\/uploads\/2024\/06\/Invisible_Collection_x_Feau_Boiseries_-_Period_Rooms_of_the_Future_-_Janvier_2026.pdf\" target=\"_blank\">\n\t\t\t\t\t\t\t<img decoding=\"async\" width=\"1024\" height=\"725\" src=\"https:\/\/theinvisiblecollection.com\/wp-content\/smush-webp\/2026\/01\/InvisibleCollection_PeriodRoomsoftheFuture-1.jpg.webp\" class=\"attachment-large size-large wp-image-5883955\" alt=\"\" data-smush-webp-fallback=\"{&quot;src&quot;:&quot;https:\\\/\\\/theinvisiblecollection.com\\\/wp-content\\\/uploads\\\/2026\\\/01\\\/InvisibleCollection_PeriodRoomsoftheFuture-1.jpg&quot;}\" \/>\t\t\t\t\t\t\t\t<\/a>\n\t\t\t\t\t\t\t\t\t\t\t\t\t\t\t<\/div>\n\t\t\t\t<\/div>\n\t\t\t\t<div class=\"elementor-element elementor-element-4ace4db9 elementor-absolute freight-font elementor-widget elementor-widget-heading\" data-id=\"4ace4db9\" data-element_type=\"widget\" data-settings=\"{&quot;_position&quot;:&quot;absolute&quot;}\" data-widget_type=\"heading.default\">\n\t\t\t\t<div class=\"elementor-widget-container\">\n\t\t\t\t\t<h2 class=\"elementor-heading-title elementor-size-default\"><a href=\"https:\/\/theinvisiblecollection.com\/wp-content\/uploads\/2024\/06\/Invisible_Collection_x_Feau_Boiseries_-_Period_Rooms_of_the_Future_-_Janvier_2026.pdf\" target=\"_blank\">F\u00e9au Boiseries<\/a><\/h2>\t\t\t\t<\/div>\n\t\t\t\t<\/div>\n\t\t\t\t<div class=\"elementor-element elementor-element-4a87127f elementor-absolute elementor-widget elementor-widget-text-editor\" data-id=\"4a87127f\" data-element_type=\"widget\" data-settings=\"{&quot;_position&quot;:&quot;absolute&quot;}\" data-widget_type=\"text-editor.default\">\n\t\t\t\t<div class=\"elementor-widget-container\">\n\t\t\t\t\t\t\t\t\t<p>Period Rooms of the Future II<\/p>\t\t\t\t\t\t\t\t<\/div>\n\t\t\t\t<\/div>\n\t\t\t\t\t<\/div>\n\t\t<\/div>\n\t\t\t\t\t<\/div>\n\t\t<\/main>\n\t\t\t\t<section class=\"elementor-section elementor-top-section elementor-element elementor-element-3819bcd3 elementor-section-stretched elementor-section-boxed elementor-section-height-default elementor-section-height-default\" data-id=\"3819bcd3\" data-element_type=\"section\" data-settings=\"{&quot;stretch_section&quot;:&quot;section-stretched&quot;}\">\n\t\t\t\t\t\t<div class=\"elementor-container elementor-column-gap-default\">\n\t\t\t\t\t<div class=\"elementor-column elementor-col-50 elementor-top-column elementor-element elementor-element-5d7820cf gift-urself-section\" data-id=\"5d7820cf\" data-element_type=\"column\">\n\t\t\t<div class=\"elementor-widget-wrap elementor-element-populated\">\n\t\t\t\t\t\t<div class=\"elementor-element elementor-element-66be10ff elementor-absolute elementor-widget-mobile__width-auto freight-font elementor-widget elementor-widget-heading\" data-id=\"66be10ff\" data-element_type=\"widget\" data-settings=\"{&quot;_position&quot;:&quot;absolute&quot;}\" data-widget_type=\"heading.default\">\n\t\t\t\t<div class=\"elementor-widget-container\">\n\t\t\t\t\t<h2 class=\"elementor-heading-title elementor-size-default\"><a href=\"https:\/\/theinvisiblecollection.com\/wp-content\/uploads\/2024\/06\/Invisible_Collection_New_York_-_Charlotte_Biltgen_Exhibition_Catalogue_-_November_2025-1.pdf\" target=\"_blank\">New York Townhouse<\/a><\/h2>\t\t\t\t<\/div>\n\t\t\t\t<\/div>\n\t\t\t\t<div class=\"elementor-element elementor-element-5e52906a elementor-absolute elementor-widget-mobile__width-auto elementor-widget elementor-widget-text-editor\" data-id=\"5e52906a\" data-element_type=\"widget\" data-settings=\"{&quot;_position&quot;:&quot;absolute&quot;}\" data-widget_type=\"text-editor.default\">\n\t\t\t\t<div class=\"elementor-widget-container\">\n\t\t\t\t\t\t\t\t\t<p>All About E.<\/p>\t\t\t\t\t\t\t\t<\/div>\n\t\t\t\t<\/div>\n\t\t\t\t<div class=\"elementor-element elementor-element-4d89876 elementor-widget elementor-widget-image\" data-id=\"4d89876\" data-element_type=\"widget\" data-widget_type=\"image.default\">\n\t\t\t\t<div class=\"elementor-widget-container\">\n\t\t\t\t\t\t\t\t\t\t\t\t\t\t\t\t<a href=\"https:\/\/theinvisiblecollection.com\/wp-content\/uploads\/2024\/06\/Invisible_Collection_New_York_-_Charlotte_Biltgen_Exhibition_Catalogue_-_November_2025-1.pdf\" target=\"_blank\">\n\t\t\t\t\t\t\t<img decoding=\"async\" width=\"1024\" height=\"725\" src=\"https:\/\/theinvisiblecollection.com\/wp-content\/smush-webp\/2025\/11\/InvisibleCollection_NYC_Catalog_November2025-1.jpg.webp\" class=\"attachment-large size-large wp-image-5873804\" alt=\"\" data-smush-webp-fallback=\"{&quot;src&quot;:&quot;https:\\\/\\\/theinvisiblecollection.com\\\/wp-content\\\/uploads\\\/2025\\\/11\\\/InvisibleCollection_NYC_Catalog_November2025-1.jpg&quot;}\" \/>\t\t\t\t\t\t\t\t<\/a>\n\t\t\t\t\t\t\t\t\t\t\t\t\t\t\t<\/div>\n\t\t\t\t<\/div>\n\t\t\t\t\t<\/div>\n\t\t<\/div>\n\t\t\t\t<div class=\"elementor-column elementor-col-50 elementor-top-column elementor-element elementor-element-5d66c52f gift-urself-section\" data-id=\"5d66c52f\" data-element_type=\"column\">\n\t\t\t<div class=\"elementor-widget-wrap elementor-element-populated\">\n\t\t\t\t\t\t<div class=\"elementor-element elementor-element-28d776af elementor-absolute elementor-widget-mobile__width-auto freight-font elementor-widget elementor-widget-heading\" data-id=\"28d776af\" data-element_type=\"widget\" data-settings=\"{&quot;_position&quot;:&quot;absolute&quot;}\" data-widget_type=\"heading.default\">\n\t\t\t\t<div class=\"elementor-widget-container\">\n\t\t\t\t\t<h2 class=\"elementor-heading-title elementor-size-default\"><a href=\"https:\/\/theinvisiblecollection.com\/wp-content\/uploads\/2019\/09\/Invisible-Collection-TriBeCa-Catalog.pdf\" target=\"_blank\">New York TriBeCa<\/a><\/h2>\t\t\t\t<\/div>\n\t\t\t\t<\/div>\n\t\t\t\t<div class=\"elementor-element elementor-element-87e21e2 elementor-absolute elementor-widget-mobile__width-auto elementor-widget elementor-widget-text-editor\" data-id=\"87e21e2\" data-element_type=\"widget\" data-settings=\"{&quot;_position&quot;:&quot;absolute&quot;}\" data-widget_type=\"text-editor.default\">\n\t\t\t\t<div class=\"elementor-widget-container\">\n\t\t\t\t\t\t\t\t\t<p>Downtown Oasis<\/p>\t\t\t\t\t\t\t\t<\/div>\n\t\t\t\t<\/div>\n\t\t\t\t<div class=\"elementor-element elementor-element-6b7e3a8 elementor-widget elementor-widget-image\" data-id=\"6b7e3a8\" data-element_type=\"widget\" data-widget_type=\"image.default\">\n\t\t\t\t<div class=\"elementor-widget-container\">\n\t\t\t\t\t\t\t\t\t\t\t\t\t\t\t\t<a href=\"https:\/\/theinvisiblecollection.com\/wp-content\/uploads\/2019\/09\/Invisible-Collection-TriBeCa-Catalog.pdf\" target=\"_blank\">\n\t\t\t\t\t\t\t<img loading=\"lazy\" decoding=\"async\" width=\"1024\" height=\"725\" src=\"https:\/\/theinvisiblecollection.com\/wp-content\/smush-webp\/2025\/11\/InvisibleCollection_NYC_Tribeca_November2025-1.jpg.webp\" class=\"attachment-large size-large wp-image-5873809\" alt=\"\" data-smush-webp-fallback=\"{&quot;src&quot;:&quot;https:\\\/\\\/theinvisiblecollection.com\\\/wp-content\\\/uploads\\\/2025\\\/11\\\/InvisibleCollection_NYC_Tribeca_November2025-1.jpg&quot;}\" \/>\t\t\t\t\t\t\t\t<\/a>\n\t\t\t\t\t\t\t\t\t\t\t\t\t\t\t<\/div>\n\t\t\t\t<\/div>\n\t\t\t\t\t<\/div>\n\t\t<\/div>\n\t\t\t\t\t<\/div>\n\t\t<\/section>\n\t\t\t\t<section class=\"elementor-section elementor-top-section elementor-element elementor-element-5497d4c elementor-section-stretched elementor-section-boxed elementor-section-height-default elementor-section-height-default\" data-id=\"5497d4c\" data-element_type=\"section\" data-settings=\"{&quot;stretch_section&quot;:&quot;section-stretched&quot;}\">\n\t\t\t\t\t\t<div class=\"elementor-container elementor-column-gap-default\">\n\t\t\t\t\t<div class=\"elementor-column elementor-col-50 elementor-top-column elementor-element elementor-element-348cb6e gift-urself-section\" data-id=\"348cb6e\" data-element_type=\"column\">\n\t\t\t<div class=\"elementor-widget-wrap elementor-element-populated\">\n\t\t\t\t\t\t<div class=\"elementor-element elementor-element-ef24891 elementor-absolute elementor-widget-mobile__width-auto freight-font elementor-widget elementor-widget-heading\" data-id=\"ef24891\" data-element_type=\"widget\" data-settings=\"{&quot;_position&quot;:&quot;absolute&quot;}\" data-widget_type=\"heading.default\">\n\t\t\t\t<div class=\"elementor-widget-container\">\n\t\t\t\t\t<h2 class=\"elementor-heading-title elementor-size-default\"><a href=\"https:\/\/theinvisiblecollection.com\/wp-content\/uploads\/2024\/06\/Invisible_Collection_Paris__-_Catalogue_Residence_Beaux-Arts.pdf\" target=\"_blank\">Paris Beaux-Arts<\/a><\/h2>\t\t\t\t<\/div>\n\t\t\t\t<\/div>\n\t\t\t\t<div class=\"elementor-element elementor-element-e4175e7 elementor-absolute elementor-widget-mobile__width-auto elementor-widget elementor-widget-text-editor\" data-id=\"e4175e7\" data-element_type=\"widget\" data-settings=\"{&quot;_position&quot;:&quot;absolute&quot;}\" data-widget_type=\"text-editor.default\">\n\t\t\t\t<div class=\"elementor-widget-container\">\n\t\t\t\t\t\t\t\t\t<p>R\u00e9sidences Invisible Collection<\/p>\t\t\t\t\t\t\t\t<\/div>\n\t\t\t\t<\/div>\n\t\t\t\t<div class=\"elementor-element elementor-element-1ae75e2 elementor-widget elementor-widget-image\" data-id=\"1ae75e2\" data-element_type=\"widget\" data-widget_type=\"image.default\">\n\t\t\t\t<div class=\"elementor-widget-container\">\n\t\t\t\t\t\t\t\t\t\t\t\t\t\t\t\t<a href=\"https:\/\/theinvisiblecollection.com\/wp-content\/uploads\/2024\/06\/Invisible_Collection_Paris__-_Catalogue_Residence_Beaux-Arts.pdf\" target=\"_blank\">\n\t\t\t\t\t\t\t<img loading=\"lazy\" decoding=\"async\" width=\"1024\" height=\"725\" src=\"https:\/\/theinvisiblecollection.com\/wp-content\/smush-webp\/2026\/01\/InvisibleCollection_ParisBeauxArts_Catalog.jpg.webp\" class=\"attachment-large size-large wp-image-5883951\" alt=\"\" data-smush-webp-fallback=\"{&quot;src&quot;:&quot;https:\\\/\\\/theinvisiblecollection.com\\\/wp-content\\\/uploads\\\/2026\\\/01\\\/InvisibleCollection_ParisBeauxArts_Catalog.jpg&quot;}\" \/>\t\t\t\t\t\t\t\t<\/a>\n\t\t\t\t\t\t\t\t\t\t\t\t\t\t\t<\/div>\n\t\t\t\t<\/div>\n\t\t\t\t\t<\/div>\n\t\t<\/div>\n\t\t\t\t<div class=\"elementor-column elementor-col-50 elementor-top-column elementor-element elementor-element-86745cf gift-urself-section\" data-id=\"86745cf\" data-element_type=\"column\">\n\t\t\t<div class=\"elementor-widget-wrap elementor-element-populated\">\n\t\t\t\t\t\t<div class=\"elementor-element elementor-element-c502c6b elementor-absolute elementor-widget-mobile__width-auto freight-font elementor-widget elementor-widget-heading\" data-id=\"c502c6b\" data-element_type=\"widget\" data-settings=\"{&quot;_position&quot;:&quot;absolute&quot;}\" data-widget_type=\"heading.default\">\n\t\t\t\t<div class=\"elementor-widget-container\">\n\t\t\t\t\t<h2 class=\"elementor-heading-title elementor-size-default\"><a href=\"https:\/\/theinvisiblecollection.com\/wp-content\/uploads\/2023\/03\/Invisible_Collection_London_-_Catalogue_Dorothee_Delaye_-_October_2025-1.pdf\" target=\"_blank\">Londres<\/a><\/h2>\t\t\t\t<\/div>\n\t\t\t\t<\/div>\n\t\t\t\t<div class=\"elementor-element elementor-element-9c91f4f elementor-absolute elementor-widget-mobile__width-auto elementor-widget elementor-widget-text-editor\" data-id=\"9c91f4f\" data-element_type=\"widget\" data-settings=\"{&quot;_position&quot;:&quot;absolute&quot;}\" data-widget_type=\"text-editor.default\">\n\t\t\t\t<div class=\"elementor-widget-container\">\n\t\t\t\t\t\t\t\t\t<p>North Stars<\/p>\t\t\t\t\t\t\t\t<\/div>\n\t\t\t\t<\/div>\n\t\t\t\t<div class=\"elementor-element elementor-element-5a59950 elementor-widget elementor-widget-image\" data-id=\"5a59950\" data-element_type=\"widget\" data-widget_type=\"image.default\">\n\t\t\t\t<div class=\"elementor-widget-container\">\n\t\t\t\t\t\t\t\t\t\t\t\t\t\t\t\t<a href=\"https:\/\/theinvisiblecollection.com\/wp-content\/uploads\/2023\/03\/Invisible_Collection_London_-_Catalogue_Dorothee_Delaye_-_October_2025-1.pdf\" target=\"_blank\">\n\t\t\t\t\t\t\t<img loading=\"lazy\" decoding=\"async\" width=\"1024\" height=\"725\" src=\"https:\/\/theinvisiblecollection.com\/wp-content\/smush-webp\/2025\/11\/InvisibleCollection_London_Catalog_October2025.jpg.webp\" class=\"attachment-large size-large wp-image-5872782\" alt=\"\" data-smush-webp-fallback=\"{&quot;src&quot;:&quot;https:\\\/\\\/theinvisiblecollection.com\\\/wp-content\\\/uploads\\\/2025\\\/11\\\/InvisibleCollection_London_Catalog_October2025.jpg&quot;}\" \/>\t\t\t\t\t\t\t\t<\/a>\n\t\t\t\t\t\t\t\t\t\t\t\t\t\t\t<\/div>\n\t\t\t\t<\/div>\n\t\t\t\t\t<\/div>\n\t\t<\/div>\n\t\t\t\t\t<\/div>\n\t\t<\/section>\n\t\t\t\t<\/div>\n\t\t","protected":false},"excerpt":{"rendered":"<p>T\u00e9l\u00e9chargez nos Catalogues Paris Rive Gauche Sensitive Surfaces F\u00e9au Boiseries Period Rooms of the Future II New York Townhouse All About E. New York TriBeCa Downtown Oasis Paris Beaux-Arts R\u00e9sidences Invisible Collection Londres North Stars<\/p>\n","protected":false},"author":1724,"featured_media":0,"parent":0,"menu_order":0,"comment_status":"closed","ping_status":"closed","template":"","meta":{"_acf_changed":false,"content-type":"","_themeisle_gutenberg_block_has_review":false,"footnotes":""},"class_list":["post-5002851","page","type-page","status-publish","hentry"],"acf":[],"_links":{"self":[{"href":"https:\/\/theinvisiblecollection.com\/fr\/wp-json\/wp\/v2\/pages\/5002851","targetHints":{"allow":["GET"]}}],"collection":[{"href":"https:\/\/theinvisiblecollection.com\/fr\/wp-json\/wp\/v2\/pages"}],"about":[{"href":"https:\/\/theinvisiblecollection.com\/fr\/wp-json\/wp\/v2\/types\/page"}],"author":[{"embeddable":true,"href":"https:\/\/theinvisiblecollection.com\/fr\/wp-json\/wp\/v2\/users\/1724"}],"replies":[{"embeddable":true,"href":"https:\/\/theinvisiblecollection.com\/fr\/wp-json\/wp\/v2\/comments?post=5002851"}],"version-history":[{"count":0,"href":"https:\/\/theinvisiblecollection.com\/fr\/wp-json\/wp\/v2\/pages\/5002851\/revisions"}],"wp:attachment":[{"href":"https:\/\/theinvisiblecollection.com\/fr\/wp-json\/wp\/v2\/media?parent=5002851"}],"curies":[{"name":"wp","href":"https:\/\/api.w.org\/{rel}","templated":true}]}}