{"id":5099432,"date":"2024-03-21T10:38:46","date_gmt":"2024-03-21T10:38:46","guid":{"rendered":"https:\/\/theinvisiblecollection.com\/shop-by\/"},"modified":"2024-09-09T12:55:35","modified_gmt":"2024-09-09T12:55:35","slug":"par-piece","status":"publish","type":"page","link":"https:\/\/theinvisiblecollection.com\/fr\/par-piece\/","title":{"rendered":"Par Pi\u00e8ce"},"content":{"rendered":"\t\t<div data-elementor-type=\"wp-page\" data-elementor-id=\"5099432\" class=\"elementor elementor-5099432 elementor-5098596\" data-elementor-post-type=\"page\">\n\t\t\t\t\t\t<section class=\"elementor-section elementor-top-section elementor-element elementor-element-4f367eb elementor-section-boxed elementor-section-height-default elementor-section-height-default\" data-id=\"4f367eb\" data-element_type=\"section\">\n\t\t\t\t\t\t<div class=\"elementor-container elementor-column-gap-default\">\n\t\t\t\t\t<div class=\"elementor-column elementor-col-100 elementor-top-column elementor-element elementor-element-041583b\" data-id=\"041583b\" data-element_type=\"column\">\n\t\t\t<div class=\"elementor-widget-wrap elementor-element-populated\">\n\t\t\t\t\t\t<div class=\"elementor-element elementor-element-90beff6 elementor-widget elementor-widget-heading\" data-id=\"90beff6\" data-element_type=\"widget\" data-widget_type=\"heading.default\">\n\t\t\t\t<div class=\"elementor-widget-container\">\n\t\t\t\t\t<h2 class=\"elementor-heading-title elementor-size-default\">Par Pi\u00e8ce<\/h2>\t\t\t\t<\/div>\n\t\t\t\t<\/div>\n\t\t\t\t\t<\/div>\n\t\t<\/div>\n\t\t\t\t\t<\/div>\n\t\t<\/section>\n\t\t\t\t<main class=\"elementor-section elementor-top-section elementor-element elementor-element-10f87171 elementor-section-stretched elementor-section-boxed elementor-section-height-default elementor-section-height-default\" data-id=\"10f87171\" data-element_type=\"section\" data-settings=\"{&quot;stretch_section&quot;:&quot;section-stretched&quot;}\">\n\t\t\t\t\t\t<div class=\"elementor-container elementor-column-gap-default\">\n\t\t\t\t\t<div class=\"elementor-column elementor-col-50 elementor-top-column elementor-element elementor-element-300b1143\" data-id=\"300b1143\" data-element_type=\"column\">\n\t\t\t<div class=\"elementor-widget-wrap elementor-element-populated\">\n\t\t\t\t\t\t<div class=\"elementor-element elementor-element-25cf4875 elementor-absolute elementor-widget-mobile__width-auto freight-font elementor-widget elementor-widget-heading\" data-id=\"25cf4875\" data-element_type=\"widget\" data-settings=\"{&quot;_position&quot;:&quot;absolute&quot;}\" data-widget_type=\"heading.default\">\n\t\t\t\t<div class=\"elementor-widget-container\">\n\t\t\t\t\t<h2 class=\"elementor-heading-title elementor-size-default\"><a href=\"https:\/\/theinvisiblecollection.com\/products\/?a_search=TheGrandGesture&#038;query=TheGrandGesture\">Salon<\/a><\/h2>\t\t\t\t<\/div>\n\t\t\t\t<\/div>\n\t\t\t\t<div class=\"elementor-element elementor-element-7f084700 elementor-widget elementor-widget-image\" data-id=\"7f084700\" data-element_type=\"widget\" data-widget_type=\"image.default\">\n\t\t\t\t<div class=\"elementor-widget-container\">\n\t\t\t\t\t\t\t\t\t\t\t\t\t\t\t\t<a href=\"https:\/\/theinvisiblecollection.com\/fr\/produits\/?a_search=ShopByLivingRoom&#038;query=ShopByLivingRoom\">\n\t\t\t\t\t\t\t<img fetchpriority=\"high\" decoding=\"async\" width=\"1024\" height=\"725\" src=\"https:\/\/theinvisiblecollection.com\/wp-content\/uploads\/2024\/09\/Living-Room-1-1024x725.jpg\" class=\"attachment-large size-large wp-image-5535466\" alt=\"\" srcset=\"https:\/\/theinvisiblecollection.com\/wp-content\/uploads\/2024\/09\/Living-Room-1-1024x725.jpg 1024w, https:\/\/theinvisiblecollection.com\/wp-content\/uploads\/2024\/09\/Living-Room-1-300x213.jpg 300w, https:\/\/theinvisiblecollection.com\/wp-content\/uploads\/2024\/09\/Living-Room-1-768x544.jpg 768w, https:\/\/theinvisiblecollection.com\/wp-content\/uploads\/2024\/09\/Living-Room-1-1536x1088.jpg 1536w, https:\/\/theinvisiblecollection.com\/wp-content\/uploads\/2024\/09\/Living-Room-1-2048x1451.jpg 2048w, https:\/\/theinvisiblecollection.com\/wp-content\/uploads\/2024\/09\/Living-Room-1-56x40.jpg 56w, https:\/\/theinvisiblecollection.com\/wp-content\/uploads\/2024\/09\/Living-Room-1-24x17.jpg 24w, https:\/\/theinvisiblecollection.com\/wp-content\/uploads\/2024\/09\/Living-Room-1-36x26.jpg 36w, https:\/\/theinvisiblecollection.com\/wp-content\/uploads\/2024\/09\/Living-Room-1-48x34.jpg 48w, https:\/\/theinvisiblecollection.com\/wp-content\/uploads\/2024\/09\/Living-Room-1-800x567.jpg 800w\" sizes=\"(max-width: 1024px) 100vw, 1024px\" \/>\t\t\t\t\t\t\t\t<\/a>\n\t\t\t\t\t\t\t\t\t\t\t\t\t\t\t<\/div>\n\t\t\t\t<\/div>\n\t\t\t\t<div class=\"elementor-element elementor-element-62b64c4f elementor-absolute elementor-widget-mobile__width-auto elementor-widget elementor-widget-text-editor\" data-id=\"62b64c4f\" data-element_type=\"widget\" data-settings=\"{&quot;_position&quot;:&quot;absolute&quot;}\" data-widget_type=\"text-editor.default\">\n\t\t\t\t<div class=\"elementor-widget-container\">\n\t\t\t\t\t\t\t\t\t<p>Fa\u00e7onner l\u2019\u00e2me du lieu<\/p>\t\t\t\t\t\t\t\t<\/div>\n\t\t\t\t<\/div>\n\t\t\t\t\t<\/div>\n\t\t<\/div>\n\t\t\t\t<div class=\"elementor-column elementor-col-50 elementor-top-column elementor-element elementor-element-11a3bd1e\" data-id=\"11a3bd1e\" data-element_type=\"column\">\n\t\t\t<div class=\"elementor-widget-wrap elementor-element-populated\">\n\t\t\t\t\t\t<div class=\"elementor-element elementor-element-2cf5b4d elementor-widget elementor-widget-image\" data-id=\"2cf5b4d\" data-element_type=\"widget\" data-widget_type=\"image.default\">\n\t\t\t\t<div class=\"elementor-widget-container\">\n\t\t\t\t\t\t\t\t\t\t\t\t\t\t\t\t<a href=\"https:\/\/theinvisiblecollection.com\/fr\/produits\/?a_search=ShopByDiningRoom&#038;query=ShopByDiningRoom\">\n\t\t\t\t\t\t\t<img decoding=\"async\" width=\"1024\" height=\"725\" src=\"https:\/\/theinvisiblecollection.com\/wp-content\/uploads\/2024\/09\/Dining-Room-1024x725.jpg\" class=\"attachment-large size-large wp-image-5535449\" alt=\"\" srcset=\"https:\/\/theinvisiblecollection.com\/wp-content\/uploads\/2024\/09\/Dining-Room-1024x725.jpg 1024w, https:\/\/theinvisiblecollection.com\/wp-content\/uploads\/2024\/09\/Dining-Room-300x213.jpg 300w, https:\/\/theinvisiblecollection.com\/wp-content\/uploads\/2024\/09\/Dining-Room-768x544.jpg 768w, https:\/\/theinvisiblecollection.com\/wp-content\/uploads\/2024\/09\/Dining-Room-1536x1088.jpg 1536w, https:\/\/theinvisiblecollection.com\/wp-content\/uploads\/2024\/09\/Dining-Room-2048x1451.jpg 2048w, https:\/\/theinvisiblecollection.com\/wp-content\/uploads\/2024\/09\/Dining-Room-56x40.jpg 56w, https:\/\/theinvisiblecollection.com\/wp-content\/uploads\/2024\/09\/Dining-Room-24x17.jpg 24w, https:\/\/theinvisiblecollection.com\/wp-content\/uploads\/2024\/09\/Dining-Room-36x26.jpg 36w, https:\/\/theinvisiblecollection.com\/wp-content\/uploads\/2024\/09\/Dining-Room-48x34.jpg 48w, https:\/\/theinvisiblecollection.com\/wp-content\/uploads\/2024\/09\/Dining-Room-800x567.jpg 800w\" sizes=\"(max-width: 1024px) 100vw, 1024px\" \/>\t\t\t\t\t\t\t\t<\/a>\n\t\t\t\t\t\t\t\t\t\t\t\t\t\t\t<\/div>\n\t\t\t\t<\/div>\n\t\t\t\t<div class=\"elementor-element elementor-element-4ace4db9 elementor-absolute freight-font elementor-widget elementor-widget-heading\" data-id=\"4ace4db9\" data-element_type=\"widget\" data-settings=\"{&quot;_position&quot;:&quot;absolute&quot;}\" data-widget_type=\"heading.default\">\n\t\t\t\t<div class=\"elementor-widget-container\">\n\t\t\t\t\t<h2 class=\"elementor-heading-title elementor-size-default\"><a href=\"https:\/\/theinvisiblecollection.com\/products\/?a_search=ThankYouGifts&#038;query=ThankYouGifts\">Salle \u00e0 Manger<\/a><\/h2>\t\t\t\t<\/div>\n\t\t\t\t<\/div>\n\t\t\t\t<div class=\"elementor-element elementor-element-4a87127f elementor-absolute elementor-widget elementor-widget-text-editor\" data-id=\"4a87127f\" data-element_type=\"widget\" data-settings=\"{&quot;_position&quot;:&quot;absolute&quot;}\" data-widget_type=\"text-editor.default\">\n\t\t\t\t<div class=\"elementor-widget-container\">\n\t\t\t\t\t\t\t\t\tMettre le design au menu\n\n\t\t\t\t\t\t\t\t<\/div>\n\t\t\t\t<\/div>\n\t\t\t\t\t<\/div>\n\t\t<\/div>\n\t\t\t\t\t<\/div>\n\t\t<\/main>\n\t\t\t\t<section class=\"elementor-section elementor-top-section elementor-element elementor-element-90d6b85 elementor-section-stretched elementor-section-boxed elementor-section-height-default elementor-section-height-default\" data-id=\"90d6b85\" data-element_type=\"section\" data-settings=\"{&quot;stretch_section&quot;:&quot;section-stretched&quot;}\">\n\t\t\t\t\t\t<div class=\"elementor-container elementor-column-gap-default\">\n\t\t\t\t\t<div class=\"elementor-column elementor-col-50 elementor-top-column elementor-element elementor-element-29b9636 gift-urself-section\" data-id=\"29b9636\" data-element_type=\"column\">\n\t\t\t<div class=\"elementor-widget-wrap elementor-element-populated\">\n\t\t\t\t\t\t<div class=\"elementor-element elementor-element-1f8069f elementor-widget elementor-widget-image\" data-id=\"1f8069f\" data-element_type=\"widget\" data-widget_type=\"image.default\">\n\t\t\t\t<div class=\"elementor-widget-container\">\n\t\t\t\t\t\t\t\t\t\t\t\t\t\t\t\t<a href=\"https:\/\/theinvisiblecollection.com\/fr\/produits\/?a_search=ShopByBedroom&#038;query=ShopByBedroom\">\n\t\t\t\t\t\t\t<img decoding=\"async\" width=\"1024\" height=\"725\" src=\"https:\/\/theinvisiblecollection.com\/wp-content\/uploads\/2024\/09\/Our-Catalogs-Landing-Page-Pictures-2-1024x725.jpg\" class=\"attachment-large size-large wp-image-5535734\" alt=\"\" srcset=\"https:\/\/theinvisiblecollection.com\/wp-content\/uploads\/2024\/09\/Our-Catalogs-Landing-Page-Pictures-2-1024x725.jpg 1024w, https:\/\/theinvisiblecollection.com\/wp-content\/uploads\/2024\/09\/Our-Catalogs-Landing-Page-Pictures-2-300x213.jpg 300w, https:\/\/theinvisiblecollection.com\/wp-content\/uploads\/2024\/09\/Our-Catalogs-Landing-Page-Pictures-2-768x544.jpg 768w, https:\/\/theinvisiblecollection.com\/wp-content\/uploads\/2024\/09\/Our-Catalogs-Landing-Page-Pictures-2-1536x1088.jpg 1536w, https:\/\/theinvisiblecollection.com\/wp-content\/uploads\/2024\/09\/Our-Catalogs-Landing-Page-Pictures-2-2048x1451.jpg 2048w, https:\/\/theinvisiblecollection.com\/wp-content\/uploads\/2024\/09\/Our-Catalogs-Landing-Page-Pictures-2-56x40.jpg 56w, https:\/\/theinvisiblecollection.com\/wp-content\/uploads\/2024\/09\/Our-Catalogs-Landing-Page-Pictures-2-24x17.jpg 24w, https:\/\/theinvisiblecollection.com\/wp-content\/uploads\/2024\/09\/Our-Catalogs-Landing-Page-Pictures-2-36x26.jpg 36w, https:\/\/theinvisiblecollection.com\/wp-content\/uploads\/2024\/09\/Our-Catalogs-Landing-Page-Pictures-2-48x34.jpg 48w, https:\/\/theinvisiblecollection.com\/wp-content\/uploads\/2024\/09\/Our-Catalogs-Landing-Page-Pictures-2-800x567.jpg 800w\" sizes=\"(max-width: 1024px) 100vw, 1024px\" \/>\t\t\t\t\t\t\t\t<\/a>\n\t\t\t\t\t\t\t\t\t\t\t\t\t\t\t<\/div>\n\t\t\t\t<\/div>\n\t\t\t\t<div class=\"elementor-element elementor-element-0023666 elementor-absolute elementor-widget-mobile__width-auto freight-font elementor-widget elementor-widget-heading\" data-id=\"0023666\" data-element_type=\"widget\" data-settings=\"{&quot;_position&quot;:&quot;absolute&quot;}\" data-widget_type=\"heading.default\">\n\t\t\t\t<div class=\"elementor-widget-container\">\n\t\t\t\t\t<h2 class=\"elementor-heading-title elementor-size-default\"><a href=\"https:\/\/theinvisiblecollection.com\/fr\/clubroom-pieces\/?a_search=TheCoolestGifts&#038;query=TheCoolestGifts\">Chambre<\/a><\/h2>\t\t\t\t<\/div>\n\t\t\t\t<\/div>\n\t\t\t\t<div class=\"elementor-element elementor-element-bbcfb94 elementor-absolute elementor-widget-mobile__width-auto elementor-widget elementor-widget-text-editor\" data-id=\"bbcfb94\" data-element_type=\"widget\" data-settings=\"{&quot;_position&quot;:&quot;absolute&quot;}\" data-widget_type=\"text-editor.default\">\n\t\t\t\t<div class=\"elementor-widget-container\">\n\t\t\t\t\t\t\t\t\tImaginer une chambre \u00e0 soi\t\t\t\t\t\t\t\t<\/div>\n\t\t\t\t<\/div>\n\t\t\t\t\t<\/div>\n\t\t<\/div>\n\t\t\t\t<div class=\"elementor-column elementor-col-50 elementor-top-column elementor-element elementor-element-04056d3 gift-urself-section\" data-id=\"04056d3\" data-element_type=\"column\">\n\t\t\t<div class=\"elementor-widget-wrap elementor-element-populated\">\n\t\t\t\t\t\t<div class=\"elementor-element elementor-element-19ac432 elementor-widget elementor-widget-image\" data-id=\"19ac432\" data-element_type=\"widget\" data-widget_type=\"image.default\">\n\t\t\t\t<div class=\"elementor-widget-container\">\n\t\t\t\t\t\t\t\t\t\t\t\t\t\t\t\t<a href=\"https:\/\/theinvisiblecollection.com\/fr\/produits\/?a_search=shopbyoffice&#038;query=shopbyoffice\">\n\t\t\t\t\t\t\t<img loading=\"lazy\" decoding=\"async\" width=\"1024\" height=\"725\" src=\"https:\/\/theinvisiblecollection.com\/wp-content\/uploads\/2024\/09\/Office-1-1024x725.jpg\" class=\"attachment-large size-large wp-image-5535687\" alt=\"\" srcset=\"https:\/\/theinvisiblecollection.com\/wp-content\/uploads\/2024\/09\/Office-1-1024x725.jpg 1024w, https:\/\/theinvisiblecollection.com\/wp-content\/uploads\/2024\/09\/Office-1-300x213.jpg 300w, https:\/\/theinvisiblecollection.com\/wp-content\/uploads\/2024\/09\/Office-1-768x544.jpg 768w, https:\/\/theinvisiblecollection.com\/wp-content\/uploads\/2024\/09\/Office-1-1536x1088.jpg 1536w, https:\/\/theinvisiblecollection.com\/wp-content\/uploads\/2024\/09\/Office-1-2048x1451.jpg 2048w, https:\/\/theinvisiblecollection.com\/wp-content\/uploads\/2024\/09\/Office-1-56x40.jpg 56w, https:\/\/theinvisiblecollection.com\/wp-content\/uploads\/2024\/09\/Office-1-24x17.jpg 24w, https:\/\/theinvisiblecollection.com\/wp-content\/uploads\/2024\/09\/Office-1-36x26.jpg 36w, https:\/\/theinvisiblecollection.com\/wp-content\/uploads\/2024\/09\/Office-1-48x34.jpg 48w, https:\/\/theinvisiblecollection.com\/wp-content\/uploads\/2024\/09\/Office-1-800x567.jpg 800w\" sizes=\"(max-width: 1024px) 100vw, 1024px\" \/>\t\t\t\t\t\t\t\t<\/a>\n\t\t\t\t\t\t\t\t\t\t\t\t\t\t\t<\/div>\n\t\t\t\t<\/div>\n\t\t\t\t<div class=\"elementor-element elementor-element-5753169 elementor-absolute elementor-widget-mobile__width-auto freight-font elementor-widget elementor-widget-heading\" data-id=\"5753169\" data-element_type=\"widget\" data-settings=\"{&quot;_position&quot;:&quot;absolute&quot;}\" data-widget_type=\"heading.default\">\n\t\t\t\t<div class=\"elementor-widget-container\">\n\t\t\t\t\t<h2 class=\"elementor-heading-title elementor-size-default\"><a href=\"https:\/\/theinvisiblecollection.com\/products\/?a_search=WeddingGiftS&#038;query=WeddingGiftS\">Bureau <\/a><\/h2>\t\t\t\t<\/div>\n\t\t\t\t<\/div>\n\t\t\t\t<div class=\"elementor-element elementor-element-98cf3da elementor-absolute elementor-widget-mobile__width-auto elementor-widget elementor-widget-text-editor\" data-id=\"98cf3da\" data-element_type=\"widget\" data-settings=\"{&quot;_position&quot;:&quot;absolute&quot;}\" data-widget_type=\"text-editor.default\">\n\t\t\t\t<div class=\"elementor-widget-container\">\n\t\t\t\t\t\t\t\t\tR\u00eaver en grand\t\t\t\t\t\t\t\t<\/div>\n\t\t\t\t<\/div>\n\t\t\t\t\t<\/div>\n\t\t<\/div>\n\t\t\t\t\t<\/div>\n\t\t<\/section>\n\t\t\t\t<section class=\"elementor-section elementor-top-section elementor-element elementor-element-0d13704 elementor-section-stretched elementor-section-boxed elementor-section-height-default elementor-section-height-default\" data-id=\"0d13704\" data-element_type=\"section\" data-settings=\"{&quot;stretch_section&quot;:&quot;section-stretched&quot;}\">\n\t\t\t\t\t\t<div class=\"elementor-container elementor-column-gap-default\">\n\t\t\t\t\t<div class=\"elementor-column elementor-col-50 elementor-top-column elementor-element elementor-element-95de770 gift-urself-section\" data-id=\"95de770\" data-element_type=\"column\">\n\t\t\t<div class=\"elementor-widget-wrap elementor-element-populated\">\n\t\t\t\t\t\t<div class=\"elementor-element elementor-element-e85dc60 elementor-widget elementor-widget-image\" data-id=\"e85dc60\" data-element_type=\"widget\" data-widget_type=\"image.default\">\n\t\t\t\t<div class=\"elementor-widget-container\">\n\t\t\t\t\t\t\t\t\t\t\t\t\t\t\t\t<a href=\"https:\/\/theinvisiblecollection.com\/fr\/produits\/?a_search=shopbyhallway&#038;query=shopbyhallway\">\n\t\t\t\t\t\t\t<img loading=\"lazy\" decoding=\"async\" width=\"1024\" height=\"725\" src=\"https:\/\/theinvisiblecollection.com\/wp-content\/uploads\/2024\/09\/Our-Catalogs-Landing-Page-Pictures-1-1024x725.jpg\" class=\"attachment-large size-large wp-image-5535695\" alt=\"\" srcset=\"https:\/\/theinvisiblecollection.com\/wp-content\/uploads\/2024\/09\/Our-Catalogs-Landing-Page-Pictures-1-1024x725.jpg 1024w, https:\/\/theinvisiblecollection.com\/wp-content\/uploads\/2024\/09\/Our-Catalogs-Landing-Page-Pictures-1-300x213.jpg 300w, https:\/\/theinvisiblecollection.com\/wp-content\/uploads\/2024\/09\/Our-Catalogs-Landing-Page-Pictures-1-768x544.jpg 768w, https:\/\/theinvisiblecollection.com\/wp-content\/uploads\/2024\/09\/Our-Catalogs-Landing-Page-Pictures-1-1536x1088.jpg 1536w, https:\/\/theinvisiblecollection.com\/wp-content\/uploads\/2024\/09\/Our-Catalogs-Landing-Page-Pictures-1-2048x1451.jpg 2048w, https:\/\/theinvisiblecollection.com\/wp-content\/uploads\/2024\/09\/Our-Catalogs-Landing-Page-Pictures-1-56x40.jpg 56w, https:\/\/theinvisiblecollection.com\/wp-content\/uploads\/2024\/09\/Our-Catalogs-Landing-Page-Pictures-1-24x17.jpg 24w, https:\/\/theinvisiblecollection.com\/wp-content\/uploads\/2024\/09\/Our-Catalogs-Landing-Page-Pictures-1-36x26.jpg 36w, https:\/\/theinvisiblecollection.com\/wp-content\/uploads\/2024\/09\/Our-Catalogs-Landing-Page-Pictures-1-48x34.jpg 48w, https:\/\/theinvisiblecollection.com\/wp-content\/uploads\/2024\/09\/Our-Catalogs-Landing-Page-Pictures-1-800x567.jpg 800w\" sizes=\"(max-width: 1024px) 100vw, 1024px\" \/>\t\t\t\t\t\t\t\t<\/a>\n\t\t\t\t\t\t\t\t\t\t\t\t\t\t\t<\/div>\n\t\t\t\t<\/div>\n\t\t\t\t<div class=\"elementor-element elementor-element-b9a05d8 elementor-absolute elementor-widget-mobile__width-auto freight-font elementor-widget elementor-widget-heading\" data-id=\"b9a05d8\" data-element_type=\"widget\" data-settings=\"{&quot;_position&quot;:&quot;absolute&quot;}\" data-widget_type=\"heading.default\">\n\t\t\t\t<div class=\"elementor-widget-container\">\n\t\t\t\t\t<h2 class=\"elementor-heading-title elementor-size-default\"><a href=\"https:\/\/theinvisiblecollection.com\/products\/?a_search=WeddingGiftS&#038;query=WeddingGiftS\">Entr\u00e9e<\/a><\/h2>\t\t\t\t<\/div>\n\t\t\t\t<\/div>\n\t\t\t\t<div class=\"elementor-element elementor-element-cdbf793 elementor-absolute elementor-widget-mobile__width-auto elementor-widget elementor-widget-text-editor\" data-id=\"cdbf793\" data-element_type=\"widget\" data-settings=\"{&quot;_position&quot;:&quot;absolute&quot;}\" data-widget_type=\"text-editor.default\">\n\t\t\t\t<div class=\"elementor-widget-container\">\n\t\t\t\t\t\t\t\t\tFaire une entr\u00e9e remarqu\u00e9e\t\t\t\t\t\t\t\t<\/div>\n\t\t\t\t<\/div>\n\t\t\t\t\t<\/div>\n\t\t<\/div>\n\t\t\t\t<div class=\"elementor-column elementor-col-50 elementor-top-column elementor-element elementor-element-fec379e gift-urself-section\" data-id=\"fec379e\" data-element_type=\"column\">\n\t\t\t<div class=\"elementor-widget-wrap elementor-element-populated\">\n\t\t\t\t\t\t<div class=\"elementor-element elementor-element-5027fb9 elementor-widget elementor-widget-image\" data-id=\"5027fb9\" data-element_type=\"widget\" data-widget_type=\"image.default\">\n\t\t\t\t<div class=\"elementor-widget-container\">\n\t\t\t\t\t\t\t\t\t\t\t\t\t\t\t\t<a href=\"https:\/\/theinvisiblecollection.com\/fr\/produits\/?a_search=shopbybathroom&#038;query=shopbybathroom\">\n\t\t\t\t\t\t\t<img loading=\"lazy\" decoding=\"async\" width=\"1024\" height=\"725\" src=\"https:\/\/theinvisiblecollection.com\/wp-content\/uploads\/2024\/09\/Our-Catalogs-Landing-Page-Pictures-5-1024x725.jpg\" class=\"attachment-large size-large wp-image-5535801\" alt=\"\" srcset=\"https:\/\/theinvisiblecollection.com\/wp-content\/uploads\/2024\/09\/Our-Catalogs-Landing-Page-Pictures-5-1024x725.jpg 1024w, https:\/\/theinvisiblecollection.com\/wp-content\/uploads\/2024\/09\/Our-Catalogs-Landing-Page-Pictures-5-300x213.jpg 300w, https:\/\/theinvisiblecollection.com\/wp-content\/uploads\/2024\/09\/Our-Catalogs-Landing-Page-Pictures-5-768x544.jpg 768w, https:\/\/theinvisiblecollection.com\/wp-content\/uploads\/2024\/09\/Our-Catalogs-Landing-Page-Pictures-5-1536x1088.jpg 1536w, https:\/\/theinvisiblecollection.com\/wp-content\/uploads\/2024\/09\/Our-Catalogs-Landing-Page-Pictures-5-2048x1451.jpg 2048w, https:\/\/theinvisiblecollection.com\/wp-content\/uploads\/2024\/09\/Our-Catalogs-Landing-Page-Pictures-5-56x40.jpg 56w, https:\/\/theinvisiblecollection.com\/wp-content\/uploads\/2024\/09\/Our-Catalogs-Landing-Page-Pictures-5-24x17.jpg 24w, https:\/\/theinvisiblecollection.com\/wp-content\/uploads\/2024\/09\/Our-Catalogs-Landing-Page-Pictures-5-36x26.jpg 36w, https:\/\/theinvisiblecollection.com\/wp-content\/uploads\/2024\/09\/Our-Catalogs-Landing-Page-Pictures-5-48x34.jpg 48w, https:\/\/theinvisiblecollection.com\/wp-content\/uploads\/2024\/09\/Our-Catalogs-Landing-Page-Pictures-5-800x567.jpg 800w\" sizes=\"(max-width: 1024px) 100vw, 1024px\" \/>\t\t\t\t\t\t\t\t<\/a>\n\t\t\t\t\t\t\t\t\t\t\t\t\t\t\t<\/div>\n\t\t\t\t<\/div>\n\t\t\t\t<div class=\"elementor-element elementor-element-56897df elementor-absolute elementor-widget-mobile__width-auto freight-font elementor-widget elementor-widget-heading\" data-id=\"56897df\" data-element_type=\"widget\" data-settings=\"{&quot;_position&quot;:&quot;absolute&quot;}\" data-widget_type=\"heading.default\">\n\t\t\t\t<div class=\"elementor-widget-container\">\n\t\t\t\t\t<h2 class=\"elementor-heading-title elementor-size-default\"><a href=\"https:\/\/theinvisiblecollection.com\/fr\/clubroom-pieces\/?a_search=TheCoolestGifts&#038;query=TheCoolestGifts\">Salle de Bain<\/a><\/h2>\t\t\t\t<\/div>\n\t\t\t\t<\/div>\n\t\t\t\t<div class=\"elementor-element elementor-element-ad0c895 elementor-absolute elementor-widget-mobile__width-auto elementor-widget elementor-widget-text-editor\" data-id=\"ad0c895\" data-element_type=\"widget\" data-settings=\"{&quot;_position&quot;:&quot;absolute&quot;}\" data-widget_type=\"text-editor.default\">\n\t\t\t\t<div class=\"elementor-widget-container\">\n\t\t\t\t\t\t\t\t\tSublimer son espace de bien-\u00eatre\t\t\t\t\t\t\t\t<\/div>\n\t\t\t\t<\/div>\n\t\t\t\t\t<\/div>\n\t\t<\/div>\n\t\t\t\t\t<\/div>\n\t\t<\/section>\n\t\t\t\t<\/div>\n\t\t","protected":false},"excerpt":{"rendered":"<p>Par Pi\u00e8ce Salon Fa\u00e7onner l\u2019\u00e2me du lieu Salle \u00e0 Manger Mettre le design au menu Chambre Imaginer une chambre \u00e0 soi Bureau R\u00eaver en grand Entr\u00e9e Faire une entr\u00e9e remarqu\u00e9e Salle de Bain Sublimer son espace de bien-\u00eatre<\/p>\n","protected":false},"author":1724,"featured_media":0,"parent":0,"menu_order":0,"comment_status":"closed","ping_status":"closed","template":"","meta":{"_acf_changed":false,"content-type":"","_themeisle_gutenberg_block_has_review":false,"footnotes":""},"class_list":["post-5099432","page","type-page","status-publish","hentry"],"acf":[],"_links":{"self":[{"href":"https:\/\/theinvisiblecollection.com\/fr\/wp-json\/wp\/v2\/pages\/5099432","targetHints":{"allow":["GET"]}}],"collection":[{"href":"https:\/\/theinvisiblecollection.com\/fr\/wp-json\/wp\/v2\/pages"}],"about":[{"href":"https:\/\/theinvisiblecollection.com\/fr\/wp-json\/wp\/v2\/types\/page"}],"author":[{"embeddable":true,"href":"https:\/\/theinvisiblecollection.com\/fr\/wp-json\/wp\/v2\/users\/1724"}],"replies":[{"embeddable":true,"href":"https:\/\/theinvisiblecollection.com\/fr\/wp-json\/wp\/v2\/comments?post=5099432"}],"version-history":[{"count":0,"href":"https:\/\/theinvisiblecollection.com\/fr\/wp-json\/wp\/v2\/pages\/5099432\/revisions"}],"wp:attachment":[{"href":"https:\/\/theinvisiblecollection.com\/fr\/wp-json\/wp\/v2\/media?parent=5099432"}],"curies":[{"name":"wp","href":"https:\/\/api.w.org\/{rel}","templated":true}]}}