{"id":5359867,"date":"2024-05-14T05:29:19","date_gmt":"2024-05-14T05:29:19","guid":{"rendered":"https:\/\/theinvisiblecollection.com\/carrieres\/e-commerce-content-intern-london-paris\/"},"modified":"2024-07-26T17:00:35","modified_gmt":"2024-07-26T17:00:35","slug":"e-commerce-content-intern-london-paris","status":"publish","type":"page","link":"https:\/\/theinvisiblecollection.com\/fr\/carrieres\/e-commerce-content-intern-london-paris\/","title":{"rendered":"Internship E-commerce Content &#8211; Londres ou Paris"},"content":{"rendered":"<h1>E-commerce Content Intern<\/h1>\n<p><strong>Lieu :<\/strong> Londres \/ Paris<br \/>\n<strong>D\u00e9but :<\/strong> d\u00e8s que possible<br \/>\n<strong>Dur\u00e9e\u00a0:<\/strong> 6 mois<\/p>\n<p>Vous avez un esprit entrepreneur et aspirez \u00e0 rejoindre une \u00e9quipe dynamique et stimulante o\u00f9 vous jouerez un r\u00f4le actif dans la cr\u00e9ation de contenus\u00a0? Rejoignez l\u2019\u00e9quipe Sourcing d\u2019Invisible Collection afin d\u2019exploiter votre int\u00e9r\u00eat pour le marketing digital et le e-commerce en contribuant \u00e0 nos nouveaux lancements, \u00e0 l&#8217;ex\u00e9cution de nos mises \u00e0 jour quotidiennes, et \u00e0 nos projets e-commerce. Votre mission sera d&#8217;am\u00e9liorer continuellement notre site web, en tenant compte du catalogue, de la conversion et de l\u2019exp\u00e9rience utilisateur.<\/p>\n<h2>Responsabilit\u00e9s <strong>(non-exhaustif):<\/strong><\/h2>\n<ul>\n<li>Mettre \u00e0 jour le contenu des pages produits et du site web dans son ensemble ;<\/li>\n<li>G\u00e9rer l&#8217;enrichissement des pages de notre site web sur toutes ses cat\u00e9gories\u00a0;<\/li>\n<li>Travailler de mani\u00e8re autonome pour respecter le calendrier de lancements et r\u00e9pondre de mani\u00e8re proactive aux demandes impr\u00e9vus de nos partenaires\u00a0;<\/li>\n<li>Collaborer avec le responsable produit e-commerce pour r\u00e9soudre tout probl\u00e8me li\u00e9 \u00e0 l&#8217;exactitude des informations\u00a0;<\/li>\n<li>Am\u00e9liorer les exports Excel pour faciliter la mise \u00e0 jour des prix, des descriptions de produits et des \u00e9l\u00e9ments suppl\u00e9mentaires\u00a0;<\/li>\n<li>Travailler sur des focus collection pour am\u00e9liorer la qualit\u00e9 des pages en ligne\u00a0;<\/li>\n<li>Cr\u00e9er et coordiner du contenu pour alimenter le site web en fran\u00e7ais et anglais tout en g\u00e9rant la relation avec nos partenaires presse et traduction\u00a0;<\/li>\n<li>Collaborer avec l&#8217;\u00e9quipe digitale pour exp\u00e9rimenter des fonctionnalit\u00e9s innovantes adapt\u00e9es au site web.<\/li>\n<\/ul>\n<h2>Comp\u00e9tences requises :<\/h2>\n<ul>\n<li>Dipl\u00f4me en cours d\u2019obtention dans un domaine tel que le e-commerce, le business mangement ou le marketing\u00a0;<\/li>\n<li>Excellente communication \u00e9crite et verbale\u00a0;<\/li>\n<li>Capacit\u00e9s \u00e0 coordiner et collaborer avec diff\u00e9rentes \u00e9quipes\u00a0;<\/li>\n<li>Bonnes comp\u00e9tences organisationnelles et gestion du temps\u00a0;<\/li>\n<li>Grande attention aux d\u00e9tails et sensibilit\u00e9 au monde du luxe\u00a0;<\/li>\n<li>Attitude positive, et une bonne prise d\u2019initiatives ;<\/li>\n<li>Fiabilit\u00e9 et discr\u00e9tion dans la gestion des informations confidentielles\u00a0;<\/li>\n<li>Comp\u00e9tences en r\u00e9solution de probl\u00e8mes\u00a0;<\/li>\n<li>Exp\u00e9rience de travail avec des syst\u00e8mes de gestion de contenu tels que Storyblok, Contentful, WordPress ou similaire est un avantage\u00a0;<\/li>\n<li>Exp\u00e9rience de travail avec des syst\u00e8mes e-commerce tels que Centra, Shopify, Magento ou similaire est un avantage\u00a0;<\/li>\n<li>Bon niveau d\u2019utilisation sur Excel et Power Point.<\/li>\n<\/ul>\n<p>Pour postuler, veuillez envoyer un email \u00e0 <a href=\"mailto:recruitment@theinvisiblecollection.com\">recruitment@theinvisiblecollection.com<\/a><\/p>\n<script type=\"text\/javascript\">\n\/* <![CDATA[ *\/\nvar gform;gform||(document.addEventListener(\"gform_main_scripts_loaded\",function(){gform.scriptsLoaded=!0}),document.addEventListener(\"gform\/theme\/scripts_loaded\",function(){gform.themeScriptsLoaded=!0}),window.addEventListener(\"DOMContentLoaded\",function(){gform.domLoaded=!0}),gform={domLoaded:!1,scriptsLoaded:!1,themeScriptsLoaded:!1,isFormEditor:()=>\"function\"==typeof InitializeEditor,callIfLoaded:function(o){return!(!gform.domLoaded||!gform.scriptsLoaded||!gform.themeScriptsLoaded&&!gform.isFormEditor()||(gform.isFormEditor()&&console.warn(\"The use of gform.initializeOnLoaded() is deprecated in the form editor context and will be removed in Gravity Forms 3.1.\"),o(),0))},initializeOnLoaded:function(o){gform.callIfLoaded(o)||(document.addEventListener(\"gform_main_scripts_loaded\",()=>{gform.scriptsLoaded=!0,gform.callIfLoaded(o)}),document.addEventListener(\"gform\/theme\/scripts_loaded\",()=>{gform.themeScriptsLoaded=!0,gform.callIfLoaded(o)}),window.addEventListener(\"DOMContentLoaded\",()=>{gform.domLoaded=!0,gform.callIfLoaded(o)}))},hooks:{action:{},filter:{}},addAction:function(o,r,e,t){gform.addHook(\"action\",o,r,e,t)},addFilter:function(o,r,e,t){gform.addHook(\"filter\",o,r,e,t)},doAction:function(o){gform.doHook(\"action\",o,arguments)},applyFilters:function(o){return gform.doHook(\"filter\",o,arguments)},removeAction:function(o,r){gform.removeHook(\"action\",o,r)},removeFilter:function(o,r,e){gform.removeHook(\"filter\",o,r,e)},addHook:function(o,r,e,t,n){null==gform.hooks[o][r]&&(gform.hooks[o][r]=[]);var d=gform.hooks[o][r];null==n&&(n=r+\"_\"+d.length),gform.hooks[o][r].push({tag:n,callable:e,priority:t=null==t?10:t})},doHook:function(r,o,e){var t;if(e=Array.prototype.slice.call(e,1),null!=gform.hooks[r][o]&&((o=gform.hooks[r][o]).sort(function(o,r){return o.priority-r.priority}),o.forEach(function(o){\"function\"!=typeof(t=o.callable)&&(t=window[t]),\"action\"==r?t.apply(null,e):e[0]=t.apply(null,e)})),\"filter\"==r)return e[0]},removeHook:function(o,r,t,n){var e;null!=gform.hooks[o][r]&&(e=(e=gform.hooks[o][r]).filter(function(o,r,e){return!!(null!=n&&n!=o.tag||null!=t&&t!=o.priority)}),gform.hooks[o][r]=e)}});\n\/* ]]> *\/\n<\/script>\n\n                <div class='gf_browser_gecko gform_wrapper gravity-theme gform-theme--no-framework career-form_wrapper' data-form-theme='gravity-theme' data-form-index='0' id='gform_wrapper_16' >\n                        <div class='gform_heading'>\n                            <h2 class=\"gform_title\">Soumettre ma candidature<\/h2>\n\t\t\t\t\t\t\t<p class='gform_required_legend'>\u00ab\u00a0<span class=\"gfield_required gfield_required_asterisk\">*<\/span>\u00a0\u00bb indique les champs n\u00e9cessaires<\/p>\n                        <\/div><form method='post' enctype='multipart\/form-data'  id='gform_16' class='career-form' action='\/fr\/wp-json\/wp\/v2\/pages\/5359867' data-formid='16' novalidate><div class='gf_invisible ginput_recaptchav3' data-sitekey='6LfKfY0nAAAAAMWAADQEKkTEkd2lmzy0kQuuwqer' data-tabindex='0'><input id=\"input_62c894f2ee9f4fa66cf4e125a5ac8862\" class=\"gfield_recaptcha_response\" type=\"hidden\" name=\"input_62c894f2ee9f4fa66cf4e125a5ac8862\" value=\"\"\/><\/div>\n                        <div class='gform-body gform_body'><div id='gform_fields_16' class='gform_fields top_label form_sublabel_below description_below validation_below'><fieldset id=\"field_16_1\" class=\"gfield gfield--type-name gfield--input-type-name gfield_contains_required field_sublabel_above gfield--no-description field_description_below field_validation_below gfield_visibility_visible\"  ><legend class='gfield_label gform-field-label gfield_label_before_complex' >Votre nom<span class=\"gfield_required\"><span class=\"gfield_required gfield_required_asterisk\">*<\/span><\/span><\/legend><div class='ginput_complex ginput_container ginput_container--name no_prefix has_first_name no_middle_name has_last_name no_suffix gf_name_has_2 ginput_container_name gform-grid-row' id='input_16_1'>\n                            \n                            <span id='input_16_1_3_container' class='name_first gform-grid-col gform-grid-col--size-auto' >\n                                                    <label for='input_16_1_3' class='gform-field-label gform-field-label--type-sub '>Pr\u00e9nom<\/label>\n                                                    <input type='text' name='input_1.3' id='input_16_1_3' value=''   aria-required='true'     \/>\n                                                <\/span>\n                            \n                            <span id='input_16_1_6_container' class='name_last gform-grid-col gform-grid-col--size-auto' >\n                                                            <label for='input_16_1_6' class='gform-field-label gform-field-label--type-sub '>Nom<\/label>\n                                                            <input type='text' name='input_1.6' id='input_16_1_6' value=''   aria-required='true'     \/>\n                                                        <\/span>\n                            \n                        <\/div><\/fieldset><div id=\"field_16_2\" class=\"gfield gfield--type-phone gfield--input-type-phone gfield--width-half gfield_contains_required field_sublabel_below gfield--no-description field_description_below field_validation_below gfield_visibility_visible\"  ><label class='gfield_label gform-field-label' for='input_16_2'>Le meilleur num\u00e9ro de t\u00e9l\u00e9phone pour vous appeler<span class=\"gfield_required\"><span class=\"gfield_required gfield_required_asterisk\">*<\/span><\/span><\/label><div class='ginput_container ginput_container_phone'><input name='input_2' id='input_16_2' type='tel' value='' class='large'   aria-required=\"true\" aria-invalid=\"false\"   \/><\/div><\/div><div id=\"field_16_3\" class=\"gfield gfield--type-email gfield--input-type-email gfield--width-half gfield_contains_required field_sublabel_below gfield--no-description field_description_below field_validation_below gfield_visibility_visible\"  ><label class='gfield_label gform-field-label' for='input_16_3'>Votre email<span class=\"gfield_required\"><span class=\"gfield_required gfield_required_asterisk\">*<\/span><\/span><\/label><div class='ginput_container ginput_container_email'>\n                            <input name='input_3' id='input_16_3' type='email' value='' class='large'    aria-required=\"true\" aria-invalid=\"false\"  \/>\n                        <\/div><\/div><div id=\"field_16_4\" class=\"gfield gfield--type-fileupload gfield--input-type-fileupload gfield--width-half gfield_contains_required field_sublabel_below gfield--no-description field_description_below field_validation_below gfield_visibility_visible\"  ><label class='gfield_label gform-field-label' for='input_16_4'>Merci de t\u00e9l\u00e9charger votre CV<span class=\"gfield_required\"><span class=\"gfield_required gfield_required_asterisk\">*<\/span><\/span><\/label><div class='ginput_container ginput_container_fileupload'><input type='hidden' name='MAX_FILE_SIZE' value='67108864' \/><input name='input_4' id='input_16_4' type='file' class='medium' aria-describedby=\"gfield_upload_rules_16_4\" onchange='javascript:gformValidateFileSize( this, 67108864 );'  \/><span class='gfield_description gform_fileupload_rules' id='gfield_upload_rules_16_4'>Types de fichiers accept\u00e9s\u00a0: pdf, Taille max. des fichiers\u00a0: 64 MB.<\/span><div class='gfield_description validation_message gfield_validation_message validation_message--hidden-on-empty' id='live_validation_message_16_4'><\/div> <\/div><\/div><div id=\"field_16_5\" class=\"gfield gfield--type-fileupload gfield--input-type-fileupload gfield--width-half field_sublabel_below gfield--no-description field_description_below field_validation_below gfield_visibility_visible\"  ><label class='gfield_label gform-field-label' for='input_16_5'>Merci de t\u00e9l\u00e9charger votre lettre de motivation<\/label><div class='ginput_container ginput_container_fileupload'><input type='hidden' name='MAX_FILE_SIZE' value='67108864' \/><input name='input_5' id='input_16_5' type='file' class='medium' aria-describedby=\"gfield_upload_rules_16_5\" onchange='javascript:gformValidateFileSize( this, 67108864 );'  \/><span class='gfield_description gform_fileupload_rules' id='gfield_upload_rules_16_5'>Types de fichiers accept\u00e9s\u00a0: pdf, Taille max. des fichiers\u00a0: 64 MB.<\/span><div class='gfield_description validation_message gfield_validation_message validation_message--hidden-on-empty' id='live_validation_message_16_5'><\/div> <\/div><\/div><fieldset id=\"field_16_6\" class=\"gfield gfield--type-consent gfield--type-choice gfield--input-type-consent cb-career gfield_contains_required field_sublabel_below gfield--no-description field_description_below field_validation_below gfield_visibility_visible\"  ><legend class='gfield_label gform-field-label screen-reader-text gfield_label_before_complex' ><span class=\"gfield_required\"><span class=\"gfield_required gfield_required_asterisk\">*<\/span><\/span><\/legend><div class='ginput_container ginput_container_consent'><input name='input_6.1' id='input_16_6_1' type='checkbox' value='1'   aria-required=\"true\" aria-invalid=\"false\"   \/> <label class=\"gform-field-label gform-field-label--type-inline gfield_consent_label\" for='input_16_6_1' >J\u2019accepte la politique de confidentialit\u00e9.<\/label><input type='hidden' name='input_6.2' value='J\u2019accepte la politique de confidentialit\u00e9.' class='gform_hidden' \/><input type='hidden' name='input_6.3' value='5' class='gform_hidden' \/><\/div><\/fieldset><div id=\"field_16_7\" class=\"gfield gfield--type-hidden gfield--input-type-hidden gfield--width-full gform_hidden field_sublabel_below gfield--no-description field_description_below field_validation_below gfield_visibility_visible\"  ><div class='ginput_container ginput_container_text'><input name='input_7' id='input_16_7' type='hidden' class='gform_hidden'  aria-invalid=\"false\" value='fr' \/><\/div><\/div><\/div><\/div>\n        <div class='gform-footer gform_footer top_label'> <button type='submit' id='gform_submit_button_16' class='btn btn--icon btn--icon-arrow display-block space-mx-auto || gform_button' onclick='gform.submission.handleButtonClick(this);' data-submission-type='submit' value='Envoyer'  ><span class=\"btn__container\"><span class=\"btn__line\"><\/span><span>Envoyer<\/span><svg width=\"33px\" height=\"11px\" viewBox=\"0 0 33 11\"><polygon fill=\"currentColor\" points=\"27.9,0 27.2,0.6 31.3,5 0,5 0,6 31.3,6 27.2,10.4 27.9,11 33,5.5\"\/><\/svg><\/span><\/a> \n            <input type='hidden' class='gform_hidden' name='gform_submission_method' data-js='gform_submission_method_16' value='postback' \/>\n            <input type='hidden' class='gform_hidden' name='gform_theme' data-js='gform_theme_16' id='gform_theme_16' value='gravity-theme' \/>\n            <input type='hidden' class='gform_hidden' name='gform_style_settings' data-js='gform_style_settings_16' id='gform_style_settings_16' value='[]' \/>\n            <input type='hidden' class='gform_hidden' name='is_submit_16' value='1' \/>\n            <input type='hidden' class='gform_hidden' name='gform_submit' value='16' \/>\n            \n            <input type='hidden' class='gform_hidden' name='gform_unique_id' value='' \/>\n            <input type='hidden' class='gform_hidden' name='state_16' value='WyJ7XCI2LjFcIjpcIjkxZGVmZjAxMGY2NGM4NmJlNjE3ZjgxOWFhODNmODRiXCIsXCI2LjJcIjpcIjFjZWVmYzMwMjU0OWU4YmVmNjUzOWMwYTVkMjhhMmJiXCIsXCI2LjNcIjpcIjlhMWNkNTU0NzI5NGEwOTdjZDBhYTY4NDhmNjVlZGZmXCJ9IiwiMDczNWZiODExNGNiOTcxNTU4NWM1YjYwMjJiMTA3MzgiXQ==' \/>\n            <input type='hidden' autocomplete='off' class='gform_hidden' name='gform_target_page_number_16' id='gform_target_page_number_16' value='0' \/>\n            <input type='hidden' autocomplete='off' class='gform_hidden' name='gform_source_page_number_16' id='gform_source_page_number_16' value='1' \/>\n            <input type='hidden' name='gform_field_values' value='' \/>\n            \n        <\/div>\n                        <\/form>\n                        <\/div><script type=\"text\/javascript\">\n\/* <![CDATA[ *\/\n gform.initializeOnLoaded( function() {gformInitSpinner( 16, 'https:\/\/theinvisiblecollection.com\/wp-content\/plugins\/gravityforms\/images\/spinner.svg', true );jQuery('#gform_ajax_frame_16').on('load',function(){var contents = jQuery(this).contents().find('*').html();var is_postback = contents.indexOf('GF_AJAX_POSTBACK') >= 0;if(!is_postback){return;}var form_content = jQuery(this).contents().find('#gform_wrapper_16');var is_confirmation = jQuery(this).contents().find('#gform_confirmation_wrapper_16').length > 0;var is_redirect = contents.indexOf('gformRedirect(){') >= 0;var is_form = form_content.length > 0 && ! is_redirect && ! is_confirmation;var mt = parseInt(jQuery('html').css('margin-top'), 10) + parseInt(jQuery('body').css('margin-top'), 10) + 100;if(is_form){jQuery('#gform_wrapper_16').html(form_content.html());if(form_content.hasClass('gform_validation_error')){jQuery('#gform_wrapper_16').addClass('gform_validation_error');} else {jQuery('#gform_wrapper_16').removeClass('gform_validation_error');}setTimeout( function() { \/* delay the scroll by 50 milliseconds to fix a bug in chrome *\/  }, 50 );if(window['gformInitDatepicker']) {gformInitDatepicker();}if(window['gformInitPriceFields']) {gformInitPriceFields();}var current_page = jQuery('#gform_source_page_number_16').val();gformInitSpinner( 16, 'https:\/\/theinvisiblecollection.com\/wp-content\/plugins\/gravityforms\/images\/spinner.svg', true );jQuery(document).trigger('gform_page_loaded', [16, current_page]);window['gf_submitting_16'] = false;}else if(!is_redirect){var confirmation_content = jQuery(this).contents().find('.GF_AJAX_POSTBACK').html();if(!confirmation_content){confirmation_content = contents;}jQuery('#gform_wrapper_16').replaceWith(confirmation_content);jQuery(document).trigger('gform_confirmation_loaded', [16]);window['gf_submitting_16'] = false;wp.a11y.speak(jQuery('#gform_confirmation_message_16').text());}else{jQuery('#gform_16').append(contents);if(window['gformRedirect']) {gformRedirect();}}jQuery(document).trigger(\"gform_pre_post_render\", [{ formId: \"16\", currentPage: \"current_page\", abort: function() { this.preventDefault(); } }]);        if (event && event.defaultPrevented) {                return;        }        const gformWrapperDiv = document.getElementById( \"gform_wrapper_16\" );        if ( gformWrapperDiv ) {            const visibilitySpan = document.createElement( \"span\" );            visibilitySpan.id = \"gform_visibility_test_16\";            gformWrapperDiv.insertAdjacentElement( \"afterend\", visibilitySpan );        }        const visibilityTestDiv = document.getElementById( \"gform_visibility_test_16\" );        let postRenderFired = false;        function triggerPostRender() {            if ( postRenderFired ) {                return;            }            postRenderFired = true;            gform.core.triggerPostRenderEvents( 16, current_page );            if ( visibilityTestDiv ) {                visibilityTestDiv.parentNode.removeChild( visibilityTestDiv );            }        }        function debounce( func, wait, immediate ) {            var timeout;            return function() {                var context = this, args = arguments;                var later = function() {                    timeout = null;                    if ( !immediate ) func.apply( context, args );                };                var callNow = immediate && !timeout;                clearTimeout( timeout );                timeout = setTimeout( later, wait );                if ( callNow ) func.apply( context, args );            };        }        const debouncedTriggerPostRender = debounce( function() {            triggerPostRender();        }, 200 );        if ( visibilityTestDiv && visibilityTestDiv.offsetParent === null ) {            const observer = new MutationObserver( ( mutations ) => {                mutations.forEach( ( mutation ) => {                    if ( mutation.type === 'attributes' && visibilityTestDiv.offsetParent !== null ) {                        debouncedTriggerPostRender();                        observer.disconnect();                    }                });            });            observer.observe( document.body, {                attributes: true,                childList: false,                subtree: true,                attributeFilter: [ 'style', 'class' ],            });        } else {            triggerPostRender();        }    } );} ); \n\/* ]]> *\/\n<\/script>\n\n","protected":false},"excerpt":{"rendered":"<p>E-commerce Content Intern Lieu : Londres \/ Paris D\u00e9but : d\u00e8s que possible Dur\u00e9e\u00a0: 6 mois Vous avez un esprit entrepreneur et aspirez \u00e0 rejoindre une \u00e9quipe dynamique et stimulante o\u00f9 vous jouerez un r\u00f4le actif dans la cr\u00e9ation de contenus\u00a0? Rejoignez l\u2019\u00e9quipe Sourcing d\u2019Invisible Collection afin d\u2019exploiter votre int\u00e9r\u00eat pour le marketing digital et [&hellip;]<\/p>\n","protected":false},"author":13337,"featured_media":0,"parent":1382,"menu_order":0,"comment_status":"closed","ping_status":"closed","template":"","meta":{"_acf_changed":false,"content-type":"","_themeisle_gutenberg_block_has_review":false,"footnotes":""},"class_list":["post-5359867","page","type-page","status-publish","hentry"],"acf":[],"_links":{"self":[{"href":"https:\/\/theinvisiblecollection.com\/fr\/wp-json\/wp\/v2\/pages\/5359867","targetHints":{"allow":["GET"]}}],"collection":[{"href":"https:\/\/theinvisiblecollection.com\/fr\/wp-json\/wp\/v2\/pages"}],"about":[{"href":"https:\/\/theinvisiblecollection.com\/fr\/wp-json\/wp\/v2\/types\/page"}],"author":[{"embeddable":true,"href":"https:\/\/theinvisiblecollection.com\/fr\/wp-json\/wp\/v2\/users\/13337"}],"replies":[{"embeddable":true,"href":"https:\/\/theinvisiblecollection.com\/fr\/wp-json\/wp\/v2\/comments?post=5359867"}],"version-history":[{"count":0,"href":"https:\/\/theinvisiblecollection.com\/fr\/wp-json\/wp\/v2\/pages\/5359867\/revisions"}],"up":[{"embeddable":true,"href":"https:\/\/theinvisiblecollection.com\/fr\/wp-json\/wp\/v2\/pages\/1382"}],"wp:attachment":[{"href":"https:\/\/theinvisiblecollection.com\/fr\/wp-json\/wp\/v2\/media?parent=5359867"}],"curies":[{"name":"wp","href":"https:\/\/api.w.org\/{rel}","templated":true}]}}