{"id":54355,"date":"2020-09-08T13:51:11","date_gmt":"2020-09-08T13:51:11","guid":{"rendered":"https:\/\/www.theinvisiblecollection.com\/?page_id=54355"},"modified":"2021-07-09T08:30:18","modified_gmt":"2021-07-09T07:30:18","slug":"the-craft-project","status":"publish","type":"page","link":"https:\/\/theinvisiblecollection.com\/fr\/the-craft-project\/","title":{"rendered":"Podcast : The Craft Project"},"content":{"rendered":"<p style=\"text-align: center;\"><a href=\"https:\/\/thecraftproject.simplecast.com\/\"><u>The Craft Project<\/u><\/a> est le podcast engag\u00e9 produit par <a href=\"https:\/\/www.metiers-rares.com\/\"><u>M\u00e9tiers Rares<\/u><\/a> pour faire entendre l\u2019esprit des m\u00e9tiers d\u2019art.<br \/>\n<a href=\"https:\/\/www.instagram.com\/raphaelle_metiers_rares\/?hl=fr\"><u>Rapha\u00eblle Le Baud<\/u> y propose des conversations intimes avec des artisan.e.s d\u2019art mais aussi avec des cr\u00e9ateurs habit\u00e9s par l\u2019excellence et la cr\u00e9ativit\u00e9.<br \/>\nPour parler \u00e0 nos coeurs de faiseurs, de chercheurs de sens et de r\u00eaveurs.<\/a><\/p>\n<p style=\"text-align: center;\">The Invisible Collection, cr\u00e9\u00e9 en 2016 \u00e0 Londres par trois fran\u00e7aises passionn\u00e9es de d\u00e9coration, d&#8217;architecture d&#8217;int\u00e9rieur et de savoir faire d&#8217;exception est heureux de proposer en ligne sur son site l&#8217;\u00e9coute de The Craft Project.<\/p>\n","protected":false},"excerpt":{"rendered":"<p>The Craft Project est le podcast engag\u00e9 produit par M\u00e9tiers Rares pour faire entendre l\u2019esprit des m\u00e9tiers d\u2019art. Rapha\u00eblle Le Baud y propose des conversations intimes avec des artisan.e.s d\u2019art mais aussi avec des cr\u00e9ateurs habit\u00e9s par l\u2019excellence et la cr\u00e9ativit\u00e9. Pour parler \u00e0 nos coeurs de faiseurs, de chercheurs de sens et de r\u00eaveurs. [&hellip;]<\/p>\n","protected":false},"author":170,"featured_media":48821,"parent":0,"menu_order":0,"comment_status":"closed","ping_status":"closed","template":"page-templates\/template-podcast.php","meta":{"_acf_changed":false,"content-type":"","_themeisle_gutenberg_block_has_review":false,"footnotes":""},"class_list":["post-54355","page","type-page","status-publish","has-post-thumbnail","hentry"],"acf":[],"_links":{"self":[{"href":"https:\/\/theinvisiblecollection.com\/fr\/wp-json\/wp\/v2\/pages\/54355","targetHints":{"allow":["GET"]}}],"collection":[{"href":"https:\/\/theinvisiblecollection.com\/fr\/wp-json\/wp\/v2\/pages"}],"about":[{"href":"https:\/\/theinvisiblecollection.com\/fr\/wp-json\/wp\/v2\/types\/page"}],"author":[{"embeddable":true,"href":"https:\/\/theinvisiblecollection.com\/fr\/wp-json\/wp\/v2\/users\/170"}],"replies":[{"embeddable":true,"href":"https:\/\/theinvisiblecollection.com\/fr\/wp-json\/wp\/v2\/comments?post=54355"}],"version-history":[{"count":0,"href":"https:\/\/theinvisiblecollection.com\/fr\/wp-json\/wp\/v2\/pages\/54355\/revisions"}],"wp:featuredmedia":[{"embeddable":true,"href":"https:\/\/theinvisiblecollection.com\/fr\/wp-json\/wp\/v2\/media\/48821"}],"wp:attachment":[{"href":"https:\/\/theinvisiblecollection.com\/fr\/wp-json\/wp\/v2\/media?parent=54355"}],"curies":[{"name":"wp","href":"https:\/\/api.w.org\/{rel}","templated":true}]}}