{"id":5732858,"date":"2025-01-28T06:03:49","date_gmt":"2025-01-28T06:03:49","guid":{"rendered":"https:\/\/theinvisiblecollection.com\/carrieres\/site-merchandiser\/"},"modified":"2025-01-28T06:15:48","modified_gmt":"2025-01-28T06:15:48","slug":"site-merchandiser","status":"publish","type":"page","link":"https:\/\/theinvisiblecollection.com\/fr\/carrieres\/site-merchandiser\/","title":{"rendered":"Charg\u00e9 du Merchandising Digital"},"content":{"rendered":"<h1>Charg\u00e9 du Merchandising Digital<\/h1>\n<p><strong>Job Description:<\/strong> Charg\u00e9 du Merchandising Digital<br \/>\n<strong>Workplace:<\/strong> Londres, Paris, Remote.<br \/>\n<strong>Salaire :<\/strong> \u20ac30,000 &#8211; \u20ac35,000  per annum<\/p>\n<p>The Invisible Collection (<a href=\"https:\/\/theinvisiblecollection.com\/fr\/\">www.theinvisiblecollection.com<\/a>) est une plateforme e-commerce ind\u00e9pendante et en forte croissance, qui vend et promeut le meilleur du mobilier collectible contemporain. Design, artisanat d\u2019art et savoir-faire.<\/p>\n<p>Nous proposons une exp\u00e9rience d\u2019achat de luxe sur-mesure, en cultivant des relations exclusives et personnalis\u00e9es avec les plus grands deco star et une client\u00e8le internationale. Qu\u2019il s\u2019agisse d\u2019achats en ligne ou de rencontres dans nos showrooms priv\u00e9s, chaque interaction est r\u00e9alis\u00e9e avec soin.<\/p>\n<p>Nous r\u00e9inventons l\u2019art du shopping deco grace a notre pr\u00e9sence mondiale, un service de livraison international, des showrooms priv\u00e9s, un accompagnement sur-mesure, des \u00e9v\u00e9nements exclusifs et un support client disponible 24h\/24 et 7j\/7.<\/p>\n<p>Nos bureaux situ\u00e9s \u00e0 Paris, Londres, New York, Los Angeles, Singapour et Mumbai refl\u00e8tent notre engagement international. Tele travail authorise. <\/p>\n<h2><strong>Vos Missions<\/strong><\/h2>\n<p><strong>1. Gestion de l\u2019Affichage des Produits :<\/strong><\/p>\n<ul>\n<li>Organiser les produits sur les pages de cat\u00e9gories ou de listings pour optimiser l\u2019exp\u00e9rience utilisateur et les ventes.<\/li>\n<li>Mettre \u00e0 jour les pages d\u2019accueil.<\/li>\n<li>G\u00e9rer les cat\u00e9gories de produits et la navigation.<\/li>\n<\/ul>\n<p><strong>2. Gestion de Contenu :<\/strong><\/p>\n<ul>\n<li>T\u00e9l\u00e9charger et g\u00e9rer les banni\u00e8res, graphiques promotionnels et pages de contenu.<\/li>\n<li>Veiller \u00e0 l\u2019exactitude et \u00e0 l\u2019attrait des descriptions de produits, images et m\u00e9tadonn\u00e9es.<\/li>\n<\/ul>\n<p><strong>3. Coordination de Campagnes :<\/strong><\/p>\n<ul>\n<li>Collaborer avec les \u00e9quipes marketing et contenu pour mettre en place des promotions saisonni\u00e8res ou des remises.<\/li>\n<li>Cr\u00e9er des pages de destination pour les ventes ou les lancements de nouveaux produits.<\/li>\n<\/ul>\n<p><strong>4. D\u00e9cisions Bas\u00e9es sur les Donn\u00e9es :<\/strong><\/p>\n<ul>\n<li>Analyser les ventes, le trafic et les donn\u00e9es de comportement des clients pour optimiser le placement des produits.<\/li>\n<li>Tester l\u2019efficacit\u00e9 des banni\u00e8res, des mises en page et des appels \u00e0 l\u2019action (A\/B testing).<\/li>\n<\/ul>\n<p><strong>5. Gestion des Stocks :<\/strong><\/p>\n<ul>\n<li>Veiller \u00e0 ce que les produits affich\u00e9s sur le site soient en stock et pr\u00eats \u00e0 \u00eatre exp\u00e9di\u00e9s.<\/li>\n<li>Coordonner avec les \u00e9quipes de gestion des stocks pour \u00e9viter les ruptures de stock ou les surr\u00e9servations.<\/li>\n<\/ul>\n<p><strong>6. SEO et Optimisation des Conversions :<\/strong><\/p>\n<ul>\n<li>Mettre en \u0153uvre des strat\u00e9gies pour am\u00e9liorer la visibilit\u00e9 des produits dans les moteurs de recherche.<\/li>\n<li>Optimiser les pages produits pour augmenter les taux de conversion.<\/li>\n<\/ul>\n<p><strong>7. Gestion des Projets E-commerce :<\/strong><\/p>\n<ul>\n<li>Planifier, coordonner et ex\u00e9cuter des projets digitaux du d\u00e9but \u00e0 la fin.<\/li>\n<li>D\u00e9finir la port\u00e9e, les objectifs et les livrables des projets en collaboration avec les parties prenantes.<\/li>\n<li>Suivre l\u2019avancement des projets et ajuster les plans si n\u00e9cessaire pour assurer une livraison dans les d\u00e9lais.<\/li>\n<li>Veiller \u00e0 ce que tous les projets respectent les standards de qualit\u00e9 et les directives de la marque.<\/li>\n<li>Effectuer des tests rigoureux et valider les livrables digitaux.<\/li>\n<li>Pr\u00e9parer une documentation d\u00e9taill\u00e9e, y compris des rapports d\u2019avancement et des indicateurs de performance (KPI).<\/li>\n<li>Maintenir des dossiers complets sur toutes les activit\u00e9s des projets.<\/li>\n<\/ul>\n<h2><strong>Nous recherchons une personne ayant :<\/strong><\/h2>\n<ul>\n<li>De l\u2019exp\u00e9rience dans les op\u00e9rations digitales et le merchandising dans les secteurs du mobilier, de la mode ou. du luxe.<\/li>\n<li>Une familiarit\u00e9 avec les outils de gestion de projet, les syst\u00e8mes de ticketing et la planification de feuilles de route.<\/li>\n<li>Une compr\u00e9hension des besoins commerciaux cl\u00e9s du e-commerce et de l\u2019impact des am\u00e9liorations technologiques sur le commerce \u00e0 court et long terme ainsi que sur l\u2019exp\u00e9rience client.<\/li>\n<\/ul>\n<h2><strong>Nous recherchons une personne qui est :<\/strong><\/h2>\n<ul>\n<li>Communicative avec une ma\u00eetrise \u00e9crite et orale de l\u2019anglais ; la ma\u00eetrise du fran\u00e7ais serait un atout.<\/li>\n<li>Tr\u00e8s organis\u00e9 avec la capacit\u00e9 de planifier, de g\u00e9rer plusieurs t\u00e2ches et de respecter des d\u00e9lais serr\u00e9s.<\/li>\n<li>Motiv\u00e9 par le travail dans un environnement dynamique et en \u00e9volution rapide.<\/li>\n<li>Positive, orient\u00e9e solutions et proactive.<\/li>\n<li>Exp\u00e9riment\u00e9e dans l\u2019\u00e9tablissement de relations fructueuses avec des agences externes et des parties prenantes internes.<\/li>\n<li>Capable de travailler en \u00e9quipe et de diriger tout en obtenant le meilleur des personnes et des projets supervis\u00e9s.<\/li>\n<li>Flexible avec la capacit\u00e9 de &#8220;mettre la main \u00e0 la p\u00e2te&#8221; et de soutenir d\u2019autres domaines de l\u2019\u00e9quipe e-commerce si n\u00e9cessaire.<\/li>\n<li>Enthousiaste et d\u00e9sireuse de se d\u00e9velopper dans le e-commerce.<\/li>\n<\/ul>\n<p><strong>Pour postuler<\/strong>, veuillez soit remplir le formulaire ci-dessous, soit envoyer un CV \u00e0 jour accompagn\u00e9 d&#8217;une lettre de motivation expliquant pourquoi vous pensez \u00eatre un excellent candidat pour ce poste \u00e0 l&#8217;adresse suivante : <a href=\"mailto:recruitment@theinvisiblecollection.com\">recruitment@theinvisiblecollection.com<\/a><\/p>\n<p>The Invisible Collection est un employeur offrant l&#8217;\u00e9galit\u00e9 des chances, et aucune terminologie utilis\u00e9e dans cette annonce n&#8217;a pour objectif de discriminer sur la base du genre, de la race, de la couleur, de la religion, des convictions, du handicap, de l&#8217;\u00e2ge, du sexe, de l&#8217;orientation sexuelle ou de toute autre cat\u00e9gorie prot\u00e9g\u00e9e par la loi en vigueur.<\/p>\n<p>Pour en savoir plus sur la gestion et le traitement de vos informations personnelles par The Invisible Collection, veuillez consulter notre politique de confidentialit\u00e9 sur <a href=\"https:\/\/theinvisiblecollection.com\/fr\/confidentialite\/\" rel=\"noopener\" target=\"_blank\">https:\/\/theinvisiblecollection.com\/fr\/confidentialite\/<\/a><\/p>\n<p>Suivez The Invisible Collection sur <a href=\"https:\/\/www.linkedin.com\/company\/theinvisiblecollection\" rel=\"noopener\" target=\"_blank\">LinkedIn<\/a> et <a href=\"https:\/\/www.instagram.com\/theinvisiblecollection\/\" rel=\"noopener\" target=\"_blank\">Instagram<\/a><\/p>\n<script type=\"text\/javascript\">\n\/* <![CDATA[ *\/\nvar gform;gform||(document.addEventListener(\"gform_main_scripts_loaded\",function(){gform.scriptsLoaded=!0}),document.addEventListener(\"gform\/theme\/scripts_loaded\",function(){gform.themeScriptsLoaded=!0}),window.addEventListener(\"DOMContentLoaded\",function(){gform.domLoaded=!0}),gform={domLoaded:!1,scriptsLoaded:!1,themeScriptsLoaded:!1,isFormEditor:()=>\"function\"==typeof InitializeEditor,callIfLoaded:function(o){return!(!gform.domLoaded||!gform.scriptsLoaded||!gform.themeScriptsLoaded&&!gform.isFormEditor()||(gform.isFormEditor()&&console.warn(\"The use of gform.initializeOnLoaded() is deprecated in the form editor context and will be removed in Gravity Forms 3.1.\"),o(),0))},initializeOnLoaded:function(o){gform.callIfLoaded(o)||(document.addEventListener(\"gform_main_scripts_loaded\",()=>{gform.scriptsLoaded=!0,gform.callIfLoaded(o)}),document.addEventListener(\"gform\/theme\/scripts_loaded\",()=>{gform.themeScriptsLoaded=!0,gform.callIfLoaded(o)}),window.addEventListener(\"DOMContentLoaded\",()=>{gform.domLoaded=!0,gform.callIfLoaded(o)}))},hooks:{action:{},filter:{}},addAction:function(o,r,e,t){gform.addHook(\"action\",o,r,e,t)},addFilter:function(o,r,e,t){gform.addHook(\"filter\",o,r,e,t)},doAction:function(o){gform.doHook(\"action\",o,arguments)},applyFilters:function(o){return gform.doHook(\"filter\",o,arguments)},removeAction:function(o,r){gform.removeHook(\"action\",o,r)},removeFilter:function(o,r,e){gform.removeHook(\"filter\",o,r,e)},addHook:function(o,r,e,t,n){null==gform.hooks[o][r]&&(gform.hooks[o][r]=[]);var d=gform.hooks[o][r];null==n&&(n=r+\"_\"+d.length),gform.hooks[o][r].push({tag:n,callable:e,priority:t=null==t?10:t})},doHook:function(r,o,e){var t;if(e=Array.prototype.slice.call(e,1),null!=gform.hooks[r][o]&&((o=gform.hooks[r][o]).sort(function(o,r){return o.priority-r.priority}),o.forEach(function(o){\"function\"!=typeof(t=o.callable)&&(t=window[t]),\"action\"==r?t.apply(null,e):e[0]=t.apply(null,e)})),\"filter\"==r)return e[0]},removeHook:function(o,r,t,n){var e;null!=gform.hooks[o][r]&&(e=(e=gform.hooks[o][r]).filter(function(o,r,e){return!!(null!=n&&n!=o.tag||null!=t&&t!=o.priority)}),gform.hooks[o][r]=e)}});\n\/* ]]> *\/\n<\/script>\n\n                <div class='gf_browser_gecko gform_wrapper gravity-theme gform-theme--no-framework career-form_wrapper' data-form-theme='gravity-theme' data-form-index='0' id='gform_wrapper_16' >\n                        <div class='gform_heading'>\n                            <h2 class=\"gform_title\">Soumettre ma candidature<\/h2>\n\t\t\t\t\t\t\t<p class='gform_required_legend'>\u00ab\u00a0<span class=\"gfield_required gfield_required_asterisk\">*<\/span>\u00a0\u00bb indique les champs n\u00e9cessaires<\/p>\n                        <\/div><form method='post' enctype='multipart\/form-data'  id='gform_16' class='career-form' action='\/fr\/wp-json\/wp\/v2\/pages\/5732858' data-formid='16' novalidate><div class='gf_invisible ginput_recaptchav3' data-sitekey='6LfKfY0nAAAAAMWAADQEKkTEkd2lmzy0kQuuwqer' data-tabindex='0'><input id=\"input_62c894f2ee9f4fa66cf4e125a5ac8862\" class=\"gfield_recaptcha_response\" type=\"hidden\" name=\"input_62c894f2ee9f4fa66cf4e125a5ac8862\" value=\"\"\/><\/div>\n                        <div class='gform-body gform_body'><div id='gform_fields_16' class='gform_fields top_label form_sublabel_below description_below validation_below'><fieldset id=\"field_16_1\" class=\"gfield gfield--type-name gfield--input-type-name gfield_contains_required field_sublabel_above gfield--no-description field_description_below field_validation_below gfield_visibility_visible\"  ><legend class='gfield_label gform-field-label gfield_label_before_complex' >Votre nom<span class=\"gfield_required\"><span class=\"gfield_required gfield_required_asterisk\">*<\/span><\/span><\/legend><div class='ginput_complex ginput_container ginput_container--name no_prefix has_first_name no_middle_name has_last_name no_suffix gf_name_has_2 ginput_container_name gform-grid-row' id='input_16_1'>\n                            \n                            <span id='input_16_1_3_container' class='name_first gform-grid-col gform-grid-col--size-auto' >\n                                                    <label for='input_16_1_3' class='gform-field-label gform-field-label--type-sub '>Pr\u00e9nom<\/label>\n                                                    <input type='text' name='input_1.3' id='input_16_1_3' value=''   aria-required='true'     \/>\n                                                <\/span>\n                            \n                            <span id='input_16_1_6_container' class='name_last gform-grid-col gform-grid-col--size-auto' >\n                                                            <label for='input_16_1_6' class='gform-field-label gform-field-label--type-sub '>Nom<\/label>\n                                                            <input type='text' name='input_1.6' id='input_16_1_6' value=''   aria-required='true'     \/>\n                                                        <\/span>\n                            \n                        <\/div><\/fieldset><div id=\"field_16_2\" class=\"gfield gfield--type-phone gfield--input-type-phone gfield--width-half gfield_contains_required field_sublabel_below gfield--no-description field_description_below field_validation_below gfield_visibility_visible\"  ><label class='gfield_label gform-field-label' for='input_16_2'>Le meilleur num\u00e9ro de t\u00e9l\u00e9phone pour vous appeler<span class=\"gfield_required\"><span class=\"gfield_required gfield_required_asterisk\">*<\/span><\/span><\/label><div class='ginput_container ginput_container_phone'><input name='input_2' id='input_16_2' type='tel' value='' class='large'   aria-required=\"true\" aria-invalid=\"false\"   \/><\/div><\/div><div id=\"field_16_3\" class=\"gfield gfield--type-email gfield--input-type-email gfield--width-half gfield_contains_required field_sublabel_below gfield--no-description field_description_below field_validation_below gfield_visibility_visible\"  ><label class='gfield_label gform-field-label' for='input_16_3'>Votre email<span class=\"gfield_required\"><span class=\"gfield_required gfield_required_asterisk\">*<\/span><\/span><\/label><div class='ginput_container ginput_container_email'>\n                            <input name='input_3' id='input_16_3' type='email' value='' class='large'    aria-required=\"true\" aria-invalid=\"false\"  \/>\n                        <\/div><\/div><div id=\"field_16_4\" class=\"gfield gfield--type-fileupload gfield--input-type-fileupload gfield--width-half gfield_contains_required field_sublabel_below gfield--no-description field_description_below field_validation_below gfield_visibility_visible\"  ><label class='gfield_label gform-field-label' for='input_16_4'>Merci de t\u00e9l\u00e9charger votre CV<span class=\"gfield_required\"><span class=\"gfield_required gfield_required_asterisk\">*<\/span><\/span><\/label><div class='ginput_container ginput_container_fileupload'><input type='hidden' name='MAX_FILE_SIZE' value='67108864' \/><input name='input_4' id='input_16_4' type='file' class='medium' aria-describedby=\"gfield_upload_rules_16_4\" onchange='javascript:gformValidateFileSize( this, 67108864 );'  \/><span class='gfield_description gform_fileupload_rules' id='gfield_upload_rules_16_4'>Types de fichiers accept\u00e9s\u00a0: pdf, Taille max. des fichiers\u00a0: 64 MB.<\/span><div class='gfield_description validation_message gfield_validation_message validation_message--hidden-on-empty' id='live_validation_message_16_4'><\/div> <\/div><\/div><div id=\"field_16_5\" class=\"gfield gfield--type-fileupload gfield--input-type-fileupload gfield--width-half field_sublabel_below gfield--no-description field_description_below field_validation_below gfield_visibility_visible\"  ><label class='gfield_label gform-field-label' for='input_16_5'>Merci de t\u00e9l\u00e9charger votre lettre de motivation<\/label><div class='ginput_container ginput_container_fileupload'><input type='hidden' name='MAX_FILE_SIZE' value='67108864' \/><input name='input_5' id='input_16_5' type='file' class='medium' aria-describedby=\"gfield_upload_rules_16_5\" onchange='javascript:gformValidateFileSize( this, 67108864 );'  \/><span class='gfield_description gform_fileupload_rules' id='gfield_upload_rules_16_5'>Types de fichiers accept\u00e9s\u00a0: pdf, Taille max. des fichiers\u00a0: 64 MB.<\/span><div class='gfield_description validation_message gfield_validation_message validation_message--hidden-on-empty' id='live_validation_message_16_5'><\/div> <\/div><\/div><fieldset id=\"field_16_6\" class=\"gfield gfield--type-consent gfield--type-choice gfield--input-type-consent cb-career gfield_contains_required field_sublabel_below gfield--no-description field_description_below field_validation_below gfield_visibility_visible\"  ><legend class='gfield_label gform-field-label screen-reader-text gfield_label_before_complex' ><span class=\"gfield_required\"><span class=\"gfield_required gfield_required_asterisk\">*<\/span><\/span><\/legend><div class='ginput_container ginput_container_consent'><input name='input_6.1' id='input_16_6_1' type='checkbox' value='1'   aria-required=\"true\" aria-invalid=\"false\"   \/> <label class=\"gform-field-label gform-field-label--type-inline gfield_consent_label\" for='input_16_6_1' >J\u2019accepte la politique de confidentialit\u00e9.<\/label><input type='hidden' name='input_6.2' value='J\u2019accepte la politique de confidentialit\u00e9.' class='gform_hidden' \/><input type='hidden' name='input_6.3' value='5' class='gform_hidden' \/><\/div><\/fieldset><div id=\"field_16_7\" class=\"gfield gfield--type-hidden gfield--input-type-hidden gfield--width-full gform_hidden field_sublabel_below gfield--no-description field_description_below field_validation_below gfield_visibility_visible\"  ><div class='ginput_container ginput_container_text'><input name='input_7' id='input_16_7' type='hidden' class='gform_hidden'  aria-invalid=\"false\" value='fr' \/><\/div><\/div><\/div><\/div>\n        <div class='gform-footer gform_footer top_label'> <button type='submit' id='gform_submit_button_16' class='btn btn--icon btn--icon-arrow display-block space-mx-auto || gform_button' onclick='gform.submission.handleButtonClick(this);' data-submission-type='submit' value='Envoyer'  ><span class=\"btn__container\"><span class=\"btn__line\"><\/span><span>Envoyer<\/span><svg width=\"33px\" height=\"11px\" viewBox=\"0 0 33 11\"><polygon fill=\"currentColor\" points=\"27.9,0 27.2,0.6 31.3,5 0,5 0,6 31.3,6 27.2,10.4 27.9,11 33,5.5\"\/><\/svg><\/span><\/a> \n            <input type='hidden' class='gform_hidden' name='gform_submission_method' data-js='gform_submission_method_16' value='postback' \/>\n            <input type='hidden' class='gform_hidden' name='gform_theme' data-js='gform_theme_16' id='gform_theme_16' value='gravity-theme' \/>\n            <input type='hidden' class='gform_hidden' name='gform_style_settings' data-js='gform_style_settings_16' id='gform_style_settings_16' value='[]' \/>\n            <input type='hidden' class='gform_hidden' name='is_submit_16' value='1' \/>\n            <input type='hidden' class='gform_hidden' name='gform_submit' value='16' \/>\n            \n            <input type='hidden' class='gform_hidden' name='gform_unique_id' value='' \/>\n            <input type='hidden' class='gform_hidden' name='state_16' value='WyJ7XCI2LjFcIjpcIjkxZGVmZjAxMGY2NGM4NmJlNjE3ZjgxOWFhODNmODRiXCIsXCI2LjJcIjpcIjFjZWVmYzMwMjU0OWU4YmVmNjUzOWMwYTVkMjhhMmJiXCIsXCI2LjNcIjpcIjlhMWNkNTU0NzI5NGEwOTdjZDBhYTY4NDhmNjVlZGZmXCJ9IiwiMDczNWZiODExNGNiOTcxNTU4NWM1YjYwMjJiMTA3MzgiXQ==' \/>\n            <input type='hidden' autocomplete='off' class='gform_hidden' name='gform_target_page_number_16' id='gform_target_page_number_16' value='0' \/>\n            <input type='hidden' autocomplete='off' class='gform_hidden' name='gform_source_page_number_16' id='gform_source_page_number_16' value='1' \/>\n            <input type='hidden' name='gform_field_values' value='' \/>\n            \n        <\/div>\n                        <\/form>\n                        <\/div><script type=\"text\/javascript\">\n\/* <![CDATA[ *\/\n gform.initializeOnLoaded( function() {gformInitSpinner( 16, 'https:\/\/theinvisiblecollection.com\/wp-content\/plugins\/gravityforms\/images\/spinner.svg', true );jQuery('#gform_ajax_frame_16').on('load',function(){var contents = jQuery(this).contents().find('*').html();var is_postback = contents.indexOf('GF_AJAX_POSTBACK') >= 0;if(!is_postback){return;}var form_content = jQuery(this).contents().find('#gform_wrapper_16');var is_confirmation = jQuery(this).contents().find('#gform_confirmation_wrapper_16').length > 0;var is_redirect = contents.indexOf('gformRedirect(){') >= 0;var is_form = form_content.length > 0 && ! is_redirect && ! is_confirmation;var mt = parseInt(jQuery('html').css('margin-top'), 10) + parseInt(jQuery('body').css('margin-top'), 10) + 100;if(is_form){jQuery('#gform_wrapper_16').html(form_content.html());if(form_content.hasClass('gform_validation_error')){jQuery('#gform_wrapper_16').addClass('gform_validation_error');} else {jQuery('#gform_wrapper_16').removeClass('gform_validation_error');}setTimeout( function() { \/* delay the scroll by 50 milliseconds to fix a bug in chrome *\/  }, 50 );if(window['gformInitDatepicker']) {gformInitDatepicker();}if(window['gformInitPriceFields']) {gformInitPriceFields();}var current_page = jQuery('#gform_source_page_number_16').val();gformInitSpinner( 16, 'https:\/\/theinvisiblecollection.com\/wp-content\/plugins\/gravityforms\/images\/spinner.svg', true );jQuery(document).trigger('gform_page_loaded', [16, current_page]);window['gf_submitting_16'] = false;}else if(!is_redirect){var confirmation_content = jQuery(this).contents().find('.GF_AJAX_POSTBACK').html();if(!confirmation_content){confirmation_content = contents;}jQuery('#gform_wrapper_16').replaceWith(confirmation_content);jQuery(document).trigger('gform_confirmation_loaded', [16]);window['gf_submitting_16'] = false;wp.a11y.speak(jQuery('#gform_confirmation_message_16').text());}else{jQuery('#gform_16').append(contents);if(window['gformRedirect']) {gformRedirect();}}jQuery(document).trigger(\"gform_pre_post_render\", [{ formId: \"16\", currentPage: \"current_page\", abort: function() { this.preventDefault(); } }]);        if (event && event.defaultPrevented) {                return;        }        const gformWrapperDiv = document.getElementById( \"gform_wrapper_16\" );        if ( gformWrapperDiv ) {            const visibilitySpan = document.createElement( \"span\" );            visibilitySpan.id = \"gform_visibility_test_16\";            gformWrapperDiv.insertAdjacentElement( \"afterend\", visibilitySpan );        }        const visibilityTestDiv = document.getElementById( \"gform_visibility_test_16\" );        let postRenderFired = false;        function triggerPostRender() {            if ( postRenderFired ) {                return;            }            postRenderFired = true;            gform.core.triggerPostRenderEvents( 16, current_page );            if ( visibilityTestDiv ) {                visibilityTestDiv.parentNode.removeChild( visibilityTestDiv );            }        }        function debounce( func, wait, immediate ) {            var timeout;            return function() {                var context = this, args = arguments;                var later = function() {                    timeout = null;                    if ( !immediate ) func.apply( context, args );                };                var callNow = immediate && !timeout;                clearTimeout( timeout );                timeout = setTimeout( later, wait );                if ( callNow ) func.apply( context, args );            };        }        const debouncedTriggerPostRender = debounce( function() {            triggerPostRender();        }, 200 );        if ( visibilityTestDiv && visibilityTestDiv.offsetParent === null ) {            const observer = new MutationObserver( ( mutations ) => {                mutations.forEach( ( mutation ) => {                    if ( mutation.type === 'attributes' && visibilityTestDiv.offsetParent !== null ) {                        debouncedTriggerPostRender();                        observer.disconnect();                    }                });            });            observer.observe( document.body, {                attributes: true,                childList: false,                subtree: true,                attributeFilter: [ 'style', 'class' ],            });        } else {            triggerPostRender();        }    } );} ); \n\/* ]]> *\/\n<\/script>\n\n","protected":false},"excerpt":{"rendered":"<p>Charg\u00e9 du Merchandising Digital Job Description: Charg\u00e9 du Merchandising Digital Workplace: Londres, Paris, Remote. Salaire : \u20ac30,000 &#8211; \u20ac35,000 per annum The Invisible Collection (www.theinvisiblecollection.com) est une plateforme e-commerce ind\u00e9pendante et en forte croissance, qui vend et promeut le meilleur du mobilier collectible contemporain. Design, artisanat d\u2019art et savoir-faire. Nous proposons une exp\u00e9rience d\u2019achat de [&hellip;]<\/p>\n","protected":false},"author":1320,"featured_media":0,"parent":1382,"menu_order":0,"comment_status":"closed","ping_status":"closed","template":"","meta":{"_acf_changed":false,"content-type":"","_themeisle_gutenberg_block_has_review":false,"footnotes":""},"class_list":["post-5732858","page","type-page","status-publish","hentry"],"acf":[],"_links":{"self":[{"href":"https:\/\/theinvisiblecollection.com\/fr\/wp-json\/wp\/v2\/pages\/5732858","targetHints":{"allow":["GET"]}}],"collection":[{"href":"https:\/\/theinvisiblecollection.com\/fr\/wp-json\/wp\/v2\/pages"}],"about":[{"href":"https:\/\/theinvisiblecollection.com\/fr\/wp-json\/wp\/v2\/types\/page"}],"author":[{"embeddable":true,"href":"https:\/\/theinvisiblecollection.com\/fr\/wp-json\/wp\/v2\/users\/1320"}],"replies":[{"embeddable":true,"href":"https:\/\/theinvisiblecollection.com\/fr\/wp-json\/wp\/v2\/comments?post=5732858"}],"version-history":[{"count":0,"href":"https:\/\/theinvisiblecollection.com\/fr\/wp-json\/wp\/v2\/pages\/5732858\/revisions"}],"up":[{"embeddable":true,"href":"https:\/\/theinvisiblecollection.com\/fr\/wp-json\/wp\/v2\/pages\/1382"}],"wp:attachment":[{"href":"https:\/\/theinvisiblecollection.com\/fr\/wp-json\/wp\/v2\/media?parent=5732858"}],"curies":[{"name":"wp","href":"https:\/\/api.w.org\/{rel}","templated":true}]}}