{"id":100031,"date":"2021-09-30T10:00:00","date_gmt":"2021-09-30T09:00:00","guid":{"rendered":"https:\/\/theinvisiblecollection.com\/?post_type=product&#038;p=100031"},"modified":"2026-05-01T07:39:09","modified_gmt":"2026-05-01T07:39:09","slug":"studio-parisien-banc-sevigne-x-metaphores","status":"publish","type":"product","link":"https:\/\/theinvisiblecollection.com\/fr\/produit\/studio-parisien-banc-sevigne-x-metaphores\/","title":{"rendered":"Banc Sevign\u00e9 x M\u00e9taphores"},"content":{"rendered":"<p style=\"text-align: justify;\">&#8220;Sevign\u00e9&#8221; en hommage \u00e0 Madame de S\u00e9vign\u00e9, Marquise et premi\u00e8re romanci\u00e8re Fran\u00e7aise. Le banc S\u00e9vign\u00e9 de Studioparisien nous invite \u00e0 la r\u00eaverie, \u00e0 la lecture.<br \/>\nPr\u00e9curseur dans le tissage et l\u2019\u00e9dition d\u2019\u00e9toffes pour la d\u00e9coration int\u00e9rieure, M\u00e9taphores est une marque inspirante et contemporaine reconnue, rattach\u00e9e \u00e0 la fili\u00e8re textile d&#8217;Herm\u00e8s.<\/p>\n","protected":false},"excerpt":{"rendered":"<p>&#8220;Sevign\u00e9&#8221; en hommage \u00e0 Madame de S\u00e9vign\u00e9, Marquise et premi\u00e8re romanci\u00e8re Fran\u00e7aise. Le banc S\u00e9vign\u00e9 de Studioparisien nous invite \u00e0 la r\u00eaverie, \u00e0 la lecture. Pr\u00e9curseur dans le tissage et l\u2019\u00e9dition d\u2019\u00e9toffes pour la d\u00e9coration int\u00e9rieure, M\u00e9taphores est une marque inspirante et contemporaine reconnue, rattach\u00e9e \u00e0 la fili\u00e8re textile d&#8217;Herm\u00e8s.<\/p>\n","protected":false},"featured_media":101473,"template":"","meta":{"_acf_changed":false,"content-type":"","_themeisle_gutenberg_block_has_review":false},"product_brand":[],"product_cat":[8947,12499,13076],"product_tag":[14844,14845,22790,31477],"product_designer":[11987],"comfabric":[29302],"manufacturer":[16822],"reporting_designer":[37792],"samplecomfabric":[30470],"designer_clubroom":[],"class_list":{"0":"post-100031","1":"product","2":"type-product","3":"status-publish","4":"has-post-thumbnail","6":"product_cat-bancs","7":"product_cat-assises","8":"product_cat-bureau-a-la-maison","9":"product_tag-hpsa-fr","10":"product_tag-hptm-fr","11":"product_tag-disponible-immediatement","12":"product_tag-st-curvy-fr","13":"product_designer-studioparisien-fr","14":"comfabric-atelier-jouffre-lyon-fr","15":"manufacturer-atelier-jouffre-lyon-fr","16":"reporting_designer-studioparisien","17":"samplecomfabric-atelier-jouffre-lyon-fr","18":"exhibitions-paris-fr","20":"first","21":"instock","22":"taxable","23":"shipping-taxable","24":"purchasable","25":"product-type-variable"},"acf":[],"_links":{"self":[{"href":"https:\/\/theinvisiblecollection.com\/fr\/wp-json\/wp\/v2\/product\/100031","targetHints":{"allow":["GET"]}}],"collection":[{"href":"https:\/\/theinvisiblecollection.com\/fr\/wp-json\/wp\/v2\/product"}],"about":[{"href":"https:\/\/theinvisiblecollection.com\/fr\/wp-json\/wp\/v2\/types\/product"}],"wp:featuredmedia":[{"embeddable":true,"href":"https:\/\/theinvisiblecollection.com\/fr\/wp-json\/wp\/v2\/media\/101473"}],"wp:attachment":[{"href":"https:\/\/theinvisiblecollection.com\/fr\/wp-json\/wp\/v2\/media?parent=100031"}],"wp:term":[{"taxonomy":"product_brand","embeddable":true,"href":"https:\/\/theinvisiblecollection.com\/fr\/wp-json\/wp\/v2\/product_brand?post=100031"},{"taxonomy":"product_cat","embeddable":true,"href":"https:\/\/theinvisiblecollection.com\/fr\/wp-json\/wp\/v2\/product_cat?post=100031"},{"taxonomy":"product_tag","embeddable":true,"href":"https:\/\/theinvisiblecollection.com\/fr\/wp-json\/wp\/v2\/product_tag?post=100031"},{"taxonomy":"product_designer","embeddable":true,"href":"https:\/\/theinvisiblecollection.com\/fr\/wp-json\/wp\/v2\/product_designer?post=100031"},{"taxonomy":"comfabric","embeddable":true,"href":"https:\/\/theinvisiblecollection.com\/fr\/wp-json\/wp\/v2\/comfabric?post=100031"},{"taxonomy":"manufacturer","embeddable":true,"href":"https:\/\/theinvisiblecollection.com\/fr\/wp-json\/wp\/v2\/manufacturer?post=100031"},{"taxonomy":"reporting_designer","embeddable":true,"href":"https:\/\/theinvisiblecollection.com\/fr\/wp-json\/wp\/v2\/reporting_designer?post=100031"},{"taxonomy":"samplecomfabric","embeddable":true,"href":"https:\/\/theinvisiblecollection.com\/fr\/wp-json\/wp\/v2\/samplecomfabric?post=100031"},{"taxonomy":"clubroom_product_designer","embeddable":true,"href":"https:\/\/theinvisiblecollection.com\/fr\/wp-json\/wp\/v2\/designer_clubroom?post=100031"}],"curies":[{"name":"wp","href":"https:\/\/api.w.org\/{rel}","templated":true}]}}