{"id":100044,"date":"2023-05-19T09:50:00","date_gmt":"2023-05-19T08:50:00","guid":{"rendered":"https:\/\/theinvisiblecollection.com\/?post_type=product&#038;p=100044"},"modified":"2026-05-01T07:39:09","modified_gmt":"2026-05-01T07:39:09","slug":"studio-parisien-tapis-decembre","status":"publish","type":"product","link":"https:\/\/theinvisiblecollection.com\/fr\/produit\/studio-parisien-tapis-decembre\/","title":{"rendered":"Tapis \u00c0 La Fran\u00e7aise &#8211; D\u00e9cembre"},"content":{"rendered":"<p style=\"text-align: justify;\">Design par Studioparisien, un tapis comme un jardin \u00e0 la fran\u00e7aise en D\u00e9cembre, paysage et expression d\u2019un classicisme bouscul\u00e9 par un jeu graphique de pompons en topiaires. On imagine sa d\u00e9clinaison au fil des saisons.<\/p>\n","protected":false},"excerpt":{"rendered":"<p>Collection \u201cA La Fran\u00e7aise\u201d x Manufacture de Tapis de Bourgogne<br \/>\nTapis tuft\u00e9 main, en laine et soie<br \/>\nTextures velours, boucles et pompons cisel\u00e9s en topiaires<br \/>\nDimensions sur-mesure sur demande<\/p>\n<p>L 270 x l 83 cm<\/p>\n<p>Fabriqu\u00e9 \u00e0 la main en France<br \/>\nD\u00e9lais de fabrication : 8 mois<\/p>\n<p class=\"p1\"><span style=\"text-decoration: underline;\"><span class=\"s1\"><a href=\"https:\/\/www.theinvisiblecollection.com\/fr\/demande-de-devis\/?product_id=100044\" target=\"_blank\" rel=\"noopener\">Contactez-nous pour toute demande de devis ou de renseignements<\/a><\/span><\/span><\/p>\n","protected":false},"featured_media":5901254,"template":"","meta":{"_acf_changed":false,"content-type":"","_themeisle_gutenberg_block_has_review":false},"product_brand":[],"product_cat":[12540,12541],"product_tag":[14844,14845],"product_designer":[11987,24862],"comfabric":[],"manufacturer":[16762],"reporting_designer":[37792],"samplecomfabric":[],"designer_clubroom":[],"class_list":{"0":"post-100044","1":"product","2":"type-product","3":"status-publish","4":"has-post-thumbnail","6":"product_cat-tapis-fr","7":"product_cat-tufte-a-la-main","8":"product_tag-hpsa-fr","9":"product_tag-hptm-fr","10":"pa_size-dimensions-standards","11":"pa_size-dimensions-sur-mesure-fr","12":"product_designer-studioparisien-fr","13":"product_designer-manufacture-de-tapis-de-bourgogne-fr","14":"manufacturer-manufacture-de-tapis-de-bourgogne-fr","15":"reporting_designer-studioparisien","17":"first","18":"instock","19":"taxable","20":"shipping-taxable","21":"purchasable","22":"product-type-variable"},"acf":[],"_links":{"self":[{"href":"https:\/\/theinvisiblecollection.com\/fr\/wp-json\/wp\/v2\/product\/100044","targetHints":{"allow":["GET"]}}],"collection":[{"href":"https:\/\/theinvisiblecollection.com\/fr\/wp-json\/wp\/v2\/product"}],"about":[{"href":"https:\/\/theinvisiblecollection.com\/fr\/wp-json\/wp\/v2\/types\/product"}],"wp:featuredmedia":[{"embeddable":true,"href":"https:\/\/theinvisiblecollection.com\/fr\/wp-json\/wp\/v2\/media\/5901254"}],"wp:attachment":[{"href":"https:\/\/theinvisiblecollection.com\/fr\/wp-json\/wp\/v2\/media?parent=100044"}],"wp:term":[{"taxonomy":"product_brand","embeddable":true,"href":"https:\/\/theinvisiblecollection.com\/fr\/wp-json\/wp\/v2\/product_brand?post=100044"},{"taxonomy":"product_cat","embeddable":true,"href":"https:\/\/theinvisiblecollection.com\/fr\/wp-json\/wp\/v2\/product_cat?post=100044"},{"taxonomy":"product_tag","embeddable":true,"href":"https:\/\/theinvisiblecollection.com\/fr\/wp-json\/wp\/v2\/product_tag?post=100044"},{"taxonomy":"product_designer","embeddable":true,"href":"https:\/\/theinvisiblecollection.com\/fr\/wp-json\/wp\/v2\/product_designer?post=100044"},{"taxonomy":"comfabric","embeddable":true,"href":"https:\/\/theinvisiblecollection.com\/fr\/wp-json\/wp\/v2\/comfabric?post=100044"},{"taxonomy":"manufacturer","embeddable":true,"href":"https:\/\/theinvisiblecollection.com\/fr\/wp-json\/wp\/v2\/manufacturer?post=100044"},{"taxonomy":"reporting_designer","embeddable":true,"href":"https:\/\/theinvisiblecollection.com\/fr\/wp-json\/wp\/v2\/reporting_designer?post=100044"},{"taxonomy":"samplecomfabric","embeddable":true,"href":"https:\/\/theinvisiblecollection.com\/fr\/wp-json\/wp\/v2\/samplecomfabric?post=100044"},{"taxonomy":"clubroom_product_designer","embeddable":true,"href":"https:\/\/theinvisiblecollection.com\/fr\/wp-json\/wp\/v2\/designer_clubroom?post=100044"}],"curies":[{"name":"wp","href":"https:\/\/api.w.org\/{rel}","templated":true}]}}