{"id":100999,"date":"2021-10-06T10:00:00","date_gmt":"2021-10-06T09:00:00","guid":{"rendered":"https:\/\/theinvisiblecollection.com\/?post_type=product&#038;p=100999"},"modified":"2026-05-01T07:39:09","modified_gmt":"2026-05-01T07:39:09","slug":"studio-akademos-cave-a-liqueurs-elsa","status":"publish","type":"product","link":"https:\/\/theinvisiblecollection.com\/fr\/produit\/studio-akademos-cave-a-liqueurs-elsa\/","title":{"rendered":"Cave \u00e0 liqueurs Elsa"},"content":{"rendered":"<p style=\"text-align: justify;\"><span data-contrast=\"auto\">Cette collection illustre les atmosph\u00e8res uniques et flamboyantes du XX\u00e8me si\u00e8cle, r\u00e9interpr\u00e9t\u00e9es dans un style contemporain.\u00a0<\/span><span class=\"TextRun SCXW92429813 BCX0\" lang=\"FR\" xml:lang=\"FR\" data-contrast=\"none\"><span class=\"NormalTextRun SCXW92429813 BCX0\">Nomm\u00e9e en r\u00e9f\u00e9rence \u00e0\u00a0<\/span><\/span><span class=\"TextRun SCXW92429813 BCX0\" lang=\"EN-US\" xml:lang=\"EN-US\" data-contrast=\"none\"><span class=\"NormalTextRun SCXW92429813 BCX0\">Elsa Schiaparelli<\/span><\/span><span class=\"TextRun SCXW92429813 BCX0\" lang=\"FR\" xml:lang=\"FR\" data-contrast=\"none\"><span class=\"NormalTextRun SCXW92429813 BCX0\">, cette cave \u00e0 liqueurs\u00a0<\/span><span class=\"NormalTextRun SCXW92429813 BCX0\">Elsa\u00a0<\/span><span class=\"NormalTextRun SCXW92429813 BCX0\">est fabriqu\u00e9e \u00e0 la main par les meilleurs artisans italiens. <\/span><\/span><span data-contrast=\"auto\">Le noyer am\u00e9ricain laqu\u00e9, avec ses teintes brunes profondes, associ\u00e9 au luxueux cachemire Loro Piana, est un hommage aux f\u00eates somptueuses de Caf\u00e9 Society. L&#8217;acier inoxydable satin\u00e9 brillant et le laiton poli \u00e9voquent le glamour des ann\u00e9es 1970. Ces mat\u00e9riaux sont revisit\u00e9s, incorporant des \u00e9l\u00e9ments de rangement astucieux qui ajoutent une touche contemporaine \u00e0 l&#8217;ensemble.\u00a0 Chaque pi\u00e8ce porte le nom de personnages embl\u00e9matiques de ces \u00e9poques, c\u00e9l\u00e9brant le glamour de la vie nocturne et des f\u00eates somptueuses. Les dessins sont un arr\u00eat sur image \u00e9voquant ces moments fugaces, incarnant pour chacun un personnage iconique de cette \u00e9poque r\u00e9volue\u2026 ou presque.<\/span><span data-ccp-props=\"{&quot;201341983&quot;:0,&quot;335559740&quot;:259}\">\u00a0<\/span><\/p>\n","protected":false},"excerpt":{"rendered":"<p>Cave \u00e0 liqueurs avec une structure en noyer am\u00e9ricain<br \/>\nFinition laqu\u00e9e brillante et bords en laque color\u00e9e, ral 3004 couleur Purple Red<br \/>\n<a href=\"https:\/\/theinvisiblecollection.com\/wp-content\/uploads\/2021\/10\/TIC_StudioAkademos_LacquerSelection.pdf\" target=\"_blank\" rel=\"noopener\"><span style=\"text-decoration: underline;\">D\u00e9couvrez la s\u00e9lection de laques ici<\/span><\/a><br \/>\nPi\u00e8tement en acier inoxydable satin\u00e9<br \/>\nInt\u00e9rieur des rangements tapiss\u00e9s ici en laine de cachemire Taragarh de Loro Piana, couleur Piment Fort<br \/>\n<a href=\"https:\/\/theinvisiblecollection.com\/wp-content\/uploads\/2021\/10\/TIC_Studio-Akademos_Sofa_Selection.pdf\" target=\"_blank\" rel=\"noopener\"><span style=\"text-decoration: underline;\">D\u00e9couvrez la s\u00e9lection de laines de cachemire ici<\/span><\/a><br \/>\nSyst\u00e8me d&#8217;ouverture \u00e0 pression avec d\u00e9tails en laiton poli<br \/>\nPlaque en laiton numerot\u00e9e et personnalis\u00e9e<br \/>\nDimensions et finitions sur-mesure sur demande<\/p>\n<p>L 73 x l 50 x H 75 cm<\/p>\n<p><p class=\"p1\">Fabriqu\u00e9e \u00e0 la main en Italie<br \/>\nD\u00e9lais de fabrication : 8 semaines<\/p>\n<p class=\"p2\"><span style=\"text-decoration: underline;\"><a href=\"https:\/\/www.theinvisiblecollection.com\/fr\/contact-produit\/?product_id=100999\" target=\"_blank\" rel=\"noopener\">Contactez nous pour toute demande de devis ou de renseignements<\/a><\/span><\/p><\/p>\n","protected":false},"featured_media":115860,"template":"","meta":{"_acf_changed":false,"content-type":"","_themeisle_gutenberg_block_has_review":false},"product_brand":[],"product_cat":[8957,12505,12526],"product_tag":[14844,14845],"product_designer":[14572],"comfabric":[],"manufacturer":[21794],"reporting_designer":[37462],"samplecomfabric":[],"designer_clubroom":[],"class_list":{"0":"post-100999","1":"product","2":"type-product","3":"status-publish","4":"has-post-thumbnail","6":"product_cat-commodes","7":"product_cat-rangements","8":"product_cat-bars-et-cabinets","9":"product_tag-hpsa-fr","10":"product_tag-hptm-fr","11":"product_designer-studio-akademos-fr","12":"manufacturer-nalesso-fr","13":"reporting_designer-studio-akademos","15":"first","16":"instock","17":"taxable","18":"shipping-taxable","19":"purchasable","20":"product-type-variable"},"acf":[],"_links":{"self":[{"href":"https:\/\/theinvisiblecollection.com\/fr\/wp-json\/wp\/v2\/product\/100999","targetHints":{"allow":["GET"]}}],"collection":[{"href":"https:\/\/theinvisiblecollection.com\/fr\/wp-json\/wp\/v2\/product"}],"about":[{"href":"https:\/\/theinvisiblecollection.com\/fr\/wp-json\/wp\/v2\/types\/product"}],"wp:featuredmedia":[{"embeddable":true,"href":"https:\/\/theinvisiblecollection.com\/fr\/wp-json\/wp\/v2\/media\/115860"}],"wp:attachment":[{"href":"https:\/\/theinvisiblecollection.com\/fr\/wp-json\/wp\/v2\/media?parent=100999"}],"wp:term":[{"taxonomy":"product_brand","embeddable":true,"href":"https:\/\/theinvisiblecollection.com\/fr\/wp-json\/wp\/v2\/product_brand?post=100999"},{"taxonomy":"product_cat","embeddable":true,"href":"https:\/\/theinvisiblecollection.com\/fr\/wp-json\/wp\/v2\/product_cat?post=100999"},{"taxonomy":"product_tag","embeddable":true,"href":"https:\/\/theinvisiblecollection.com\/fr\/wp-json\/wp\/v2\/product_tag?post=100999"},{"taxonomy":"product_designer","embeddable":true,"href":"https:\/\/theinvisiblecollection.com\/fr\/wp-json\/wp\/v2\/product_designer?post=100999"},{"taxonomy":"comfabric","embeddable":true,"href":"https:\/\/theinvisiblecollection.com\/fr\/wp-json\/wp\/v2\/comfabric?post=100999"},{"taxonomy":"manufacturer","embeddable":true,"href":"https:\/\/theinvisiblecollection.com\/fr\/wp-json\/wp\/v2\/manufacturer?post=100999"},{"taxonomy":"reporting_designer","embeddable":true,"href":"https:\/\/theinvisiblecollection.com\/fr\/wp-json\/wp\/v2\/reporting_designer?post=100999"},{"taxonomy":"samplecomfabric","embeddable":true,"href":"https:\/\/theinvisiblecollection.com\/fr\/wp-json\/wp\/v2\/samplecomfabric?post=100999"},{"taxonomy":"clubroom_product_designer","embeddable":true,"href":"https:\/\/theinvisiblecollection.com\/fr\/wp-json\/wp\/v2\/designer_clubroom?post=100999"}],"curies":[{"name":"wp","href":"https:\/\/api.w.org\/{rel}","templated":true}]}}