{"id":101002,"date":"2021-10-08T10:15:00","date_gmt":"2021-10-08T09:15:00","guid":{"rendered":"https:\/\/theinvisiblecollection.com\/?post_type=product&#038;p=101002"},"modified":"2026-05-01T07:39:09","modified_gmt":"2026-05-01T07:39:09","slug":"studio-akademos-canape-d-angle-scott-02","status":"publish","type":"product","link":"https:\/\/theinvisiblecollection.com\/fr\/produit\/studio-akademos-canape-d-angle-scott-02\/","title":{"rendered":"Canap\u00e9 d\u2019 Angle Scott 02"},"content":{"rendered":"<p style=\"text-align: justify;\"><span data-contrast=\"auto\">Cette collection illustre les atmosph\u00e8res uniques et flamboyantes du XX\u00e8me si\u00e8cle, r\u00e9interpr\u00e9t\u00e9es dans un style contemporain. <\/span><span data-contrast=\"none\">Nomm\u00e9 en r\u00e9f\u00e9rence \u00e0 Scott Fitzerald, le canap\u00e9 d\u2019angle Scott 02 est fabriqu\u00e9 \u00e0 la main par les meilleurs artisans italiens.\u00a0<\/span><span data-contrast=\"auto\">Le noyer am\u00e9ricain laqu\u00e9, avec ses teintes brunes profondes, associ\u00e9 au luxueux cachemire Loro Piana, est un hommage aux f\u00eates somptueuses de Caf\u00e9 Society. L&#8217;acier inoxydable satin\u00e9 brillant et le laiton poli \u00e9voquent le glamour des ann\u00e9es 1970. Ces mat\u00e9riaux sont revisit\u00e9s, incorporant des \u00e9l\u00e9ments de rangement astucieux qui ajoutent une touche contemporaine \u00e0 l&#8217;ensemble.\u00a0 Chaque pi\u00e8ce porte le nom de personnages embl\u00e9matiques de ces \u00e9poques, c\u00e9l\u00e9brant le glamour de la vie nocturne et des f\u00eates somptueuses. Les dessins sont un arr\u00eat sur image \u00e9voquant ces moments fugaces, incarnant pour chacun un personnage iconique de cette \u00e9poque r\u00e9volue\u2026 ou presque.<\/span><span data-ccp-props=\"{&quot;201341983&quot;:0,&quot;335559740&quot;:259}\">\u00a0<\/span><\/p>\n","protected":false},"excerpt":{"rendered":"<p>Canap\u00e9 photographi\u00e9 ici en laine de cachemire Tiepolo de Loro Piana, couleur Piment Doux et passepoil en Taragarh, couleur Piment Doux<br \/>\n<a href=\"https:\/\/theinvisiblecollection.com\/wp-content\/uploads\/2021\/10\/TIC_Studio-Akademos_Sofa_Selection.pdf\" target=\"_blank\" rel=\"noopener\"><span style=\"text-decoration: underline;\">D\u00e9couvrez la s\u00e9lection de laine de cachemire ici<\/span><\/a><br \/>\nStructure en noyer am\u00e9ricain avec finition laqu\u00e9e brillante<br \/>\nBords en laque color\u00e9e, ral 3004 couleur Purple Red<br \/>\n<a href=\"https:\/\/theinvisiblecollection.com\/wp-content\/uploads\/2021\/10\/TIC_StudioAkademos_LacquerSelection.pdf\" target=\"_blank\" rel=\"noopener\"><span style=\"text-decoration: underline;\">D\u00e9couvrez la s\u00e9lection de laques ici<\/span><\/a><br \/>\nRangement cach\u00e9 (\u00e0 droite) avec poign\u00e9e en acier inoxydable satin\u00e9 et d\u00e9tails en laiton poli<br \/>\nEmplacement pour plante int\u00e9gr\u00e9 dans la structure de la pi\u00e8ce<br \/>\nPlaque en laiton numerot\u00e9e et personnalis\u00e9e<br \/>\nDimensions et finitions sur-mesure sur demande<\/p>\n<p>Canap\u00e9 en deux parties :<br \/>\nL 398 x l 100 x H 80 cm<br \/>\nL 318 x l 100 x H 80 cm<\/p>\n<p>Hauteur d&#8217;assise : 45 cm<br \/>\nTissu requis pour canap\u00e9 : 15 m<br \/>\nTissu requis pour passepoil et int\u00e9rieur : 4 m<\/p>\n<p><p class=\"p1\">Fabriqu\u00e9 \u00e0 la main en Italie<br \/>\nD\u00e9lais de fabrication : 8 semaines<\/p>\n<p class=\"p2\"><span style=\"text-decoration: underline;\"><a href=\"https:\/\/www.theinvisiblecollection.com\/fr\/contact-produit\/?product_id=101002\" target=\"_blank\" rel=\"noopener\">Contactez nous pour toute demande de devis ou de renseignements<\/a><\/span><\/p><\/p>\n","protected":false},"featured_media":104303,"template":"","meta":{"_acf_changed":false,"content-type":"","_themeisle_gutenberg_block_has_review":false},"product_brand":[],"product_cat":[12499,8976],"product_tag":[14845,14926,14844],"product_designer":[14572],"comfabric":[],"manufacturer":[21794],"reporting_designer":[37462],"samplecomfabric":[],"designer_clubroom":[],"class_list":{"0":"post-101002","1":"product","2":"type-product","3":"status-publish","4":"has-post-thumbnail","6":"product_cat-assises","7":"product_cat-canapes","8":"product_tag-hptm-fr","9":"product_tag-hplstfav-fr","10":"product_tag-hpsa-fr","11":"pa_piping-and-interior-fabric-loro-piana-taragarh-hunter-green-fr","12":"pa_piping-and-interior-fabric-loro-piana-taragarh-piment-doux-fr","13":"pa_piping-and-interior-fabric-loro-piana-taragarh-piment-fort-fr","14":"product_designer-studio-akademos-fr","15":"manufacturer-nalesso-fr","16":"reporting_designer-studio-akademos","18":"first","19":"instock","20":"taxable","21":"shipping-taxable","22":"purchasable","23":"product-type-variable"},"acf":[],"_links":{"self":[{"href":"https:\/\/theinvisiblecollection.com\/fr\/wp-json\/wp\/v2\/product\/101002","targetHints":{"allow":["GET"]}}],"collection":[{"href":"https:\/\/theinvisiblecollection.com\/fr\/wp-json\/wp\/v2\/product"}],"about":[{"href":"https:\/\/theinvisiblecollection.com\/fr\/wp-json\/wp\/v2\/types\/product"}],"wp:featuredmedia":[{"embeddable":true,"href":"https:\/\/theinvisiblecollection.com\/fr\/wp-json\/wp\/v2\/media\/104303"}],"wp:attachment":[{"href":"https:\/\/theinvisiblecollection.com\/fr\/wp-json\/wp\/v2\/media?parent=101002"}],"wp:term":[{"taxonomy":"product_brand","embeddable":true,"href":"https:\/\/theinvisiblecollection.com\/fr\/wp-json\/wp\/v2\/product_brand?post=101002"},{"taxonomy":"product_cat","embeddable":true,"href":"https:\/\/theinvisiblecollection.com\/fr\/wp-json\/wp\/v2\/product_cat?post=101002"},{"taxonomy":"product_tag","embeddable":true,"href":"https:\/\/theinvisiblecollection.com\/fr\/wp-json\/wp\/v2\/product_tag?post=101002"},{"taxonomy":"product_designer","embeddable":true,"href":"https:\/\/theinvisiblecollection.com\/fr\/wp-json\/wp\/v2\/product_designer?post=101002"},{"taxonomy":"comfabric","embeddable":true,"href":"https:\/\/theinvisiblecollection.com\/fr\/wp-json\/wp\/v2\/comfabric?post=101002"},{"taxonomy":"manufacturer","embeddable":true,"href":"https:\/\/theinvisiblecollection.com\/fr\/wp-json\/wp\/v2\/manufacturer?post=101002"},{"taxonomy":"reporting_designer","embeddable":true,"href":"https:\/\/theinvisiblecollection.com\/fr\/wp-json\/wp\/v2\/reporting_designer?post=101002"},{"taxonomy":"samplecomfabric","embeddable":true,"href":"https:\/\/theinvisiblecollection.com\/fr\/wp-json\/wp\/v2\/samplecomfabric?post=101002"},{"taxonomy":"clubroom_product_designer","embeddable":true,"href":"https:\/\/theinvisiblecollection.com\/fr\/wp-json\/wp\/v2\/designer_clubroom?post=101002"}],"curies":[{"name":"wp","href":"https:\/\/api.w.org\/{rel}","templated":true}]}}