{"id":101747,"date":"2021-10-06T10:00:53","date_gmt":"2021-10-06T09:00:53","guid":{"rendered":"https:\/\/theinvisiblecollection.com\/?post_type=product&#038;p=101747"},"modified":"2026-05-01T07:39:09","modified_gmt":"2026-05-01T07:39:09","slug":"bol-inside-out-bianco-arabescato","status":"publish","type":"product","link":"https:\/\/theinvisiblecollection.com\/fr\/produit\/bol-inside-out-bianco-arabescato\/","title":{"rendered":"Bol Inside Out Bianco Arabescato"},"content":{"rendered":"<p>Design par\u00a0Karen Chekerdjian<\/p>\n","protected":false},"excerpt":{"rendered":"<p>Sur l\u2019image, bol en marbre Bianco Arabescato<br \/>\nDimensions et mat\u00e9riaux sur-mesure sur demande<\/p>\n<p>\u2205 31 x H 14 cm<\/p>\n<p>R\u00e9alis\u00e9 \u00e0 la main en Italie<br \/>\nD\u00e9lais de production : 6 semaines<\/p>\n<p><span style=\"text-decoration: underline;\"><a href=\"https:\/\/www.theinvisiblecollection.com\/fr\/demande-de-devis\/?product_id=101747\" target=\"_blank\" rel=\"noopener\">Contactez-nous pour toute demande de devis ou de renseignements<\/a><\/span><\/p>\n","protected":false},"featured_media":101749,"template":"","meta":{"_acf_changed":false,"content-type":"","_themeisle_gutenberg_block_has_review":false},"product_brand":[],"product_cat":[7517,12531,12535],"product_tag":[8993,9016,9030,9136,10401,11257,14844,14845,31474,31477],"product_designer":[8892,8905],"comfabric":[],"manufacturer":[16732],"reporting_designer":[37664],"samplecomfabric":[],"designer_clubroom":[],"class_list":{"0":"post-101747","1":"product","2":"type-product","3":"status-publish","4":"has-post-thumbnail","6":"product_cat-deco-fr","7":"product_cat-objets-de-decoration","8":"product_cat-arts-de-la-table","9":"product_tag-salon","10":"product_tag-chambre-fr-2","11":"product_tag-marbre-fr-2","12":"product_tag-bol-fr","13":"product_tag-mmairo","14":"product_tag-karen-chekerdjian-fr-2","15":"product_tag-hpsa-fr","16":"product_tag-hptm-fr","17":"product_tag-co-white-fr","18":"product_tag-st-curvy-fr","19":"pa_material-marbre-rosso-levanto-fr","20":"product_designer-mmairo-fr","21":"product_designer-karen-chekerdjian-fr","22":"manufacturer-mmairo-fr","23":"reporting_designer-mmairo","25":"first","26":"instock","27":"taxable","28":"shipping-taxable","29":"purchasable","30":"product-type-simple"},"acf":[],"_links":{"self":[{"href":"https:\/\/theinvisiblecollection.com\/fr\/wp-json\/wp\/v2\/product\/101747","targetHints":{"allow":["GET"]}}],"collection":[{"href":"https:\/\/theinvisiblecollection.com\/fr\/wp-json\/wp\/v2\/product"}],"about":[{"href":"https:\/\/theinvisiblecollection.com\/fr\/wp-json\/wp\/v2\/types\/product"}],"wp:featuredmedia":[{"embeddable":true,"href":"https:\/\/theinvisiblecollection.com\/fr\/wp-json\/wp\/v2\/media\/101749"}],"wp:attachment":[{"href":"https:\/\/theinvisiblecollection.com\/fr\/wp-json\/wp\/v2\/media?parent=101747"}],"wp:term":[{"taxonomy":"product_brand","embeddable":true,"href":"https:\/\/theinvisiblecollection.com\/fr\/wp-json\/wp\/v2\/product_brand?post=101747"},{"taxonomy":"product_cat","embeddable":true,"href":"https:\/\/theinvisiblecollection.com\/fr\/wp-json\/wp\/v2\/product_cat?post=101747"},{"taxonomy":"product_tag","embeddable":true,"href":"https:\/\/theinvisiblecollection.com\/fr\/wp-json\/wp\/v2\/product_tag?post=101747"},{"taxonomy":"product_designer","embeddable":true,"href":"https:\/\/theinvisiblecollection.com\/fr\/wp-json\/wp\/v2\/product_designer?post=101747"},{"taxonomy":"comfabric","embeddable":true,"href":"https:\/\/theinvisiblecollection.com\/fr\/wp-json\/wp\/v2\/comfabric?post=101747"},{"taxonomy":"manufacturer","embeddable":true,"href":"https:\/\/theinvisiblecollection.com\/fr\/wp-json\/wp\/v2\/manufacturer?post=101747"},{"taxonomy":"reporting_designer","embeddable":true,"href":"https:\/\/theinvisiblecollection.com\/fr\/wp-json\/wp\/v2\/reporting_designer?post=101747"},{"taxonomy":"samplecomfabric","embeddable":true,"href":"https:\/\/theinvisiblecollection.com\/fr\/wp-json\/wp\/v2\/samplecomfabric?post=101747"},{"taxonomy":"clubroom_product_designer","embeddable":true,"href":"https:\/\/theinvisiblecollection.com\/fr\/wp-json\/wp\/v2\/designer_clubroom?post=101747"}],"curies":[{"name":"wp","href":"https:\/\/api.w.org\/{rel}","templated":true}]}}