{"id":102441,"date":"2021-10-07T10:01:04","date_gmt":"2021-10-07T09:01:04","guid":{"rendered":"https:\/\/theinvisiblecollection.com\/?post_type=product&#038;p=102441"},"modified":"2026-05-01T07:39:09","modified_gmt":"2026-05-01T07:39:09","slug":"profile-by-never-ending-journeys","status":"publish","type":"product","link":"https:\/\/theinvisiblecollection.com\/fr\/produit\/profile-by-never-ending-journeys\/","title":{"rendered":"Never Ending Journeys"},"content":{"rendered":"<p style=\"text-align: justify;\">A travers \u00ab Never Ending Journeys \u00bb, Ori Gersht offre un voyage imaginaire sans fin entre sa vision personnelle et la repr\u00e9sentation r\u00e9elle. Il propose ainsi, associ\u00e9e \u00e0 la cr\u00e9ation olfactive de Juliette Karagueuzoglou, parfumeur chez IFF, une s\u00e9rie de sculptures miroir, conjuguant m\u00e9tal et c\u00e9ramique, r\u00e9unies par les notes de fleurs blanches et bois\u00e9es, parfum compos\u00e9 \u00e0 partir d\u2019un souvenir de voyage de l\u2019artiste\u2026 La sculpture est disponible avec trois dessins de bouquets d\u00e9form\u00e9s diff\u00e9rents inspir\u00e9es des tableaux de Brueghel. Le miroir anamorphique rassemble et r\u00e9v\u00e8le un \u00ab bouquet de fleurs vivant \u00bb.<\/p>\n","protected":false},"excerpt":{"rendered":"<p>\u00c9dition limit\u00e9e de 3 s\u00e9rie de 15 pi\u00e8ces, sign\u00e9es et num\u00e9rot\u00e9es<br \/>\nDuo artiste\/parfumeur IFF : Ori Gersht &amp; Juliette Karagueuzoglou<br \/>\nSculpture en miroir m\u00e9tallique et c\u00e9ramique parfum\u00e9e<br \/>\nTrois mod\u00e8les de bouquets d\u00e9form\u00e9s diff\u00e9rents inspir\u00e9es des tableaux de Brueghe<br \/>\nDescription du parfum : bouquet de fleurs blanches en l\u00e9vitation<\/p>\n<p>\u00d8 37 x H 22 cm<\/p>\n<p>Fabriqu\u00e9e \u00e0 la main au Royaume-Uni<br \/>\nD\u00e9lais de fabrication : 3 semaines<br \/>\n<span style=\"text-decoration: underline;\"><span class=\"s1\"><a href=\"https:\/\/www.theinvisiblecollection.com\/fr\/demande-de-devis\/?product_id=102441\" target=\"_blank\" rel=\"noopener\">Contactez-nous pour toute demande de devis ou de renseignements<\/a><\/span><\/span><\/p>\n","protected":false},"featured_media":102363,"template":"","meta":{"_acf_changed":false,"content-type":"","_themeisle_gutenberg_block_has_review":false},"product_brand":[],"product_cat":[7517,12531,16319],"product_tag":[14844,14845,22790,31476,33319],"product_designer":[14757],"comfabric":[],"manufacturer":[16745],"reporting_designer":[37398],"samplecomfabric":[],"designer_clubroom":[],"class_list":{"0":"post-102441","1":"product","2":"type-product","3":"status-publish","4":"has-post-thumbnail","6":"product_cat-deco-fr","7":"product_cat-objets-de-decoration","8":"product_cat-cartes-cadeaux","9":"product_tag-hpsa-fr","10":"product_tag-hptm-fr","11":"product_tag-disponible-immediatement","12":"product_tag-st-collectible-fr","13":"product_tag-edition-limitee","14":"product_designer-profile-by-fr","15":"manufacturer-profile-by-fr","16":"reporting_designer-profile-by","17":"exhibitions-londres-fr","19":"first","20":"instock","21":"taxable","22":"shipping-taxable","23":"purchasable","24":"product-type-simple"},"acf":[],"_links":{"self":[{"href":"https:\/\/theinvisiblecollection.com\/fr\/wp-json\/wp\/v2\/product\/102441","targetHints":{"allow":["GET"]}}],"collection":[{"href":"https:\/\/theinvisiblecollection.com\/fr\/wp-json\/wp\/v2\/product"}],"about":[{"href":"https:\/\/theinvisiblecollection.com\/fr\/wp-json\/wp\/v2\/types\/product"}],"wp:featuredmedia":[{"embeddable":true,"href":"https:\/\/theinvisiblecollection.com\/fr\/wp-json\/wp\/v2\/media\/102363"}],"wp:attachment":[{"href":"https:\/\/theinvisiblecollection.com\/fr\/wp-json\/wp\/v2\/media?parent=102441"}],"wp:term":[{"taxonomy":"product_brand","embeddable":true,"href":"https:\/\/theinvisiblecollection.com\/fr\/wp-json\/wp\/v2\/product_brand?post=102441"},{"taxonomy":"product_cat","embeddable":true,"href":"https:\/\/theinvisiblecollection.com\/fr\/wp-json\/wp\/v2\/product_cat?post=102441"},{"taxonomy":"product_tag","embeddable":true,"href":"https:\/\/theinvisiblecollection.com\/fr\/wp-json\/wp\/v2\/product_tag?post=102441"},{"taxonomy":"product_designer","embeddable":true,"href":"https:\/\/theinvisiblecollection.com\/fr\/wp-json\/wp\/v2\/product_designer?post=102441"},{"taxonomy":"comfabric","embeddable":true,"href":"https:\/\/theinvisiblecollection.com\/fr\/wp-json\/wp\/v2\/comfabric?post=102441"},{"taxonomy":"manufacturer","embeddable":true,"href":"https:\/\/theinvisiblecollection.com\/fr\/wp-json\/wp\/v2\/manufacturer?post=102441"},{"taxonomy":"reporting_designer","embeddable":true,"href":"https:\/\/theinvisiblecollection.com\/fr\/wp-json\/wp\/v2\/reporting_designer?post=102441"},{"taxonomy":"samplecomfabric","embeddable":true,"href":"https:\/\/theinvisiblecollection.com\/fr\/wp-json\/wp\/v2\/samplecomfabric?post=102441"},{"taxonomy":"clubroom_product_designer","embeddable":true,"href":"https:\/\/theinvisiblecollection.com\/fr\/wp-json\/wp\/v2\/designer_clubroom?post=102441"}],"curies":[{"name":"wp","href":"https:\/\/api.w.org\/{rel}","templated":true}]}}