{"id":102443,"date":"2021-10-07T10:00:56","date_gmt":"2021-10-07T09:00:56","guid":{"rendered":"https:\/\/theinvisiblecollection.com\/?post_type=product&#038;p=102443"},"modified":"2026-05-08T04:40:22","modified_gmt":"2026-05-08T04:40:22","slug":"profile-by-rocking-me","status":"publish","type":"product","link":"https:\/\/theinvisiblecollection.com\/fr\/produit\/profile-by-rocking-me\/","title":{"rendered":"Rocking Me"},"content":{"rendered":"<p style=\"text-align: justify;\">Reconnu pour ses recherches sur le d\u00e9tournement de l\u2019objet, Pablo Reinoso a souhait\u00e9 incarner son parfum dans un objet po\u00e9tique qui puisse laisser libre court \u00e0 l\u2019air et r\u00e9activer ainsi sa signature olfactive. Un seul geste de la main suffit pour que l\u2019\u0153uvre prenne vie ! Tout en bois de ch\u00e2taignier, Rocking-Me, s\u2019associe \u00e0 Domitille Michalon-Bertier qui lui apporte une fraicheur zest\u00e9e froide et un fond bois\u00e9.<\/p>\n","protected":false},"excerpt":{"rendered":"<p>\u00c9dition limit\u00e9e de 8 pi\u00e8ces uniques assembl\u00e9es \u00e0 la main, sign\u00e9es et num\u00e9rot\u00e9es<br \/>\nDuo artiste\/parfumeur IFF : Pablo Reinoso &amp; Domitille Michalon Bertier<br \/>\nSculpture en bois de ch\u00e2taignier et c\u00e9ramique parfum\u00e9e<br \/>\nDescription du parfum : bois lumineux<br \/>\nChaque pi\u00e8ce est unique en raison de sa nature artisanale<\/p>\n<p>L 21 x l 31 x H 22 cm<\/p>\n<p>Fabriqu\u00e9e \u00e0 la main en France<br \/>\nD\u00e9lais de fabrication : 3 semaines<br \/>\n<span style=\"text-decoration: underline;\"><span class=\"s1\"><a href=\"https:\/\/www.theinvisiblecollection.com\/fr\/demande-de-devis\/?product_id=102443\" target=\"_blank\" rel=\"noopener\">Contactez-nous pour toute demande de devis ou de renseignements<\/a><\/span><\/span><\/p>\n","protected":false},"featured_media":629327,"template":"","meta":{"_acf_changed":false,"content-type":"","_themeisle_gutenberg_block_has_review":false},"product_brand":[],"product_cat":[7517,12531],"product_tag":[33319,14844,14845,22790,31476],"product_designer":[14757],"comfabric":[],"manufacturer":[16745],"reporting_designer":[37398],"samplecomfabric":[],"designer_clubroom":[],"class_list":{"0":"post-102443","1":"product","2":"type-product","3":"status-publish","4":"has-post-thumbnail","6":"product_cat-deco-fr","7":"product_cat-objets-de-decoration","8":"product_tag-edition-limitee","9":"product_tag-hpsa-fr","10":"product_tag-hptm-fr","11":"product_tag-disponible-immediatement","12":"product_tag-st-collectible-fr","13":"product_designer-profile-by-fr","14":"manufacturer-profile-by-fr","15":"reporting_designer-profile-by","16":"exhibitions-londres-fr","18":"first","19":"instock","20":"taxable","21":"shipping-taxable","22":"purchasable","23":"product-type-simple"},"acf":[],"_links":{"self":[{"href":"https:\/\/theinvisiblecollection.com\/fr\/wp-json\/wp\/v2\/product\/102443","targetHints":{"allow":["GET"]}}],"collection":[{"href":"https:\/\/theinvisiblecollection.com\/fr\/wp-json\/wp\/v2\/product"}],"about":[{"href":"https:\/\/theinvisiblecollection.com\/fr\/wp-json\/wp\/v2\/types\/product"}],"wp:featuredmedia":[{"embeddable":true,"href":"https:\/\/theinvisiblecollection.com\/fr\/wp-json\/wp\/v2\/media\/629327"}],"wp:attachment":[{"href":"https:\/\/theinvisiblecollection.com\/fr\/wp-json\/wp\/v2\/media?parent=102443"}],"wp:term":[{"taxonomy":"product_brand","embeddable":true,"href":"https:\/\/theinvisiblecollection.com\/fr\/wp-json\/wp\/v2\/product_brand?post=102443"},{"taxonomy":"product_cat","embeddable":true,"href":"https:\/\/theinvisiblecollection.com\/fr\/wp-json\/wp\/v2\/product_cat?post=102443"},{"taxonomy":"product_tag","embeddable":true,"href":"https:\/\/theinvisiblecollection.com\/fr\/wp-json\/wp\/v2\/product_tag?post=102443"},{"taxonomy":"product_designer","embeddable":true,"href":"https:\/\/theinvisiblecollection.com\/fr\/wp-json\/wp\/v2\/product_designer?post=102443"},{"taxonomy":"comfabric","embeddable":true,"href":"https:\/\/theinvisiblecollection.com\/fr\/wp-json\/wp\/v2\/comfabric?post=102443"},{"taxonomy":"manufacturer","embeddable":true,"href":"https:\/\/theinvisiblecollection.com\/fr\/wp-json\/wp\/v2\/manufacturer?post=102443"},{"taxonomy":"reporting_designer","embeddable":true,"href":"https:\/\/theinvisiblecollection.com\/fr\/wp-json\/wp\/v2\/reporting_designer?post=102443"},{"taxonomy":"samplecomfabric","embeddable":true,"href":"https:\/\/theinvisiblecollection.com\/fr\/wp-json\/wp\/v2\/samplecomfabric?post=102443"},{"taxonomy":"clubroom_product_designer","embeddable":true,"href":"https:\/\/theinvisiblecollection.com\/fr\/wp-json\/wp\/v2\/designer_clubroom?post=102443"}],"curies":[{"name":"wp","href":"https:\/\/api.w.org\/{rel}","templated":true}]}}