{"id":102445,"date":"2021-10-07T10:00:49","date_gmt":"2021-10-07T09:00:49","guid":{"rendered":"https:\/\/theinvisiblecollection.com\/?post_type=product&#038;p=102445"},"modified":"2026-05-01T07:39:09","modified_gmt":"2026-05-01T07:39:09","slug":"profile-by-lanca-perfume","status":"publish","type":"product","link":"https:\/\/theinvisiblecollection.com\/fr\/produit\/profile-by-lanca-perfume\/","title":{"rendered":"Lan\u00e7a Perfume"},"content":{"rendered":"<p style=\"text-align: justify;\">Confrontant les mati\u00e8res et les couleurs, l\u2019artiste Joana Vasconcelos propose une s\u00e9rie de suspensions sculpt\u00e9es. Ses Valkyries olfactives \u00ab Lan\u00e7a Perfume \u00bb s\u2019\u00e9panouissent dans les quatre directions pour diffuser un voyage po\u00e9tique, olfactif et sensoriel. La sculpture recouverte de dentelle de crochet brod\u00e9e \u00e0 la main, mari\u00e9e \u00e0 la cr\u00e9ation olfactive d\u2019Anne Flipo, Ma\u00eetre Parfumeur, est inspir\u00e9e des 7 chakras. Un \u00ab encens frais lumineux \u00bb, entre gingembre et bergamote, \u00e9voquant la joie des artistes !<\/p>\n","protected":false},"excerpt":{"rendered":"<p>\u00c9dition limit\u00e9e de 50 pi\u00e8ces uniques, sign\u00e9es et num\u00e9rot\u00e9es<br \/>\nDuo artiste\/parfumeur IFF : Joana Vasconcelos &amp; Anne Flipo<br \/>\nSculpture en c\u00e9ramique parfum\u00e9e recouverte d&#8217;une dentelle de coton crochet\u00e9e<br \/>\nDescription du parfum : encens frais<br \/>\nChaque pi\u00e8ce est unique avec des couleurs et des motifs diff\u00e9rents (multicolores ou unies)<br \/>\nMod\u00e8les disponibles sur demande<\/p>\n<p>L 32 x l 22 x H 22 cm<\/p>\n<p>Fabriqu\u00e9e \u00e0 la main en France<br \/>\nD\u00e9lais de fabrication : 3 semaines<br \/>\n<span style=\"text-decoration: underline;\"><span class=\"s1\"><a href=\"https:\/\/www.theinvisiblecollection.com\/fr\/demande-de-devis\/?product_id=102445\" target=\"_blank\" rel=\"noopener\">Contactez-nous pour toute demande de devis ou de renseignements<\/a><\/span><\/span><\/p>\n","protected":false},"featured_media":106843,"template":"","meta":{"_acf_changed":false,"content-type":"","_themeisle_gutenberg_block_has_review":false},"product_brand":[],"product_cat":[12531,7517],"product_tag":[14845,14925,22790,31474,31476,33319,14844],"product_designer":[14757],"comfabric":[],"manufacturer":[16745],"reporting_designer":[37398],"samplecomfabric":[],"designer_clubroom":[],"class_list":{"0":"post-102445","1":"product","2":"type-product","3":"status-publish","4":"has-post-thumbnail","6":"product_cat-objets-de-decoration","7":"product_cat-deco-fr","8":"product_tag-hptm-fr","9":"product_tag-hpfav-fr","10":"product_tag-disponible-immediatement","11":"product_tag-co-white-fr","12":"product_tag-st-collectible-fr","13":"product_tag-edition-limitee","14":"product_tag-hpsa-fr","15":"product_designer-profile-by-fr","16":"manufacturer-profile-by-fr","17":"reporting_designer-profile-by","18":"exhibitions-londres-fr","20":"first","21":"instock","22":"taxable","23":"shipping-taxable","24":"purchasable","25":"product-type-simple"},"acf":[],"_links":{"self":[{"href":"https:\/\/theinvisiblecollection.com\/fr\/wp-json\/wp\/v2\/product\/102445","targetHints":{"allow":["GET"]}}],"collection":[{"href":"https:\/\/theinvisiblecollection.com\/fr\/wp-json\/wp\/v2\/product"}],"about":[{"href":"https:\/\/theinvisiblecollection.com\/fr\/wp-json\/wp\/v2\/types\/product"}],"wp:featuredmedia":[{"embeddable":true,"href":"https:\/\/theinvisiblecollection.com\/fr\/wp-json\/wp\/v2\/media\/106843"}],"wp:attachment":[{"href":"https:\/\/theinvisiblecollection.com\/fr\/wp-json\/wp\/v2\/media?parent=102445"}],"wp:term":[{"taxonomy":"product_brand","embeddable":true,"href":"https:\/\/theinvisiblecollection.com\/fr\/wp-json\/wp\/v2\/product_brand?post=102445"},{"taxonomy":"product_cat","embeddable":true,"href":"https:\/\/theinvisiblecollection.com\/fr\/wp-json\/wp\/v2\/product_cat?post=102445"},{"taxonomy":"product_tag","embeddable":true,"href":"https:\/\/theinvisiblecollection.com\/fr\/wp-json\/wp\/v2\/product_tag?post=102445"},{"taxonomy":"product_designer","embeddable":true,"href":"https:\/\/theinvisiblecollection.com\/fr\/wp-json\/wp\/v2\/product_designer?post=102445"},{"taxonomy":"comfabric","embeddable":true,"href":"https:\/\/theinvisiblecollection.com\/fr\/wp-json\/wp\/v2\/comfabric?post=102445"},{"taxonomy":"manufacturer","embeddable":true,"href":"https:\/\/theinvisiblecollection.com\/fr\/wp-json\/wp\/v2\/manufacturer?post=102445"},{"taxonomy":"reporting_designer","embeddable":true,"href":"https:\/\/theinvisiblecollection.com\/fr\/wp-json\/wp\/v2\/reporting_designer?post=102445"},{"taxonomy":"samplecomfabric","embeddable":true,"href":"https:\/\/theinvisiblecollection.com\/fr\/wp-json\/wp\/v2\/samplecomfabric?post=102445"},{"taxonomy":"clubroom_product_designer","embeddable":true,"href":"https:\/\/theinvisiblecollection.com\/fr\/wp-json\/wp\/v2\/designer_clubroom?post=102445"}],"curies":[{"name":"wp","href":"https:\/\/api.w.org\/{rel}","templated":true}]}}