{"id":102447,"date":"2021-10-21T17:58:58","date_gmt":"2021-10-21T16:58:58","guid":{"rendered":"https:\/\/theinvisiblecollection.com\/?post_type=product&#038;p=102447"},"modified":"2026-05-01T07:39:09","modified_gmt":"2026-05-01T07:39:09","slug":"profile-by-saisir-limpossible","status":"publish","type":"product","link":"https:\/\/theinvisiblecollection.com\/fr\/produit\/profile-by-saisir-limpossible\/","title":{"rendered":"Saisir l&#8217;Impossible"},"content":{"rendered":"<p style=\"text-align: justify;\">Comme pour d\u00e9fier l\u2019impossible, Daniel Firman avait fait mouler sa main droite pour pouvoir \u00ab saisir sa main droite avec sa main droite \u00bb. Aujourd\u2019hui, \u00e0 travers \u00ab Saisir l\u2019impossible \u00bb, il propose deux mains en bronze saisissant une sph\u00e8re blanche en c\u00e9ramique associ\u00e9es \u00e0 une cr\u00e9ation olfactive de Nicolas Beaulieu appelant le parfum des tonneaux de ch\u00eane.<\/p>\n","protected":false},"excerpt":{"rendered":"<p>\u00c9dition limit\u00e9e de 30 exemplaires, sign\u00e9s et num\u00e9rot\u00e9s<br \/>\nDuo artiste\/parfumeur IFF : Daniel Firman &amp; Nicolas Beaulieu<br \/>\nSculpture en bronze et c\u00e9ramique parfum\u00e9e<br \/>\nDescription du parfum : bois min\u00e9ral<br \/>\nChaque pi\u00e8ce est unique en raison de sa nature artisanale<\/p>\n<p>L 16 x l 28 x H 33 cm<\/p>\n<p>Fabriqu\u00e9e \u00e0 la main en France<br \/>\nD\u00e9lais de fabrication : 3 semaines<br \/>\n<span style=\"text-decoration: underline;\"><span class=\"s1\"><a href=\"https:\/\/www.theinvisiblecollection.com\/fr\/demande-de-devis\/?product_id=102447\" target=\"_blank\" rel=\"noopener\">Contactez-nous pour toute demande de devis ou de renseignements<\/a><\/span><\/span><\/p>\n","protected":false},"featured_media":102432,"template":"","meta":{"_acf_changed":false,"content-type":"","_themeisle_gutenberg_block_has_review":false},"product_brand":[],"product_cat":[7517,12531],"product_tag":[14926,31474,31477,33319],"product_designer":[14757],"comfabric":[],"manufacturer":[16745],"reporting_designer":[37398],"samplecomfabric":[],"designer_clubroom":[],"class_list":{"0":"post-102447","1":"product","2":"type-product","3":"status-publish","4":"has-post-thumbnail","6":"product_cat-deco-fr","7":"product_cat-objets-de-decoration","8":"product_tag-hplstfav-fr","9":"product_tag-co-white-fr","10":"product_tag-st-curvy-fr","11":"product_tag-edition-limitee","12":"product_designer-profile-by-fr","13":"manufacturer-profile-by-fr","14":"reporting_designer-profile-by","15":"exhibitions-londres-fr","17":"first","18":"instock","19":"taxable","20":"shipping-taxable","21":"purchasable","22":"product-type-simple"},"acf":[],"_links":{"self":[{"href":"https:\/\/theinvisiblecollection.com\/fr\/wp-json\/wp\/v2\/product\/102447","targetHints":{"allow":["GET"]}}],"collection":[{"href":"https:\/\/theinvisiblecollection.com\/fr\/wp-json\/wp\/v2\/product"}],"about":[{"href":"https:\/\/theinvisiblecollection.com\/fr\/wp-json\/wp\/v2\/types\/product"}],"wp:featuredmedia":[{"embeddable":true,"href":"https:\/\/theinvisiblecollection.com\/fr\/wp-json\/wp\/v2\/media\/102432"}],"wp:attachment":[{"href":"https:\/\/theinvisiblecollection.com\/fr\/wp-json\/wp\/v2\/media?parent=102447"}],"wp:term":[{"taxonomy":"product_brand","embeddable":true,"href":"https:\/\/theinvisiblecollection.com\/fr\/wp-json\/wp\/v2\/product_brand?post=102447"},{"taxonomy":"product_cat","embeddable":true,"href":"https:\/\/theinvisiblecollection.com\/fr\/wp-json\/wp\/v2\/product_cat?post=102447"},{"taxonomy":"product_tag","embeddable":true,"href":"https:\/\/theinvisiblecollection.com\/fr\/wp-json\/wp\/v2\/product_tag?post=102447"},{"taxonomy":"product_designer","embeddable":true,"href":"https:\/\/theinvisiblecollection.com\/fr\/wp-json\/wp\/v2\/product_designer?post=102447"},{"taxonomy":"comfabric","embeddable":true,"href":"https:\/\/theinvisiblecollection.com\/fr\/wp-json\/wp\/v2\/comfabric?post=102447"},{"taxonomy":"manufacturer","embeddable":true,"href":"https:\/\/theinvisiblecollection.com\/fr\/wp-json\/wp\/v2\/manufacturer?post=102447"},{"taxonomy":"reporting_designer","embeddable":true,"href":"https:\/\/theinvisiblecollection.com\/fr\/wp-json\/wp\/v2\/reporting_designer?post=102447"},{"taxonomy":"samplecomfabric","embeddable":true,"href":"https:\/\/theinvisiblecollection.com\/fr\/wp-json\/wp\/v2\/samplecomfabric?post=102447"},{"taxonomy":"clubroom_product_designer","embeddable":true,"href":"https:\/\/theinvisiblecollection.com\/fr\/wp-json\/wp\/v2\/designer_clubroom?post=102447"}],"curies":[{"name":"wp","href":"https:\/\/api.w.org\/{rel}","templated":true}]}}