{"id":102665,"date":"2023-03-07T10:51:44","date_gmt":"2023-03-07T09:51:44","guid":{"rendered":"https:\/\/theinvisiblecollection.com\/?post_type=product&#038;p=102665"},"modified":"2026-05-01T07:39:09","modified_gmt":"2026-05-01T07:39:09","slug":"charlotte-bitgen-console-twin-bois","status":"publish","type":"product","link":"https:\/\/theinvisiblecollection.com\/fr\/produit\/charlotte-bitgen-console-twin-bois\/","title":{"rendered":"Console Twin Bois Laque"},"content":{"rendered":"<p style=\"text-align: justify;\">Cette collection de mobilier a \u00e9t\u00e9 dessin\u00e9e par Charlotte Biltgen pour un appartement haussmanien parisien. C\u2019est une ligne classique et \u00e9l\u00e9gante avec un souci du d\u00e9tail comme fil rouge : &#8220;J\u2019ai imagin\u00e9 des pi\u00e8ces intemporelles que l\u2019on aurait envie de garder longtemps, des objets rassurants qui nous accompagnent. En r\u00e9sonance au travail d\u2019Eileen Gray et au mouvement moderniste des ann\u00e9es 30, l\u2019\u00e9l\u00e9gance se joue sur un jeu de courbes qui exprime douceur et f\u00e9minit\u00e9, et un ensemble de mati\u00e8res qui permet au travail de la simple forme de donner sophistication, texture et contraste aux diff\u00e9rentes pi\u00e8ces de mobilier. Parfois l\u2019apparition du laiton comme un bijou apporte un \u00e9clat de lumi\u00e8re \u00e0 la mati\u00e8re.&#8221;<br \/>\n<em>Photos par Cecil Mathieu<\/em><\/p>\n","protected":false},"excerpt":{"rendered":"<p>Plateau en bois<br \/>\n\u00c9galement disponible en <a href=\"https:\/\/theinvisiblecollection.com\/fr\/produit\/charlotte-biltgen-console-twin-marbre\/\" target=\"_blank\" rel=\"noopener\"><span style=\"text-decoration: underline;\">marbre<\/span><\/a><br \/>\nPi\u00e8tement photographi\u00e9 ici en laque blanche<br \/>\n<span style=\"text-decoration: underline;\"><a href=\"https:\/\/theinvisiblecollection.com\/wp-content\/uploads\/2019\/03\/TheInvisibleCollection_Lacquerselection_CharlotteBitgen2.pdf\" target=\"_blank\" rel=\"noopener\">D\u00e9couvrez la s\u00e9lection de laques ici<\/a><\/span><br \/>\nMat\u00e9riaux, couleurs et dimensions sur-mesure sur demande<\/p>\n<p>L 130 x l 35 x H 77 cm<br \/>\nHauteur jusqu&#8217;\u00e0 85 cm<\/p>\n<p>Fabrication manuelle et artisanale<br \/>\nD\u00e9lais de fabrication : 12 semaines<\/p>\n<p><span style=\"text-decoration: underline;\"><a href=\"https:\/\/www.theinvisiblecollection.com\/fr\/demande-de-devis\/?product_id=102665\" target=\"_blank\" rel=\"noopener\">Contactez-nous pour toute demande de devis ou de renseignements<\/a><\/span><\/p>\n","protected":false},"featured_media":2863176,"template":"","meta":{"_acf_changed":false,"content-type":"","_themeisle_gutenberg_block_has_review":false},"product_brand":[],"product_cat":[7675,12503],"product_tag":[35206,9030,9670,10481,31474,31477],"product_designer":[8923],"comfabric":[],"manufacturer":[33323],"reporting_designer":[37452],"samplecomfabric":[],"designer_clubroom":[],"class_list":{"0":"post-102665","1":"product","2":"type-product","3":"status-publish","4":"has-post-thumbnail","6":"product_cat-consoles-fr","7":"product_cat-tables-fr","8":"product_tag-exclusive-fr","9":"product_tag-marbre-fr-2","10":"product_tag-console-fr-fr","11":"product_tag-charlotte-biltgen-fr","12":"product_tag-co-white-fr","13":"product_tag-st-curvy-fr","14":"pa_finish-brillante","15":"pa_finish-matte-fr","16":"product_designer-charlotte-biltgen-fr","17":"manufacturer-pickup-charlotte-biltgen-jlc-fr","18":"reporting_designer-charlotte-biltgen","20":"first","21":"instock","22":"taxable","23":"shipping-taxable","24":"purchasable","25":"product-type-variable"},"acf":[],"_links":{"self":[{"href":"https:\/\/theinvisiblecollection.com\/fr\/wp-json\/wp\/v2\/product\/102665","targetHints":{"allow":["GET"]}}],"collection":[{"href":"https:\/\/theinvisiblecollection.com\/fr\/wp-json\/wp\/v2\/product"}],"about":[{"href":"https:\/\/theinvisiblecollection.com\/fr\/wp-json\/wp\/v2\/types\/product"}],"wp:featuredmedia":[{"embeddable":true,"href":"https:\/\/theinvisiblecollection.com\/fr\/wp-json\/wp\/v2\/media\/2863176"}],"wp:attachment":[{"href":"https:\/\/theinvisiblecollection.com\/fr\/wp-json\/wp\/v2\/media?parent=102665"}],"wp:term":[{"taxonomy":"product_brand","embeddable":true,"href":"https:\/\/theinvisiblecollection.com\/fr\/wp-json\/wp\/v2\/product_brand?post=102665"},{"taxonomy":"product_cat","embeddable":true,"href":"https:\/\/theinvisiblecollection.com\/fr\/wp-json\/wp\/v2\/product_cat?post=102665"},{"taxonomy":"product_tag","embeddable":true,"href":"https:\/\/theinvisiblecollection.com\/fr\/wp-json\/wp\/v2\/product_tag?post=102665"},{"taxonomy":"product_designer","embeddable":true,"href":"https:\/\/theinvisiblecollection.com\/fr\/wp-json\/wp\/v2\/product_designer?post=102665"},{"taxonomy":"comfabric","embeddable":true,"href":"https:\/\/theinvisiblecollection.com\/fr\/wp-json\/wp\/v2\/comfabric?post=102665"},{"taxonomy":"manufacturer","embeddable":true,"href":"https:\/\/theinvisiblecollection.com\/fr\/wp-json\/wp\/v2\/manufacturer?post=102665"},{"taxonomy":"reporting_designer","embeddable":true,"href":"https:\/\/theinvisiblecollection.com\/fr\/wp-json\/wp\/v2\/reporting_designer?post=102665"},{"taxonomy":"samplecomfabric","embeddable":true,"href":"https:\/\/theinvisiblecollection.com\/fr\/wp-json\/wp\/v2\/samplecomfabric?post=102665"},{"taxonomy":"clubroom_product_designer","embeddable":true,"href":"https:\/\/theinvisiblecollection.com\/fr\/wp-json\/wp\/v2\/designer_clubroom?post=102665"}],"curies":[{"name":"wp","href":"https:\/\/api.w.org\/{rel}","templated":true}]}}