{"id":104467,"date":"2024-09-10T00:00:00","date_gmt":"2024-09-10T00:00:00","guid":{"rendered":"https:\/\/theinvisiblecollection.com\/?post_type=product&#038;p=104467"},"modified":"2026-05-01T07:39:07","modified_gmt":"2026-05-01T07:39:07","slug":"atelier-fevrier-tapis-sodad-high","status":"publish","type":"product","link":"https:\/\/theinvisiblecollection.com\/fr\/produit\/atelier-fevrier-tapis-sodad-high\/","title":{"rendered":"Tapis Sodad High"},"content":{"rendered":"","protected":false},"excerpt":{"rendered":"<p>Prix au m\u00e8tre carr\u00e9<br \/>\nTapis nou\u00e9 main<br \/>\n60% laine, 40% soie<br \/>\n100 noeuds<br \/>\nCouleurs et dimensions sur-mesure sur demande<\/p>\n<p>Photographi\u00e9 ici :<br \/>\n230 x 290 cm<\/p>\n<p>Nou\u00e9 \u00e0 la main au N\u00e9pal<br \/>\nD\u00e9lais de fabrication :\u00a012-16 semaines<\/p>\n<p><span style=\"text-decoration: underline;\"><a href=\"https:\/\/www.theinvisiblecollection.com\/fr\/demande-de-devis\/?product_id=104467\" target=\"_blank\" rel=\"noopener\">Contactez-nous pour toute demande de devis ou d\u2019\u00e9chantillons<\/a><\/span><\/p>\n","protected":false},"featured_media":104538,"template":"","meta":{"_acf_changed":false,"content-type":"","_themeisle_gutenberg_block_has_review":false},"product_brand":[],"product_cat":[8183,12540],"product_tag":[31477],"product_designer":[8893],"comfabric":[],"manufacturer":[],"reporting_designer":[37178],"samplecomfabric":[],"designer_clubroom":[],"class_list":{"0":"post-104467","1":"product","2":"type-product","3":"status-publish","4":"has-post-thumbnail","6":"product_cat-tapis-noues-a-la-main","7":"product_cat-tapis-fr","8":"product_tag-st-curvy-fr","9":"pa_color-couleurs-personalisees","10":"pa_color-noir-et-bleu-fr","11":"pa_size-dimensions-standards","12":"pa_size-dimensions-sur-mesure-fr","13":"product_designer-atelier-fevrier-fr","14":"reporting_designer-atelier-fevrier","16":"first","17":"instock","18":"taxable","19":"shipping-taxable","20":"product-type-variable"},"acf":[],"_links":{"self":[{"href":"https:\/\/theinvisiblecollection.com\/fr\/wp-json\/wp\/v2\/product\/104467","targetHints":{"allow":["GET"]}}],"collection":[{"href":"https:\/\/theinvisiblecollection.com\/fr\/wp-json\/wp\/v2\/product"}],"about":[{"href":"https:\/\/theinvisiblecollection.com\/fr\/wp-json\/wp\/v2\/types\/product"}],"wp:featuredmedia":[{"embeddable":true,"href":"https:\/\/theinvisiblecollection.com\/fr\/wp-json\/wp\/v2\/media\/104538"}],"wp:attachment":[{"href":"https:\/\/theinvisiblecollection.com\/fr\/wp-json\/wp\/v2\/media?parent=104467"}],"wp:term":[{"taxonomy":"product_brand","embeddable":true,"href":"https:\/\/theinvisiblecollection.com\/fr\/wp-json\/wp\/v2\/product_brand?post=104467"},{"taxonomy":"product_cat","embeddable":true,"href":"https:\/\/theinvisiblecollection.com\/fr\/wp-json\/wp\/v2\/product_cat?post=104467"},{"taxonomy":"product_tag","embeddable":true,"href":"https:\/\/theinvisiblecollection.com\/fr\/wp-json\/wp\/v2\/product_tag?post=104467"},{"taxonomy":"product_designer","embeddable":true,"href":"https:\/\/theinvisiblecollection.com\/fr\/wp-json\/wp\/v2\/product_designer?post=104467"},{"taxonomy":"comfabric","embeddable":true,"href":"https:\/\/theinvisiblecollection.com\/fr\/wp-json\/wp\/v2\/comfabric?post=104467"},{"taxonomy":"manufacturer","embeddable":true,"href":"https:\/\/theinvisiblecollection.com\/fr\/wp-json\/wp\/v2\/manufacturer?post=104467"},{"taxonomy":"reporting_designer","embeddable":true,"href":"https:\/\/theinvisiblecollection.com\/fr\/wp-json\/wp\/v2\/reporting_designer?post=104467"},{"taxonomy":"samplecomfabric","embeddable":true,"href":"https:\/\/theinvisiblecollection.com\/fr\/wp-json\/wp\/v2\/samplecomfabric?post=104467"},{"taxonomy":"clubroom_product_designer","embeddable":true,"href":"https:\/\/theinvisiblecollection.com\/fr\/wp-json\/wp\/v2\/designer_clubroom?post=104467"}],"curies":[{"name":"wp","href":"https:\/\/api.w.org\/{rel}","templated":true}]}}