{"id":104482,"date":"2024-09-10T00:00:00","date_gmt":"2024-09-10T00:00:00","guid":{"rendered":"https:\/\/theinvisiblecollection.com\/?post_type=product&#038;p=104482"},"modified":"2026-05-05T16:39:23","modified_gmt":"2026-05-05T16:39:23","slug":"atelier-fevrier-tapis-equilibre-blanc-et-violet-fonce","status":"publish","type":"product","link":"https:\/\/theinvisiblecollection.com\/fr\/produit\/atelier-fevrier-tapis-equilibre-blanc-et-violet-fonce\/","title":{"rendered":"Tapis \u00c9quilibre Blanc et Violet Fonc\u00e9"},"content":{"rendered":"","protected":false},"excerpt":{"rendered":"<p>Tapis nou\u00e9 main<br \/>\n10% laine de l\u2019Himalaya, 90% soie<br \/>\n\u00c9galement disponible en 90% laine de l\u2019Himalaya, 10% soie<br \/>\n200 000 noeuds par m\u00e8tre carr\u00e9<br \/>\n\u00c9galement disponible en <a href=\"https:\/\/theinvisiblecollection.com\/fr\/produit\/atelier-fevrier-tapis-equilibre-vert\/\" target=\"_blank\" rel=\"noopener\"><span style=\"text-decoration: underline;\">Vert<\/span><\/a> et <a href=\"https:\/\/theinvisiblecollection.com\/fr\/produit\/atelier-fevrier-tapis-equilibre-orange\/\" target=\"_blank\" rel=\"noopener\"><span style=\"text-decoration: underline;\">Orange<\/span><\/a><br \/>\nCouleurs et dimensions sur-mesure sur demande<br \/>\nChaque motif peut \u00eatre redessin\u00e9 sur-mesure, voir la version verte<\/p>\n<div class=\"c-scrollbar__track\" role=\"presentation\"><\/div>\n<p class=\"p1\">Photographi\u00e9 ici :<br \/>\n240 x 290 cm<\/p>\n<p>Nou\u00e9 \u00e0 la main au N\u00e9pal<br \/>\nD\u00e9lais de fabrication : 12 &#8211; 16 semaines<\/p>\n<p><span style=\"text-decoration: underline;\"><a href=\"https:\/\/www.theinvisiblecollection.com\/fr\/demande-de-devis\/?product_id=104482\" target=\"_blank\" rel=\"noopener\">Contactez-nous pour toute demande de devis ou d\u2019\u00e9chantillons<\/a><\/span><\/p>\n","protected":false},"featured_media":5846675,"template":"","meta":{"_acf_changed":false,"content-type":"","_themeisle_gutenberg_block_has_review":false},"product_brand":[],"product_cat":[8183,12540],"product_tag":[31474],"product_designer":[8893],"comfabric":[],"manufacturer":[],"reporting_designer":[37178],"samplecomfabric":[],"designer_clubroom":[],"class_list":{"0":"post-104482","1":"product","2":"type-product","3":"status-publish","4":"has-post-thumbnail","6":"product_cat-tapis-noues-a-la-main","7":"product_cat-tapis-fr","8":"product_tag-co-white-fr","9":"pa_color-blanc-et-violet-fonce","10":"pa_color-couleurs-personalisees","11":"pa_color-orange-fr","12":"pa_size-dimensions-sur-mesure-fr","13":"pa_size-l-280-x-l-100-x-h-80-fr","14":"pa_size-petit-fr","15":"product_designer-atelier-fevrier-fr","16":"reporting_designer-atelier-fevrier","18":"first","19":"instock","20":"taxable","21":"shipping-taxable","22":"purchasable","23":"product-type-variable"},"acf":[],"_links":{"self":[{"href":"https:\/\/theinvisiblecollection.com\/fr\/wp-json\/wp\/v2\/product\/104482","targetHints":{"allow":["GET"]}}],"collection":[{"href":"https:\/\/theinvisiblecollection.com\/fr\/wp-json\/wp\/v2\/product"}],"about":[{"href":"https:\/\/theinvisiblecollection.com\/fr\/wp-json\/wp\/v2\/types\/product"}],"wp:featuredmedia":[{"embeddable":true,"href":"https:\/\/theinvisiblecollection.com\/fr\/wp-json\/wp\/v2\/media\/5846675"}],"wp:attachment":[{"href":"https:\/\/theinvisiblecollection.com\/fr\/wp-json\/wp\/v2\/media?parent=104482"}],"wp:term":[{"taxonomy":"product_brand","embeddable":true,"href":"https:\/\/theinvisiblecollection.com\/fr\/wp-json\/wp\/v2\/product_brand?post=104482"},{"taxonomy":"product_cat","embeddable":true,"href":"https:\/\/theinvisiblecollection.com\/fr\/wp-json\/wp\/v2\/product_cat?post=104482"},{"taxonomy":"product_tag","embeddable":true,"href":"https:\/\/theinvisiblecollection.com\/fr\/wp-json\/wp\/v2\/product_tag?post=104482"},{"taxonomy":"product_designer","embeddable":true,"href":"https:\/\/theinvisiblecollection.com\/fr\/wp-json\/wp\/v2\/product_designer?post=104482"},{"taxonomy":"comfabric","embeddable":true,"href":"https:\/\/theinvisiblecollection.com\/fr\/wp-json\/wp\/v2\/comfabric?post=104482"},{"taxonomy":"manufacturer","embeddable":true,"href":"https:\/\/theinvisiblecollection.com\/fr\/wp-json\/wp\/v2\/manufacturer?post=104482"},{"taxonomy":"reporting_designer","embeddable":true,"href":"https:\/\/theinvisiblecollection.com\/fr\/wp-json\/wp\/v2\/reporting_designer?post=104482"},{"taxonomy":"samplecomfabric","embeddable":true,"href":"https:\/\/theinvisiblecollection.com\/fr\/wp-json\/wp\/v2\/samplecomfabric?post=104482"},{"taxonomy":"clubroom_product_designer","embeddable":true,"href":"https:\/\/theinvisiblecollection.com\/fr\/wp-json\/wp\/v2\/designer_clubroom?post=104482"}],"curies":[{"name":"wp","href":"https:\/\/api.w.org\/{rel}","templated":true}]}}