{"id":1046843,"date":"2024-07-04T08:53:17","date_gmt":"2024-07-04T08:53:17","guid":{"rendered":"https:\/\/theinvisiblecollection.com\/?post_type=product&#038;p=1046843"},"modified":"2026-05-01T07:38:36","modified_gmt":"2026-05-01T07:38:36","slug":"haos-applique-japonaise-2020-01","status":"publish","type":"product","link":"https:\/\/theinvisiblecollection.com\/fr\/produit\/haos-applique-japonaise-2020-01\/","title":{"rendered":"Applique Japonaise 2020.01"},"content":{"rendered":"<p style=\"text-align: justify;\">L\u2019atelier impose une signature forte et nuanc\u00e9e qui doit sa singularit\u00e9 \u00e0 l\u2019association entre l\u2019expression brute et radicale des formes sculpturales et la ma\u00eetrise de lignes sophistiqu\u00e9es et raffin\u00e9es. Son travail s\u2019inscrit dans la tradition des Arts D\u00e9coratifs fran\u00e7ais, mais doit sa sp\u00e9cificit\u00e9 \u00e0 cet \u00e9quilibre atteint entre brutalit\u00e9 et sophistication, ainsi qu\u2019\u00e0 la recherche d\u2019une forme de beaut\u00e9 intemporelle, presque asc\u00e9tique.<\/p>\n","protected":false},"excerpt":{"rendered":"<p>\u00c9dition limit\u00e9e : 30 pi\u00e8ces sign\u00e9es et num\u00e9rot\u00e9es<br \/>\nApplique en ch\u00eane massif avec papier tress\u00e9 Japonais<br \/>\nBase nickel\u00e9e<br \/>\nPhotographi\u00e9e ici en bois et argent<\/p>\n<p>Disponible en deux dimensions :<br \/>\nMoyen : L 40 x l 21 x H 17 cm<br \/>\nGrand :\u00a0 L 52 x l 26 x H 20 cm<\/p>\n<p>Fabriqu\u00e9e \u00e0 la main en France<br \/>\nD\u00e9lais de fabrication : 8 semaines<\/p>\n<p class=\"p1\"><span style=\"text-decoration: underline;\"><span class=\"s1\"><a href=\"https:\/\/www.theinvisiblecollection.com\/fr\/demande-de-devis\/?product_id=1046843\">Contactez-nous pour toute demande de devis ou de renseignements<\/a><\/span><\/span><\/p>\n","protected":false},"featured_media":54809,"template":"","meta":{"_acf_changed":false,"content-type":"","_themeisle_gutenberg_block_has_review":false},"product_brand":[],"product_cat":[8975,12507],"product_tag":[22680,33319,9200,9237,11250,11251,14925],"product_designer":[11320],"comfabric":[],"manufacturer":[16895],"reporting_designer":[37170],"samplecomfabric":[],"designer_clubroom":[],"class_list":{"0":"post-1046843","1":"product","2":"type-product","3":"status-publish","4":"has-post-thumbnail","6":"product_cat-appliques-murales","7":"product_cat-luminaires","8":"product_tag-applique-murale-fr","9":"product_tag-edition-limitee","10":"product_tag-luminaire-fr-2","11":"product_tag-lampe-fr-2","12":"product_tag-studio-haos-fr","13":"product_tag-haos-fr","14":"product_tag-hpfav-fr","15":"pa_size-grand-fr","16":"pa_size-moyen-fr","17":"product_designer-haos-fr","18":"manufacturer-la-fabrique-fr","19":"reporting_designer-haos","21":"first","22":"instock","23":"taxable","24":"shipping-taxable","25":"purchasable","26":"product-type-variable"},"acf":[],"_links":{"self":[{"href":"https:\/\/theinvisiblecollection.com\/fr\/wp-json\/wp\/v2\/product\/1046843","targetHints":{"allow":["GET"]}}],"collection":[{"href":"https:\/\/theinvisiblecollection.com\/fr\/wp-json\/wp\/v2\/product"}],"about":[{"href":"https:\/\/theinvisiblecollection.com\/fr\/wp-json\/wp\/v2\/types\/product"}],"wp:featuredmedia":[{"embeddable":true,"href":"https:\/\/theinvisiblecollection.com\/fr\/wp-json\/wp\/v2\/media\/54809"}],"wp:attachment":[{"href":"https:\/\/theinvisiblecollection.com\/fr\/wp-json\/wp\/v2\/media?parent=1046843"}],"wp:term":[{"taxonomy":"product_brand","embeddable":true,"href":"https:\/\/theinvisiblecollection.com\/fr\/wp-json\/wp\/v2\/product_brand?post=1046843"},{"taxonomy":"product_cat","embeddable":true,"href":"https:\/\/theinvisiblecollection.com\/fr\/wp-json\/wp\/v2\/product_cat?post=1046843"},{"taxonomy":"product_tag","embeddable":true,"href":"https:\/\/theinvisiblecollection.com\/fr\/wp-json\/wp\/v2\/product_tag?post=1046843"},{"taxonomy":"product_designer","embeddable":true,"href":"https:\/\/theinvisiblecollection.com\/fr\/wp-json\/wp\/v2\/product_designer?post=1046843"},{"taxonomy":"comfabric","embeddable":true,"href":"https:\/\/theinvisiblecollection.com\/fr\/wp-json\/wp\/v2\/comfabric?post=1046843"},{"taxonomy":"manufacturer","embeddable":true,"href":"https:\/\/theinvisiblecollection.com\/fr\/wp-json\/wp\/v2\/manufacturer?post=1046843"},{"taxonomy":"reporting_designer","embeddable":true,"href":"https:\/\/theinvisiblecollection.com\/fr\/wp-json\/wp\/v2\/reporting_designer?post=1046843"},{"taxonomy":"samplecomfabric","embeddable":true,"href":"https:\/\/theinvisiblecollection.com\/fr\/wp-json\/wp\/v2\/samplecomfabric?post=1046843"},{"taxonomy":"clubroom_product_designer","embeddable":true,"href":"https:\/\/theinvisiblecollection.com\/fr\/wp-json\/wp\/v2\/designer_clubroom?post=1046843"}],"curies":[{"name":"wp","href":"https:\/\/api.w.org\/{rel}","templated":true}]}}