{"id":1048759,"date":"2022-11-01T16:37:48","date_gmt":"2022-11-01T15:37:48","guid":{"rendered":"https:\/\/theinvisiblecollection.com\/?post_type=product&#038;p=1048759"},"modified":"2026-05-01T07:38:34","modified_gmt":"2026-05-01T07:38:34","slug":"haos-lampadaire-2022","status":"publish","type":"product","link":"https:\/\/theinvisiblecollection.com\/fr\/produit\/haos-lampadaire-2022\/","title":{"rendered":"Lampadaire 2022"},"content":{"rendered":"","protected":false},"excerpt":{"rendered":"<p>Lampadaire en ch\u00eane plaqu\u00e9<br \/>\nBase en acier inoxydable, verre et papier washi<br \/>\nStrip LED inclus, blanc chaud 2700K, dimmable sur demande<br \/>\n\u00c9lectrification adapt\u00e9e \u00e0 l&#8217;Europe, au Royaume-Uni, aux \u00c9tats-Unis et \u00e0 l&#8217;Australie<br \/>\nBois, finitions et dimensions sur-mesure sur demande<\/p>\n<p>L 33 x l 13.1 x H 115 cm<\/p>\n<p>Fabriqu\u00e9 \u00e0 la main en Europe<br \/>\nD\u00e9lais de fabrication : 8 semaines<\/p>\n<p class=\"p1\"><span style=\"text-decoration: underline;\"><span class=\"s1\"><a href=\"https:\/\/www.theinvisiblecollection.com\/fr\/demande-de-devis\/?product_id=1048759\">Contactez-nous pour toute demande de devis ou de renseignement<\/a><\/span><\/span><\/p>\n","protected":false},"featured_media":1049152,"template":"","meta":{"_acf_changed":false,"content-type":"","_themeisle_gutenberg_block_has_review":false},"product_brand":[],"product_cat":[8966,12507,13076],"product_tag":[],"product_designer":[11320],"comfabric":[],"manufacturer":[19803],"reporting_designer":[37170],"samplecomfabric":[],"designer_clubroom":[],"class_list":{"0":"post-1048759","1":"product","2":"type-product","3":"status-publish","4":"has-post-thumbnail","6":"product_cat-lampes-sur-pied","7":"product_cat-luminaires","8":"product_cat-bureau-a-la-maison","9":"pa_choice-electrification-australienne","10":"pa_choice-electrification-europeenne-et-certification-ce","11":"pa_choice-electrification-us","12":"product_designer-haos-fr","13":"manufacturer-studio-haos-atelier-lisbon-fr","14":"reporting_designer-haos","16":"first","17":"instock","18":"taxable","19":"shipping-taxable","20":"purchasable","21":"product-type-variable"},"acf":[],"_links":{"self":[{"href":"https:\/\/theinvisiblecollection.com\/fr\/wp-json\/wp\/v2\/product\/1048759","targetHints":{"allow":["GET"]}}],"collection":[{"href":"https:\/\/theinvisiblecollection.com\/fr\/wp-json\/wp\/v2\/product"}],"about":[{"href":"https:\/\/theinvisiblecollection.com\/fr\/wp-json\/wp\/v2\/types\/product"}],"wp:featuredmedia":[{"embeddable":true,"href":"https:\/\/theinvisiblecollection.com\/fr\/wp-json\/wp\/v2\/media\/1049152"}],"wp:attachment":[{"href":"https:\/\/theinvisiblecollection.com\/fr\/wp-json\/wp\/v2\/media?parent=1048759"}],"wp:term":[{"taxonomy":"product_brand","embeddable":true,"href":"https:\/\/theinvisiblecollection.com\/fr\/wp-json\/wp\/v2\/product_brand?post=1048759"},{"taxonomy":"product_cat","embeddable":true,"href":"https:\/\/theinvisiblecollection.com\/fr\/wp-json\/wp\/v2\/product_cat?post=1048759"},{"taxonomy":"product_tag","embeddable":true,"href":"https:\/\/theinvisiblecollection.com\/fr\/wp-json\/wp\/v2\/product_tag?post=1048759"},{"taxonomy":"product_designer","embeddable":true,"href":"https:\/\/theinvisiblecollection.com\/fr\/wp-json\/wp\/v2\/product_designer?post=1048759"},{"taxonomy":"comfabric","embeddable":true,"href":"https:\/\/theinvisiblecollection.com\/fr\/wp-json\/wp\/v2\/comfabric?post=1048759"},{"taxonomy":"manufacturer","embeddable":true,"href":"https:\/\/theinvisiblecollection.com\/fr\/wp-json\/wp\/v2\/manufacturer?post=1048759"},{"taxonomy":"reporting_designer","embeddable":true,"href":"https:\/\/theinvisiblecollection.com\/fr\/wp-json\/wp\/v2\/reporting_designer?post=1048759"},{"taxonomy":"samplecomfabric","embeddable":true,"href":"https:\/\/theinvisiblecollection.com\/fr\/wp-json\/wp\/v2\/samplecomfabric?post=1048759"},{"taxonomy":"clubroom_product_designer","embeddable":true,"href":"https:\/\/theinvisiblecollection.com\/fr\/wp-json\/wp\/v2\/designer_clubroom?post=1048759"}],"curies":[{"name":"wp","href":"https:\/\/api.w.org\/{rel}","templated":true}]}}