{"id":104999,"date":"2021-11-18T18:04:22","date_gmt":"2021-11-18T17:04:22","guid":{"rendered":"https:\/\/theinvisiblecollection.com\/?post_type=product&#038;p=104999"},"modified":"2026-05-08T04:40:22","modified_gmt":"2026-05-08T04:40:22","slug":"pierre-augustin-rose-chaise-thersia","status":"publish","type":"product","link":"https:\/\/theinvisiblecollection.com\/fr\/produit\/pierre-augustin-rose-chaise-thersia\/","title":{"rendered":"Chaise Thersia"},"content":{"rendered":"<p style=\"text-align: justify;\"><span data-contrast=\"auto\">Enti\u00e8rement\u00a0recouverte\u00a0de\u00a0cuir\u00a0haut de\u00a0gamme,\u00a0tiss\u00e9e\u00a0avec des\u00a0d\u00e9tails\u00a0exceptionnels,<\/span><span data-ccp-props=\"{&quot;201341983&quot;:0,&quot;335559740&quot;:259}\">\u00a0<\/span><span data-contrast=\"auto\">cette\u00a0chaise de salle \u00e0\u00a0manger\u00a0l\u00e9g\u00e8re\u00a0int\u00e8gre\u00a0un design\u00a0intemporel\u00a0avec un savoir-faire<\/span><span data-ccp-props=\"{&quot;201341983&quot;:0,&quot;335559740&quot;:259}\">\u00a0<\/span><span data-contrast=\"auto\">moderne.<\/span><span data-ccp-props=\"{&quot;201341983&quot;:0,&quot;335559740&quot;:259}\">\u00a0<\/span><\/p>\n","protected":false},"excerpt":{"rendered":"<p>Chaise en bois massif sculpt\u00e9<br \/>\nPhotographi\u00e9e ici en cuir Embosssed Tipped de Spinneybeck, couleur : Beach<br \/>\n<a href=\"https:\/\/theinvisiblecollection.com\/wp-content\/uploads\/2022\/01\/TheInvisibleCollection_Pierre-Augustin-Rose_Fabric-Selection_Pierre-Frey-LR.pdf\" target=\"_blank\" rel=\"noopener\"><span style=\"text-decoration: underline;\">D\u00e9couvrez la s\u00e9lection de cuirs ici<\/span><\/a><br \/>\nChaque pi\u00e8ce est unique, l&#8217;effet final d\u00e9pend des nuances du bois en fonction des n\u0153uds, des fissures et des couleurs<\/p>\n<p><span dir=\"ltr\" role=\"presentation\">L 52 x l 46.5 x H 92 cm<\/span><br role=\"presentation\" \/><span dir=\"ltr\" role=\"presentation\">Hauteur d&#8217;assise : 46 cm \/ 18.1&#8243;<\/span><br role=\"presentation\" \/><span dir=\"ltr\" role=\"presentation\">Profondeur d&#8217;assise : 44 cm \/ 17.3&#8243;<\/span><\/p>\n<p><p>Fabriqu\u00e9e \u00e0 la main en Europe<br \/>D\u00e9lais de production : 12 &#8211; 14 semaines<\/p>\n<p><span style=\"text-decoration: underline\" data-mce-style=\"text-decoration: underline;\"><a href=\"https:\/\/www.theinvisiblecollection.com\/fr\/demande-de-devis\/?product_id=104999\" target=\"_blank\" rel=\"noopener\" data-mce-href=\"https:\/\/www.theinvisiblecollection.com\/fr\/demande-de-devis\/?product_id=104999\">Contactez-nous pour toute demande de devis ou de renseignement<\/a><\/span><\/p><\/p>\n","protected":false},"featured_media":105022,"template":"","meta":{"_acf_changed":false,"content-type":"","_themeisle_gutenberg_block_has_review":false},"product_brand":[],"product_cat":[8962,12499],"product_tag":[31477,35206],"product_designer":[8908],"comfabric":[29018],"manufacturer":[16828],"reporting_designer":[37608],"samplecomfabric":[30018],"designer_clubroom":[],"class_list":{"0":"post-104999","1":"product","2":"type-product","3":"status-publish","4":"has-post-thumbnail","6":"product_cat-chaises","7":"product_cat-assises","8":"product_tag-st-curvy-fr","9":"product_tag-exclusive-fr","10":"product_designer-pierre-augustin-rose-fr","11":"comfabric-pierre-augustin-rose-fr","12":"manufacturer-charvin-logistics-saint-ouen-la-ex-egetra-fr","13":"reporting_designer-pierre-augustin-rose","14":"samplecomfabric-pierre-augustin-rose-fr","16":"first","17":"instock","18":"taxable","19":"shipping-taxable","20":"purchasable","21":"product-type-simple"},"acf":[],"_links":{"self":[{"href":"https:\/\/theinvisiblecollection.com\/fr\/wp-json\/wp\/v2\/product\/104999","targetHints":{"allow":["GET"]}}],"collection":[{"href":"https:\/\/theinvisiblecollection.com\/fr\/wp-json\/wp\/v2\/product"}],"about":[{"href":"https:\/\/theinvisiblecollection.com\/fr\/wp-json\/wp\/v2\/types\/product"}],"wp:featuredmedia":[{"embeddable":true,"href":"https:\/\/theinvisiblecollection.com\/fr\/wp-json\/wp\/v2\/media\/105022"}],"wp:attachment":[{"href":"https:\/\/theinvisiblecollection.com\/fr\/wp-json\/wp\/v2\/media?parent=104999"}],"wp:term":[{"taxonomy":"product_brand","embeddable":true,"href":"https:\/\/theinvisiblecollection.com\/fr\/wp-json\/wp\/v2\/product_brand?post=104999"},{"taxonomy":"product_cat","embeddable":true,"href":"https:\/\/theinvisiblecollection.com\/fr\/wp-json\/wp\/v2\/product_cat?post=104999"},{"taxonomy":"product_tag","embeddable":true,"href":"https:\/\/theinvisiblecollection.com\/fr\/wp-json\/wp\/v2\/product_tag?post=104999"},{"taxonomy":"product_designer","embeddable":true,"href":"https:\/\/theinvisiblecollection.com\/fr\/wp-json\/wp\/v2\/product_designer?post=104999"},{"taxonomy":"comfabric","embeddable":true,"href":"https:\/\/theinvisiblecollection.com\/fr\/wp-json\/wp\/v2\/comfabric?post=104999"},{"taxonomy":"manufacturer","embeddable":true,"href":"https:\/\/theinvisiblecollection.com\/fr\/wp-json\/wp\/v2\/manufacturer?post=104999"},{"taxonomy":"reporting_designer","embeddable":true,"href":"https:\/\/theinvisiblecollection.com\/fr\/wp-json\/wp\/v2\/reporting_designer?post=104999"},{"taxonomy":"samplecomfabric","embeddable":true,"href":"https:\/\/theinvisiblecollection.com\/fr\/wp-json\/wp\/v2\/samplecomfabric?post=104999"},{"taxonomy":"clubroom_product_designer","embeddable":true,"href":"https:\/\/theinvisiblecollection.com\/fr\/wp-json\/wp\/v2\/designer_clubroom?post=104999"}],"curies":[{"name":"wp","href":"https:\/\/api.w.org\/{rel}","templated":true}]}}