{"id":105007,"date":"2021-11-18T18:05:11","date_gmt":"2021-11-18T17:05:11","guid":{"rendered":"https:\/\/theinvisiblecollection.com\/?post_type=product&#038;p=105007"},"modified":"2026-05-08T04:40:22","modified_gmt":"2026-05-08T04:40:22","slug":"pierre-augustin-rose-altlas-mini","status":"publish","type":"product","link":"https:\/\/theinvisiblecollection.com\/fr\/produit\/pierre-augustin-rose-altlas-mini\/","title":{"rendered":"Atlas Mini"},"content":{"rendered":"<p style=\"text-align: justify;\"><span dir=\"ltr\" role=\"presentation\">En ch\u00eane e<\/span><span dir=\"ltr\" role=\"presentation\">t <\/span><span dir=\"ltr\" role=\"presentation\">laque, ce gu\u00e9ridon repose sur <\/span><span dir=\"ltr\" role=\"presentation\">un pi\u00e8tement tournant unique donnant une <\/span><span dir=\"ltr\" role=\"presentation\">incroyable <\/span><span dir=\"ltr\" role=\"presentation\">impression de l\u00e9g\u00e8ret\u00e9.<\/span><\/p>\n","protected":false},"excerpt":{"rendered":"<p>Colonne en ch\u00eane<br \/>\nPlateau et base pivotante en finition laqu\u00e9e finement<br \/>\n<a href=\"https:\/\/theinvisiblecollection.com\/wp-content\/uploads\/2022\/01\/TheInvisibleCollection_PierreAugustinRose_LacquerSelection1.pdf\" target=\"_blank\" rel=\"noopener\"><span style=\"text-decoration: underline;\">D\u00e9couvrez la s\u00e9lection de laques ici<\/span><\/a><\/p>\n<p>L 60 x l 60 x H 68 cm<br \/>\nDimensions \u00e9tag\u00e8res :<br \/>\nDeux moyennes : L 25 x l 25 x H 21 cm<br \/>\nUne grande : L 41 x l 25 x H 16 cm<\/p>\n<p>Fabriqu\u00e9 \u00e0 la main en Europe<br \/>\nD\u00e9lais de production : 10 &#8211; 14 semaines<\/p>\n<p><span style=\"text-decoration: underline;\"><a href=\"https:\/\/www.theinvisiblecollection.com\/fr\/demande-de-devis\/?product_id=105007\" target=\"_blank\" rel=\"noopener\">Contactez-nous pour toute demande de devis ou de renseignement<\/a><\/span><\/p>\n","protected":false},"featured_media":104956,"template":"","meta":{"_acf_changed":false,"content-type":"","_themeisle_gutenberg_block_has_review":false},"product_brand":[],"product_cat":[12332,12501,12503,12514],"product_tag":[14926,31474,35206],"product_designer":[8908],"comfabric":[29018],"manufacturer":[16828],"reporting_designer":[37608],"samplecomfabric":[30018],"designer_clubroom":[],"class_list":{"0":"post-105007","1":"product","2":"type-product","3":"status-publish","4":"has-post-thumbnail","6":"product_cat-tables-dappoint","7":"product_cat-chambre-a-coucher","8":"product_cat-tables-fr","9":"product_cat-tables-de-chevet","10":"product_tag-hplstfav-fr","11":"product_tag-co-white-fr","12":"product_tag-exclusive-fr","13":"product_designer-pierre-augustin-rose-fr","14":"comfabric-pierre-augustin-rose-fr","15":"manufacturer-charvin-logistics-saint-ouen-la-ex-egetra-fr","16":"reporting_designer-pierre-augustin-rose","17":"samplecomfabric-pierre-augustin-rose-fr","19":"first","20":"instock","21":"taxable","22":"shipping-taxable","23":"purchasable","24":"product-type-variable"},"acf":[],"_links":{"self":[{"href":"https:\/\/theinvisiblecollection.com\/fr\/wp-json\/wp\/v2\/product\/105007","targetHints":{"allow":["GET"]}}],"collection":[{"href":"https:\/\/theinvisiblecollection.com\/fr\/wp-json\/wp\/v2\/product"}],"about":[{"href":"https:\/\/theinvisiblecollection.com\/fr\/wp-json\/wp\/v2\/types\/product"}],"wp:featuredmedia":[{"embeddable":true,"href":"https:\/\/theinvisiblecollection.com\/fr\/wp-json\/wp\/v2\/media\/104956"}],"wp:attachment":[{"href":"https:\/\/theinvisiblecollection.com\/fr\/wp-json\/wp\/v2\/media?parent=105007"}],"wp:term":[{"taxonomy":"product_brand","embeddable":true,"href":"https:\/\/theinvisiblecollection.com\/fr\/wp-json\/wp\/v2\/product_brand?post=105007"},{"taxonomy":"product_cat","embeddable":true,"href":"https:\/\/theinvisiblecollection.com\/fr\/wp-json\/wp\/v2\/product_cat?post=105007"},{"taxonomy":"product_tag","embeddable":true,"href":"https:\/\/theinvisiblecollection.com\/fr\/wp-json\/wp\/v2\/product_tag?post=105007"},{"taxonomy":"product_designer","embeddable":true,"href":"https:\/\/theinvisiblecollection.com\/fr\/wp-json\/wp\/v2\/product_designer?post=105007"},{"taxonomy":"comfabric","embeddable":true,"href":"https:\/\/theinvisiblecollection.com\/fr\/wp-json\/wp\/v2\/comfabric?post=105007"},{"taxonomy":"manufacturer","embeddable":true,"href":"https:\/\/theinvisiblecollection.com\/fr\/wp-json\/wp\/v2\/manufacturer?post=105007"},{"taxonomy":"reporting_designer","embeddable":true,"href":"https:\/\/theinvisiblecollection.com\/fr\/wp-json\/wp\/v2\/reporting_designer?post=105007"},{"taxonomy":"samplecomfabric","embeddable":true,"href":"https:\/\/theinvisiblecollection.com\/fr\/wp-json\/wp\/v2\/samplecomfabric?post=105007"},{"taxonomy":"clubroom_product_designer","embeddable":true,"href":"https:\/\/theinvisiblecollection.com\/fr\/wp-json\/wp\/v2\/designer_clubroom?post=105007"}],"curies":[{"name":"wp","href":"https:\/\/api.w.org\/{rel}","templated":true}]}}