{"id":105052,"date":"2021-11-18T18:04:59","date_gmt":"2021-11-18T17:04:59","guid":{"rendered":"https:\/\/theinvisiblecollection.com\/?post_type=product&#038;p=105052"},"modified":"2026-05-01T07:39:07","modified_gmt":"2026-05-01T07:39:07","slug":"pierre-augustin-rose-divan-190","status":"publish","type":"product","link":"https:\/\/theinvisiblecollection.com\/fr\/produit\/pierre-augustin-rose-divan-190\/","title":{"rendered":"Divan 190"},"content":{"rendered":"<p style=\"text-align: justify;\"><span dir=\"ltr\" role=\"presentation\">Cette m\u00e9ridienne g\u00e9n\u00e9reuse et <\/span><span dir=\"ltr\" role=\"presentation\">voluptueuse bas\u00e9e sur l\u2019iconique canap\u00e9 <\/span><span dir=\"ltr\" role=\"presentation\">190, en<\/span> <span dir=\"ltr\" role=\"presentation\">conserv<\/span><span dir=\"ltr\" role=\"presentation\">e <\/span><span dir=\"ltr\" role=\"presentation\">les courbes et les lignes <\/span><span dir=\"ltr\" role=\"presentation\">\u00e9tir\u00e9es, <\/span><span dir=\"ltr\" role=\"presentation\">v\u00e9ritable<\/span><span dir=\"ltr\" role=\"presentation\"> ode aux designs <\/span><span dir=\"ltr\" role=\"presentation\">scandinaves, <\/span><span dir=\"ltr\" role=\"presentation\">offrant <\/span><span dir=\"ltr\" role=\"presentation\">une nouvelle <\/span><span dir=\"ltr\" role=\"presentation\">dimension au bonheur de se retrouver avec <\/span><span dir=\"ltr\" role=\"presentation\">style.<\/span><\/p>\n","protected":false},"excerpt":{"rendered":"<p>Divan photographi\u00e9 ici en tissu Valreas de Pierre Frey, couleur Sable<br \/>\n<a href=\"https:\/\/theinvisiblecollection.com\/wp-content\/uploads\/2022\/02\/TheInvisibleCollection_PierreAugustinRose_PierreFrey_FabricSelection_Valreas.pdf\" target=\"_blank\" rel=\"noopener\"><span style=\"text-decoration: underline;\">D\u00e9couvrez la s\u00e9lection de tissus ici<\/span><\/a><br \/>\nPi\u00e8tement en ch\u00eane peints en noir<br \/>\n7 coussins (40 x 40 cm) inclus<\/p>\n<p>L 205 x l 190 x H 76 cm<br \/>\nHauteur d&#8217;assise : 42 cm<br \/>\nProfondeur d&#8217;assise : 175 cm<br \/>\nTissu requis : 9 m<\/p>\n<p>Fabriqu\u00e9 \u00e0 la main en Europe<br \/>\nD\u00e9lais de production : 12 &#8211; 14 semaines<\/p>\n<p><span style=\"text-decoration: underline;\"><a href=\"https:\/\/www.theinvisiblecollection.com\/fr\/demande-de-devis\/?product_id=105052\" target=\"_blank\" rel=\"noopener\">Contactez-nous pour toute demande de devis ou de renseignement<\/a><\/span><\/p>\n","protected":false},"featured_media":105038,"template":"","meta":{"_acf_changed":false,"content-type":"","_themeisle_gutenberg_block_has_review":false},"product_brand":[],"product_cat":[8973,8976,12499],"product_tag":[31477,35206],"product_designer":[8908],"comfabric":[29018],"manufacturer":[16828],"reporting_designer":[37608],"samplecomfabric":[30018],"designer_clubroom":[],"class_list":{"0":"post-105052","1":"product","2":"type-product","3":"status-publish","4":"has-post-thumbnail","6":"product_cat-canapes-lits","7":"product_cat-canapes","8":"product_cat-assises","9":"product_tag-st-curvy-fr","10":"product_tag-exclusive-fr","11":"pa_fabric-en-blanc-sans-tissu-fr","12":"pa_fabric-pierre-frey-valreas-fr","13":"product_designer-pierre-augustin-rose-fr","14":"comfabric-pierre-augustin-rose-fr","15":"manufacturer-charvin-logistics-saint-ouen-la-ex-egetra-fr","16":"reporting_designer-pierre-augustin-rose","17":"samplecomfabric-pierre-augustin-rose-fr","19":"first","20":"instock","21":"taxable","22":"shipping-taxable","23":"purchasable","24":"product-type-variable"},"acf":[],"_links":{"self":[{"href":"https:\/\/theinvisiblecollection.com\/fr\/wp-json\/wp\/v2\/product\/105052","targetHints":{"allow":["GET"]}}],"collection":[{"href":"https:\/\/theinvisiblecollection.com\/fr\/wp-json\/wp\/v2\/product"}],"about":[{"href":"https:\/\/theinvisiblecollection.com\/fr\/wp-json\/wp\/v2\/types\/product"}],"wp:featuredmedia":[{"embeddable":true,"href":"https:\/\/theinvisiblecollection.com\/fr\/wp-json\/wp\/v2\/media\/105038"}],"wp:attachment":[{"href":"https:\/\/theinvisiblecollection.com\/fr\/wp-json\/wp\/v2\/media?parent=105052"}],"wp:term":[{"taxonomy":"product_brand","embeddable":true,"href":"https:\/\/theinvisiblecollection.com\/fr\/wp-json\/wp\/v2\/product_brand?post=105052"},{"taxonomy":"product_cat","embeddable":true,"href":"https:\/\/theinvisiblecollection.com\/fr\/wp-json\/wp\/v2\/product_cat?post=105052"},{"taxonomy":"product_tag","embeddable":true,"href":"https:\/\/theinvisiblecollection.com\/fr\/wp-json\/wp\/v2\/product_tag?post=105052"},{"taxonomy":"product_designer","embeddable":true,"href":"https:\/\/theinvisiblecollection.com\/fr\/wp-json\/wp\/v2\/product_designer?post=105052"},{"taxonomy":"comfabric","embeddable":true,"href":"https:\/\/theinvisiblecollection.com\/fr\/wp-json\/wp\/v2\/comfabric?post=105052"},{"taxonomy":"manufacturer","embeddable":true,"href":"https:\/\/theinvisiblecollection.com\/fr\/wp-json\/wp\/v2\/manufacturer?post=105052"},{"taxonomy":"reporting_designer","embeddable":true,"href":"https:\/\/theinvisiblecollection.com\/fr\/wp-json\/wp\/v2\/reporting_designer?post=105052"},{"taxonomy":"samplecomfabric","embeddable":true,"href":"https:\/\/theinvisiblecollection.com\/fr\/wp-json\/wp\/v2\/samplecomfabric?post=105052"},{"taxonomy":"clubroom_product_designer","embeddable":true,"href":"https:\/\/theinvisiblecollection.com\/fr\/wp-json\/wp\/v2\/designer_clubroom?post=105052"}],"curies":[{"name":"wp","href":"https:\/\/api.w.org\/{rel}","templated":true}]}}