{"id":105154,"date":"2021-11-18T18:04:28","date_gmt":"2021-11-18T17:04:28","guid":{"rendered":"https:\/\/theinvisiblecollection.com\/?post_type=product&#038;p=105154"},"modified":"2026-05-01T07:39:07","modified_gmt":"2026-05-01T07:39:07","slug":"pierre-augustin-rose-fauteuil-fumoir-parchemin","status":"publish","type":"product","link":"https:\/\/theinvisiblecollection.com\/fr\/produit\/pierre-augustin-rose-fauteuil-fumoir-parchemin\/","title":{"rendered":"Fauteuil Fumoir Parchemin"},"content":{"rendered":"<p style=\"text-align: justify;\"><span dir=\"ltr\" role=\"presentation\">Graphique<\/span><span dir=\"ltr\" role=\"presentation\">, ce fauteuil d&#8217;inspiration <\/span><span dir=\"ltr\" role=\"presentation\">Bauhaus pr\u00e9sente un assemblage<\/span> <span dir=\"ltr\" role=\"presentation\">unique <\/span><span dir=\"ltr\" role=\"presentation\">de parchemins. Les coussins sculpturaux <\/span><span dir=\"ltr\" role=\"presentation\">sont recouverts du tissu Angkor de <\/span><span dir=\"ltr\" role=\"presentation\">l\u2019\u00e9diteur parisien Pierre Frey.<\/span><\/p>\n","protected":false},"excerpt":{"rendered":"<p>Fauteuil avec une structure en bois rev\u00eatue de parchemin<br \/>\n\u00c9galement disponible en <a href=\"https:\/\/theinvisiblecollection.com\/fr\/produit\/pierre-augustin-rose-fauteuil-fumoir-laque\/\" target=\"_blank\" rel=\"noopener\"><span style=\"text-decoration: underline;\">laque<\/span><\/a> et <a href=\"https:\/\/theinvisiblecollection.com\/fr\/produit\/pierre-augustin-rose-fauteuil-fumoir-tissu\/\" target=\"_blank\" rel=\"noopener\"><span style=\"text-decoration: underline;\">enti\u00e8rement tapiss\u00e9 de tissu<\/span><\/a><br \/>\nPi\u00e8tement finition laqu\u00e9e blanc cass\u00e9 tr\u00e8s finement<br \/>\nPhotographi\u00e9 ici en tissu Angkor de Pierre Frey, couleur : Chaux 001<br \/>\n<a href=\"https:\/\/theinvisiblecollection.com\/wp-content\/uploads\/2022\/02\/TheInvisibleCollection_PierreAugustinRose_PierreFrey_FabricSelection_Cadillac.pdf\" target=\"_blank\" rel=\"noopener\"><span style=\"text-decoration: underline;\">D\u00e9couvrez la s\u00e9lection de tissus ici<\/span><\/a><br \/>\nCoussin inclus<\/p>\n<p>L 94.5 x l 94.5 x H 68.3 cm<br \/>\nHauteur d&#8217;assise : 37 cm<br \/>\nTissu requis : 2.5 m<\/p>\n<p>Fabriqu\u00e9 \u00e0 la main en Europe<br \/>\nD\u00e9lais de production : 12 &#8211; 14 semaines<\/p>\n<p><span style=\"text-decoration: underline;\"><a href=\"https:\/\/www.theinvisiblecollection.com\/fr\/demande-de-devis\/?product_id=105154\" target=\"_blank\" rel=\"noopener\">Contactez-nous pour toute demande de devis ou de renseignement<\/a><\/span><\/p>\n","protected":false},"featured_media":105129,"template":"","meta":{"_acf_changed":false,"content-type":"","_themeisle_gutenberg_block_has_review":false},"product_brand":[],"product_cat":[8945,12499],"product_tag":[31477,35206],"product_designer":[8908],"comfabric":[29018],"manufacturer":[16828],"reporting_designer":[37608],"samplecomfabric":[30018],"designer_clubroom":[],"class_list":{"0":"post-105154","1":"product","2":"type-product","3":"status-publish","4":"has-post-thumbnail","6":"product_cat-fauteuils","7":"product_cat-assises","8":"product_tag-st-curvy-fr","9":"product_tag-exclusive-fr","10":"pa_fabric-en-blanc-sans-tissu-fr","11":"pa_fabric-pierre-frey-angkor-fr","12":"pa_fabric-pierre-frey-arsene-fr","13":"pa_fabric-pierre-frey-loft-fr","14":"pa_fabric-pierre-frey-tissu-louison","15":"pa_fabric-pierre-frey-opio-fr","16":"pa_fabric-pierre-frey-valreas-fr","17":"pa_fabric-pierre-frey-teddy-mohair-fr","18":"product_designer-pierre-augustin-rose-fr","19":"comfabric-pierre-augustin-rose-fr","20":"manufacturer-charvin-logistics-saint-ouen-la-ex-egetra-fr","21":"reporting_designer-pierre-augustin-rose","22":"samplecomfabric-pierre-augustin-rose-fr","24":"first","25":"instock","26":"taxable","27":"shipping-taxable","28":"purchasable","29":"product-type-variable"},"acf":[],"_links":{"self":[{"href":"https:\/\/theinvisiblecollection.com\/fr\/wp-json\/wp\/v2\/product\/105154","targetHints":{"allow":["GET"]}}],"collection":[{"href":"https:\/\/theinvisiblecollection.com\/fr\/wp-json\/wp\/v2\/product"}],"about":[{"href":"https:\/\/theinvisiblecollection.com\/fr\/wp-json\/wp\/v2\/types\/product"}],"wp:featuredmedia":[{"embeddable":true,"href":"https:\/\/theinvisiblecollection.com\/fr\/wp-json\/wp\/v2\/media\/105129"}],"wp:attachment":[{"href":"https:\/\/theinvisiblecollection.com\/fr\/wp-json\/wp\/v2\/media?parent=105154"}],"wp:term":[{"taxonomy":"product_brand","embeddable":true,"href":"https:\/\/theinvisiblecollection.com\/fr\/wp-json\/wp\/v2\/product_brand?post=105154"},{"taxonomy":"product_cat","embeddable":true,"href":"https:\/\/theinvisiblecollection.com\/fr\/wp-json\/wp\/v2\/product_cat?post=105154"},{"taxonomy":"product_tag","embeddable":true,"href":"https:\/\/theinvisiblecollection.com\/fr\/wp-json\/wp\/v2\/product_tag?post=105154"},{"taxonomy":"product_designer","embeddable":true,"href":"https:\/\/theinvisiblecollection.com\/fr\/wp-json\/wp\/v2\/product_designer?post=105154"},{"taxonomy":"comfabric","embeddable":true,"href":"https:\/\/theinvisiblecollection.com\/fr\/wp-json\/wp\/v2\/comfabric?post=105154"},{"taxonomy":"manufacturer","embeddable":true,"href":"https:\/\/theinvisiblecollection.com\/fr\/wp-json\/wp\/v2\/manufacturer?post=105154"},{"taxonomy":"reporting_designer","embeddable":true,"href":"https:\/\/theinvisiblecollection.com\/fr\/wp-json\/wp\/v2\/reporting_designer?post=105154"},{"taxonomy":"samplecomfabric","embeddable":true,"href":"https:\/\/theinvisiblecollection.com\/fr\/wp-json\/wp\/v2\/samplecomfabric?post=105154"},{"taxonomy":"clubroom_product_designer","embeddable":true,"href":"https:\/\/theinvisiblecollection.com\/fr\/wp-json\/wp\/v2\/designer_clubroom?post=105154"}],"curies":[{"name":"wp","href":"https:\/\/api.w.org\/{rel}","templated":true}]}}