{"id":105158,"date":"2021-11-18T18:04:25","date_gmt":"2021-11-18T17:04:25","guid":{"rendered":"https:\/\/theinvisiblecollection.com\/?post_type=product&#038;p=105158"},"modified":"2026-05-01T07:39:07","modified_gmt":"2026-05-01T07:39:07","slug":"pierre-augustin-rose-table-forum","status":"publish","type":"product","link":"https:\/\/theinvisiblecollection.com\/fr\/produit\/pierre-augustin-rose-table-forum\/","title":{"rendered":"Table Forum"},"content":{"rendered":"<p style=\"text-align: justify;\"><span dir=\"ltr\" role=\"presentation\">La Table Forum de Pierre Augustin Rose est compos\u00e9e d&#8217;un plateau de table en ch\u00eane <\/span><span dir=\"ltr\" role=\"presentation\">massif dans sa forme naturelle sur une <\/span><span dir=\"ltr\" role=\"presentation\">base<\/span> <span dir=\"ltr\" role=\"presentation\">lourde <\/span><span dir=\"ltr\" role=\"presentation\">de<\/span><span dir=\"ltr\" role=\"presentation\"> laque en forme de colonne. C<\/span><span dir=\"ltr\" role=\"presentation\">ette \u00e9tonnante table de salle \u00e0 manger <\/span><span dir=\"ltr\" role=\"presentation\">conjugue <\/span><span dir=\"ltr\" role=\"presentation\">des formes organiques et artisanales avec une audacieuse \u00e9l\u00e9gance.<\/span><\/p>\n","protected":false},"excerpt":{"rendered":"<p>Table avec plateau en ch\u00eane teint\u00e9<br \/>\nUn pied ovale en panneau de fibres de densit\u00e9 moyenne (MDF), finition laqu\u00e9e<br \/>\n\u00c9galement disponible avec deux pieds ronds<br \/>\nChaque pi\u00e8ce est unique, l&#8217;effet final d\u00e9pend des nuances du bois en fonction des n\u0153uds, des fissures et des couleurs<br \/>\nDimensions plateau sur-mesure sur demande<\/p>\n<p>Deux dimensions :<br \/>\nMoyen : L 280 x l 120 x H 76 cm<br \/>\nGrand : L 380 x l 120 x H 76 cm<\/p>\n<p>Fabriqu\u00e9e \u00e0 la main en Europe<br \/>\nD\u00e9lais de production : 10 &#8211; 14 semaines<\/p>\n<p><span style=\"text-decoration: underline;\"><a href=\"https:\/\/www.theinvisiblecollection.com\/fr\/demande-de-devis\/?product_id=105158\" target=\"_blank\" rel=\"noopener\">Contactez-nous pour toute demande de devis ou de renseignement<\/a><\/span><\/p>\n","protected":false},"featured_media":105113,"template":"","meta":{"_acf_changed":false,"content-type":"","_themeisle_gutenberg_block_has_review":false},"product_brand":[],"product_cat":[8977,12503],"product_tag":[14926,31474,35206],"product_designer":[8908],"comfabric":[29018],"manufacturer":[16828],"reporting_designer":[37608],"samplecomfabric":[30018],"designer_clubroom":[],"class_list":{"0":"post-105158","1":"product","2":"type-product","3":"status-publish","4":"has-post-thumbnail","6":"product_cat-tables-salle-a-manger","7":"product_cat-tables-fr","8":"product_tag-hplstfav-fr","9":"product_tag-co-white-fr","10":"product_tag-exclusive-fr","11":"pa_choice-deux-pieds-ronds","12":"pa_choice-un-pied-ovale","13":"product_designer-pierre-augustin-rose-fr","14":"comfabric-pierre-augustin-rose-fr","15":"manufacturer-charvin-logistics-saint-ouen-la-ex-egetra-fr","16":"reporting_designer-pierre-augustin-rose","17":"samplecomfabric-pierre-augustin-rose-fr","19":"first","20":"instock","21":"taxable","22":"shipping-taxable","23":"purchasable","24":"product-type-variable"},"acf":[],"_links":{"self":[{"href":"https:\/\/theinvisiblecollection.com\/fr\/wp-json\/wp\/v2\/product\/105158","targetHints":{"allow":["GET"]}}],"collection":[{"href":"https:\/\/theinvisiblecollection.com\/fr\/wp-json\/wp\/v2\/product"}],"about":[{"href":"https:\/\/theinvisiblecollection.com\/fr\/wp-json\/wp\/v2\/types\/product"}],"wp:featuredmedia":[{"embeddable":true,"href":"https:\/\/theinvisiblecollection.com\/fr\/wp-json\/wp\/v2\/media\/105113"}],"wp:attachment":[{"href":"https:\/\/theinvisiblecollection.com\/fr\/wp-json\/wp\/v2\/media?parent=105158"}],"wp:term":[{"taxonomy":"product_brand","embeddable":true,"href":"https:\/\/theinvisiblecollection.com\/fr\/wp-json\/wp\/v2\/product_brand?post=105158"},{"taxonomy":"product_cat","embeddable":true,"href":"https:\/\/theinvisiblecollection.com\/fr\/wp-json\/wp\/v2\/product_cat?post=105158"},{"taxonomy":"product_tag","embeddable":true,"href":"https:\/\/theinvisiblecollection.com\/fr\/wp-json\/wp\/v2\/product_tag?post=105158"},{"taxonomy":"product_designer","embeddable":true,"href":"https:\/\/theinvisiblecollection.com\/fr\/wp-json\/wp\/v2\/product_designer?post=105158"},{"taxonomy":"comfabric","embeddable":true,"href":"https:\/\/theinvisiblecollection.com\/fr\/wp-json\/wp\/v2\/comfabric?post=105158"},{"taxonomy":"manufacturer","embeddable":true,"href":"https:\/\/theinvisiblecollection.com\/fr\/wp-json\/wp\/v2\/manufacturer?post=105158"},{"taxonomy":"reporting_designer","embeddable":true,"href":"https:\/\/theinvisiblecollection.com\/fr\/wp-json\/wp\/v2\/reporting_designer?post=105158"},{"taxonomy":"samplecomfabric","embeddable":true,"href":"https:\/\/theinvisiblecollection.com\/fr\/wp-json\/wp\/v2\/samplecomfabric?post=105158"},{"taxonomy":"clubroom_product_designer","embeddable":true,"href":"https:\/\/theinvisiblecollection.com\/fr\/wp-json\/wp\/v2\/designer_clubroom?post=105158"}],"curies":[{"name":"wp","href":"https:\/\/api.w.org\/{rel}","templated":true}]}}