{"id":105186,"date":"2021-11-18T17:59:36","date_gmt":"2021-11-18T17:01:58","guid":{"rendered":"https:\/\/theinvisiblecollection.com\/?post_type=product&#038;p=105186"},"modified":"2026-05-01T07:39:07","modified_gmt":"2026-05-01T07:39:07","slug":"pierre-augustin-rose-etagere-pleiade-double","status":"publish","type":"product","link":"https:\/\/theinvisiblecollection.com\/fr\/produit\/pierre-augustin-rose-etagere-pleiade-double\/","title":{"rendered":"\u00c9tag\u00e8re Pleiade Double"},"content":{"rendered":"","protected":false},"excerpt":{"rendered":"<p>\u00c9tag\u00e8re avec une finition laqu\u00e9e tr\u00e8s raffin\u00e9e sur un panneau de fibres \u00e0 densit\u00e9 moyenne<br \/>\n<a href=\"https:\/\/theinvisiblecollection.com\/wp-content\/uploads\/2022\/01\/TheInvisibleCollection_PierreAugustinRose_LacquerSelection1.pdf\" target=\"_blank\" rel=\"noopener\"><span style=\"text-decoration: underline;\">D\u00e9couvrez la s\u00e9lection de laques ici<\/span><\/a><br \/>\nDimensions sur-mesure sur demande<\/p>\n<p>L 356 x l 48 x H 44 cm<\/p>\n<p><p>Fabriqu\u00e9e \u00e0 la main en Europe<br \/>D\u00e9lais de production : 10 &#8211; 14 semaines<\/p>\n<p><span style=\"text-decoration: underline\" data-mce-style=\"text-decoration: underline;\"><a href=\"https:\/\/www.theinvisiblecollection.com\/fr\/demande-de-devis\/?product_id=105186\" target=\"_blank\" rel=\"noopener\" data-mce-href=\"https:\/\/www.theinvisiblecollection.com\/fr\/demande-de-devis\/?product_id=105186\">Contactez-nous pour toute demande de devis ou de renseignement<\/a><\/span><\/p><\/p>\n","protected":false},"featured_media":105171,"template":"","meta":{"_acf_changed":false,"content-type":"","_themeisle_gutenberg_block_has_review":false},"product_brand":[],"product_cat":[7517,8956,12505],"product_tag":[31474,31477,35206],"product_designer":[8908],"comfabric":[29018],"manufacturer":[16828],"reporting_designer":[37608],"samplecomfabric":[30018],"designer_clubroom":[],"class_list":{"0":"post-105186","1":"product","2":"type-product","3":"status-publish","4":"has-post-thumbnail","6":"product_cat-deco-fr","7":"product_cat-bibliotheques","8":"product_cat-rangements","9":"product_tag-co-white-fr","10":"product_tag-st-curvy-fr","11":"product_tag-exclusive-fr","12":"product_designer-pierre-augustin-rose-fr","13":"comfabric-pierre-augustin-rose-fr","14":"manufacturer-charvin-logistics-saint-ouen-la-ex-egetra-fr","15":"reporting_designer-pierre-augustin-rose","16":"samplecomfabric-pierre-augustin-rose-fr","18":"first","19":"instock","20":"taxable","21":"shipping-taxable","22":"purchasable","23":"product-type-variable"},"acf":[],"_links":{"self":[{"href":"https:\/\/theinvisiblecollection.com\/fr\/wp-json\/wp\/v2\/product\/105186","targetHints":{"allow":["GET"]}}],"collection":[{"href":"https:\/\/theinvisiblecollection.com\/fr\/wp-json\/wp\/v2\/product"}],"about":[{"href":"https:\/\/theinvisiblecollection.com\/fr\/wp-json\/wp\/v2\/types\/product"}],"wp:featuredmedia":[{"embeddable":true,"href":"https:\/\/theinvisiblecollection.com\/fr\/wp-json\/wp\/v2\/media\/105171"}],"wp:attachment":[{"href":"https:\/\/theinvisiblecollection.com\/fr\/wp-json\/wp\/v2\/media?parent=105186"}],"wp:term":[{"taxonomy":"product_brand","embeddable":true,"href":"https:\/\/theinvisiblecollection.com\/fr\/wp-json\/wp\/v2\/product_brand?post=105186"},{"taxonomy":"product_cat","embeddable":true,"href":"https:\/\/theinvisiblecollection.com\/fr\/wp-json\/wp\/v2\/product_cat?post=105186"},{"taxonomy":"product_tag","embeddable":true,"href":"https:\/\/theinvisiblecollection.com\/fr\/wp-json\/wp\/v2\/product_tag?post=105186"},{"taxonomy":"product_designer","embeddable":true,"href":"https:\/\/theinvisiblecollection.com\/fr\/wp-json\/wp\/v2\/product_designer?post=105186"},{"taxonomy":"comfabric","embeddable":true,"href":"https:\/\/theinvisiblecollection.com\/fr\/wp-json\/wp\/v2\/comfabric?post=105186"},{"taxonomy":"manufacturer","embeddable":true,"href":"https:\/\/theinvisiblecollection.com\/fr\/wp-json\/wp\/v2\/manufacturer?post=105186"},{"taxonomy":"reporting_designer","embeddable":true,"href":"https:\/\/theinvisiblecollection.com\/fr\/wp-json\/wp\/v2\/reporting_designer?post=105186"},{"taxonomy":"samplecomfabric","embeddable":true,"href":"https:\/\/theinvisiblecollection.com\/fr\/wp-json\/wp\/v2\/samplecomfabric?post=105186"},{"taxonomy":"clubroom_product_designer","embeddable":true,"href":"https:\/\/theinvisiblecollection.com\/fr\/wp-json\/wp\/v2\/designer_clubroom?post=105186"}],"curies":[{"name":"wp","href":"https:\/\/api.w.org\/{rel}","templated":true}]}}