{"id":105240,"date":"2021-11-18T18:01:54","date_gmt":"2021-11-18T17:01:54","guid":{"rendered":"https:\/\/theinvisiblecollection.com\/?post_type=product&#038;p=105240"},"modified":"2026-05-01T07:39:07","modified_gmt":"2026-05-01T07:39:07","slug":"pierre-augustin-rose-table-craft-130","status":"publish","type":"product","link":"https:\/\/theinvisiblecollection.com\/fr\/produit\/pierre-augustin-rose-table-craft-130\/","title":{"rendered":"Table Craft 130"},"content":{"rendered":"<p style=\"text-align: justify;\"><span dir=\"ltr\" role=\"presentation\">La table <\/span><span dir=\"ltr\" role=\"presentation\">C<\/span><span dir=\"ltr\" role=\"presentation\">raft combine un plateau <\/span><span dir=\"ltr\" role=\"presentation\">recouvert de laque mate avec une base <\/span><span dir=\"ltr\" role=\"presentation\">laqu\u00e9e.<\/span><span dir=\"ltr\" role=\"presentation\"> Celui-ci <\/span><span dir=\"ltr\" role=\"presentation\"> peut \u00eatre lisse ou <\/span><span dir=\"ltr\" role=\"presentation\">travaill\u00e9e \u00e0 la gouge. Le nom Craft <\/span><span dir=\"ltr\" role=\"presentation\">provient <\/span><span dir=\"ltr\" role=\"presentation\">des traditions artisanales et<\/span> <span dir=\"ltr\" role=\"presentation\">du savoir-faire <\/span><span dir=\"ltr\" role=\"presentation\">de la cr\u00e9ation des pi\u00e8ces sophistiqu\u00e9es.<\/span><\/p>\n","protected":false},"excerpt":{"rendered":"<p>Table avec plateau laqu\u00e9 mat ou brillant<br \/>\nPlateau uni ou goug\u00e9<br \/>\nBase en laque brillante<br \/>\nChaque pi\u00e8ce est unique, l&#8217;effet final d\u00e9pend des nuances du bois en fonction des n\u0153uds, des fissures et des couleurs<br \/>\nDimensions plateau sur-mesure sur demande<\/p>\n<p>\u00d8 130 x H 76 cm<\/p>\n<p>Fabriqu\u00e9e \u00e0 la main en Europe<br \/>\nD\u00e9lais de production : 10 &#8211; 14 semaines<\/p>\n<p><span style=\"text-decoration: underline;\"><a href=\"https:\/\/www.theinvisiblecollection.com\/fr\/demande-de-devis\/?product_id=105240\" target=\"_blank\" rel=\"noopener\">Contactez-nous pour toute demande de devis ou de renseignement<\/a><\/span><\/p>\n","protected":false},"featured_media":105229,"template":"","meta":{"_acf_changed":false,"content-type":"","_themeisle_gutenberg_block_has_review":false},"product_brand":[],"product_cat":[8977,12503],"product_tag":[14926,31474,31477,35206],"product_designer":[8908],"comfabric":[29018],"manufacturer":[16828],"reporting_designer":[37608],"samplecomfabric":[30018],"designer_clubroom":[],"class_list":{"0":"post-105240","1":"product","2":"type-product","3":"status-publish","4":"has-post-thumbnail","6":"product_cat-tables-salle-a-manger","7":"product_cat-tables-fr","8":"product_tag-hplstfav-fr","9":"product_tag-co-white-fr","10":"product_tag-st-curvy-fr","11":"product_tag-exclusive-fr","12":"product_designer-pierre-augustin-rose-fr","13":"comfabric-pierre-augustin-rose-fr","14":"manufacturer-charvin-logistics-saint-ouen-la-ex-egetra-fr","15":"reporting_designer-pierre-augustin-rose","16":"samplecomfabric-pierre-augustin-rose-fr","18":"first","19":"instock","20":"taxable","21":"shipping-taxable","22":"purchasable","23":"product-type-simple"},"acf":[],"_links":{"self":[{"href":"https:\/\/theinvisiblecollection.com\/fr\/wp-json\/wp\/v2\/product\/105240","targetHints":{"allow":["GET"]}}],"collection":[{"href":"https:\/\/theinvisiblecollection.com\/fr\/wp-json\/wp\/v2\/product"}],"about":[{"href":"https:\/\/theinvisiblecollection.com\/fr\/wp-json\/wp\/v2\/types\/product"}],"wp:featuredmedia":[{"embeddable":true,"href":"https:\/\/theinvisiblecollection.com\/fr\/wp-json\/wp\/v2\/media\/105229"}],"wp:attachment":[{"href":"https:\/\/theinvisiblecollection.com\/fr\/wp-json\/wp\/v2\/media?parent=105240"}],"wp:term":[{"taxonomy":"product_brand","embeddable":true,"href":"https:\/\/theinvisiblecollection.com\/fr\/wp-json\/wp\/v2\/product_brand?post=105240"},{"taxonomy":"product_cat","embeddable":true,"href":"https:\/\/theinvisiblecollection.com\/fr\/wp-json\/wp\/v2\/product_cat?post=105240"},{"taxonomy":"product_tag","embeddable":true,"href":"https:\/\/theinvisiblecollection.com\/fr\/wp-json\/wp\/v2\/product_tag?post=105240"},{"taxonomy":"product_designer","embeddable":true,"href":"https:\/\/theinvisiblecollection.com\/fr\/wp-json\/wp\/v2\/product_designer?post=105240"},{"taxonomy":"comfabric","embeddable":true,"href":"https:\/\/theinvisiblecollection.com\/fr\/wp-json\/wp\/v2\/comfabric?post=105240"},{"taxonomy":"manufacturer","embeddable":true,"href":"https:\/\/theinvisiblecollection.com\/fr\/wp-json\/wp\/v2\/manufacturer?post=105240"},{"taxonomy":"reporting_designer","embeddable":true,"href":"https:\/\/theinvisiblecollection.com\/fr\/wp-json\/wp\/v2\/reporting_designer?post=105240"},{"taxonomy":"samplecomfabric","embeddable":true,"href":"https:\/\/theinvisiblecollection.com\/fr\/wp-json\/wp\/v2\/samplecomfabric?post=105240"},{"taxonomy":"clubroom_product_designer","embeddable":true,"href":"https:\/\/theinvisiblecollection.com\/fr\/wp-json\/wp\/v2\/designer_clubroom?post=105240"}],"curies":[{"name":"wp","href":"https:\/\/api.w.org\/{rel}","templated":true}]}}