{"id":105260,"date":"2024-05-27T10:52:45","date_gmt":"2024-05-27T10:52:45","guid":{"rendered":"https:\/\/theinvisiblecollection.com\/?post_type=product&#038;p=105260"},"modified":"2026-05-01T07:39:07","modified_gmt":"2026-05-01T07:39:07","slug":"pierre-augustin-rose-canape-vendome-160","status":"publish","type":"product","link":"https:\/\/theinvisiblecollection.com\/fr\/produit\/pierre-augustin-rose-canape-vendome-160\/","title":{"rendered":"Canap\u00e9 Vend\u00f4me 160\/240"},"content":{"rendered":"<p style=\"text-align: justify;\"><span dir=\"ltr\" role=\"presentation\">V<\/span><span dir=\"ltr\" role=\"presentation\">ersion ludique d&#8217;une causeuse, le grand <\/span><span dir=\"ltr\" role=\"presentation\">dossier incurv\u00e9 du Canap\u00e9 Vend\u00f4me enveloppe <\/span><span dir=\"ltr\" role=\"presentation\">deux assises dans le confort et l\u2019intimit\u00e9.<\/span><\/p>\n","protected":false},"excerpt":{"rendered":"<p>Canap\u00e9 photographi\u00e9 ici en tissu Opio de Pierre Frey, couleur naturel<br \/>\n<a href=\"https:\/\/theinvisiblecollection.com\/wp-content\/uploads\/2022\/02\/TheInvisibleCollection_PierreAugustinRose_PierreFrey_FabricSelection_SofaVendome.pdf\" target=\"_blank\" rel=\"noopener\"><span style=\"text-decoration: underline;\">D\u00e9couvrez la s\u00e9lection de tissus Pierre Frey<\/span><\/a><br \/>\n\u00c9galement disponible en blanc sans tissu<br \/>\nDimensions sur-mesure sur demande<\/p>\n<p>Deux dimensions disponibles :<br \/>\nL 160 x P 105 x H 69 cm<br \/>\nTissu requis : 8 m<br \/>\nComprend 2 coussins de dossier &amp; 1 petit coussin (25 x 25 cm)<br \/>\nL 240 x P 105 x H 69 cm<br \/>\nTissu requis : 11 m<br \/>\nComprend 3 coussins de dossier &amp; 2 petits coussins (30 x 30 cm)<br \/>\nHauteur d&#8217;assise : 43 cm<br \/>\nProfondeur d&#8217;assise : 70 cm<\/p>\n<p>Fabriqu\u00e9 \u00e0 la main en Europe<br \/>\nD\u00e9lais de production : 12 &#8211; 14 semaines<\/p>\n<p><span style=\"text-decoration: underline;\"><a href=\"https:\/\/www.theinvisiblecollection.com\/fr\/demande-de-devis\/?product_id=105260\" target=\"_blank\" rel=\"noopener\">Contactez-nous pour toute demande de devis ou de renseignement<\/a><\/span><\/p>\n","protected":false},"featured_media":105245,"template":"","meta":{"_acf_changed":false,"content-type":"","_themeisle_gutenberg_block_has_review":false},"product_brand":[],"product_cat":[12499,8976],"product_tag":[14845,14925,31477,35206,14844],"product_designer":[8908],"comfabric":[29018],"manufacturer":[16828],"reporting_designer":[37608],"samplecomfabric":[30018],"designer_clubroom":[],"class_list":{"0":"post-105260","1":"product","2":"type-product","3":"status-publish","4":"has-post-thumbnail","6":"product_cat-assises","7":"product_cat-canapes","8":"product_tag-hptm-fr","9":"product_tag-hpfav-fr","10":"product_tag-st-curvy-fr","11":"product_tag-exclusive-fr","12":"product_tag-hpsa-fr","13":"pa_fabric-en-blanc-sans-tissu-fr","14":"pa_fabric-pierre-frey-arsene-fr","15":"pa_fabric-pierre-frey-tissu-louison","16":"pa_fabric-pierre-frey-opio-fr","17":"pa_fabric-pierre-frey-teddy-mohair-fr","18":"pa_size-grand-fr","19":"pa_size-petit","20":"product_designer-pierre-augustin-rose-fr","21":"comfabric-pierre-augustin-rose-fr","22":"manufacturer-charvin-logistics-saint-ouen-la-ex-egetra-fr","23":"reporting_designer-pierre-augustin-rose","24":"samplecomfabric-pierre-augustin-rose-fr","26":"first","27":"instock","28":"taxable","29":"shipping-taxable","30":"purchasable","31":"product-type-variable"},"acf":[],"_links":{"self":[{"href":"https:\/\/theinvisiblecollection.com\/fr\/wp-json\/wp\/v2\/product\/105260","targetHints":{"allow":["GET"]}}],"collection":[{"href":"https:\/\/theinvisiblecollection.com\/fr\/wp-json\/wp\/v2\/product"}],"about":[{"href":"https:\/\/theinvisiblecollection.com\/fr\/wp-json\/wp\/v2\/types\/product"}],"wp:featuredmedia":[{"embeddable":true,"href":"https:\/\/theinvisiblecollection.com\/fr\/wp-json\/wp\/v2\/media\/105245"}],"wp:attachment":[{"href":"https:\/\/theinvisiblecollection.com\/fr\/wp-json\/wp\/v2\/media?parent=105260"}],"wp:term":[{"taxonomy":"product_brand","embeddable":true,"href":"https:\/\/theinvisiblecollection.com\/fr\/wp-json\/wp\/v2\/product_brand?post=105260"},{"taxonomy":"product_cat","embeddable":true,"href":"https:\/\/theinvisiblecollection.com\/fr\/wp-json\/wp\/v2\/product_cat?post=105260"},{"taxonomy":"product_tag","embeddable":true,"href":"https:\/\/theinvisiblecollection.com\/fr\/wp-json\/wp\/v2\/product_tag?post=105260"},{"taxonomy":"product_designer","embeddable":true,"href":"https:\/\/theinvisiblecollection.com\/fr\/wp-json\/wp\/v2\/product_designer?post=105260"},{"taxonomy":"comfabric","embeddable":true,"href":"https:\/\/theinvisiblecollection.com\/fr\/wp-json\/wp\/v2\/comfabric?post=105260"},{"taxonomy":"manufacturer","embeddable":true,"href":"https:\/\/theinvisiblecollection.com\/fr\/wp-json\/wp\/v2\/manufacturer?post=105260"},{"taxonomy":"reporting_designer","embeddable":true,"href":"https:\/\/theinvisiblecollection.com\/fr\/wp-json\/wp\/v2\/reporting_designer?post=105260"},{"taxonomy":"samplecomfabric","embeddable":true,"href":"https:\/\/theinvisiblecollection.com\/fr\/wp-json\/wp\/v2\/samplecomfabric?post=105260"},{"taxonomy":"clubroom_product_designer","embeddable":true,"href":"https:\/\/theinvisiblecollection.com\/fr\/wp-json\/wp\/v2\/designer_clubroom?post=105260"}],"curies":[{"name":"wp","href":"https:\/\/api.w.org\/{rel}","templated":true}]}}