{"id":105655,"date":"2024-09-10T00:00:00","date_gmt":"2024-09-10T00:00:00","guid":{"rendered":"https:\/\/theinvisiblecollection.com\/?post_type=product&#038;p=105655"},"modified":"2026-05-05T16:41:15","modified_gmt":"2026-05-05T16:41:15","slug":"atelier-fevrier-tapis-ceramic-carre","status":"publish","type":"product","link":"https:\/\/theinvisiblecollection.com\/fr\/produit\/atelier-fevrier-tapis-ceramic-carre\/","title":{"rendered":"Tapis Ceramic Carr\u00e9"},"content":{"rendered":"","protected":false},"excerpt":{"rendered":"<p>Prix au m\u00e8tre carr\u00e9<br \/>\nTapis nou\u00e9 main<br \/>\n90% laine, 10% soie<br \/>\n155 000 noeuds par m\u00e8tre carr\u00e9<br \/>\n\u00c9galement disponible en <a href=\"https:\/\/theinvisiblecollection.com\/fr\/produit\/atelier-fevrier-tapis-ceramic-rond\/\" target=\"_blank\" rel=\"noopener\"><span style=\"text-decoration: underline;\">Rond<\/span><\/a><br \/>\nCouleurs et dimensions sur-mesure sur demande<\/p>\n<p>Dimensions standards :<br \/>\n200 x 230 cm<\/p>\n<p>Nou\u00e9 \u00e0 la main au N\u00e9pal<br \/>\nD\u00e9lais de fabrication : 12 &#8211; 16 semaines<\/p>\n<p><span style=\"text-decoration: underline;\"><a href=\"https:\/\/www.theinvisiblecollection.com\/fr\/demande-de-devis\/?product_id=105655\" target=\"_blank\" rel=\"noopener\">Contactez-nous pour toute demande de devis ou d\u2019\u00e9chantillons<\/a><\/span><\/p>\n","protected":false},"featured_media":105671,"template":"","meta":{"_acf_changed":false,"content-type":"","_themeisle_gutenberg_block_has_review":false},"product_brand":[],"product_cat":[8183,12540],"product_tag":[14926,31474,31477],"product_designer":[8893],"comfabric":[],"manufacturer":[],"reporting_designer":[37178],"samplecomfabric":[],"designer_clubroom":[],"class_list":{"0":"post-105655","1":"product","2":"type-product","3":"status-publish","4":"has-post-thumbnail","6":"product_cat-tapis-noues-a-la-main","7":"product_cat-tapis-fr","8":"product_tag-hplstfav-fr","9":"product_tag-co-white-fr","10":"product_tag-st-curvy-fr","11":"pa_color-blanc-et-bleu-marine-fr","12":"pa_color-couleurs-personalisees","13":"pa_color-navy-fr","14":"pa_size-dimensions-sur-mesure-fr","15":"pa_size-grand-fr","16":"pa_size-petit-fr","17":"product_designer-atelier-fevrier-fr","18":"reporting_designer-atelier-fevrier","20":"first","21":"instock","22":"taxable","23":"shipping-taxable","24":"purchasable","25":"product-type-variable"},"acf":[],"_links":{"self":[{"href":"https:\/\/theinvisiblecollection.com\/fr\/wp-json\/wp\/v2\/product\/105655","targetHints":{"allow":["GET"]}}],"collection":[{"href":"https:\/\/theinvisiblecollection.com\/fr\/wp-json\/wp\/v2\/product"}],"about":[{"href":"https:\/\/theinvisiblecollection.com\/fr\/wp-json\/wp\/v2\/types\/product"}],"wp:featuredmedia":[{"embeddable":true,"href":"https:\/\/theinvisiblecollection.com\/fr\/wp-json\/wp\/v2\/media\/105671"}],"wp:attachment":[{"href":"https:\/\/theinvisiblecollection.com\/fr\/wp-json\/wp\/v2\/media?parent=105655"}],"wp:term":[{"taxonomy":"product_brand","embeddable":true,"href":"https:\/\/theinvisiblecollection.com\/fr\/wp-json\/wp\/v2\/product_brand?post=105655"},{"taxonomy":"product_cat","embeddable":true,"href":"https:\/\/theinvisiblecollection.com\/fr\/wp-json\/wp\/v2\/product_cat?post=105655"},{"taxonomy":"product_tag","embeddable":true,"href":"https:\/\/theinvisiblecollection.com\/fr\/wp-json\/wp\/v2\/product_tag?post=105655"},{"taxonomy":"product_designer","embeddable":true,"href":"https:\/\/theinvisiblecollection.com\/fr\/wp-json\/wp\/v2\/product_designer?post=105655"},{"taxonomy":"comfabric","embeddable":true,"href":"https:\/\/theinvisiblecollection.com\/fr\/wp-json\/wp\/v2\/comfabric?post=105655"},{"taxonomy":"manufacturer","embeddable":true,"href":"https:\/\/theinvisiblecollection.com\/fr\/wp-json\/wp\/v2\/manufacturer?post=105655"},{"taxonomy":"reporting_designer","embeddable":true,"href":"https:\/\/theinvisiblecollection.com\/fr\/wp-json\/wp\/v2\/reporting_designer?post=105655"},{"taxonomy":"samplecomfabric","embeddable":true,"href":"https:\/\/theinvisiblecollection.com\/fr\/wp-json\/wp\/v2\/samplecomfabric?post=105655"},{"taxonomy":"clubroom_product_designer","embeddable":true,"href":"https:\/\/theinvisiblecollection.com\/fr\/wp-json\/wp\/v2\/designer_clubroom?post=105655"}],"curies":[{"name":"wp","href":"https:\/\/api.w.org\/{rel}","templated":true}]}}