{"id":105847,"date":"2021-11-23T16:05:04","date_gmt":"2021-11-23T15:05:04","guid":{"rendered":"https:\/\/theinvisiblecollection.com\/?post_type=product&#038;p=105847"},"modified":"2026-05-01T07:39:07","modified_gmt":"2026-05-01T07:39:07","slug":"atelier-pendhapa-chaise-mast-teck","status":"publish","type":"product","link":"https:\/\/theinvisiblecollection.com\/fr\/produit\/atelier-pendhapa-chaise-mast-teck\/","title":{"rendered":"Chaise Mast Teck"},"content":{"rendered":"<p style=\"text-align: justify;\">Credit photo &#8211; Benedicte Drummond<br \/>\nLa chaise Mast apporte de l&#8217;\u00e9quilibre au corps. Son bois massif et \u00e9pais ancre l&#8217;objet dans l&#8217;espace. Ses lignes verticales et horizontales enveloppent le corps. Son design incurv\u00e9 est r\u00e9duit \u00e0 deux \u00e9l\u00e9ments simples &#8211; une base et un dos. Chaque \u00e9l\u00e9ment est soigneusement con\u00e7u\u00a0selon sa fonction. Leur articulation est exprim\u00e9e visuellement comme deux\u00a0acteurs distincts. Le dos circulaire se replie autour du corps pour offrir un confort et un sentiment d&#8217;intimit\u00e9.<\/p>\n","protected":false},"excerpt":{"rendered":"<p>Chaise en teck Javanais noir<br \/>\n\u00c9galement disponible <a href=\"https:\/\/theinvisiblecollection.com\/fr\/produit\/atelier-pendhapa-chaise-mast-chene\/\" target=\"_blank\" rel=\"noopener\"><span style=\"text-decoration: underline;\">ch\u00eane<\/span><\/a><br \/>\n<span style=\"text-decoration: underline;\"><a href=\"https:\/\/theinvisiblecollection.com\/wp-content\/uploads\/2021\/06\/TheInvisibleCollection_Atelier_Pendhapa_WoodSamples_Teak_Oak.pdf\" target=\"_blank\" rel=\"noopener\">D\u00e9couvrez la s\u00e9lection de bois ici<\/a><br \/>\n<\/span>Dimensions et mat\u00e9riaux sur-mesure sur demande<span style=\"text-decoration: underline;\"><br \/>\n<\/span><\/p>\n<p>Quatre dimensions disponibles :<br \/>\nPetit : L 52 x l 51 x H 68 cm<br \/>\nMoyen : L 52 x l 51 x H 75 cm<br \/>\nMoyen avec accoudoir : L 52 x l 51 x H 75 cm<br \/>\nHauteur d&#8217;assise pour les versions ci-dessus : 40 cm<\/p>\n<p>Grand : L 52 x l 51 x H 75 cm<br \/>\nHauteur d&#8217;assise : 45 cm<\/p>\n<p>Fabriqu\u00e9e \u00e0 la main en Indonesie<br \/>\nD\u00e9lais de production : 6 &#8211; 8 semaines<\/p>\n<p><span style=\"text-decoration: underline;\"><span class=\"s1\"><a href=\"https:\/\/www.theinvisiblecollection.com\/fr\/demande-de-devis\/?product_id=105847\">Contactez-nous pour toute demande de devis ou de renseignements<\/a><\/span><\/span><\/p>\n","protected":false},"featured_media":122731,"template":"","meta":{"_acf_changed":false,"content-type":"","_themeisle_gutenberg_block_has_review":false},"product_brand":[],"product_cat":[8962,10549],"product_tag":[10140],"product_designer":[13525],"comfabric":[],"manufacturer":[23071],"reporting_designer":[37190],"samplecomfabric":[],"designer_clubroom":[],"class_list":{"0":"post-105847","1":"product","2":"type-product","3":"status-publish","4":"has-post-thumbnail","6":"product_cat-chaises","7":"product_cat-mobilier-dexterieur","8":"product_tag-mobilier-exterieur-fr","9":"pa_finish-finition-finement-texturee","10":"pa_finish-sans-finition","11":"product_designer-atelier-pendhapa-fr","12":"manufacturer-atelier-pendhapa-pick-up-fr","13":"reporting_designer-atelier-pendhapa","15":"first","16":"instock","17":"taxable","18":"shipping-taxable","19":"purchasable","20":"product-type-variable"},"acf":[],"_links":{"self":[{"href":"https:\/\/theinvisiblecollection.com\/fr\/wp-json\/wp\/v2\/product\/105847","targetHints":{"allow":["GET"]}}],"collection":[{"href":"https:\/\/theinvisiblecollection.com\/fr\/wp-json\/wp\/v2\/product"}],"about":[{"href":"https:\/\/theinvisiblecollection.com\/fr\/wp-json\/wp\/v2\/types\/product"}],"wp:featuredmedia":[{"embeddable":true,"href":"https:\/\/theinvisiblecollection.com\/fr\/wp-json\/wp\/v2\/media\/122731"}],"wp:attachment":[{"href":"https:\/\/theinvisiblecollection.com\/fr\/wp-json\/wp\/v2\/media?parent=105847"}],"wp:term":[{"taxonomy":"product_brand","embeddable":true,"href":"https:\/\/theinvisiblecollection.com\/fr\/wp-json\/wp\/v2\/product_brand?post=105847"},{"taxonomy":"product_cat","embeddable":true,"href":"https:\/\/theinvisiblecollection.com\/fr\/wp-json\/wp\/v2\/product_cat?post=105847"},{"taxonomy":"product_tag","embeddable":true,"href":"https:\/\/theinvisiblecollection.com\/fr\/wp-json\/wp\/v2\/product_tag?post=105847"},{"taxonomy":"product_designer","embeddable":true,"href":"https:\/\/theinvisiblecollection.com\/fr\/wp-json\/wp\/v2\/product_designer?post=105847"},{"taxonomy":"comfabric","embeddable":true,"href":"https:\/\/theinvisiblecollection.com\/fr\/wp-json\/wp\/v2\/comfabric?post=105847"},{"taxonomy":"manufacturer","embeddable":true,"href":"https:\/\/theinvisiblecollection.com\/fr\/wp-json\/wp\/v2\/manufacturer?post=105847"},{"taxonomy":"reporting_designer","embeddable":true,"href":"https:\/\/theinvisiblecollection.com\/fr\/wp-json\/wp\/v2\/reporting_designer?post=105847"},{"taxonomy":"samplecomfabric","embeddable":true,"href":"https:\/\/theinvisiblecollection.com\/fr\/wp-json\/wp\/v2\/samplecomfabric?post=105847"},{"taxonomy":"clubroom_product_designer","embeddable":true,"href":"https:\/\/theinvisiblecollection.com\/fr\/wp-json\/wp\/v2\/designer_clubroom?post=105847"}],"curies":[{"name":"wp","href":"https:\/\/api.w.org\/{rel}","templated":true}]}}