{"id":106106,"date":"2021-11-25T12:52:39","date_gmt":"2021-11-25T11:52:39","guid":{"rendered":"https:\/\/theinvisiblecollection.com\/?post_type=product&#038;p=106106"},"modified":"2026-05-01T07:39:07","modified_gmt":"2026-05-01T07:39:07","slug":"chloe-negre-table-basse-primavera-001","status":"publish","type":"product","link":"https:\/\/theinvisiblecollection.com\/fr\/produit\/chloe-negre-table-basse-primavera-001\/","title":{"rendered":"Table basse Primavera 001"},"content":{"rendered":"<p>Photos par Herv\u00e9 Goluza<\/p>\n<p>&nbsp;<\/p>\n<p style=\"text-align: justify;\"><span data-contrast=\"auto\">Les tables basses\u00a0Primavera\u00a0<\/span><span data-contrast=\"auto\">ont \u00e9t\u00e9 pens\u00e9es comme un \u00e9l\u00e9ment sculptural au centre de la pi\u00e8ce. L\u2019ensemble dessine les contours d\u2019une primev\u00e8re \u00e9panouie. Elles sont con\u00e7ues pour fonctionner ensemble ou s\u00e9par\u00e9ment et peuvent \u00eatre d\u00e9clin\u00e9es en rotin naturel ou laqu\u00e9es dans la couleur de votre choix.<\/span><span data-ccp-props=\"{&quot;201341983&quot;:1,&quot;335559740&quot;:240}\">\u00a0<\/span><\/p>\n","protected":false},"excerpt":{"rendered":"<p>Table basse en brin de rotin naturel<br \/>\nDimensions et finitions sur-mesure sur demande<\/p>\n<p>L 63 x l 51 x H 40 cm<\/p>\n<p>Fabriqu\u00e9e \u00e0 la main en Espagne<br \/>\nD\u00e9lais de production : 8 semaines<\/p>\n<p><span style=\"text-decoration: underline;\"><a href=\"https:\/\/www.theinvisiblecollection.com\/fr\/demande-de-devis\/?product_id=106106\" target=\"_blank\" rel=\"noopener\">Contactez-nous pour toute demande de devis ou de renseignement<\/a><\/span><\/p>\n","protected":false},"featured_media":106196,"template":"","meta":{"_acf_changed":false,"content-type":"","_themeisle_gutenberg_block_has_review":false},"product_brand":[],"product_cat":[7509,12503],"product_tag":[11335,31474,35206],"product_designer":[31423],"comfabric":[],"manufacturer":[31425],"reporting_designer":[37262],"samplecomfabric":[],"designer_clubroom":[],"class_list":{"0":"post-106106","1":"product","2":"type-product","3":"status-publish","4":"has-post-thumbnail","6":"product_cat-tables-basses-dappoint","7":"product_cat-tables-fr","8":"product_tag-eco-design","9":"product_tag-co-white-fr","10":"product_tag-exclusive-fr","11":"product_designer-laclaux-fr","12":"manufacturer-premier-logistics-art-interiors-pickup-laclaux-fr","13":"reporting_designer-laclaux","15":"first","16":"instock","17":"taxable","18":"shipping-taxable","19":"purchasable","20":"product-type-simple"},"acf":[],"_links":{"self":[{"href":"https:\/\/theinvisiblecollection.com\/fr\/wp-json\/wp\/v2\/product\/106106","targetHints":{"allow":["GET"]}}],"collection":[{"href":"https:\/\/theinvisiblecollection.com\/fr\/wp-json\/wp\/v2\/product"}],"about":[{"href":"https:\/\/theinvisiblecollection.com\/fr\/wp-json\/wp\/v2\/types\/product"}],"wp:featuredmedia":[{"embeddable":true,"href":"https:\/\/theinvisiblecollection.com\/fr\/wp-json\/wp\/v2\/media\/106196"}],"wp:attachment":[{"href":"https:\/\/theinvisiblecollection.com\/fr\/wp-json\/wp\/v2\/media?parent=106106"}],"wp:term":[{"taxonomy":"product_brand","embeddable":true,"href":"https:\/\/theinvisiblecollection.com\/fr\/wp-json\/wp\/v2\/product_brand?post=106106"},{"taxonomy":"product_cat","embeddable":true,"href":"https:\/\/theinvisiblecollection.com\/fr\/wp-json\/wp\/v2\/product_cat?post=106106"},{"taxonomy":"product_tag","embeddable":true,"href":"https:\/\/theinvisiblecollection.com\/fr\/wp-json\/wp\/v2\/product_tag?post=106106"},{"taxonomy":"product_designer","embeddable":true,"href":"https:\/\/theinvisiblecollection.com\/fr\/wp-json\/wp\/v2\/product_designer?post=106106"},{"taxonomy":"comfabric","embeddable":true,"href":"https:\/\/theinvisiblecollection.com\/fr\/wp-json\/wp\/v2\/comfabric?post=106106"},{"taxonomy":"manufacturer","embeddable":true,"href":"https:\/\/theinvisiblecollection.com\/fr\/wp-json\/wp\/v2\/manufacturer?post=106106"},{"taxonomy":"reporting_designer","embeddable":true,"href":"https:\/\/theinvisiblecollection.com\/fr\/wp-json\/wp\/v2\/reporting_designer?post=106106"},{"taxonomy":"samplecomfabric","embeddable":true,"href":"https:\/\/theinvisiblecollection.com\/fr\/wp-json\/wp\/v2\/samplecomfabric?post=106106"},{"taxonomy":"clubroom_product_designer","embeddable":true,"href":"https:\/\/theinvisiblecollection.com\/fr\/wp-json\/wp\/v2\/designer_clubroom?post=106106"}],"curies":[{"name":"wp","href":"https:\/\/api.w.org\/{rel}","templated":true}]}}