{"id":106243,"date":"2021-11-25T10:48:02","date_gmt":"2021-11-25T09:48:02","guid":{"rendered":"https:\/\/theinvisiblecollection.com\/?post_type=product&#038;p=106243"},"modified":"2026-05-01T07:39:07","modified_gmt":"2026-05-01T07:39:07","slug":"vis-a-vis-set-de-table-petite-sirene","status":"publish","type":"product","link":"https:\/\/theinvisiblecollection.com\/fr\/produit\/vis-a-vis-set-de-table-petite-sirene\/","title":{"rendered":"Set De Table Petite Sir\u00e8ne"},"content":{"rendered":"<p><span class=\"TextRun SCXW106056609 BCX0\" lang=\"FR\" xml:lang=\"FR\" data-contrast=\"auto\"><span class=\"NormalTextRun SCXW106056609 BCX0\">Napperon et sa serviette assortie d\u00e9licatement brod\u00e9s \u00e0 la main avec de belles nuances de couleurs, con\u00e7us dans le studio de Vis-<\/span><span class=\"NormalTextRun SCXW106056609 BCX0\">\u00c0<\/span><span class=\"NormalTextRun SCXW106056609 BCX0\">-Vis Paris.<\/span><\/span><span class=\"EOP SCXW106056609 BCX0\" data-ccp-props=\"{&quot;201341983&quot;:0,&quot;335559740&quot;:259}\">\u00a0<\/span><\/p>\n","protected":false},"excerpt":{"rendered":"<p>Napperon brod\u00e9 \u00e0 la main avec serviette assortie<br \/>\n100% Lin Belge<br \/>\nCouleurs sur-mesure sur demande<\/p>\n<p>Napperon : L 38 x l 52 cm<br \/>\nServiette : L 45 x l 45 cm<\/p>\n<p>Fabriqu\u00e9s \u00e0 la main en France<br \/>\nD\u00e9lais de production : 12 semaines<br \/>\n<span style=\"text-decoration: underline;\"><a href=\"https:\/\/www.theinvisiblecollection.com\/fr\/demande-de-devis\/?product_id=106243\" target=\"_blank\" rel=\"noopener\">Contactez-nous pour toute demande de devis ou de renseignement<\/a><\/span><\/p>\n","protected":false},"featured_media":104697,"template":"","meta":{"_acf_changed":false,"content-type":"","_themeisle_gutenberg_block_has_review":false},"product_brand":[],"product_cat":[7517,12535],"product_tag":[31474],"product_designer":[14842],"comfabric":[],"manufacturer":[],"reporting_designer":[37620],"samplecomfabric":[],"designer_clubroom":[],"class_list":{"0":"post-106243","1":"product","2":"type-product","3":"status-publish","4":"has-post-thumbnail","6":"product_cat-deco-fr","7":"product_cat-arts-de-la-table","8":"product_tag-co-white-fr","9":"product_designer-vis-a-vis-paris-fr","10":"reporting_designer-vis-a-vis-paris","12":"first","13":"instock","14":"taxable","15":"shipping-taxable","16":"purchasable","17":"product-type-simple"},"acf":[],"_links":{"self":[{"href":"https:\/\/theinvisiblecollection.com\/fr\/wp-json\/wp\/v2\/product\/106243","targetHints":{"allow":["GET"]}}],"collection":[{"href":"https:\/\/theinvisiblecollection.com\/fr\/wp-json\/wp\/v2\/product"}],"about":[{"href":"https:\/\/theinvisiblecollection.com\/fr\/wp-json\/wp\/v2\/types\/product"}],"wp:featuredmedia":[{"embeddable":true,"href":"https:\/\/theinvisiblecollection.com\/fr\/wp-json\/wp\/v2\/media\/104697"}],"wp:attachment":[{"href":"https:\/\/theinvisiblecollection.com\/fr\/wp-json\/wp\/v2\/media?parent=106243"}],"wp:term":[{"taxonomy":"product_brand","embeddable":true,"href":"https:\/\/theinvisiblecollection.com\/fr\/wp-json\/wp\/v2\/product_brand?post=106243"},{"taxonomy":"product_cat","embeddable":true,"href":"https:\/\/theinvisiblecollection.com\/fr\/wp-json\/wp\/v2\/product_cat?post=106243"},{"taxonomy":"product_tag","embeddable":true,"href":"https:\/\/theinvisiblecollection.com\/fr\/wp-json\/wp\/v2\/product_tag?post=106243"},{"taxonomy":"product_designer","embeddable":true,"href":"https:\/\/theinvisiblecollection.com\/fr\/wp-json\/wp\/v2\/product_designer?post=106243"},{"taxonomy":"comfabric","embeddable":true,"href":"https:\/\/theinvisiblecollection.com\/fr\/wp-json\/wp\/v2\/comfabric?post=106243"},{"taxonomy":"manufacturer","embeddable":true,"href":"https:\/\/theinvisiblecollection.com\/fr\/wp-json\/wp\/v2\/manufacturer?post=106243"},{"taxonomy":"reporting_designer","embeddable":true,"href":"https:\/\/theinvisiblecollection.com\/fr\/wp-json\/wp\/v2\/reporting_designer?post=106243"},{"taxonomy":"samplecomfabric","embeddable":true,"href":"https:\/\/theinvisiblecollection.com\/fr\/wp-json\/wp\/v2\/samplecomfabric?post=106243"},{"taxonomy":"clubroom_product_designer","embeddable":true,"href":"https:\/\/theinvisiblecollection.com\/fr\/wp-json\/wp\/v2\/designer_clubroom?post=106243"}],"curies":[{"name":"wp","href":"https:\/\/api.w.org\/{rel}","templated":true}]}}