{"id":106838,"date":"2021-12-02T12:21:20","date_gmt":"2021-12-02T11:21:20","guid":{"rendered":"https:\/\/theinvisiblecollection.com\/?post_type=product&#038;p=106838"},"modified":"2026-05-01T07:39:07","modified_gmt":"2026-05-01T07:39:07","slug":"haymann-editions-wave-stool-argent","status":"publish","type":"product","link":"https:\/\/theinvisiblecollection.com\/fr\/produit\/haymann-editions-wave-stool-argent\/","title":{"rendered":"Wave Stool Argent"},"content":{"rendered":"","protected":false},"excerpt":{"rendered":"<p>Design par Dan Yeffet et Lucie Koldova<br \/>\nTabouret en verre souffl\u00e9<br \/>\nBase en li\u00e8ge br\u00fbl\u00e9<br \/>\nPhotographi\u00e9 ici en argent<br \/>\nDisponible \u00e9galement en <a href=\"https:\/\/theinvisiblecollection.com\/fr\/produit\/haymann-editions-wave-stool-dore\/\" target=\"_blank\" rel=\"noopener\"><span style=\"text-decoration: underline;\">or<\/span><\/a>\u00a0et <a href=\"https:\/\/theinvisiblecollection.com\/fr\/produit\/haymann-editions-wave-stool-aubergine\/\" target=\"_blank\" rel=\"noopener\"><span style=\"text-decoration: underline;\">aubergine<\/span><\/a><\/p>\n<p>\u00d8 32 x H 38.5 cm<\/p>\n<p>Fabriqu\u00e9 \u00e0 la main en Europe<br \/>\nD\u00e9lais de fabrication : 6 \u2013 8 semaines<br \/>\n<span style=\"text-decoration: underline;\"><a href=\"https:\/\/theinvisiblecollection.com\/fr\/demande-de-devis\/?product_id=106838\" target=\"_blank\" rel=\"noopener\">Contactez-nous pour toute demande de devis ou d\u2019\u00e9chantillon<\/a><\/span><\/p>\n","protected":false},"featured_media":106831,"template":"","meta":{"_acf_changed":false,"content-type":"","_themeisle_gutenberg_block_has_review":false},"product_brand":[],"product_cat":[8969,12499],"product_tag":[22790],"product_designer":[8919],"comfabric":[],"manufacturer":[20661],"reporting_designer":[37274],"samplecomfabric":[],"designer_clubroom":[],"class_list":{"0":"post-106838","1":"product","2":"type-product","3":"status-publish","4":"has-post-thumbnail","6":"product_cat-ottomans-tabourets","7":"product_cat-assises","8":"product_tag-disponible-immediatement","9":"product_designer-haymann-editions-fr","10":"manufacturer-22-service-fr","11":"reporting_designer-haymann-editions","12":"exhibitions-new-york-fr","13":"exhibitions-londres-fr","15":"first","16":"instock","17":"taxable","18":"shipping-taxable","19":"purchasable","20":"product-type-variable"},"acf":[],"_links":{"self":[{"href":"https:\/\/theinvisiblecollection.com\/fr\/wp-json\/wp\/v2\/product\/106838","targetHints":{"allow":["GET"]}}],"collection":[{"href":"https:\/\/theinvisiblecollection.com\/fr\/wp-json\/wp\/v2\/product"}],"about":[{"href":"https:\/\/theinvisiblecollection.com\/fr\/wp-json\/wp\/v2\/types\/product"}],"wp:featuredmedia":[{"embeddable":true,"href":"https:\/\/theinvisiblecollection.com\/fr\/wp-json\/wp\/v2\/media\/106831"}],"wp:attachment":[{"href":"https:\/\/theinvisiblecollection.com\/fr\/wp-json\/wp\/v2\/media?parent=106838"}],"wp:term":[{"taxonomy":"product_brand","embeddable":true,"href":"https:\/\/theinvisiblecollection.com\/fr\/wp-json\/wp\/v2\/product_brand?post=106838"},{"taxonomy":"product_cat","embeddable":true,"href":"https:\/\/theinvisiblecollection.com\/fr\/wp-json\/wp\/v2\/product_cat?post=106838"},{"taxonomy":"product_tag","embeddable":true,"href":"https:\/\/theinvisiblecollection.com\/fr\/wp-json\/wp\/v2\/product_tag?post=106838"},{"taxonomy":"product_designer","embeddable":true,"href":"https:\/\/theinvisiblecollection.com\/fr\/wp-json\/wp\/v2\/product_designer?post=106838"},{"taxonomy":"comfabric","embeddable":true,"href":"https:\/\/theinvisiblecollection.com\/fr\/wp-json\/wp\/v2\/comfabric?post=106838"},{"taxonomy":"manufacturer","embeddable":true,"href":"https:\/\/theinvisiblecollection.com\/fr\/wp-json\/wp\/v2\/manufacturer?post=106838"},{"taxonomy":"reporting_designer","embeddable":true,"href":"https:\/\/theinvisiblecollection.com\/fr\/wp-json\/wp\/v2\/reporting_designer?post=106838"},{"taxonomy":"samplecomfabric","embeddable":true,"href":"https:\/\/theinvisiblecollection.com\/fr\/wp-json\/wp\/v2\/samplecomfabric?post=106838"},{"taxonomy":"clubroom_product_designer","embeddable":true,"href":"https:\/\/theinvisiblecollection.com\/fr\/wp-json\/wp\/v2\/designer_clubroom?post=106838"}],"curies":[{"name":"wp","href":"https:\/\/api.w.org\/{rel}","templated":true}]}}