{"id":107018,"date":"2021-12-01T16:20:57","date_gmt":"2021-12-01T15:20:57","guid":{"rendered":"https:\/\/theinvisiblecollection.com\/?post_type=product&#038;p=107018"},"modified":"2026-05-01T07:39:07","modified_gmt":"2026-05-01T07:39:07","slug":"olga-etc-plat-oval-fleurs-feuilles-2","status":"publish","type":"product","link":"https:\/\/theinvisiblecollection.com\/fr\/produit\/olga-etc-plat-oval-fleurs-feuilles-2\/","title":{"rendered":"Plat Oval Fleurs &#038; Feuilles"},"content":{"rendered":"<p style=\"text-align: justify;\">Credit Photo &#8211; Olivier Loser<\/p>\n<p style=\"text-align: justify;\">\u201cLes jardins, la d\u00e9licatesse et la po\u00e9sie des plantes de l\u2019\u00e9t\u00e9 ont inspir\u00e9 mon travail. \u00c0 la fois objet de d\u00e9coration et pi\u00e8ce unique, chaque plat incite \u00e0 la r\u00eaverie\u2026 La porcelaine est un mat\u00e9riau pr\u00e9cieux et d\u00e9licat, le gr\u00e8s d\u00e9gage plus de force, les terres me permettent d\u2019exprimer une nostalgie propre \u00e0 chaque pi\u00e8ce.\u201d &#8211; Virginie Boudsocq<\/p>\n","protected":false},"excerpt":{"rendered":"<p>Pi\u00e8ce Unique<\/p>\n<p>Plat en gr\u00e8s noir<br \/>\n\u00c9galement disponible en gr\u00e8s beige<br \/>\nFinition satin\u00e9e<br \/>\nChaque pi\u00e8ce est unique en raison de sa nature artisanale, les formes et les teintes varient l\u00e9g\u00e8rement<br \/>\nDimensions et fleurs sur-mesure sur demande<\/p>\n<p>L 40 x l 28 x H 4 cm<\/p>\n<p>Fabriqu\u00e9 \u00e0 la main en France<br \/>\nD\u00e9lais de production : 8 semaines<\/p>\n<p><span style=\"text-decoration: underline;\"><a href=\"https:\/\/www.theinvisiblecollection.com\/fr\/contact-produit\/?product_id=107018\" target=\"_blank\" rel=\"noopener\">Contactez-nous pour toute demande de devis ou de renseignements<\/a><\/span><\/p>\n","protected":false},"featured_media":106965,"template":"","meta":{"_acf_changed":false,"content-type":"","_themeisle_gutenberg_block_has_review":false},"product_brand":[],"product_cat":[7517,12535],"product_tag":[31475,31476,31477],"product_designer":[14859],"comfabric":[],"manufacturer":[16849],"reporting_designer":[37698],"samplecomfabric":[],"designer_clubroom":[],"class_list":{"0":"post-107018","1":"product","2":"type-product","3":"status-publish","4":"has-post-thumbnail","6":"product_cat-deco-fr","7":"product_cat-arts-de-la-table","8":"product_tag-st-ceramic-fr","9":"product_tag-st-collectible-fr","10":"product_tag-st-curvy-fr","11":"pa_material-gres-beige","12":"pa_material-gres-noir","13":"product_designer-olga-etc-fr","14":"manufacturer-olga-etc-fr","15":"reporting_designer-olga-etc","17":"first","18":"instock","19":"taxable","20":"shipping-taxable","21":"purchasable","22":"product-type-variable"},"acf":[],"_links":{"self":[{"href":"https:\/\/theinvisiblecollection.com\/fr\/wp-json\/wp\/v2\/product\/107018","targetHints":{"allow":["GET"]}}],"collection":[{"href":"https:\/\/theinvisiblecollection.com\/fr\/wp-json\/wp\/v2\/product"}],"about":[{"href":"https:\/\/theinvisiblecollection.com\/fr\/wp-json\/wp\/v2\/types\/product"}],"wp:featuredmedia":[{"embeddable":true,"href":"https:\/\/theinvisiblecollection.com\/fr\/wp-json\/wp\/v2\/media\/106965"}],"wp:attachment":[{"href":"https:\/\/theinvisiblecollection.com\/fr\/wp-json\/wp\/v2\/media?parent=107018"}],"wp:term":[{"taxonomy":"product_brand","embeddable":true,"href":"https:\/\/theinvisiblecollection.com\/fr\/wp-json\/wp\/v2\/product_brand?post=107018"},{"taxonomy":"product_cat","embeddable":true,"href":"https:\/\/theinvisiblecollection.com\/fr\/wp-json\/wp\/v2\/product_cat?post=107018"},{"taxonomy":"product_tag","embeddable":true,"href":"https:\/\/theinvisiblecollection.com\/fr\/wp-json\/wp\/v2\/product_tag?post=107018"},{"taxonomy":"product_designer","embeddable":true,"href":"https:\/\/theinvisiblecollection.com\/fr\/wp-json\/wp\/v2\/product_designer?post=107018"},{"taxonomy":"comfabric","embeddable":true,"href":"https:\/\/theinvisiblecollection.com\/fr\/wp-json\/wp\/v2\/comfabric?post=107018"},{"taxonomy":"manufacturer","embeddable":true,"href":"https:\/\/theinvisiblecollection.com\/fr\/wp-json\/wp\/v2\/manufacturer?post=107018"},{"taxonomy":"reporting_designer","embeddable":true,"href":"https:\/\/theinvisiblecollection.com\/fr\/wp-json\/wp\/v2\/reporting_designer?post=107018"},{"taxonomy":"samplecomfabric","embeddable":true,"href":"https:\/\/theinvisiblecollection.com\/fr\/wp-json\/wp\/v2\/samplecomfabric?post=107018"},{"taxonomy":"clubroom_product_designer","embeddable":true,"href":"https:\/\/theinvisiblecollection.com\/fr\/wp-json\/wp\/v2\/designer_clubroom?post=107018"}],"curies":[{"name":"wp","href":"https:\/\/api.w.org\/{rel}","templated":true}]}}