{"id":107050,"date":"2021-12-01T17:33:20","date_gmt":"2021-12-01T16:33:20","guid":{"rendered":"https:\/\/theinvisiblecollection.com\/?post_type=product&#038;p=107050"},"modified":"2026-05-01T07:39:07","modified_gmt":"2026-05-01T07:39:07","slug":"olga-etc-corbeille-petit-hortensia-l-2","status":"publish","type":"product","link":"https:\/\/theinvisiblecollection.com\/fr\/produit\/olga-etc-corbeille-petit-hortensia-l-2\/","title":{"rendered":"Corbeille Petit Hortensia L"},"content":{"rendered":"<p style=\"text-align: justify;\">Credit Photo &#8211; Olivier Loser<\/p>\n<p style=\"text-align: justify;\">\u201cLes\u00a0jardins, la\u00a0d\u00e9licatesse et la po\u00e9sie des plantes de l&#8217;\u00e9t\u00e9 ont inspir\u00e9 mon travail. \u00c0 la fois objet\u00a0de\u00a0d\u00e9coration\u00a0et pi\u00e8ce unique,\u00a0chaque plat incite \u00e0 la r\u00eaverie&#8230; La porcelaine est un\u00a0mat\u00e9riau\u00a0pr\u00e9cieux\u00a0et\u00a0d\u00e9licat, le\u00a0gr\u00e8s\u00a0d\u00e9gage plus de force, les terres me permettent d\u2019exprimer\u00a0une\u00a0nostalgie\u00a0propre \u00e0\u00a0chaque\u00a0pi\u00e8ce.\u201d &#8211; Virginie\u00a0Boudsocq<\/p>\n","protected":false},"excerpt":{"rendered":"<p>Pi\u00e8ce Unique<\/p>\n<p>Corbeille en porcelaine \u00e9maill\u00e9e blanche<br \/>\nFinition mixte brillante et mate<br \/>\n\u00c9galement disponible en finition satin\u00e9e, mate ou brillante<br \/>\nChaque pi\u00e8ce est unique en raison de sa nature artisanale, les formes et les teintes varient l\u00e9g\u00e8rement<br \/>\nDimensions et fleurs sur-mesure sur demande<\/p>\n<p>L 38 x l 29 x H 8\/10 cm<\/p>\n<p>Fabriqu\u00e9e \u00e0 la main en France<br \/>\nD\u00e9lais de production : 8 semaines<\/p>\n<p><span style=\"text-decoration: underline;\"><a href=\"https:\/\/www.theinvisiblecollection.com\/fr\/contact-produit\/?product_id=107050\" target=\"_blank\" rel=\"noopener\">Contactez-nous pour toute demande de devis ou de renseignements<\/a><\/span><\/p>\n","protected":false},"featured_media":106595,"template":"","meta":{"_acf_changed":false,"content-type":"","_themeisle_gutenberg_block_has_review":false},"product_brand":[],"product_cat":[7517,12535,16319],"product_tag":[31474,31475,31476,31477],"product_designer":[14859],"comfabric":[],"manufacturer":[16849],"reporting_designer":[37698],"samplecomfabric":[],"designer_clubroom":[],"class_list":{"0":"post-107050","1":"product","2":"type-product","3":"status-publish","4":"has-post-thumbnail","6":"product_cat-deco-fr","7":"product_cat-arts-de-la-table","8":"product_cat-cartes-cadeaux","9":"product_tag-co-white-fr","10":"product_tag-st-ceramic-fr","11":"product_tag-st-collectible-fr","12":"product_tag-st-curvy-fr","13":"pa_finish-brillante","14":"pa_finish-mate","15":"pa_finish-mixte-brillante-et-mate","16":"pa_finish-satinee","17":"product_designer-olga-etc-fr","18":"manufacturer-olga-etc-fr","19":"reporting_designer-olga-etc","21":"first","22":"instock","23":"taxable","24":"shipping-taxable","25":"purchasable","26":"product-type-variable"},"acf":[],"_links":{"self":[{"href":"https:\/\/theinvisiblecollection.com\/fr\/wp-json\/wp\/v2\/product\/107050","targetHints":{"allow":["GET"]}}],"collection":[{"href":"https:\/\/theinvisiblecollection.com\/fr\/wp-json\/wp\/v2\/product"}],"about":[{"href":"https:\/\/theinvisiblecollection.com\/fr\/wp-json\/wp\/v2\/types\/product"}],"wp:featuredmedia":[{"embeddable":true,"href":"https:\/\/theinvisiblecollection.com\/fr\/wp-json\/wp\/v2\/media\/106595"}],"wp:attachment":[{"href":"https:\/\/theinvisiblecollection.com\/fr\/wp-json\/wp\/v2\/media?parent=107050"}],"wp:term":[{"taxonomy":"product_brand","embeddable":true,"href":"https:\/\/theinvisiblecollection.com\/fr\/wp-json\/wp\/v2\/product_brand?post=107050"},{"taxonomy":"product_cat","embeddable":true,"href":"https:\/\/theinvisiblecollection.com\/fr\/wp-json\/wp\/v2\/product_cat?post=107050"},{"taxonomy":"product_tag","embeddable":true,"href":"https:\/\/theinvisiblecollection.com\/fr\/wp-json\/wp\/v2\/product_tag?post=107050"},{"taxonomy":"product_designer","embeddable":true,"href":"https:\/\/theinvisiblecollection.com\/fr\/wp-json\/wp\/v2\/product_designer?post=107050"},{"taxonomy":"comfabric","embeddable":true,"href":"https:\/\/theinvisiblecollection.com\/fr\/wp-json\/wp\/v2\/comfabric?post=107050"},{"taxonomy":"manufacturer","embeddable":true,"href":"https:\/\/theinvisiblecollection.com\/fr\/wp-json\/wp\/v2\/manufacturer?post=107050"},{"taxonomy":"reporting_designer","embeddable":true,"href":"https:\/\/theinvisiblecollection.com\/fr\/wp-json\/wp\/v2\/reporting_designer?post=107050"},{"taxonomy":"samplecomfabric","embeddable":true,"href":"https:\/\/theinvisiblecollection.com\/fr\/wp-json\/wp\/v2\/samplecomfabric?post=107050"},{"taxonomy":"clubroom_product_designer","embeddable":true,"href":"https:\/\/theinvisiblecollection.com\/fr\/wp-json\/wp\/v2\/designer_clubroom?post=107050"}],"curies":[{"name":"wp","href":"https:\/\/api.w.org\/{rel}","templated":true}]}}