{"id":107792,"date":"2021-12-09T16:57:24","date_gmt":"2021-12-09T15:57:24","guid":{"rendered":"https:\/\/theinvisiblecollection.com\/?post_type=product&#038;p=107792"},"modified":"2026-05-01T07:39:07","modified_gmt":"2026-05-01T07:39:07","slug":"francesco-balzano-banc-tempio-onyx","status":"publish","type":"product","link":"https:\/\/theinvisiblecollection.com\/fr\/produit\/francesco-balzano-banc-tempio-onyx\/","title":{"rendered":"Banc Tempio &#8211; Onyx"},"content":{"rendered":"<p style=\"text-align: justify;\">Tempio est une collection de cinq monolithes, \u00e0 la fronti\u00e8re du mobilier et de la sculpture, empreinte des premi\u00e8res \u00e9motions architecturales du designer. De la Villa Malaparte, en passant par les carri\u00e8res monumentales de marbre de Stazzema jusqu\u2019\u00e0 la Piet\u00e0 de Michel-Ange \u00e0 Saint-Pierre de Rome, Tempio rend hommage \u00e0 ces influences majeures sous un trait brutaliste et puriste, au travers duquel dialoguent lumi\u00e8re, mouvement et mati\u00e8re, un dessin silencieux, absolu et intemporel voulu sciemment par le designer comme un manifeste formel. Tempio est produite par M \u00e9ditions et propos\u00e9e en deux min\u00e9ralit\u00e9s : onyx blanc et marbre grand antique. Chaque pi\u00e8ce est en s\u00e9rie limit\u00e9e de douze exemplaires sign\u00e9s et numerot\u00e9s.<\/p>\n","protected":false},"excerpt":{"rendered":"<p>\u00c9dition limit\u00e9e de 12 pi\u00e8ces, sign\u00e9es et num\u00e9rot\u00e9es<br \/>\nBanc en onyx blanc<br \/>\n\u00c9galement disponible en <a href=\"https:\/\/theinvisiblecollection.com\/fr\/produit\/francesco-balzano-banc-tempio-marbre\/\" target=\"_blank\" rel=\"noopener\"><span style=\"text-decoration: underline;\">marbre Grand Antique<\/span><\/a><br \/>\nMat\u00e9riaux et dimensions sur-mesure sur demande<\/p>\n<p>L 220 x l 40 x H 60 cm<\/p>\n<p>Fabriqu\u00e9e \u00e0 la main en France<br \/>\nD\u00e9lais de fabrication : 12 \u2013 14 semaines<\/p>\n<p><span style=\"text-decoration: underline;\"><span class=\"s1\"><a href=\"https:\/\/www.theinvisiblecollection.com\/fr\/demande-de-devis\/?product_id=107792\" target=\"_blank\" rel=\"noopener\">Contactez-nous pour toute demande de devis ou de renseignements<\/a><\/span><\/span><\/p>\n","protected":false},"featured_media":107841,"template":"","meta":{"_acf_changed":false,"content-type":"","_themeisle_gutenberg_block_has_review":false},"product_brand":[],"product_cat":[8947,12499],"product_tag":[31477,33319],"product_designer":[9965],"comfabric":[],"manufacturer":[16842],"reporting_designer":[37822],"samplecomfabric":[],"designer_clubroom":[],"class_list":{"0":"post-107792","1":"product","2":"type-product","3":"status-publish","4":"has-post-thumbnail","6":"product_cat-bancs","7":"product_cat-assises","8":"product_tag-st-curvy-fr","9":"product_tag-edition-limitee","10":"product_designer-francesco-balzano-fr","11":"manufacturer-ateliers-saint-jacques-fonderie-de-coubertin-fr","12":"reporting_designer-francesco-balzano","14":"first","15":"instock","16":"taxable","17":"shipping-taxable","18":"purchasable","19":"product-type-simple"},"acf":[],"_links":{"self":[{"href":"https:\/\/theinvisiblecollection.com\/fr\/wp-json\/wp\/v2\/product\/107792","targetHints":{"allow":["GET"]}}],"collection":[{"href":"https:\/\/theinvisiblecollection.com\/fr\/wp-json\/wp\/v2\/product"}],"about":[{"href":"https:\/\/theinvisiblecollection.com\/fr\/wp-json\/wp\/v2\/types\/product"}],"wp:featuredmedia":[{"embeddable":true,"href":"https:\/\/theinvisiblecollection.com\/fr\/wp-json\/wp\/v2\/media\/107841"}],"wp:attachment":[{"href":"https:\/\/theinvisiblecollection.com\/fr\/wp-json\/wp\/v2\/media?parent=107792"}],"wp:term":[{"taxonomy":"product_brand","embeddable":true,"href":"https:\/\/theinvisiblecollection.com\/fr\/wp-json\/wp\/v2\/product_brand?post=107792"},{"taxonomy":"product_cat","embeddable":true,"href":"https:\/\/theinvisiblecollection.com\/fr\/wp-json\/wp\/v2\/product_cat?post=107792"},{"taxonomy":"product_tag","embeddable":true,"href":"https:\/\/theinvisiblecollection.com\/fr\/wp-json\/wp\/v2\/product_tag?post=107792"},{"taxonomy":"product_designer","embeddable":true,"href":"https:\/\/theinvisiblecollection.com\/fr\/wp-json\/wp\/v2\/product_designer?post=107792"},{"taxonomy":"comfabric","embeddable":true,"href":"https:\/\/theinvisiblecollection.com\/fr\/wp-json\/wp\/v2\/comfabric?post=107792"},{"taxonomy":"manufacturer","embeddable":true,"href":"https:\/\/theinvisiblecollection.com\/fr\/wp-json\/wp\/v2\/manufacturer?post=107792"},{"taxonomy":"reporting_designer","embeddable":true,"href":"https:\/\/theinvisiblecollection.com\/fr\/wp-json\/wp\/v2\/reporting_designer?post=107792"},{"taxonomy":"samplecomfabric","embeddable":true,"href":"https:\/\/theinvisiblecollection.com\/fr\/wp-json\/wp\/v2\/samplecomfabric?post=107792"},{"taxonomy":"clubroom_product_designer","embeddable":true,"href":"https:\/\/theinvisiblecollection.com\/fr\/wp-json\/wp\/v2\/designer_clubroom?post=107792"}],"curies":[{"name":"wp","href":"https:\/\/api.w.org\/{rel}","templated":true}]}}