{"id":108095,"date":"2024-09-10T00:00:00","date_gmt":"2024-09-10T00:00:00","guid":{"rendered":"https:\/\/theinvisiblecollection.com\/?post_type=product&#038;p=108095"},"modified":"2026-05-15T05:03:43","modified_gmt":"2026-05-15T05:03:43","slug":"atelier-fevrier-tapis-pluie-beige-et-noir","status":"publish","type":"product","link":"https:\/\/theinvisiblecollection.com\/fr\/produit\/atelier-fevrier-tapis-pluie-beige-et-noir\/","title":{"rendered":"Tapis Pluie Beige et Noir"},"content":{"rendered":"<p>La pluie dans un beau jeu de lumi\u00e8re est l&#8217;un des spectacles les plus fascinants de la nature. Le tapis Pluie dessine les gouttes de pluie et la r\u00e9flection de la lumi\u00e8re pour cr\u00e9er un monde \u00e9blouissant de couleurs.<\/p>\n","protected":false},"excerpt":{"rendered":"<p>Prix au m\u00e8tre carr\u00e9<br \/>\n60% laine d\u2019Himalaya, 40% soie<br \/>\n125 noeuds<br \/>\nCouleurs et dimensions sur-mesure sur demande<\/p>\n<p>Deux dimensions standard :<br \/>\n250 x 300 cm<br \/>\n300 x 400 cm<\/p>\n<p>Nou\u00e9 \u00e0 la main au N\u00e9pal<br \/>\nD\u00e9lais de fabrication : 12 &#8211; 16 semaines<\/p>\n<p><span style=\"text-decoration: underline;\"><a href=\"https:\/\/www.theinvisiblecollection.com\/fr\/demande-de-devis\/?product_id=108095\">Contactez-nous pour toute demande de devis ou d&#8217;\u00e9chantillons<\/a><\/span><\/p>\n","protected":false},"featured_media":108486,"template":"","meta":{"_acf_changed":false,"content-type":"","_themeisle_gutenberg_block_has_review":false},"product_brand":[],"product_cat":[8183,12540],"product_tag":[9109,9113,9114,9115,9156,10249,11334,22790,31474],"product_designer":[8893],"comfabric":[],"manufacturer":[],"reporting_designer":[37178],"samplecomfabric":[],"designer_clubroom":[],"class_list":{"0":"post-108095","1":"product","2":"type-product","3":"status-publish","4":"has-post-thumbnail","6":"product_cat-tapis-noues-a-la-main","7":"product_cat-tapis-fr","8":"product_tag-tapis","9":"product_tag-noue-main","10":"product_tag-noue","11":"product_tag-atelier-fevrier-fr-2","12":"product_tag-laine","13":"product_tag-entrance-fr","14":"product_tag-eco-friendly-fr","15":"product_tag-disponible-immediatement","16":"product_tag-co-white-fr","17":"pa_color-blanc-et-bleu-marine-fr","18":"pa_color-blanc-et-noir-fr","19":"pa_color-couleurs-personalisees","20":"pa_color-noir-et-beige-fr","21":"pa_color-noir-et-blanc-fr","22":"pa_color-vert-fr","23":"pa_size-dimensions-sur-mesure-fr","24":"pa_size-grand-fr","25":"pa_size-petit-fr","26":"product_designer-atelier-fevrier-fr","27":"reporting_designer-atelier-fevrier","28":"exhibitions-londres-fr","30":"first","31":"instock","32":"taxable","33":"shipping-taxable","34":"purchasable","35":"product-type-variable"},"acf":[],"_links":{"self":[{"href":"https:\/\/theinvisiblecollection.com\/fr\/wp-json\/wp\/v2\/product\/108095","targetHints":{"allow":["GET"]}}],"collection":[{"href":"https:\/\/theinvisiblecollection.com\/fr\/wp-json\/wp\/v2\/product"}],"about":[{"href":"https:\/\/theinvisiblecollection.com\/fr\/wp-json\/wp\/v2\/types\/product"}],"wp:featuredmedia":[{"embeddable":true,"href":"https:\/\/theinvisiblecollection.com\/fr\/wp-json\/wp\/v2\/media\/108486"}],"wp:attachment":[{"href":"https:\/\/theinvisiblecollection.com\/fr\/wp-json\/wp\/v2\/media?parent=108095"}],"wp:term":[{"taxonomy":"product_brand","embeddable":true,"href":"https:\/\/theinvisiblecollection.com\/fr\/wp-json\/wp\/v2\/product_brand?post=108095"},{"taxonomy":"product_cat","embeddable":true,"href":"https:\/\/theinvisiblecollection.com\/fr\/wp-json\/wp\/v2\/product_cat?post=108095"},{"taxonomy":"product_tag","embeddable":true,"href":"https:\/\/theinvisiblecollection.com\/fr\/wp-json\/wp\/v2\/product_tag?post=108095"},{"taxonomy":"product_designer","embeddable":true,"href":"https:\/\/theinvisiblecollection.com\/fr\/wp-json\/wp\/v2\/product_designer?post=108095"},{"taxonomy":"comfabric","embeddable":true,"href":"https:\/\/theinvisiblecollection.com\/fr\/wp-json\/wp\/v2\/comfabric?post=108095"},{"taxonomy":"manufacturer","embeddable":true,"href":"https:\/\/theinvisiblecollection.com\/fr\/wp-json\/wp\/v2\/manufacturer?post=108095"},{"taxonomy":"reporting_designer","embeddable":true,"href":"https:\/\/theinvisiblecollection.com\/fr\/wp-json\/wp\/v2\/reporting_designer?post=108095"},{"taxonomy":"samplecomfabric","embeddable":true,"href":"https:\/\/theinvisiblecollection.com\/fr\/wp-json\/wp\/v2\/samplecomfabric?post=108095"},{"taxonomy":"clubroom_product_designer","embeddable":true,"href":"https:\/\/theinvisiblecollection.com\/fr\/wp-json\/wp\/v2\/designer_clubroom?post=108095"}],"curies":[{"name":"wp","href":"https:\/\/api.w.org\/{rel}","templated":true}]}}