{"id":108110,"date":"2024-09-10T00:00:00","date_gmt":"2024-09-10T00:00:00","guid":{"rendered":"https:\/\/theinvisiblecollection.com\/?post_type=product&#038;p=108110"},"modified":"2026-05-08T04:40:19","modified_gmt":"2026-05-08T04:40:19","slug":"atelier-fevrier-tapis-pluie-vert","status":"publish","type":"product","link":"https:\/\/theinvisiblecollection.com\/fr\/produit\/atelier-fevrier-tapis-pluie-vert\/","title":{"rendered":"Tapis Pluie Vert"},"content":{"rendered":"<p>La pluie dans un beau jeu de lumi\u00e8re est l&#8217;un des spectacles les plus fascinants de la nature. Le tapis Pluie dessine les gouttes de pluie et la r\u00e9flection de la lumi\u00e8re pour cr\u00e9er un monde \u00e9blouissant de couleurs.<\/p>\n","protected":false},"excerpt":{"rendered":"<p>Prix au m\u00e8tre carr\u00e9<br \/>\n60% laine d\u2019Himalaya, 40% soie<br \/>\n125 noeuds<br \/>\nCouleurs et dimensions sur-mesure sur demande<\/p>\n<div class=\"pro-extra-item\">\n<p>Deux dimensions standard :<br \/>\n250 x 300 cm<br \/>\n300 x 400 cm<\/p>\n<\/div>\n<div class=\"pro-extra-item pro-manufacturing\"><\/div>\n<p>Nou\u00e9 \u00e0 la main au N\u00e9pal<br \/>\nD\u00e9lais de fabrication : 12 &#8211; 16 semaines<\/p>\n<p><span style=\"text-decoration: underline;\"><a href=\"https:\/\/www.theinvisiblecollection.com\/fr\/demande-de-devis\/?product_id=108110\">Contactez-nous pour toute demande de devis ou d&#8217;\u00e9chantillons<\/a><\/span><\/p>\n","protected":false},"featured_media":108491,"template":"","meta":{"_acf_changed":false,"content-type":"","_themeisle_gutenberg_block_has_review":false},"product_brand":[],"product_cat":[8183,12540],"product_tag":[9109,9113,9114,9115,9156,10249,11334],"product_designer":[8893],"comfabric":[],"manufacturer":[],"reporting_designer":[37178],"samplecomfabric":[],"designer_clubroom":[],"class_list":{"0":"post-108110","1":"product","2":"type-product","3":"status-publish","4":"has-post-thumbnail","6":"product_cat-tapis-noues-a-la-main","7":"product_cat-tapis-fr","8":"product_tag-tapis","9":"product_tag-noue-main","10":"product_tag-noue","11":"product_tag-atelier-fevrier-fr-2","12":"product_tag-laine","13":"product_tag-entrance-fr","14":"product_tag-eco-friendly-fr","15":"pa_color-blanc-et-bleu-marine-fr","16":"pa_color-blanc-et-noir-fr","17":"pa_color-couleurs-personalisees","18":"pa_color-noir-et-beige-fr","19":"pa_color-noir-et-blanc-fr","20":"pa_color-vert-fr","21":"pa_size-dimensions-sur-mesure-fr","22":"pa_size-grand-fr","23":"pa_size-petit-fr","24":"product_designer-atelier-fevrier-fr","25":"reporting_designer-atelier-fevrier","27":"first","28":"instock","29":"taxable","30":"shipping-taxable","31":"purchasable","32":"product-type-variable"},"acf":[],"_links":{"self":[{"href":"https:\/\/theinvisiblecollection.com\/fr\/wp-json\/wp\/v2\/product\/108110","targetHints":{"allow":["GET"]}}],"collection":[{"href":"https:\/\/theinvisiblecollection.com\/fr\/wp-json\/wp\/v2\/product"}],"about":[{"href":"https:\/\/theinvisiblecollection.com\/fr\/wp-json\/wp\/v2\/types\/product"}],"wp:featuredmedia":[{"embeddable":true,"href":"https:\/\/theinvisiblecollection.com\/fr\/wp-json\/wp\/v2\/media\/108491"}],"wp:attachment":[{"href":"https:\/\/theinvisiblecollection.com\/fr\/wp-json\/wp\/v2\/media?parent=108110"}],"wp:term":[{"taxonomy":"product_brand","embeddable":true,"href":"https:\/\/theinvisiblecollection.com\/fr\/wp-json\/wp\/v2\/product_brand?post=108110"},{"taxonomy":"product_cat","embeddable":true,"href":"https:\/\/theinvisiblecollection.com\/fr\/wp-json\/wp\/v2\/product_cat?post=108110"},{"taxonomy":"product_tag","embeddable":true,"href":"https:\/\/theinvisiblecollection.com\/fr\/wp-json\/wp\/v2\/product_tag?post=108110"},{"taxonomy":"product_designer","embeddable":true,"href":"https:\/\/theinvisiblecollection.com\/fr\/wp-json\/wp\/v2\/product_designer?post=108110"},{"taxonomy":"comfabric","embeddable":true,"href":"https:\/\/theinvisiblecollection.com\/fr\/wp-json\/wp\/v2\/comfabric?post=108110"},{"taxonomy":"manufacturer","embeddable":true,"href":"https:\/\/theinvisiblecollection.com\/fr\/wp-json\/wp\/v2\/manufacturer?post=108110"},{"taxonomy":"reporting_designer","embeddable":true,"href":"https:\/\/theinvisiblecollection.com\/fr\/wp-json\/wp\/v2\/reporting_designer?post=108110"},{"taxonomy":"samplecomfabric","embeddable":true,"href":"https:\/\/theinvisiblecollection.com\/fr\/wp-json\/wp\/v2\/samplecomfabric?post=108110"},{"taxonomy":"clubroom_product_designer","embeddable":true,"href":"https:\/\/theinvisiblecollection.com\/fr\/wp-json\/wp\/v2\/designer_clubroom?post=108110"}],"curies":[{"name":"wp","href":"https:\/\/api.w.org\/{rel}","templated":true}]}}