{"id":1082835,"date":"2022-11-04T12:27:16","date_gmt":"2022-11-04T11:27:16","guid":{"rendered":"https:\/\/theinvisiblecollection.com\/?post_type=product&#038;p=1082835"},"modified":"2026-05-01T07:38:34","modified_gmt":"2026-05-01T07:38:34","slug":"haos-chaise-2022-noire","status":"publish","type":"product","link":"https:\/\/theinvisiblecollection.com\/fr\/produit\/haos-chaise-2022-noire\/","title":{"rendered":"Chaise 2022 Ch\u00eane Noir"},"content":{"rendered":"","protected":false},"excerpt":{"rendered":"<p>Chaise en ch\u00eane plaqu\u00e9<br \/>\nBase en acier inoxydable<br \/>\nPhotographi\u00e9e ici en ch\u00eane noirci<br \/>\n\u00c9galement disponible en\u00a0<a href=\"https:\/\/theinvisiblecollection.com\/fr\/produit\/haos-chaise-2022-chene\/\" target=\"_blank\" rel=\"noopener\"><span style=\"text-decoration: underline;\">ch\u00eane naturel<\/span><\/a><br \/>\n<a href=\"https:\/\/theinvisiblecollection.com\/wp-content\/uploads\/2022\/11\/TheInvisibleCollection_Haos_2022_Chair_Wood_Selection2.pdf\" target=\"_blank\" rel=\"noopener\"><span style=\"text-decoration: underline;\">D\u00e9couvrez la s\u00e9lection de bois ici<\/span><\/a><br \/>\nBois et finitions sur-mesure sur demande<\/p>\n<p>L 48.6 x l 38.2 x H 80.4 cm<br \/>\nHauteur d&#8217;assise : 44 cm<\/p>\n<p>Fabriqu\u00e9e \u00e0 la main en Europe<br \/>\nD\u00e9lais de fabrication : 8 semaines<\/p>\n<p class=\"p1\"><span style=\"text-decoration: underline;\"><span class=\"s1\"><a href=\"https:\/\/www.theinvisiblecollection.com\/fr\/demande-de-devis\/?product_id=1082835\">Contactez-nous pour toute demande de devis ou de renseignement<\/a><\/span><\/span><\/p><\/p>\n","protected":false},"featured_media":1082921,"template":"","meta":{"_acf_changed":false,"content-type":"","_themeisle_gutenberg_block_has_review":false},"product_brand":[],"product_cat":[8962,12499],"product_tag":[],"product_designer":[11320],"comfabric":[],"manufacturer":[19803],"reporting_designer":[37170],"samplecomfabric":[],"designer_clubroom":[],"class_list":{"0":"post-1082835","1":"product","2":"type-product","3":"status-publish","4":"has-post-thumbnail","6":"product_cat-chaises","7":"product_cat-assises","8":"pa_wood-chene-naturel-fr","9":"pa_wood-chene-noirci","10":"product_designer-haos-fr","11":"manufacturer-studio-haos-atelier-lisbon-fr","12":"reporting_designer-haos","14":"first","15":"instock","16":"taxable","17":"shipping-taxable","18":"purchasable","19":"product-type-variable"},"acf":[],"_links":{"self":[{"href":"https:\/\/theinvisiblecollection.com\/fr\/wp-json\/wp\/v2\/product\/1082835","targetHints":{"allow":["GET"]}}],"collection":[{"href":"https:\/\/theinvisiblecollection.com\/fr\/wp-json\/wp\/v2\/product"}],"about":[{"href":"https:\/\/theinvisiblecollection.com\/fr\/wp-json\/wp\/v2\/types\/product"}],"wp:featuredmedia":[{"embeddable":true,"href":"https:\/\/theinvisiblecollection.com\/fr\/wp-json\/wp\/v2\/media\/1082921"}],"wp:attachment":[{"href":"https:\/\/theinvisiblecollection.com\/fr\/wp-json\/wp\/v2\/media?parent=1082835"}],"wp:term":[{"taxonomy":"product_brand","embeddable":true,"href":"https:\/\/theinvisiblecollection.com\/fr\/wp-json\/wp\/v2\/product_brand?post=1082835"},{"taxonomy":"product_cat","embeddable":true,"href":"https:\/\/theinvisiblecollection.com\/fr\/wp-json\/wp\/v2\/product_cat?post=1082835"},{"taxonomy":"product_tag","embeddable":true,"href":"https:\/\/theinvisiblecollection.com\/fr\/wp-json\/wp\/v2\/product_tag?post=1082835"},{"taxonomy":"product_designer","embeddable":true,"href":"https:\/\/theinvisiblecollection.com\/fr\/wp-json\/wp\/v2\/product_designer?post=1082835"},{"taxonomy":"comfabric","embeddable":true,"href":"https:\/\/theinvisiblecollection.com\/fr\/wp-json\/wp\/v2\/comfabric?post=1082835"},{"taxonomy":"manufacturer","embeddable":true,"href":"https:\/\/theinvisiblecollection.com\/fr\/wp-json\/wp\/v2\/manufacturer?post=1082835"},{"taxonomy":"reporting_designer","embeddable":true,"href":"https:\/\/theinvisiblecollection.com\/fr\/wp-json\/wp\/v2\/reporting_designer?post=1082835"},{"taxonomy":"samplecomfabric","embeddable":true,"href":"https:\/\/theinvisiblecollection.com\/fr\/wp-json\/wp\/v2\/samplecomfabric?post=1082835"},{"taxonomy":"clubroom_product_designer","embeddable":true,"href":"https:\/\/theinvisiblecollection.com\/fr\/wp-json\/wp\/v2\/designer_clubroom?post=1082835"}],"curies":[{"name":"wp","href":"https:\/\/api.w.org\/{rel}","templated":true}]}}