{"id":108455,"date":"2024-09-10T00:00:00","date_gmt":"2024-09-10T00:00:00","guid":{"rendered":"https:\/\/theinvisiblecollection.com\/?post_type=product&#038;p=108455"},"modified":"2026-05-01T07:39:07","modified_gmt":"2026-05-01T07:39:07","slug":"atelier-fevrier-tapis-nuache-noir-et-bleu","status":"publish","type":"product","link":"https:\/\/theinvisiblecollection.com\/fr\/produit\/atelier-fevrier-tapis-nuache-noir-et-bleu\/","title":{"rendered":"Tapis Nuache Noir et Bleu"},"content":{"rendered":"","protected":false},"excerpt":{"rendered":"<p>Prix au m\u00e8tre carr\u00e9<br \/>\n\u00c9galement disponible en Noir et Dor\u00e9<br \/>\n95% laine d&#8217;Himalaya, 5% soie pure<br \/>\n125 noeuds<br \/>\nCouleurs et dimensions sur-mesure sur demande<\/p>\n<p>Deux dimensions standard :<br \/>\n250 x 300 cm<br \/>\n300 x 400 cm<\/p>\n<p>Nou\u00e9 \u00e0 la main au N\u00e9pal<br \/>\nD\u00e9lais de fabrication : 12 \u2014 16 semaines<\/p>\n<p><span style=\"text-decoration: underline;\"><a href=\"https:\/\/www.theinvisiblecollection.com\/fr\/demande-de-devis\/?product_id=108455\">Contactez-nous pour toute demande de devis ou d&#8217;\u00e9chantillons<\/a><\/span><\/p>\n","protected":false},"featured_media":108460,"template":"","meta":{"_acf_changed":false,"content-type":"","_themeisle_gutenberg_block_has_review":false},"product_brand":[],"product_cat":[8183,12540],"product_tag":[8858,9113,9114,9115,9120,10172,10253,10254,11334],"product_designer":[8893],"comfabric":[],"manufacturer":[],"reporting_designer":[37178],"samplecomfabric":[],"designer_clubroom":[],"class_list":{"0":"post-108455","1":"product","2":"type-product","3":"status-publish","4":"has-post-thumbnail","6":"product_cat-tapis-noues-a-la-main","7":"product_cat-tapis-fr","8":"product_tag-chambre-fr-3","9":"product_tag-noue-main","10":"product_tag-noue","11":"product_tag-atelier-fevrier-fr-2","12":"product_tag-laine-dhimalayas","13":"product_tag-salon-fr-3","14":"product_tag-lobby-fr","15":"product_tag-bureau-fr-3","16":"product_tag-eco-friendly-fr","17":"pa_color-couleurs-personalisees","18":"pa_color-noir-et-bleu-fr-fr","19":"pa_color-noir-et-or","20":"pa_size-dimensions-sur-mesure-fr","21":"pa_size-large-fr-2","22":"pa_size-petit-fr","23":"product_designer-atelier-fevrier-fr","24":"reporting_designer-atelier-fevrier","26":"first","27":"instock","28":"taxable","29":"shipping-taxable","30":"product-type-variable"},"acf":[],"_links":{"self":[{"href":"https:\/\/theinvisiblecollection.com\/fr\/wp-json\/wp\/v2\/product\/108455","targetHints":{"allow":["GET"]}}],"collection":[{"href":"https:\/\/theinvisiblecollection.com\/fr\/wp-json\/wp\/v2\/product"}],"about":[{"href":"https:\/\/theinvisiblecollection.com\/fr\/wp-json\/wp\/v2\/types\/product"}],"wp:featuredmedia":[{"embeddable":true,"href":"https:\/\/theinvisiblecollection.com\/fr\/wp-json\/wp\/v2\/media\/108460"}],"wp:attachment":[{"href":"https:\/\/theinvisiblecollection.com\/fr\/wp-json\/wp\/v2\/media?parent=108455"}],"wp:term":[{"taxonomy":"product_brand","embeddable":true,"href":"https:\/\/theinvisiblecollection.com\/fr\/wp-json\/wp\/v2\/product_brand?post=108455"},{"taxonomy":"product_cat","embeddable":true,"href":"https:\/\/theinvisiblecollection.com\/fr\/wp-json\/wp\/v2\/product_cat?post=108455"},{"taxonomy":"product_tag","embeddable":true,"href":"https:\/\/theinvisiblecollection.com\/fr\/wp-json\/wp\/v2\/product_tag?post=108455"},{"taxonomy":"product_designer","embeddable":true,"href":"https:\/\/theinvisiblecollection.com\/fr\/wp-json\/wp\/v2\/product_designer?post=108455"},{"taxonomy":"comfabric","embeddable":true,"href":"https:\/\/theinvisiblecollection.com\/fr\/wp-json\/wp\/v2\/comfabric?post=108455"},{"taxonomy":"manufacturer","embeddable":true,"href":"https:\/\/theinvisiblecollection.com\/fr\/wp-json\/wp\/v2\/manufacturer?post=108455"},{"taxonomy":"reporting_designer","embeddable":true,"href":"https:\/\/theinvisiblecollection.com\/fr\/wp-json\/wp\/v2\/reporting_designer?post=108455"},{"taxonomy":"samplecomfabric","embeddable":true,"href":"https:\/\/theinvisiblecollection.com\/fr\/wp-json\/wp\/v2\/samplecomfabric?post=108455"},{"taxonomy":"clubroom_product_designer","embeddable":true,"href":"https:\/\/theinvisiblecollection.com\/fr\/wp-json\/wp\/v2\/designer_clubroom?post=108455"}],"curies":[{"name":"wp","href":"https:\/\/api.w.org\/{rel}","templated":true}]}}