{"id":108511,"date":"2021-12-17T19:27:34","date_gmt":"2021-12-17T18:27:34","guid":{"rendered":"https:\/\/theinvisiblecollection.com\/?post_type=product&#038;p=108511"},"modified":"2026-05-01T07:39:07","modified_gmt":"2026-05-01T07:39:07","slug":"campbell-rey-console-ottavia","status":"publish","type":"product","link":"https:\/\/theinvisiblecollection.com\/fr\/produit\/campbell-rey-console-ottavia\/","title":{"rendered":"Console Ottavia"},"content":{"rendered":"<p style=\"text-align: justify;\">Ottavia\u00a0est une\u00a0console tr\u00e8s chic proposant des pieds effil\u00e9s et raffin\u00e9s ainsi qu\u2019un subtil motif en retrait. R\u00e9alis\u00e9es de main de ma\u00eetre en ronce de ch\u00eane assortie, ses formes sensuelles rappellent l&#8217;\u00e9l\u00e9gance d\u00e9licate du design mobilier europ\u00e9en du d\u00e9but et du milieu du XXe si\u00e8cle. Le plateau est incrust\u00e9 de cuir l\u00e9g\u00e8rement textur\u00e9 et la section sup\u00e9rieure peut \u00e9galement \u00eatre construite avec un ou plusieurs tiroirs dissimul\u00e9s.<\/p>\n","protected":false},"excerpt":{"rendered":"<p>Console en placage de ronce de ch\u00eane avec pieds effil\u00e9s<br \/>\nPlateau en cuir Lena de Futura, couleur toffee<br \/>\n<a href=\"https:\/\/theinvisiblecollection.com\/wp-content\/uploads\/2021\/12\/TheInvisibleCollection_Campbell-Rey_LeatherSelection_FuturaLeathers.pdf\" target=\"_blank\" rel=\"noopener\"><span style=\"text-decoration: underline;\">D\u00e9couvrez la s\u00e9lection de cuirs ici<\/span><\/a><br \/>\nTiroir cach\u00e9 en option<br \/>\nOptions de placage sur-mesure sur demande<\/p>\n<p>L 110 x l 30 x H 90 cm<br \/>\nTissu requis : 1 m<\/p>\n<p><p class=\"p1\">Fabriqu\u00e9e \u00e0 la main au Royaume-Uni<br \/>\nD\u00e9lais de fabrication : 10 &#8211; 12 semaines<\/p>\n<p class=\"p2\"><span style=\"text-decoration: underline;\"><span class=\"s1\"><a href=\"https:\/\/www.theinvisiblecollection.com\/fr\/demande-de-devis\/?product_id=108511\" target=\"_blank\" rel=\"noopener\">Contactez-nous pour toute demande de devis ou de renseignements<\/a><\/span><\/span><\/p><\/p>\n","protected":false},"featured_media":111002,"template":"","meta":{"_acf_changed":false,"content-type":"","_themeisle_gutenberg_block_has_review":false},"product_brand":[],"product_cat":[7675,12503],"product_tag":[14926],"product_designer":[14078],"comfabric":[],"manufacturer":[16843],"reporting_designer":[37366],"samplecomfabric":[],"designer_clubroom":[],"class_list":{"0":"post-108511","1":"product","2":"type-product","3":"status-publish","4":"has-post-thumbnail","6":"product_cat-consoles-fr","7":"product_cat-tables-fr","8":"product_tag-hplstfav-fr","9":"pa_choice-avec-tiroirs","10":"pa_choice-sans-tiroirs","11":"product_designer-campbell-rey-fr","12":"manufacturer-parsons-hall-farm-fr","13":"reporting_designer-campbell-rey","15":"first","16":"instock","17":"taxable","18":"shipping-taxable","19":"purchasable","20":"product-type-variable"},"acf":[],"_links":{"self":[{"href":"https:\/\/theinvisiblecollection.com\/fr\/wp-json\/wp\/v2\/product\/108511","targetHints":{"allow":["GET"]}}],"collection":[{"href":"https:\/\/theinvisiblecollection.com\/fr\/wp-json\/wp\/v2\/product"}],"about":[{"href":"https:\/\/theinvisiblecollection.com\/fr\/wp-json\/wp\/v2\/types\/product"}],"wp:featuredmedia":[{"embeddable":true,"href":"https:\/\/theinvisiblecollection.com\/fr\/wp-json\/wp\/v2\/media\/111002"}],"wp:attachment":[{"href":"https:\/\/theinvisiblecollection.com\/fr\/wp-json\/wp\/v2\/media?parent=108511"}],"wp:term":[{"taxonomy":"product_brand","embeddable":true,"href":"https:\/\/theinvisiblecollection.com\/fr\/wp-json\/wp\/v2\/product_brand?post=108511"},{"taxonomy":"product_cat","embeddable":true,"href":"https:\/\/theinvisiblecollection.com\/fr\/wp-json\/wp\/v2\/product_cat?post=108511"},{"taxonomy":"product_tag","embeddable":true,"href":"https:\/\/theinvisiblecollection.com\/fr\/wp-json\/wp\/v2\/product_tag?post=108511"},{"taxonomy":"product_designer","embeddable":true,"href":"https:\/\/theinvisiblecollection.com\/fr\/wp-json\/wp\/v2\/product_designer?post=108511"},{"taxonomy":"comfabric","embeddable":true,"href":"https:\/\/theinvisiblecollection.com\/fr\/wp-json\/wp\/v2\/comfabric?post=108511"},{"taxonomy":"manufacturer","embeddable":true,"href":"https:\/\/theinvisiblecollection.com\/fr\/wp-json\/wp\/v2\/manufacturer?post=108511"},{"taxonomy":"reporting_designer","embeddable":true,"href":"https:\/\/theinvisiblecollection.com\/fr\/wp-json\/wp\/v2\/reporting_designer?post=108511"},{"taxonomy":"samplecomfabric","embeddable":true,"href":"https:\/\/theinvisiblecollection.com\/fr\/wp-json\/wp\/v2\/samplecomfabric?post=108511"},{"taxonomy":"clubroom_product_designer","embeddable":true,"href":"https:\/\/theinvisiblecollection.com\/fr\/wp-json\/wp\/v2\/designer_clubroom?post=108511"}],"curies":[{"name":"wp","href":"https:\/\/api.w.org\/{rel}","templated":true}]}}