{"id":1089403,"date":"2020-09-06T12:39:44","date_gmt":"2020-09-06T11:39:44","guid":{"rendered":"https:\/\/theinvisiblecollection.com\/?post_type=product&#038;p=1089403"},"modified":"2026-05-01T07:38:34","modified_gmt":"2026-05-01T07:38:34","slug":"laura-gonzalez-lustre-lillypad-rose","status":"publish","type":"product","link":"https:\/\/theinvisiblecollection.com\/fr\/produit\/laura-gonzalez-lustre-lillypad-rose\/","title":{"rendered":"Lustre Lilypad Rose"},"content":{"rendered":"<p style=\"text-align: justify;\">Le lustre Lilypad imagin\u00e9 par Laura Gonzalez se distingue par son audace et sa po\u00e9sie. V\u00e9ritable sculpture lumineuse, il se compose de p\u00e9tales de verre finement superpos\u00e9s, suspendus dans l\u2019espace comme en apesanteur. \u00c0 travers cette cr\u00e9ation, la designer r\u00e9interpr\u00e8te un motif familier avec une sensibilit\u00e9 toute personnelle, m\u00ealant m\u00e9moire collective et inspiration v\u00e9g\u00e9tale. Le design du Lilypad r\u00e9sonne \u00e0 plusieurs niveaux : il \u00e9voque naturellement les c\u00e9l\u00e8bres Nymph\u00e9as de Claude Monet, capturant la qui\u00e9tude d\u2019un \u00e9tang \u00e0 Giverny et la d\u00e9licatesse de sa flore flottante. Il fait \u00e9galement \u00e9cho \u00e0 l\u2019esth\u00e9tique du design danois des ann\u00e9es 50, o\u00f9 la puret\u00e9 des lignes se met au service d\u2019une beaut\u00e9 organique. Plus qu\u2019un simple luminaire, le Lilypad est une \u0153uvre d\u2019art \u00e0 part enti\u00e8re, pr\u00e9cieuse et intemporelle. Il incarne la rencontre entre un savoir-faire d\u2019exception et un imaginaire onirique, illuminant l\u2019espace autant que l\u2019\u00e9motion.<\/p>\n","protected":false},"excerpt":{"rendered":"<p>Lustre en verre teint\u00e9 textur\u00e9, pr\u00e9sent\u00e9 ici en rose<br \/>\nStructure en laiton<br \/>\n\u00c9galement disponible couleur <span style=\"text-decoration: underline;\"><a href=\"https:\/\/theinvisiblecollection.com\/fr\/produit\/laura-gonzalez-lustre-lillypad-bulle\/\" target=\"_blank\" rel=\"noopener\">bull\u00e9<\/a><\/span>, <span style=\"text-decoration: underline;\"><a href=\"https:\/\/theinvisiblecollection.com\/fr\/produit\/laura-gonzalez-lustre-lillypad-ambre\/\" target=\"_blank\" rel=\"noopener\">ambre<\/a><\/span>,\u00a0<span style=\"text-decoration: underline;\"><a href=\"https:\/\/theinvisiblecollection.com\/fr\/produit\/laura-gonzalez-lustre-lilypad-champagne-ny\/\" target=\"_blank\" rel=\"noopener\">champagne<\/a><\/span>\u00a0ou\u00a0<span style=\"text-decoration: underline;\"><a href=\"https:\/\/theinvisiblecollection.com\/fr\/produit\/laura-gonzalez-lustre-lillypad\/\" target=\"_blank\" rel=\"noopener\">vert<\/a><\/span><br \/>\n<span style=\"text-decoration: underline;\"><a href=\"https:\/\/theinvisiblecollection.com\/wp-content\/uploads\/2022\/12\/TheInvisibleCollection_Laura_Gonzalez_Lillypad_Chandelier_Glass_Selection1-1.pdf\" target=\"_blank\" rel=\"noopener\">D\u00e9couvrez la s\u00e9lection de teintes ici<\/a><br \/>\n<\/span>20x petites 700mA LED ampoules incluses, 2-3W, 2500K, CRI90, 60\u00b0 BEAM OPTIC<span style=\"text-decoration: underline;\"><br \/>\n<\/span><\/p>\n<p>\u00d8 124 x H 45\/85 cm<\/p>\n<p>Fabriqu\u00e9 \u00e0 la main en France<br \/>\nD\u00e9lais de fabrication : 12 &#8211; 14 semaines<\/p>\n<p><span style=\"text-decoration: underline;\"><a href=\"https:\/\/www.theinvisiblecollection.com\/fr\/demande-de-devis\/?product_id=1089403\" target=\"_blank\" rel=\"noopener\">Contactez-nous pour toute demande de devis ou de renseignement<\/a><\/span><\/p>\n<p>&nbsp;<\/p>\n","protected":false},"featured_media":5751578,"template":"","meta":{"_acf_changed":false,"content-type":"","_themeisle_gutenberg_block_has_review":false},"product_brand":[],"product_cat":[8961,12507],"product_tag":[11010,9576,9728,11002],"product_designer":[10956],"comfabric":[29426],"manufacturer":[16912],"reporting_designer":[37574],"samplecomfabric":[31100],"designer_clubroom":[],"class_list":{"0":"post-1089403","1":"product","2":"type-product","3":"status-publish","4":"has-post-thumbnail","6":"product_cat-suspensions","7":"product_cat-luminaires","8":"product_tag-decoration-de-plafond","9":"product_tag-vert","10":"product_tag-chandelier-fr","11":"product_tag-laura-gonzalez-fr-2","12":"product_designer-laura-gonzalez-fr","13":"comfabric-laura-gonzalez-fr","14":"manufacturer-premier-logistics-art-interiors-fr","15":"reporting_designer-laura-gonzalez","16":"samplecomfabric-laura-gonzalez-fr","18":"first","19":"instock","20":"taxable","21":"shipping-taxable","22":"purchasable","23":"product-type-variable"},"acf":[],"_links":{"self":[{"href":"https:\/\/theinvisiblecollection.com\/fr\/wp-json\/wp\/v2\/product\/1089403","targetHints":{"allow":["GET"]}}],"collection":[{"href":"https:\/\/theinvisiblecollection.com\/fr\/wp-json\/wp\/v2\/product"}],"about":[{"href":"https:\/\/theinvisiblecollection.com\/fr\/wp-json\/wp\/v2\/types\/product"}],"wp:featuredmedia":[{"embeddable":true,"href":"https:\/\/theinvisiblecollection.com\/fr\/wp-json\/wp\/v2\/media\/5751578"}],"wp:attachment":[{"href":"https:\/\/theinvisiblecollection.com\/fr\/wp-json\/wp\/v2\/media?parent=1089403"}],"wp:term":[{"taxonomy":"product_brand","embeddable":true,"href":"https:\/\/theinvisiblecollection.com\/fr\/wp-json\/wp\/v2\/product_brand?post=1089403"},{"taxonomy":"product_cat","embeddable":true,"href":"https:\/\/theinvisiblecollection.com\/fr\/wp-json\/wp\/v2\/product_cat?post=1089403"},{"taxonomy":"product_tag","embeddable":true,"href":"https:\/\/theinvisiblecollection.com\/fr\/wp-json\/wp\/v2\/product_tag?post=1089403"},{"taxonomy":"product_designer","embeddable":true,"href":"https:\/\/theinvisiblecollection.com\/fr\/wp-json\/wp\/v2\/product_designer?post=1089403"},{"taxonomy":"comfabric","embeddable":true,"href":"https:\/\/theinvisiblecollection.com\/fr\/wp-json\/wp\/v2\/comfabric?post=1089403"},{"taxonomy":"manufacturer","embeddable":true,"href":"https:\/\/theinvisiblecollection.com\/fr\/wp-json\/wp\/v2\/manufacturer?post=1089403"},{"taxonomy":"reporting_designer","embeddable":true,"href":"https:\/\/theinvisiblecollection.com\/fr\/wp-json\/wp\/v2\/reporting_designer?post=1089403"},{"taxonomy":"samplecomfabric","embeddable":true,"href":"https:\/\/theinvisiblecollection.com\/fr\/wp-json\/wp\/v2\/samplecomfabric?post=1089403"},{"taxonomy":"clubroom_product_designer","embeddable":true,"href":"https:\/\/theinvisiblecollection.com\/fr\/wp-json\/wp\/v2\/designer_clubroom?post=1089403"}],"curies":[{"name":"wp","href":"https:\/\/api.w.org\/{rel}","templated":true}]}}